{"id":40018,"date":"2020-03-29T01:49:04","date_gmt":"2020-03-29T00:49:04","guid":{"rendered":"https:\/\/neocatechumenaleiter.org\/paavstide-sonad\/puha-johannes-paulus-ii\/eraaudients-esimeste-perekondade-saatmiseks-uueks-evangeliseerimiseks-15-i-1986\/"},"modified":"2026-03-02T10:36:41","modified_gmt":"2026-03-02T09:36:41","slug":"eraaudients-esimeste-perekondade-saatmiseks-uueks-evangeliseerimiseks-15-i-1986","status":"publish","type":"page","link":"https:\/\/neocatechumenaleiter.org\/et\/paavstide-sonad\/puha-johannes-paulus-ii\/eraaudients-esimeste-perekondade-saatmiseks-uueks-evangeliseerimiseks-15-i-1986\/","title":{"rendered":"Eraaudients esimeste perekondade saatmiseks &#8220;Uueks Evangeliseerimiseks&#8221; 15-I-1986"},"content":{"rendered":"\n<h1 class=\"has-text-align-center wp-block-heading\">Eraaudients esimeste perekondade saatmiseks &#8220;Uueks Evangeliseerimiseks&#8221; 15-I-1986<\/h1>\n\n<div style=\"height:20px\" aria-hidden=\"true\" class=\"wp-block-spacer\"><\/div>\n\n<h4 class=\"has-text-align-center wp-block-heading\">P\u00fcha Johannes Paulus II<\/h4>\n\n<div style=\"height:20px\" aria-hidden=\"true\" class=\"wp-block-spacer\"><\/div>\n\n<p><strong>Vatikan, 15. jaanuar 1986<\/strong><\/p>\n\n<p><em>Eraaudientsi k\u00e4igus saatis P\u00fcha Isa Oulusse (Soome), Hamburgi, Strasbourgi esimesi perekondasi, kelle \u00fclesanneks on avada tee uuele evangeliseerimise vormile kaugete vahel.<\/em><br \/><br \/><em>Need perekonnad lahkuvad oma lastega naabruskondadesse, kuhu nad on saadetud, otsides kodu, t\u00f6\u00f6d, kooli&#8230; ja jagades elutingimusi, eesm\u00e4rgiga anda nendele, kes seal elavad, Jeesuse Kristuse tunnistusi, kellegina, keda nad on kohanud, avastades Teda olevat ainsaks, kes on v\u00f5imeline andma m\u00f5tet ja t\u00e4ielikkust nende elule. Nendega kaasas on preester ja noormees, kes t\u00f6\u00f6tavad nendega koos, pidades silmas t\u00f5elist \u201cimplantatio Ecclesiae&#8221;.<\/em><\/p>\n\n<div class=\"wp-block-image\"><figure class=\"aligncenter size-large\"><img loading=\"lazy\" decoding=\"async\" width=\"494\" height=\"345\" src=\"https:\/\/neocatechumenaleiter.org\/wp-content\/uploads\/2020\/03\/Camino_Neocatecumenal_Juan_Pablo_II_audiencia_privada_famlias_en_mision_1986.jpg\" alt=\"\" class=\"wp-image-1917\" srcset=\"https:\/\/neocatechumenaleiter.org\/wp-content\/uploads\/2020\/03\/Camino_Neocatecumenal_Juan_Pablo_II_audiencia_privada_famlias_en_mision_1986.jpg 494w, https:\/\/neocatechumenaleiter.org\/wp-content\/uploads\/2020\/03\/Camino_Neocatecumenal_Juan_Pablo_II_audiencia_privada_famlias_en_mision_1986-300x210.jpg 300w\" sizes=\"auto, (max-width: 494px) 100vw, 494px\" \/><\/figure><\/div>\n","protected":false},"excerpt":{"rendered":"<p>Eraaudients esimeste perekondade saatmiseks &#8220;Uueks Evangeliseerimiseks&#8221; 15-I-1986 P\u00fcha Johannes Paulus II Vatikan, 15. jaanuar 1986 Eraaudientsi k\u00e4igus saatis P\u00fcha Isa Oulusse (Soome), Hamburgi, Strasbourgi esimesi perekondasi, kelle \u00fclesanneks on avada tee uuele evangeliseerimise vormile kaugete vahel. Need perekonnad lahkuvad oma lastega naabruskondadesse, kuhu nad on saadetud, otsides kodu, t\u00f6\u00f6d, kooli&#8230; ja jagades elutingimusi, eesm\u00e4rgiga anda nendele, kes seal elavad, Jeesuse Kristuse tunnistusi, kellegina, keda nad on kohanud, avastades Teda olevat<\/p>\n<div class=\"read-more\"><a class=\"btn read-more-btn\" href=\"https:\/\/neocatechumenaleiter.org\/et\/paavstide-sonad\/puha-johannes-paulus-ii\/eraaudients-esimeste-perekondade-saatmiseks-uueks-evangeliseerimiseks-15-i-1986\/\">Loe edasi<\/a><\/div>\n","protected":false},"author":2,"featured_media":0,"parent":19903,"menu_order":34,"comment_status":"closed","ping_status":"closed","template":"","meta":{"footnotes":""},"class_list":["post-40018","page","type-page","status-publish","hentry"],"_links":{"self":[{"href":"https:\/\/neocatechumenaleiter.org\/et\/wp-json\/wp\/v2\/pages\/40018","targetHints":{"allow":["GET"]}}],"collection":[{"href":"https:\/\/neocatechumenaleiter.org\/et\/wp-json\/wp\/v2\/pages"}],"about":[{"href":"https:\/\/neocatechumenaleiter.org\/et\/wp-json\/wp\/v2\/types\/page"}],"author":[{"embeddable":true,"href":"https:\/\/neocatechumenaleiter.org\/et\/wp-json\/wp\/v2\/users\/2"}],"replies":[{"embeddable":true,"href":"https:\/\/neocatechumenaleiter.org\/et\/wp-json\/wp\/v2\/comments?post=40018"}],"version-history":[{"count":5,"href":"https:\/\/neocatechumenaleiter.org\/et\/wp-json\/wp\/v2\/pages\/40018\/revisions"}],"predecessor-version":[{"id":47713,"href":"https:\/\/neocatechumenaleiter.org\/et\/wp-json\/wp\/v2\/pages\/40018\/revisions\/47713"}],"up":[{"embeddable":true,"href":"https:\/\/neocatechumenaleiter.org\/et\/wp-json\/wp\/v2\/pages\/19903"}],"wp:attachment":[{"href":"https:\/\/neocatechumenaleiter.org\/et\/wp-json\/wp\/v2\/media?parent=40018"}],"curies":[{"name":"wp","href":"https:\/\/api.w.org\/{rel}","templated":true}]}}