{"id":40025,"date":"2020-03-29T02:53:04","date_gmt":"2020-03-29T01:53:04","guid":{"rendered":"https:\/\/neocatechumenaleiter.org\/paavstide-sonad\/puha-johannes-paulus-ii\/paasapuha-vigiil-puha-peetruse-basiilikas-kahe-madridi-koguduse-ristimise-lubaduste-pidulik-uuendamine-neokatehhumeenilise-teekonna-lopus-29-iii-1986\/"},"modified":"2026-03-02T10:35:27","modified_gmt":"2026-03-02T09:35:27","slug":"paasapuha-vigiil-puha-peetruse-basiilikas-kahe-madridi-koguduse-ristimise-lubaduste-pidulik-uuendamine-neokatehhumeenilise-teekonna-lopus-29-iii-1986","status":"publish","type":"page","link":"https:\/\/neocatechumenaleiter.org\/et\/paavstide-sonad\/puha-johannes-paulus-ii\/paasapuha-vigiil-puha-peetruse-basiilikas-kahe-madridi-koguduse-ristimise-lubaduste-pidulik-uuendamine-neokatehhumeenilise-teekonna-lopus-29-iii-1986\/","title":{"rendered":"Paasap\u00fcha vigiil p\u00fcha Peetruse basiilikas: kahe Madridi koguduse ristimise lubaduste pidulik uuendamine neokatehhumeenilise teekonna l\u00f5pus 29-III-1986"},"content":{"rendered":"\n<h1 class=\"has-text-align-center wp-block-heading\">Paasap\u00fcha vigiil p\u00fcha Peetruse basiilikas: kahe Madridi koguduse ristimise lubaduste pidulik uuendamine neokatehhumeenilise teekonna l\u00f5pus 29-III-1986<\/h1>\n\n<div style=\"height:20px\" aria-hidden=\"true\" class=\"wp-block-spacer\"><\/div>\n\n<h4 class=\"has-text-align-center wp-block-heading\">P\u00fcha Johannes Paulus II<\/h4>\n\n<div style=\"height:20px\" aria-hidden=\"true\" class=\"wp-block-spacer\"><\/div>\n\n<p><strong>P\u00fcha Peetrus, 29. m\u00e4rts 1986<\/strong><\/p>\n\n<p><em>Paasap\u00fcha Vigiili p\u00fchitsemise ajal P\u00fcha Isaga, Vatikani Basiilika reserveeritud osas, Madridi Transiidi Meie Emanda <\/em><em>esimene<\/em><em> Neokatehhumeeniline Kogudus ja Madridi Piiskopkonna Neokatehhumeenilise Keskuse esimene Kogudus uuendasid pidulikult oma Ristimise Lubadusi oma neokatehhumeenilise teekonna l\u00f5pus.<\/em><\/p>\n\n<div class=\"wp-block-image\"><figure class=\"aligncenter size-large\"><img loading=\"lazy\" decoding=\"async\" width=\"480\" height=\"389\" src=\"https:\/\/neocatechumenaleiter.org\/wp-content\/uploads\/2020\/03\/Camino_Neocatecumenal_Juan_Pablo_II_vigilia_pascual_hermanos_vestidura_blanca_Transito_Madrid_1986.jpg\" alt=\"\" class=\"wp-image-1937\" srcset=\"https:\/\/neocatechumenaleiter.org\/wp-content\/uploads\/2020\/03\/Camino_Neocatecumenal_Juan_Pablo_II_vigilia_pascual_hermanos_vestidura_blanca_Transito_Madrid_1986.jpg 480w, https:\/\/neocatechumenaleiter.org\/wp-content\/uploads\/2020\/03\/Camino_Neocatecumenal_Juan_Pablo_II_vigilia_pascual_hermanos_vestidura_blanca_Transito_Madrid_1986-300x243.jpg 300w\" sizes=\"auto, (max-width: 480px) 100vw, 480px\" \/><\/figure><\/div>\n","protected":false},"excerpt":{"rendered":"<p>Paasap\u00fcha vigiil p\u00fcha Peetruse basiilikas: kahe Madridi koguduse ristimise lubaduste pidulik uuendamine neokatehhumeenilise teekonna l\u00f5pus 29-III-1986 P\u00fcha Johannes Paulus II P\u00fcha Peetrus, 29. m\u00e4rts 1986 Paasap\u00fcha Vigiili p\u00fchitsemise ajal P\u00fcha Isaga, Vatikani Basiilika reserveeritud osas, Madridi Transiidi Meie Emanda esimene Neokatehhumeeniline Kogudus ja Madridi Piiskopkonna Neokatehhumeenilise Keskuse esimene Kogudus uuendasid pidulikult oma Ristimise Lubadusi oma neokatehhumeenilise teekonna l\u00f5pus.<\/p>\n","protected":false},"author":2,"featured_media":0,"parent":19903,"menu_order":37,"comment_status":"closed","ping_status":"closed","template":"","meta":{"footnotes":""},"class_list":["post-40025","page","type-page","status-publish","hentry"],"_links":{"self":[{"href":"https:\/\/neocatechumenaleiter.org\/et\/wp-json\/wp\/v2\/pages\/40025","targetHints":{"allow":["GET"]}}],"collection":[{"href":"https:\/\/neocatechumenaleiter.org\/et\/wp-json\/wp\/v2\/pages"}],"about":[{"href":"https:\/\/neocatechumenaleiter.org\/et\/wp-json\/wp\/v2\/types\/page"}],"author":[{"embeddable":true,"href":"https:\/\/neocatechumenaleiter.org\/et\/wp-json\/wp\/v2\/users\/2"}],"replies":[{"embeddable":true,"href":"https:\/\/neocatechumenaleiter.org\/et\/wp-json\/wp\/v2\/comments?post=40025"}],"version-history":[{"count":7,"href":"https:\/\/neocatechumenaleiter.org\/et\/wp-json\/wp\/v2\/pages\/40025\/revisions"}],"predecessor-version":[{"id":47709,"href":"https:\/\/neocatechumenaleiter.org\/et\/wp-json\/wp\/v2\/pages\/40025\/revisions\/47709"}],"up":[{"embeddable":true,"href":"https:\/\/neocatechumenaleiter.org\/et\/wp-json\/wp\/v2\/pages\/19903"}],"wp:attachment":[{"href":"https:\/\/neocatechumenaleiter.org\/et\/wp-json\/wp\/v2\/media?parent=40025"}],"curies":[{"name":"wp","href":"https:\/\/api.w.org\/{rel}","templated":true}]}}