{"id":40049,"date":"2020-03-28T02:57:10","date_gmt":"2020-03-28T01:57:10","guid":{"rendered":"https:\/\/neocatechumenaleiter.org\/paavstide-sonad\/puha-johannes-paulus-ii\/kulastus-puha-tarcisiuse-kogudusele-3-iii-1985\/"},"modified":"2026-03-02T10:38:23","modified_gmt":"2026-03-02T09:38:23","slug":"kulastus-puha-tarcisiuse-kogudusele-3-iii-1985","status":"publish","type":"page","link":"https:\/\/neocatechumenaleiter.org\/et\/paavstide-sonad\/puha-johannes-paulus-ii\/kulastus-puha-tarcisiuse-kogudusele-3-iii-1985\/","title":{"rendered":"K\u00fclastus P\u00fcha Tarcisiuse kogudusele 3-III-1985"},"content":{"rendered":"\n<h1 class=\"has-text-align-center wp-block-heading\">K\u00fclastus P\u00fcha Tarcisiuse kogudusele 3-III-1985<\/h1>\n\n<div style=\"height:20px\" aria-hidden=\"true\" class=\"wp-block-spacer\"><\/div>\n\n<h4 class=\"has-text-align-center wp-block-heading\">P\u00fcha Johannes Paulus II<\/h4>\n\n<div style=\"height:20px\" aria-hidden=\"true\" class=\"wp-block-spacer\"><\/div>\n\n<p><strong>Rooma, 3. m\u00e4rts 1985 *<\/strong><\/p>\n\n<p><em>Koguduse kiriku sees, tutvustas koguduse preester Paavstile Neokatehhumeenilisi Kogudusi. Esimese koguduse liikmed alustavad uut misjonit paari p\u00e4eva p\u00e4rast. Nad l\u00e4hevad naabruskonna kodudesse Evangeeliumit kuulutama. \u00abSee on t\u00e4htis ja \u00f5rn hetk Koguduse jaoks\u00bb \u2013 \u00fctles koguduse preester.<\/em><\/p>\n\n<p>P\u00fchadus &#8211; lausus siis \u00fcks koguduse liige &#8211; see pole juhus, et minu elu peatus Pio XII-ga ja leidsin selle uuesti teiega teie pontifikaadi ajal, eirates kolm Pontifikaati. Peale lapsep\u00f5lve, mida elasin ranges katoliiklikus kasvatuses, ma arvasin, et t\u00e4iskasvanud inimesel on \u00fcks spetsiifiline \u00fclesanne: v\u00f5idelda kristlikku religiooni ohtliku ebausuna. Ma n\u00e4gin Kristust ja kristlust utoopiana ja l\u00e4bikukkumisena, mis v\u00f5ttis inimeselt \u00e4ra v\u00f5imalus olla oma olemise meisterdaja. Selline v\u00e4\u00e4r n\u00e4gemus oma elust viis mind umbes kaskk\u00fcmmend viis aastat sisemise, intellektuaalse ja kiindumusliku segaduseni, millest ma ei suutnud v\u00e4lja tulla. Ka \u00fche s\u00f5bra enesetapp pani uuesti mu ette k\u00fcsimusi inimese olemise \u00fcle, elu m\u00f5tte \u00fcle, millel polnud vastuseid. Umbes kuus aastat tagasi Issand tuli mu elu t\u00e4itma; \u00e4kitselt, ootamatult ta tuli l\u00e4bi m\u00f5nede katehheetide, kes kaotasid oma elu teiste jaoks. Sellest p\u00e4evast alates minu elu muutus, ma avastasin, et Issand armastas mind nii, nagu keegi muu poleks saanud. Ma olin ka deformeerinud Jumala armastust, m\u00f5eldes, et nii nagu ta ei armastanud mind, ei armastanud ta kedagi muud. Vaikselt hakkas S\u00f5na kaevama minu elus ning ma avastasin aina rohkem Jumala halastust. See armastus taastas mind abikaasana ja isana. Ma taasavastasin uut pruuti: see, keda mitte mina, vaid Issand oli valinud minu jaoks. Ma avastasin uusi lapsi Jumala lastena. P\u00fchadus, selle l\u00fchikese tunnistusega soovin ma tagastada Kirikule seda, mida mina olen saanud, t\u00e4nulikkuse ja pojaliku armastuse m\u00e4rgina.<\/p>\n\n<div class=\"wp-block-image\"><figure class=\"alignright size-medium\"><img loading=\"lazy\" decoding=\"async\" width=\"300\" height=\"241\" src=\"https:\/\/neocatechumenaleiter.org\/wp-content\/uploads\/2020\/03\/Camino_Neocatecumenal_Juan_Pablo_II_visita_parroquia_San_Tarsicio_1985-300x241.jpg\" alt=\"\" class=\"wp-image-1863\" srcset=\"https:\/\/neocatechumenaleiter.org\/wp-content\/uploads\/2020\/03\/Camino_Neocatecumenal_Juan_Pablo_II_visita_parroquia_San_Tarsicio_1985-300x241.jpg 300w, https:\/\/neocatechumenaleiter.org\/wp-content\/uploads\/2020\/03\/Camino_Neocatecumenal_Juan_Pablo_II_visita_parroquia_San_Tarsicio_1985.jpg 698w\" sizes=\"auto, (max-width: 300px) 100vw, 300px\" \/><\/figure><\/div>\n\n<p><em>Paavst lausus kohalolijatele j\u00e4rgmised s\u00f5nad:<\/em>&#013;\n&#013;\nMa tunnen teid, kohtun teiega erinevates Rooma kogudustes, ma kohtusin teiega ka erinevates maailma Riikides. V\u00e4ga lihtne on teid \u00e4ra tunda, sest, kui hakatakse kitarre m\u00e4ngima ning kui korratakse seda neokatehhumeenilistele iseloomulikku laulu, misiganes maailma nurgas, Paavst teab kohe, kes nad on, ning r\u00f5\u00f5mustab. R\u00f5\u00f5mustab k\u00f5ikjal ning r\u00f5\u00f5mustab ka selles koguduses. Olen palju kordi r\u00e4\u00e4kinud erinevatele Neokatehhumeeniliste Kogudustele, erinevates Rooma osades, ja n\u00fc\u00fcdseks tean v\u00e4ga h\u00e4sti, et teie karismat iseloomustavaid elemente on kaks. Esimene on usu entusiasm. Uuesti leitud usu entusiasm. Usk, mida leiti uuesti ka nendes, kellel see oli alati olemas, v\u00f5ib olla ka elatud usk, harjutatud usk; nendes, kes olid ausad ja head kristlased, enam-v\u00e4hem. Kui see kord taasavastatud oli, &#8211; taasavastatud selle t\u00e4ielikus m\u00f5ttes, m\u00fcsteeriumis, ebaloomulikus suuruses &#8211; usk loob entusiasmi. See usu entusiasm on v\u00e4ga vajalik meie ajastu jaoks. Meie k\u00fclm, \u00fcksk\u00f5ikne ajastu, meie ajastu, mis ei soovi p\u00fchenduda, kes \u00fctleb usut\u00f5dedest, Jumalast, Kristusest: &#8220;kes teab, v\u00f5ib olla&#8221;. On vaja seda entusiasmi, seda isiklikku veendumust, mis ainsana on v\u00f5imeline veenda ka teisi.<\/p>\n\n<p>Siis, teine asi, mis ma arvan kuulub teie karismale on radikaalne p\u00f6\u00f6rdumine. Ma olen kuulanud teie kahte tunnistust, eriti esimest, v\u00e4ga liigutatult ja m\u00f5tlesin kohe: mida me veel tahame, meil on veel \u00fcks Tarsuse Pauluse tunnistus. Keegi, kes oli l\u00e4inud vastu, kes tahtis isegi Jeesust tappa, h\u00e4vitada kristlust. Siis, \u00fche hetkega, leidis taas \u00fclest\u00f5udsnud Jeesust, sai tema j\u00fcngriks, tema k\u00f5ige innukam, t\u00f5husam j\u00fcnger. Seep\u00e4rast ma arvan, et meie ajastu &#8211; kus paljud inimesed on kaotanud usku ning on alustanud uut elu j\u00e4rgides ideoloogiaid ja filosoofilisi s\u00fcsteeme, leides ka \u00fchinguid ja organisatsioone, kes pakuvad religioonivastast programmi &#8211; meie ajastu vajab radikaalseid p\u00f6\u00f6rdumisi nagu Tarsuse Pauluse oma. Ma n\u00e4en teid suure meeldivusega ning m\u00f5tlen, et te olete v\u00e4ga vajalikud t\u00e4nases Krikus, t\u00e4nases maailmas. Te peate ainult j\u00e4tkama ja kasvatama oma karismasid ning s\u00fcvendama oma identiteeti, j\u00e4\u00e4des alati v\u00e4ga l\u00e4hedal Kiriku karjastele ja j\u00e4rgides alati seda spetsiifilist armu, mis kuulub Neokatehhumeeniliste Koguduste identiteedile. .&#013;\n&#013;\n(*) Vrd \u00abL&#8217;Osservatore Romano\u00bb, 4.-5. m\u00e4rts 1985.<\/p>\n","protected":false},"excerpt":{"rendered":"<p>K\u00fclastus P\u00fcha Tarcisiuse kogudusele 3-III-1985 P\u00fcha Johannes Paulus II Rooma, 3. m\u00e4rts 1985 * Koguduse kiriku sees, tutvustas koguduse preester Paavstile Neokatehhumeenilisi Kogudusi. Esimese koguduse liikmed alustavad uut misjonit paari p\u00e4eva p\u00e4rast. Nad l\u00e4hevad naabruskonna kodudesse Evangeeliumit kuulutama. \u00abSee on t\u00e4htis ja \u00f5rn hetk Koguduse jaoks\u00bb \u2013 \u00fctles koguduse preester. P\u00fchadus &#8211; lausus siis \u00fcks koguduse liige &#8211; see pole juhus, et minu elu peatus Pio XII-ga ja leidsin selle<\/p>\n<div class=\"read-more\"><a class=\"btn read-more-btn\" href=\"https:\/\/neocatechumenaleiter.org\/et\/paavstide-sonad\/puha-johannes-paulus-ii\/kulastus-puha-tarcisiuse-kogudusele-3-iii-1985\/\">Loe edasi<\/a><\/div>\n","protected":false},"author":2,"featured_media":0,"parent":19903,"menu_order":31,"comment_status":"closed","ping_status":"closed","template":"","meta":{"footnotes":""},"class_list":["post-40049","page","type-page","status-publish","hentry"],"_links":{"self":[{"href":"https:\/\/neocatechumenaleiter.org\/et\/wp-json\/wp\/v2\/pages\/40049","targetHints":{"allow":["GET"]}}],"collection":[{"href":"https:\/\/neocatechumenaleiter.org\/et\/wp-json\/wp\/v2\/pages"}],"about":[{"href":"https:\/\/neocatechumenaleiter.org\/et\/wp-json\/wp\/v2\/types\/page"}],"author":[{"embeddable":true,"href":"https:\/\/neocatechumenaleiter.org\/et\/wp-json\/wp\/v2\/users\/2"}],"replies":[{"embeddable":true,"href":"https:\/\/neocatechumenaleiter.org\/et\/wp-json\/wp\/v2\/comments?post=40049"}],"version-history":[{"count":5,"href":"https:\/\/neocatechumenaleiter.org\/et\/wp-json\/wp\/v2\/pages\/40049\/revisions"}],"predecessor-version":[{"id":47719,"href":"https:\/\/neocatechumenaleiter.org\/et\/wp-json\/wp\/v2\/pages\/40049\/revisions\/47719"}],"up":[{"embeddable":true,"href":"https:\/\/neocatechumenaleiter.org\/et\/wp-json\/wp\/v2\/pages\/19903"}],"wp:attachment":[{"href":"https:\/\/neocatechumenaleiter.org\/et\/wp-json\/wp\/v2\/media?parent=40049"}],"curies":[{"name":"wp","href":"https:\/\/api.w.org\/{rel}","templated":true}]}}