{"id":43125,"date":"2020-03-28T03:27:57","date_gmt":"2020-03-28T02:27:57","guid":{"rendered":"https:\/\/neocatechumenaleiter.org\/paavstide-sonad\/puha-johannes-paulus-ii\/audients-neokatehhumeeniliste-koguduste-preestritele-9-xii-1985\/"},"modified":"2026-03-02T10:37:10","modified_gmt":"2026-03-02T09:37:10","slug":"audients-neokatehhumeeniliste-koguduste-preestritele-9-xii-1985","status":"publish","type":"page","link":"https:\/\/neocatechumenaleiter.org\/et\/paavstide-sonad\/puha-johannes-paulus-ii\/audients-neokatehhumeeniliste-koguduste-preestritele-9-xii-1985\/","title":{"rendered":"Audients Neokatehhumeeniliste Koguduste preestritele 9-XII-1985"},"content":{"rendered":"\n<h1 class=\"has-text-align-center wp-block-heading\">Audients Neokatehhumeeniliste Koguduste preestritele 9-XII-1985<\/h1>\n\n<div style=\"height:20px\" aria-hidden=\"true\" class=\"wp-block-spacer\"><\/div>\n\n<h4 class=\"has-text-align-center wp-block-heading\">P\u00fcha Johannes Paulus II<\/h4>\n\n<div style=\"height:20px\" aria-hidden=\"true\" class=\"wp-block-spacer\"><\/div>\n\n<div class=\"wp-block-image\"><figure class=\"alignright size-large\"><img loading=\"lazy\" decoding=\"async\" width=\"768\" height=\"596\" src=\"https:\/\/neocatechumenaleiter.org\/wp-content\/uploads\/2020\/03\/Camino_Neocatecumenal_Juan_Pablo_II_audiencia_privada_sacerdotes_1985.jpg\" alt=\"\" class=\"wp-image-1900\" srcset=\"https:\/\/neocatechumenaleiter.org\/wp-content\/uploads\/2020\/03\/Camino_Neocatecumenal_Juan_Pablo_II_audiencia_privada_sacerdotes_1985.jpg 768w, https:\/\/neocatechumenaleiter.org\/wp-content\/uploads\/2020\/03\/Camino_Neocatecumenal_Juan_Pablo_II_audiencia_privada_sacerdotes_1985-300x233.jpg 300w\" sizes=\"auto, (max-width: 768px) 100vw, 768px\" \/><\/figure><\/div>\n\n<p><strong>Vatikan &#8211; Paulus VI Saal, 9. detsember 1985<\/strong><\/p>\n\n<p><em>Neokatehhumeeniliste Koguduste kahe tuhandele preestrile, keda v\u00f5ttis audientsil vastu esmasp\u00e4eval Paulus VI Saalis, P\u00fcha Isa lausus j\u00e4rgmise k\u00f5ne:<\/em><\/p>\n\n<p>Kallid!<br \/><br \/>1. Ma kuulasin suure huviga s\u00f5nu, mida mulle teie poolt suunas Kiko Arg\u00fcello, kes soovis kirjeldada, kuidas k\u00f5ik Neokatehhumeenilise Tee Kogudused, mis on hajutatud erinevates Riikides, on p\u00fchendunud pidevas palves ja m\u00f5tisklemises Erakorralise Sinodi jaoks, mida t\u00e4histati kaksk\u00fcmmend aastat peale Vatikani Kirikukogu l\u00f5ppu.<br \/><br \/>Teie vaimne osalemine valmistamisele ja teie kohalolu Sinodi l\u00f5putseremoonias olid t\u00e4henduslik ja pidulik ilmutus teie ustavusest Lunastaja Kristusele ja palver\u00e4ndajast Kirikule, mis annab inimestele edasi armu, eriti sakramentaalsetes m\u00e4rkides, mis tuletavad meelde ja muudavad aktuaalseks Lunastamise efektiivsust.<br \/><br \/>Selles audientsis on mulle meelep\u00e4rane meenutada paljusid kohtumisi, mida mul on olnud teie Kogudustega, eriti pastoraalsetes visiitidel minu Rooma piiskopkonda, kohtumised, kus ma olen julgustanud teie vaimset kogemust, mis p\u00f5hineb Ristimise sakramendi p\u00f5hilisele v\u00e4\u00e4rtusele, teadmises, et ristimise m\u00f5\u00f5du ellu viimine t\u00e4hendab, p\u00f5hiliselt,\u00a0<strong>elada kristlaseks olemise autentset identiteeti<\/strong>; see t\u00e4hendab \u00fchineda intiimselt Kristus Euharistiale: see t\u00e4hendab armastada konkreetselt ja efektiivselt k\u00f5iki inimesi nagu vennad Kristuses; see t\u00e4hendab seadistada ja suunata oma moraalseid valikuid koosk\u00f5las ja harmoonias ristimise lubadustega.\u00a0\u00ab<strong>See tee, usutee<\/strong>, taasavastatud Ristimise tee &#8211; ma \u00fctlesin teie s\u00f5pradele Rooma P\u00fchade Kanada M\u00e4rtrite kogudusest &#8211;\u00a0<strong>peab olema uue inimese tee<\/strong>; see n\u00e4eb, mis on tema loodud \u00fcksuse t\u00f5eline proportsioon, v\u00f5i parem, ebaproportsioon, tema olendiks olemine Looja ees, Tema l\u00f5putu majesteedi ees, lunastaja Jumala, p\u00fcha ja p\u00fchaks tegeva Jumala ees, ning \u00fcritab ennast realiseerida selles perspektiivis\u00bb (<em>Johannes Paulus II \u00f5petused<\/em>, III, 2 [1980], lk 1044)<\/p>\n\n<p>2. Suur osa teist on moodustatud arvukast preestrite grupist, kes t\u00f6\u00f6tavad Neokatehhumeenilise Tee kontekstis. Vatikani II Kirikukogu p\u00fchendas oma t\u00e4helepanu ja oma hoolt ka <em>Presbyterorum Ordinis <\/em>dekreedis olevale ministeeriumile ja preestri elule, dekreet, mis kinnitati pidulikult 7. detsembril 1965. Selles t\u00e4htsas Dokumendis &#8211; mille \u00fcle kutsun uuesti m\u00f5tiskleda &#8211; Kirikukogu, p\u00f5hinedes Jumala S\u00f5nale, Isade, Magisteeriumi \u00f5petusele ja Jumala Rahva elavale Traditsioonile, r\u00f5hutas, et preestrid, t\u00e4nu p\u00fchale ordineerimisele ja misjonile, mida nad saavad Piiskoppidelt, \u00ab<strong>on edutatud Kristuse \u00d5petaja, Preestri ja Kuninga, teenimisele, v\u00f5ttes osa tema ministeeriumist, mille p\u00e4rast Kirik siin maailmas on pidevalt ehitatud Jumala Rahvas, Kristuse Ihu ja P\u00fcha Vaimu Tempel<\/strong>\u00bb (<em>Presbyterorum Ordinis<\/em>, 1).<br \/><br \/>Teie, kohalolevad preestrid, soovite kindlasti ka s\u00f5na Paavsti poolt, et m\u00f5ista paremini seda, mida Kirik t\u00e4na teilt ootab. Ma teen seda meeleldi, sest ma olen kindel, et minu \u00fcleskutsel ei saa mitte olla positiivne ja kasulik m\u00f5ju ka teie Kogudustele ning \u00fcksikutele, vastavalt nende kohalolule kiriklikus reaalsuses.<\/p>\n\n<p>3. Eesm\u00e4rgid, mida teie Neokatehhumeenilised Kogudused endale seavad vastavad kindlasti t\u00e4naste hingede karjaste \u00fchele \u00e4ngistavaimale k\u00fcsim\u00e4rgile, eriti suurtes urbaniseeritud keskustes.\u00a0<strong>Teie tahate j\u00f5uda t\u00e4iskasvanud<\/strong>, kuid usus v\u00e4he haritud,\u00a0<strong>ristitute massini, et juhtida neid, l\u00e4bi vaimse tee, taas avastama nende kristliku eksistentsi ristimise juuri<\/strong> ning et nad oleksid \u00fcha rohkem teadlikud oma kohustustest. Selles tees p\u00fcsib preestrite t\u00f6\u00f6 h\u00e4davajalikuna. Siit vajadus, et oleks selge positsioon, mis teid ootab Koguduste juhtidena, et teie t\u00f6\u00f6 oleks harmoonias pastoraali reaalsete vajadustega.<br \/><br \/>Esimene vajadus, mida teile pannakse, on osata hoida usku, Koguduse siseselt, teie preestri identiteedile. T\u00e4nu p\u00fchale Ordineerimisele,\u00a0<strong>olete te olnud m\u00e4rgitud erilise iseloomuga, mis teid Kristus Preestrile \u00fchendab viisil, et saate tema nimel tegutseda\u00a0<\/strong>(vrd <em>Presbyterorum Ordinis<\/em>, 2). P\u00fcha minister peab seet\u00f5ttu olema vastu v\u00f5etud mitte ainult vennana, kes jagab Koguduse enda teed, vaid eelk\u00f5ige sellena, kes, tegutsedes \u00abKristuse isikus\u00bb, kannab endas \u00d5petaja, P\u00fchaks tegija ja hingede Juhi asendamatut vastutust, vastutus, millest ta ei saa mingil viisil loobuda. Ilmikud peavad saama m\u00f5ista need reaalsused vastutustundlikust k\u00e4itumisest, mida teie hoiate. See oleks illusioon arvata ennast Evangeeliumit teenivat, lahjendades oma karismat vales alandlikkuses v\u00f5i arusaamatus vennalikkuse ilmutuses. Ma kordan seda, mida mul oli juba v\u00f5imalus \u00f6elda Rahvusvaheliste Katoliiklike \u00dchenduste Kiriklikele Assistentidele: \u00ab\u00c4rge laske ennast petta!<br \/><br \/><strong>Kirik tahab teid preestritena ja ilmikud, keda te kohtate tahavad teid preestritena ning mitte midagi muud kui preestritena. <\/strong>Karismade segadust muudab Kiriku vaeseks, mitte ei tee rikkamaks\u00bb (13. semptembri 1979. aasta <em>k\u00f5ne<\/em>, n. 4: <em>Johannes Paulus II \u00f5petused, <\/em>II\/2 [1979], lk 1391).<\/p>\n\n<div class=\"wp-block-image\"><figure class=\"alignleft size-large\"><img loading=\"lazy\" decoding=\"async\" width=\"360\" height=\"244\" src=\"https:\/\/neocatechumenaleiter.org\/wp-content\/uploads\/2020\/03\/Camino_Neocatecumenal_Juan_Pablo_II_audiencia_privada_sacerdotes_19852.jpg\" alt=\"\" class=\"wp-image-1907\" srcset=\"https:\/\/neocatechumenaleiter.org\/wp-content\/uploads\/2020\/03\/Camino_Neocatecumenal_Juan_Pablo_II_audiencia_privada_sacerdotes_19852.jpg 360w, https:\/\/neocatechumenaleiter.org\/wp-content\/uploads\/2020\/03\/Camino_Neocatecumenal_Juan_Pablo_II_audiencia_privada_sacerdotes_19852-300x203.jpg 300w\" sizes=\"auto, (max-width: 360px) 100vw, 360px\" \/><\/figure><\/div>\n\n<p>4. Veel \u00fcks delikaatne ja h\u00e4davajalik \u00fclesanne, mis teid ootab, on kirikliku osaduse edendamine, mitte ainult teie gruppides, vaid k\u00f5ikide piiskopkonna ja koguduse liikmetega. Misiganes on teile usaldatud teenistus, te olete alati Piiskopi esindajad ja ette n\u00e4htud kaastegutsejad, kelle autoriteedile te tunnete ennast eriliselt \u00fchendatuna. T\u00f5epoolest, Kirikus on Piiskopi \u00f5igus ja kohustus anda juhised pastoraalse tegevuse jaoks (vrd\u00a0<em>Codex Iuris Canonici<\/em>, kan. 381jj, ja k\u00f5ikidel on kohustus neid j\u00e4rgida. Tehke nii, et teie Kogudused, kaotamata midagi oma originaalsusest ja rikkusest, sisestaks ennast harmooniliselt ja viljakalt koguduse ja piiskopkonna perekonda. Nii v\u00e4ljendati austust, eelmisel aastal, Vaimulike Kongregatsiooni Plenaaristungil: &#8220;Karjaste kohusutseks on pingutada, et kogudused saaksid kasu positiivsetest v\u00e4\u00e4rtustest, mida need kogudused saavad anda, ning seet\u00f5ttu end neile avada. Aga olgu selge, et need kogudused ei saa ennast panna samasse kohta kui needsamad piiskopkonna kogudused v\u00f5imalike alternatiividena. Just vastupidi, neil on kohustus teenida piiskopkonda ja kohalikku Kirikut. Ning l\u00e4htudes just sellest teenistusest, mida antakse piiskopkonna kogudusele, ilmneb Liikumiste v\u00f5i \u00dchenduste sees saadud kogemuste paikapidavus&#8221; (<em>Johannes Paulus II, <i>Allocutio ad \u201cPlenarium\u201d Congregationis pro Clericis<\/i>, 7, 20. okt 1984: Johannes Paulus II \u00f5petused, VII, 2 (1984) 986).<\/em><\/p>\n\n<p>5. Ma tahaksin teile v\u00e4lja tuua veel \u00fche m\u00f5tlemiskoha. T\u00e4ites oma ministeeriumit Neokatehhumeeniliste Koguduste juhtidena, tundke end m\u00e4\u00e4ratud teenima mitte ainult \u00fchte gruppi, vaid kogu Kirikut. &#8220;Vaimne kingitus, mida preestrid on saanud ordineerimisel &#8211; tuletab meile meelde Vatikani II Kirikukogu ei valmista neid \u00fchele piiratud ja kitsaks misjonile, vaid universaalsele ja laialdasele p\u00e4\u00e4stemisjonile&#8230;, igasugune preesterlik ministeerium osaleb samal viisil universaalsele misjonile, mida Kristus usaldas J\u00fcngritele&#8221; <em>(Presbyterorum Ordinis. 10)<\/em>.\u00a0Selle misjoni teadlikkus ja vajadus sellega kohaneda peavad aitama meil anda teie apostellikele algatustele \u00fcha suuremat hoogu, et olla avatud kogu Kiriku probleemidele ja vajadustele. Lisaks, seesama teadlikkus, v\u00f5imaldades teil rohkem elada ja tunda osaduse sidet universaalse Kirikuga, oma n\u00e4htava Peaga ja piiskoppidega, h\u00f5lbustab preestritele Koguduses reserveeritud v\u00e4ga olulist \u00fclesannet, nimelt valvsust k\u00e4itumise \u00f5igsuse \u00fcle, nii m\u00f5tetes kui ka tegevustes. Tugevdage aina rohkem iseendas, armsad preestrid, seda elut\u00e4htsat sidet kogu katoliiklusega. See aitab teid palju, eriti kui tunnete end v\u00e4sinuna v\u00f5i heitununa, n\u00e4hes, et s\u00fcdamete kurtus ja \u00fcksk\u00f5iksus ei vasta teie pingutustele; siis saate end lohutada teadmisega, et te pole \u00fcksi ja et teie t\u00f6\u00f6, isegi kui see Kiriku M\u00fcstilise Ihu \u00fches osas eba\u00f5nnestub, pole siiski asjatu, sest Jumal paneb selle teenima kogu Kiriku h\u00fcve.<\/p>\n\n<p>6. Armsamad preestrid, l\u00f5petan seda ilusat kohtumist teiega uuendades oma usaldust teie kristlikku teenistusse ja kutsudes teid \u00fcles panema kogu oma usaldust Sellesse, kes on teid armastanud v\u00e4ljavalitute armastusega ja on kutsunud teid osa v\u00f5tma tema preesterlusest. Just selle p\u00e4rast P\u00fcha Paulus tuletab meile meelde, et k\u00f5ikides raskustes &#8220;saame t\u00e4ieliku v\u00f5idu Tema l\u00e4bi, kes meid on armastnud&#8221;\u00a0<em>(Rm 8,37)<\/em>. L\u00f5petan Heebrealaste Kirja autori \u00fcleskutsega: &#8220;<span id=\"v0158010035-t1749469973604\" class=\"verse-1\"><span class=\"v vf\"><span class=\"rv\">\u00c4rge siis heitke \u00e4ra oma julgust, mis saab suure palga<\/span><\/span><\/span><span id=\"v0158010036-t1749469973604\" class=\"verse-1\"><span class=\"v\"><span class=\"rv\">, et te Jumala tahtmist t\u00e4ites saaksite k\u00e4tte t\u00f5otuse&#8221;\u00a0<em>(Hb 10,35-36)<\/em>. Neitsi Maarja, Preestrite Ema ja J\u00fcngrite Kuninganna, pilgu all j\u00e4tkake uue entusiasmiga oma teed ning saatku teid, nagu ka k\u00f5iki Neokatehhumeenilisi Kogudusi, mis on teie juhtimisele usaldatud, minu Apostellik \u00d5nnistus.<\/span><\/span><\/span><br \/><br \/>Ma tahan veel lisada: h\u00e4id j\u00f5ule k\u00f5ikidele.<\/p>\n\n<p>Ma leidsin teie seast paljusid preestreid kui ka ilmikuid, palju r\u00e4ndpaare. Ma pean teile \u00fctlema, et esimesed, kes Petlemma l\u00e4ksid, kes tundsid \u00e4ra Lihaks saamise m\u00fcsteeriumit, olid r\u00e4ndavad: need olid karjased. Siis, Jeesus ise oli r\u00e4ndav kolmk\u00fcmmend aastat, alustadest messiaanliku deklaratsiooniga Naatsaretis. Tema tegi r\u00e4ndavaks k\u00f5ik oma j\u00fcngrid, kutsudes neid kogu maailmas. Kirik on seet\u00f5ttu kindlasti r\u00e4ndav, teel, ning me v\u00f5ime \u00f6elda, et ka Paavst \u00fcritab alati olla r\u00e4ndav, isegi kui see on \u00abpeenemate\u00bb meetoditega ja \u00e4kki v\u00e4hem autentsemad kui teie omad, sest teie olete vaeselt r\u00e4ndavad, lennukiteta. Kuid soovime k\u00f5ikidele meile, Paavst kaasa arvatud, olla alati, k\u00f5ikidel v\u00f5imalikel viisidel, EVangeeliumi r\u00e4ndajad ehk r\u00e4ndavad M\u00fcsteeriumis, selle M\u00fcsteeriumi, mida on meile ilmutatud Jeesuse s\u00fcnnist, Jumala Poja lihaks saamisest ja seej\u00e4rel tema misjonist, tema ristisurmast ja tema \u00fclest\u00f5usmisest. Nii ilmutati meile elu, uus elu, jumalik elu, igavene elu. Me oleme selle elu r\u00e4ndajad. Meie jaoks poleks v\u00f5imalik olla selle elu r\u00e4ndajad, igavese elu r\u00e4ndajad, kui sedasama elu poleks meile enne antud. Meil juba on see elu ja see elu l\u00fckkab meid, see elu tuleb Jeesus Kristusest, see elu tulebb l\u00e4bi Jeesus Kristuse P\u00fchast Vaimust. Tema on jumaliku elu allikas olendites, tema on jumaliku elu allikas meis inimestes. Tema on see, kes l\u00fckkab meid. Meid l\u00fckkab Jeesus Kristus r\u00e4ndaja, Isa r\u00e4ndaja, sest Isa on see, kesa on Teda saatnud ja kes on teinud Ta r\u00e4ndajaks meie keskel.<\/p>\n\n<p>Meid l\u00fckkab, seet\u00f5ttu, Jeesus Kristus r\u00e4ndaja, saadetud, misjon\u00e4r, sest Jumala S\u00f5na misjonis, \u00abmissiones divinarum personarum\u00bb &#8211; niimoodi olen \u00f5ppinud P\u00fcha Toomasest. Missio t\u00e4hendab \u00abolla saadetud\u00bb ning seet\u00f5ttu olla r\u00e4ndavad. Kristus l\u00fckkab meid P\u00fchas Vaimus, sest ka Vaim on saadetud, saadetud erineval viisil, mitte nagu Kristus, mitte n\u00e4htaval, inimlikul, lihaks saanud moel, mitte lihaks saanud, vaid saadetud P\u00fcha Vaim. Tema misjon on veel enam l\u00e4biv, sest see laskub sellesse, mis on intiimsem inimeses, igas olendis. Nagu \u00fctles P\u00fcha Augustinus: \u00abIntimior intimo meo\u00bb. Vot P\u00fcha Vaimu, saadetud Vaimu misjon. Ning teie teete ennast r\u00e4ndavateks selle lihaks saanud Poja j\u00f5uga, kes on meile andnud n\u00e4htava misjoni eeskuju. Ning teie teete ennast r\u00e4ndavateks P\u00fcha Vaimu j\u00f5uga n\u00e4htamatu misjoniks. T\u00e4nu Poja ja P\u00fcha Vaimu misjonile, hoides elu, mis nende l\u00e4bi tuleb Isalt, te muutute r\u00e4ndavateks. Nagu \u00fctles P\u00fcha Paulus, mission l\u00fckkab meid: h\u00e4da mulle, kui ma ei evangeliseeriks! Ma soovin teile seda r\u00f5\u00f5mu, mis on j\u00f5uludele iseloomulik, ma soovin teile r\u00e4ndavate karjaste r\u00f5\u00f5mu, kes leidsid tee Petlemma poole. Ma soovin teile r\u00f5\u00f5mu, mis tuleb nendest, kes p\u00f6\u00f6rduvad. Teie seas on palju p\u00f6\u00f6rdunuid, kes on taas leidnud Kristuse, on taas leidnud Jumalat tulles tihti vastaskaldalt. Ma soovin teile veel r\u00f5\u00f5mu, mis tuleb inimeste, hingede p\u00f6\u00f6rdumisest. Nagu \u00fctles meile Kristus: \u00ab Taevas on \u00fche meeltparandanud patuse p\u00e4rast rohkem r\u00f5\u00f5mu kui \u00fcheksak\u00fcmne \u00fcheksa \u00f5ige p\u00e4rast\u00bb. Ma soovin teile seda r\u00f5\u00f5mu ja, et nii oleks tasutud teie r\u00e4ndamine ning teie Neokatehhumeeniline Tee.<\/p>\n\n<p>Uuesti soovin teile \u00abH\u00e4id j\u00f5ule\u00bb. Ma \u00fctlen seda itaalia keeles lihtsuse p\u00e4rast, kuid seda peaks \u00fctlema paljudes keeltes. Tahan laiendada seda j\u00f5ulude soovi k\u00f5ikidele Kogudustele, k\u00f5ikidele rahvastele, kust te p\u00e4rinete, teie koguduse liikmetele, teie vendadele, teie perekondadele. Olgu kiidetud Jeesus Kristus.&#013;\n&#013;\n(*) Vrd \u00abL&#8217;Osservatore Romano\u00bb, 11. detsember 1985.<\/p>\n","protected":false},"excerpt":{"rendered":"<p>Audients Neokatehhumeeniliste Koguduste preestritele 9-XII-1985 P\u00fcha Johannes Paulus II Vatikan &#8211; Paulus VI Saal, 9. detsember 1985 Neokatehhumeeniliste Koguduste kahe tuhandele preestrile, keda v\u00f5ttis audientsil vastu esmasp\u00e4eval Paulus VI Saalis, P\u00fcha Isa lausus j\u00e4rgmise k\u00f5ne: Kallid! 1. Ma kuulasin suure huviga s\u00f5nu, mida mulle teie poolt suunas Kiko Arg\u00fcello, kes soovis kirjeldada, kuidas k\u00f5ik Neokatehhumeenilise Tee Kogudused, mis on hajutatud erinevates Riikides, on p\u00fchendunud pidevas palves ja m\u00f5tisklemises Erakorralise Sinodi<\/p>\n<div class=\"read-more\"><a class=\"btn read-more-btn\" href=\"https:\/\/neocatechumenaleiter.org\/et\/paavstide-sonad\/puha-johannes-paulus-ii\/audients-neokatehhumeeniliste-koguduste-preestritele-9-xii-1985\/\">Loe edasi<\/a><\/div>\n","protected":false},"author":2,"featured_media":0,"parent":19903,"menu_order":34,"comment_status":"closed","ping_status":"closed","template":"","meta":{"footnotes":""},"class_list":["post-43125","page","type-page","status-publish","hentry"],"_links":{"self":[{"href":"https:\/\/neocatechumenaleiter.org\/et\/wp-json\/wp\/v2\/pages\/43125","targetHints":{"allow":["GET"]}}],"collection":[{"href":"https:\/\/neocatechumenaleiter.org\/et\/wp-json\/wp\/v2\/pages"}],"about":[{"href":"https:\/\/neocatechumenaleiter.org\/et\/wp-json\/wp\/v2\/types\/page"}],"author":[{"embeddable":true,"href":"https:\/\/neocatechumenaleiter.org\/et\/wp-json\/wp\/v2\/users\/2"}],"replies":[{"embeddable":true,"href":"https:\/\/neocatechumenaleiter.org\/et\/wp-json\/wp\/v2\/comments?post=43125"}],"version-history":[{"count":5,"href":"https:\/\/neocatechumenaleiter.org\/et\/wp-json\/wp\/v2\/pages\/43125\/revisions"}],"predecessor-version":[{"id":47715,"href":"https:\/\/neocatechumenaleiter.org\/et\/wp-json\/wp\/v2\/pages\/43125\/revisions\/47715"}],"up":[{"embeddable":true,"href":"https:\/\/neocatechumenaleiter.org\/et\/wp-json\/wp\/v2\/pages\/19903"}],"wp:attachment":[{"href":"https:\/\/neocatechumenaleiter.org\/et\/wp-json\/wp\/v2\/media?parent=43125"}],"curies":[{"name":"wp","href":"https:\/\/api.w.org\/{rel}","templated":true}]}}