{"id":43277,"date":"2020-03-29T03:01:17","date_gmt":"2020-03-29T02:01:17","guid":{"rendered":"https:\/\/neocatechumenaleiter.org\/paavstide-sonad\/puha-johannes-paulus-ii\/kulastus-cantalice-puha-felice-kogudusele-4-v-1986\/"},"modified":"2026-03-02T10:34:58","modified_gmt":"2026-03-02T09:34:58","slug":"kulastus-cantalice-puha-felice-kogudusele-4-v-1986","status":"publish","type":"page","link":"https:\/\/neocatechumenaleiter.org\/et\/paavstide-sonad\/puha-johannes-paulus-ii\/kulastus-cantalice-puha-felice-kogudusele-4-v-1986\/","title":{"rendered":"K\u00fclastus Cantalice P\u00fcha Felice kogudusele 4-V-1986"},"content":{"rendered":"\n<h1 class=\"has-text-align-center wp-block-heading\">K\u00fclastus Cantalice P\u00fcha Felice kogudusele 4-V-1986<\/h1>\n\n<div style=\"height:20px\" aria-hidden=\"true\" class=\"wp-block-spacer\"><\/div>\n\n<h4 class=\"has-text-align-center wp-block-heading\">P\u00fcha Johannes Paulus II<\/h4>\n\n<div style=\"height:20px\" aria-hidden=\"true\" class=\"wp-block-spacer\"><\/div>\n\n<div class=\"wp-block-image\"><figure class=\"alignleft size-large\"><img loading=\"lazy\" decoding=\"async\" width=\"495\" height=\"396\" src=\"https:\/\/neocatechumenaleiter.org\/wp-content\/uploads\/2020\/06\/Camino-Neocatecumenal-Visita-parroquia-San-Felice-Cantalice.jpg\" alt=\"\" class=\"wp-image-13910\" srcset=\"https:\/\/neocatechumenaleiter.org\/wp-content\/uploads\/2020\/06\/Camino-Neocatecumenal-Visita-parroquia-San-Felice-Cantalice.jpg 495w, https:\/\/neocatechumenaleiter.org\/wp-content\/uploads\/2020\/06\/Camino-Neocatecumenal-Visita-parroquia-San-Felice-Cantalice-300x240.jpg 300w\" sizes=\"auto, (max-width: 495px) 100vw, 495px\" \/><\/figure><\/div>\n\n<p><strong>Rooma, 4. mai 1986 *<\/strong><\/p>\n\n<p><em>Toidetud, kirikus, on neokatehhumeeniliste gruppide esindus. Paavstil on olnud nendega eriline kohtumine, mille k\u00e4igus, olles kuulanud \u00fche koguduse katehheedi tunnistust, tahtis meelde tuletada mitmeid kohtumisi, mida ta on teinud k\u00f5ikides rooma kirikutes ja ka teistes Itaalia ning maailma linnades Neokatehhumeeniliste gruppidega. Grupid, tuletas paavst meelde, millel on midagi, mille j\u00e4rgi saab neid teistest kiiresti eristada.<\/em><\/p>\n\n<p><em>Kiriku katehheedi (Giacomo) tutvustus:<\/em><br \/><br \/>P\u00fchadus, mina r\u00e4\u00e4gin, kuna ma olen nende vendade katehheet. Esiteks olen ma v\u00e4ga \u00f5nnelik Teiega olla, armus, mida Kirik annab meile t\u00e4iusega, lahkusega. Seda ma \u00fctlen, sest mina olen loomult v\u00e4givaldne ning kannatasin oma lapsep\u00f5lves palju; ja kuna ma polnud Kirikus, tekitas see minus Jumalast kohtum\u00f5istja kuju, kes pidi mulle mingil moel tagasi tasuma selle eest, mida ma olin elanud. See k\u00f5ik viis mind palju kannatama, kasvama t\u00e4iesti valel viisil, olema \u00fcks nendest kristlastest, kes on komistuskiviks, sest kuulutavad asju, mida nad ei vii t\u00e4ide. Kui ma m\u00e4rkasin seda reaalsust, et olin komistuskiviks teistele, sest ma olin teinud v\u00e4givaldsusest oma kreedo, olin ma juba abielus ning mul oli kaks v\u00e4ike last. Ma kartsin iseennast, Isa, ning m\u00f5tlesin ka oma elu l\u00f5petamisele; ma palusin Neitsilt Maarjalt, kellele ma olin p\u00fchendunud, et ta aitaks mind, et ta annaks m\u00f5tet sellele, mida ma tegin, sest ma olin t\u00e4iesti eksinud. \u00dchel p\u00fchap\u00e4eval, missale minnes, kohtasin ilmikuga, habemega nagu minagi, kes kuulutas Jeesus Kristuse andeksandmist ja halastust v\u00e4givaldsetele nagu mina. Ka v\u00e4givaldsetele nagu mina oli Issandal tee, et minna tagasi armastusele ja andestusele. Nii, Isa, ma olen juba viisteist aastat olnud selles Tees ja Kirik saadab mind maailmasse kuulutama andeksandmist ja halastust.<\/p>\n\n<p><em>Paavst lausus need s\u00f5nad Neokatehhumeeniliste Koguduste kohalolijatele:<\/em><\/p>\n\n<p>Ait\u00e4h selle tunnistuse eest. See pole esimene kord, kui ma kuulen neokatehhumeenilise tunnistust ning olen alati v\u00e4ga liigutatud. Aga eelk\u00f5ige, kui ma l\u00e4henesin ja kuulsin laulu \u00abMaarja, \u00f5nnis Maarja\u00bb, siis ma kohe teadsin, kes olid need, kes laulsid, sest selle lauluga tunnen teid \u00e4ra k\u00f5ikjal: keset Aafrika kontinenti v\u00f5i Indiat, k\u00f5ikides maailma paikades eristate te ennast selle lauluga \u00abMaarja, \u00f5nnis Maarja, sina uskusid Issanda S\u00f5na\u00bb.<br \/><br \/>See iseloomustab teie teekonda, iseloomustab kogu Neokatehhumeenilise Koguduse teekonda, iga\u00fche teie teekonda, sest see tee on usutee; usk, mis on m\u00f5nikord t\u00e4iesti taasavastatud, taasavastatud s\u00fcgavas p\u00f6\u00f6rdumises, nagu on kuulda erinevates tunnistustes. M\u00f5nikord taasavastatud usk selles m\u00f5ttes, et see on s\u00fcgavamaks muutunud, taasavastatud tema s\u00fcgavuses, sest usul on imeline, tohutu s\u00fcgavus, millest meie usklikud ei ole alati teadlikud. Usu s\u00fcgavus! Usk on osalemine samale Jumala tundmisele. Jumal laseb meil teda tunda, peaaegu omaenda teadlikkusega. Usk valmistab meid Jumala n\u00e4gemisele ja toob endaga kaasa juba selle Jumala n\u00e4gemise, \u00f5ndsa taeva n\u00e4gemise mikroobe. Vot, usk peab olema alati taasleitud meie elu jooksul ning see usu reaalsus, see usu s\u00fcgavus tihti on taha j\u00e4etud ka usklike poolt, kristlaste poolt; nad ei tea, mis see on, mida nad toovad enda sees olles usklikud, omades usku!<br \/><br \/>Niisiis teie Tee seisnebki selles: taas leida usku v\u00f5i peaaegu t\u00e4ielikult v\u00f5i s\u00fcgavamas m\u00f5ttes, kui see, mis teil oli juba enne olnud. Ning siia sobib v\u00e4ga h\u00e4sti see laul \u00abMaarja, \u00f5nnis Maarja, sina uskusid Issanda S\u00f5na\u00bb.<\/p>\n\n<p>Pole v\u00f5imalik ette kujutada t\u00e4ielikumat usku, t\u00e4iuslikumat usku, kui Maarja usk. See on <strong>iga inimlikus olendis kunagi olnud usu tipp: Maarja usk<\/strong>, see usk, mis on n\u00e4idanud ennast eriti Kuulutamise hetkel. V\u00f5ime \u00f6elda, et see on uskumatu usk, sest on vaja paradoksi, et v\u00e4ljendada seda Maarja usku. Ning kui Neitsi l\u00e4ks Eliisabeti juurde, Eliisabet v\u00e4ljendas seda \u00f6eldes \u00ab\u00d5nnis on see, kes uskus Issanda S\u00f5na\u00bb.\u00a0<strong>Maarja usk on kindlasti k\u00f5ikide usklike usu eeskuju<\/strong>, k\u00f5ikide nendele, kes taasavastavad usku, kes muudavad s\u00fcgavamaks usku ning eriti k\u00f5ikidele teile, kellel on see usutee \u00fclesandeks, ma \u00fctleks isegi nagu teie Neokatehhumeenilisteks olemise iseloomulik karisma.<br \/><br \/>Mulle annab alati r\u00f5\u00f5mu kohtuda teie gruppidega, sest ma leian koos vanematega, t\u00e4iskasvanutega, ka palju lapsi. \u00d6eldakse, et\u00a0<strong>Neokatehhumeenilistel on paljulapselised perekonnad, neil on lapsi, v\u00f5i parem palju lapsi: see on ka usu t\u00f5end, Jumala usu t\u00f5end.<\/strong> Et anda elu inimesele on vaja usku Jumalas. Kui me t\u00e4na elame seda nn suurt demograafilist kriisi, perekriisi, isaduse kriisi, emaduse kriisi, suurt ja s\u00fcgavat kriisi, see on tagaj\u00e4rg Jumalasse usu puudumisest.<\/p>\n\n<p>Ei saa muuta, modifitseerida, paremaks muuta seda, kui mitte s\u00fcgava usuta. On vaja usku Jumalasse, et anda elu inimesele.&#013;\n&#013;\nSeda tahtsin ma lisada sellele, mida \u00fctlesin enne, et kinnitada ka seda aspekti teie teest. \u00d5nnistagu teid K\u00f5igev\u00e4eline Jumal, Isa, Poeg ja P\u00fcha Vaim: \u00f5nnistagu teie perekondi.<\/p>\n\n<p>(*) Vrd \u00abL\u2019Osservatore Romano\u00bb, 5.-6. mai 1986, otse lastud helisalvestise t\u00e4iendustega.<\/p>\n","protected":false},"excerpt":{"rendered":"<p>K\u00fclastus Cantalice P\u00fcha Felice kogudusele 4-V-1986 P\u00fcha Johannes Paulus II Rooma, 4. mai 1986 * Toidetud, kirikus, on neokatehhumeeniliste gruppide esindus. Paavstil on olnud nendega eriline kohtumine, mille k\u00e4igus, olles kuulanud \u00fche koguduse katehheedi tunnistust, tahtis meelde tuletada mitmeid kohtumisi, mida ta on teinud k\u00f5ikides rooma kirikutes ja ka teistes Itaalia ning maailma linnades Neokatehhumeeniliste gruppidega. Grupid, tuletas paavst meelde, millel on midagi, mille j\u00e4rgi saab neid teistest kiiresti eristada.<\/p>\n<div class=\"read-more\"><a class=\"btn read-more-btn\" href=\"https:\/\/neocatechumenaleiter.org\/et\/paavstide-sonad\/puha-johannes-paulus-ii\/kulastus-cantalice-puha-felice-kogudusele-4-v-1986\/\">Loe edasi<\/a><\/div>\n","protected":false},"author":2,"featured_media":0,"parent":19903,"menu_order":37,"comment_status":"closed","ping_status":"closed","template":"","meta":{"footnotes":""},"class_list":["post-43277","page","type-page","status-publish","hentry"],"_links":{"self":[{"href":"https:\/\/neocatechumenaleiter.org\/et\/wp-json\/wp\/v2\/pages\/43277","targetHints":{"allow":["GET"]}}],"collection":[{"href":"https:\/\/neocatechumenaleiter.org\/et\/wp-json\/wp\/v2\/pages"}],"about":[{"href":"https:\/\/neocatechumenaleiter.org\/et\/wp-json\/wp\/v2\/types\/page"}],"author":[{"embeddable":true,"href":"https:\/\/neocatechumenaleiter.org\/et\/wp-json\/wp\/v2\/users\/2"}],"replies":[{"embeddable":true,"href":"https:\/\/neocatechumenaleiter.org\/et\/wp-json\/wp\/v2\/comments?post=43277"}],"version-history":[{"count":5,"href":"https:\/\/neocatechumenaleiter.org\/et\/wp-json\/wp\/v2\/pages\/43277\/revisions"}],"predecessor-version":[{"id":47707,"href":"https:\/\/neocatechumenaleiter.org\/et\/wp-json\/wp\/v2\/pages\/43277\/revisions\/47707"}],"up":[{"embeddable":true,"href":"https:\/\/neocatechumenaleiter.org\/et\/wp-json\/wp\/v2\/pages\/19903"}],"wp:attachment":[{"href":"https:\/\/neocatechumenaleiter.org\/et\/wp-json\/wp\/v2\/media?parent=43277"}],"curies":[{"name":"wp","href":"https:\/\/api.w.org\/{rel}","templated":true}]}}