{"id":43290,"date":"2020-03-29T03:04:28","date_gmt":"2020-03-29T02:04:28","guid":{"rendered":"https:\/\/neocatechumenaleiter.org\/paavstide-sonad\/puha-johannes-paulus-ii\/eraaudients-ivrea-ja-hispaania-neokatehhumeeniliste-kogudustega-7-xii-1986\/"},"modified":"2026-03-02T10:33:53","modified_gmt":"2026-03-02T09:33:53","slug":"eraaudients-ivrea-ja-hispaania-neokatehhumeeniliste-kogudustega-7-xii-1986","status":"publish","type":"page","link":"https:\/\/neocatechumenaleiter.org\/et\/paavstide-sonad\/puha-johannes-paulus-ii\/eraaudients-ivrea-ja-hispaania-neokatehhumeeniliste-kogudustega-7-xii-1986\/","title":{"rendered":"Eraaudients Ivrea ja Hispaania Neokatehhumeeniliste Kogudustega 7-XII-1986"},"content":{"rendered":"\n<h1 class=\"has-text-align-center wp-block-heading\">Eraaudients Ivrea ja Hispaania Neokatehhumeeniliste Kogudustega 7-XII-1986<\/h1>\n\n<div style=\"height:20px\" aria-hidden=\"true\" class=\"wp-block-spacer\"><\/div>\n\n<h4 class=\"has-text-align-center wp-block-heading\">P\u00fcha Johannes Paulus II<\/h4>\n\n<div style=\"height:20px\" aria-hidden=\"true\" class=\"wp-block-spacer\"><\/div>\n\n<p><strong>Vatikan &#8211; Klementuse Saal, 7. detsember 1986\u00a0*<\/strong><\/p>\n\n<p><em>Paavst v\u00f5ttis vastu t\u00e4na hommikul eraaudientsil viie Hispaania ja \u00fche Ivrea <\/em><em>Kihelkonna Neokatehhumeenilise Koguduse liikmeid, kes olid palver\u00e4nnakul P\u00fcha Peetruse Hauale ning P\u00fcha Loreto Kotta.<\/em><br \/><br \/><em>See on k\u00f5ne, mida lausus P\u00fcha Isa (meie t\u00f5lge hispaania keelest):<\/em><\/p>\n\n<p>Kohtumine teiega on suure r\u00f5\u00f5mu p\u00f5hjuseks, Neokatehhumeeniliste Koguduste vennad ja \u00f5ed, kes olete tulnud tunnistama oma kristlikku usku, kuulutama usku ja kes oma k\u00fclastusega Rooma tunnistate katoliiklust, universaalsust Peetruse J\u00e4reltulija ees selles t\u00e4htsas etapis teie Neokatehhumeenilises Tees: palver\u00e4nnak XX sajandi kristluse keskusesse; teie tahtest \u00fchineda ja ustavusest Kristuse Kirikule.<br \/><br \/>Ei saanud puududa teie teekonnas k\u00fclastus Emale; seep\u00e4rast panete P\u00fchima Neitsi jalge ette oma ootused ja oma apostellike soove, et tema eestkoste l\u00e4bi Tema Jumalik Poeg muudaks t\u00f5esti viljakaks teie palve, ohverduse, armastuse, vendade teenimise tunnistust.<br \/><br \/>Teie k\u00f5ndimises kuulutades Kuningriigi Head Uudist soovin teid julgustada, et te oleksite lootuse s\u00f5numi toojad. Ma kordan P\u00fcha Peetruse \u00fcleskutset: &#8220;<strong>Olge alati valmis andma p\u00f5hjust oma lootusest k\u00f5ikidele, kes seda teilt k\u00fcsivad<\/strong>&#8220;.<br \/><br \/>Et see liturgiline periood, mida me elame oleks t\u00e4is ootust Lunastaja tulekuks, Tema, kes toob rahu, mida maailm ei saa anda.<br \/><br \/>Oma palvetes usaldan teid Maarjale, lootuse eeskuju, et teie lahke evangeelne teenistus, t\u00e4ies osaduses Kiriku Karjastega, tooks suuri kristliku elu vilju.<br \/><br \/>\u00a0<br \/><br \/>\u00d5nnistan teid k\u00f5iki s\u00fcdamest: vanavanemad ja lapsed, vennad ja \u00f5ed, teid k\u00f5iki.<br \/><br \/>\u00a0<br \/><br \/>Isa ja Poja ja P\u00fcha Vaimu nimel.<\/p>\n\n<p><em>(*) Vrd \u00abL\u2019Osservatore Romano\u00bb, 9.-10. detsember 1986.<\/em><\/p>\n\n<figure class=\"wp-block-gallery aligncenter columns-2 is-cropped wp-block-gallery-1 is-layout-flex wp-block-gallery-is-layout-flex\"><ul class=\"blocks-gallery-grid\"><li class=\"blocks-gallery-item\"><figure><img loading=\"lazy\" decoding=\"async\" width=\"690\" height=\"560\" src=\"https:\/\/neocatechumenaleiter.org\/wp-content\/uploads\/2020\/03\/Camino_Neocatecumenal_Juan_Pablo_II_visita_parroquia_San_Felice_1986.jpg\" alt=\"P&#xFC;ha Johannes Paulus II Eraaudients Ivrea ja Hispaania Neokatehhumeeniliste Kogudustega.\" data-id=\"1947\" data-full-url=\"https:\/\/neocatechumenaleiter.org\/wp-content\/uploads\/2020\/03\/Camino_Neocatecumenal_Juan_Pablo_II_visita_parroquia_San_Felice_1986.jpg\" data-link=\"https:\/\/neocatechumenaleiter.org\/palabras-de-los-papas\/s-juan-pablo-ii\/visita-a-la-parroquia-de-san-felice-da-cantalice-4-5-1986\/camino_neocatecumenal_juan_pablo_ii_visita_parroquia_san_felice_1986\/\" class=\"wp-image-1947\" srcset=\"https:\/\/neocatechumenaleiter.org\/wp-content\/uploads\/2020\/03\/Camino_Neocatecumenal_Juan_Pablo_II_visita_parroquia_San_Felice_1986.jpg 690w, https:\/\/neocatechumenaleiter.org\/wp-content\/uploads\/2020\/03\/Camino_Neocatecumenal_Juan_Pablo_II_visita_parroquia_San_Felice_1986-300x243.jpg 300w\" sizes=\"auto, (max-width: 690px) 100vw, 690px\" \/><figcaption class=\"blocks-gallery-item__caption\">Neokatehhumeenilise Tee algatajad tervitavad Paavsti Johannes Paulus II.<\/figcaption><\/figure><\/li><li class=\"blocks-gallery-item\"><figure><img loading=\"lazy\" decoding=\"async\" width=\"689\" height=\"560\" src=\"https:\/\/neocatechumenaleiter.org\/wp-content\/uploads\/2020\/03\/Camino_Neocatecumenal_Juan_Pablo_II_visita_parroquia_San_Felice_19862.jpg\" alt=\"P&#xFC;ha Johannes Paulus II Eraaudients Ivrea ja Hispaania Neokatehhumeeniliste Kogudustega.\" data-id=\"1954\" data-full-url=\"https:\/\/neocatechumenaleiter.org\/wp-content\/uploads\/2020\/03\/Camino_Neocatecumenal_Juan_Pablo_II_visita_parroquia_San_Felice_19862.jpg\" data-link=\"https:\/\/neocatechumenaleiter.org\/palabras-de-los-papas\/s-juan-pablo-ii\/visita-a-la-parroquia-de-san-felice-da-cantalice-4-5-1986\/camino_neocatecumenal_juan_pablo_ii_visita_parroquia_san_felice_19862\/\" class=\"wp-image-1954\" srcset=\"https:\/\/neocatechumenaleiter.org\/wp-content\/uploads\/2020\/03\/Camino_Neocatecumenal_Juan_Pablo_II_visita_parroquia_San_Felice_19862.jpg 689w, https:\/\/neocatechumenaleiter.org\/wp-content\/uploads\/2020\/03\/Camino_Neocatecumenal_Juan_Pablo_II_visita_parroquia_San_Felice_19862-300x244.jpg 300w\" sizes=\"auto, (max-width: 689px) 100vw, 689px\" \/><figcaption class=\"blocks-gallery-item__caption\">Ivrea ja Hispaania kogudused lausuvad Paavsti ees usutunnistust.<\/figcaption><\/figure><\/li><\/ul><\/figure>","protected":false},"excerpt":{"rendered":"<p>Eraaudients Ivrea ja Hispaania Neokatehhumeeniliste Kogudustega 7-XII-1986 P\u00fcha Johannes Paulus II Vatikan &#8211; Klementuse Saal, 7. detsember 1986\u00a0* Paavst v\u00f5ttis vastu t\u00e4na hommikul eraaudientsil viie Hispaania ja \u00fche Ivrea Kihelkonna Neokatehhumeenilise Koguduse liikmeid, kes olid palver\u00e4nnakul P\u00fcha Peetruse Hauale ning P\u00fcha Loreto Kotta. See on k\u00f5ne, mida lausus P\u00fcha Isa (meie t\u00f5lge hispaania keelest): Kohtumine teiega on suure r\u00f5\u00f5mu p\u00f5hjuseks, Neokatehhumeeniliste Koguduste vennad ja \u00f5ed, kes olete tulnud tunnistama oma<\/p>\n<div class=\"read-more\"><a class=\"btn read-more-btn\" href=\"https:\/\/neocatechumenaleiter.org\/et\/paavstide-sonad\/puha-johannes-paulus-ii\/eraaudients-ivrea-ja-hispaania-neokatehhumeeniliste-kogudustega-7-xii-1986\/\">Loe edasi<\/a><\/div>\n","protected":false},"author":2,"featured_media":0,"parent":19903,"menu_order":38,"comment_status":"closed","ping_status":"closed","template":"","meta":{"footnotes":""},"class_list":["post-43290","page","type-page","status-publish","hentry"],"_links":{"self":[{"href":"https:\/\/neocatechumenaleiter.org\/et\/wp-json\/wp\/v2\/pages\/43290","targetHints":{"allow":["GET"]}}],"collection":[{"href":"https:\/\/neocatechumenaleiter.org\/et\/wp-json\/wp\/v2\/pages"}],"about":[{"href":"https:\/\/neocatechumenaleiter.org\/et\/wp-json\/wp\/v2\/types\/page"}],"author":[{"embeddable":true,"href":"https:\/\/neocatechumenaleiter.org\/et\/wp-json\/wp\/v2\/users\/2"}],"replies":[{"embeddable":true,"href":"https:\/\/neocatechumenaleiter.org\/et\/wp-json\/wp\/v2\/comments?post=43290"}],"version-history":[{"count":5,"href":"https:\/\/neocatechumenaleiter.org\/et\/wp-json\/wp\/v2\/pages\/43290\/revisions"}],"predecessor-version":[{"id":47705,"href":"https:\/\/neocatechumenaleiter.org\/et\/wp-json\/wp\/v2\/pages\/43290\/revisions\/47705"}],"up":[{"embeddable":true,"href":"https:\/\/neocatechumenaleiter.org\/et\/wp-json\/wp\/v2\/pages\/19903"}],"wp:attachment":[{"href":"https:\/\/neocatechumenaleiter.org\/et\/wp-json\/wp\/v2\/media?parent=43290"}],"curies":[{"name":"wp","href":"https:\/\/api.w.org\/{rel}","templated":true}]}}