{"id":43294,"date":"2020-03-30T17:10:26","date_gmt":"2020-03-30T16:10:26","guid":{"rendered":"https:\/\/neocatechumenaleiter.org\/paavstide-sonad\/puha-johannes-paulus-ii\/paavsti-johannes-paulus-ii-tervitus-itaalia-neokatehhumeeniliste-koguduste-noortele-24-ii-2002\/"},"modified":"2026-02-27T15:07:15","modified_gmt":"2026-02-27T14:07:15","slug":"paavsti-johannes-paulus-ii-tervitus-itaalia-neokatehhumeeniliste-koguduste-noortele-24-ii-2002","status":"publish","type":"page","link":"https:\/\/neocatechumenaleiter.org\/et\/paavstide-sonad\/puha-johannes-paulus-ii\/paavsti-johannes-paulus-ii-tervitus-itaalia-neokatehhumeeniliste-koguduste-noortele-24-ii-2002\/","title":{"rendered":"Paavsti Johannes Paulus II tervitus Itaalia Neokatehhumeeniliste Koguduste noortele 24-II-2002"},"content":{"rendered":"\n<h1 class=\"has-text-align-center wp-block-heading\">Paavsti Johannes Paulus II tervitus Itaalia Neokatehhumeeniliste Koguduste noortele 24-II-2002<\/h1>\n\n<div style=\"height:20px\" aria-hidden=\"true\" class=\"wp-block-spacer\"><\/div>\n\n<h4 class=\"has-text-align-center wp-block-heading\">P\u00fcha Johannes Paulus II<\/h4>\n\n<div style=\"height:20px\" aria-hidden=\"true\" class=\"wp-block-spacer\"><\/div>\n\n<p><strong>P\u00fcha Peetruse v\u00e4ljak, 24. veebruar 2002<\/strong><\/p>\n\n<p><em>\u00abN\u00e4gemiseni Torontos\u00bb. Nende s\u00f5nadega, lausutud Maarjale p\u00fchendatud palve l\u00f5pul, uuendas Johannes Paulus II kutset uutele p\u00f5lvkondadele osalema XVII \u00dclemaailmsele Noortep\u00e4evale, mis toimub Kanadas. Kutse oli suunatud tuhandetele noortele, kes kuuluvad kogu Itaalia kihelkondade ja piiskopkondade Neokatehhumeenilistele Kogudustele ning olid p\u00fchap\u00e4eval \u00abAngeluse\u00bb ajal P\u00fcha Peetruse v\u00e4ljakul.<\/em><br \/><br \/><em>Need olid Paavsti s\u00f5nad:<\/em><\/p>\n\n<p>Tervitan eriti noori, keda on palju ja kes kuuluvad kogu Itaalia kihelkondade ja piiskopkondade Neokatehhumeenilistele Kogudustele. Kallimad, teie olete &#8220;teel&#8221; \u00dclemaailmsele Noortep\u00e4evale, mis toimub Torontos j\u00e4rgmisel juulil. Te olete noored teel Kristusega. Ma t\u00e4nan teid, sest oma kohaloluga annate mulle v\u00f5imaluse uuendada kutset teievanuselistele itaallastele ja teiste maailma Riikide noortele, valmistuda hoolega selleks t\u00e4htsaks kohtumiseks. Osakem anda p\u00f5hjust igas olukorras, alandlikkusega ja austusega, lootusest, mis teis on. Ait\u00e4h k\u00fclastuse eest ning n\u00e4gemiseni Torontos!&#013;\n&#013;\n(*) Vrd \u00abL\u2019Osservatore Romano\u00bb, 25.-26. veebruar 2002.<\/p>\n","protected":false},"excerpt":{"rendered":"<p>Paavsti Johannes Paulus II tervitus Itaalia Neokatehhumeeniliste Koguduste noortele 24-II-2002 P\u00fcha Johannes Paulus II P\u00fcha Peetruse v\u00e4ljak, 24. veebruar 2002 \u00abN\u00e4gemiseni Torontos\u00bb. Nende s\u00f5nadega, lausutud Maarjale p\u00fchendatud palve l\u00f5pul, uuendas Johannes Paulus II kutset uutele p\u00f5lvkondadele osalema XVII \u00dclemaailmsele Noortep\u00e4evale, mis toimub Kanadas. Kutse oli suunatud tuhandetele noortele, kes kuuluvad kogu Itaalia kihelkondade ja piiskopkondade Neokatehhumeenilistele Kogudustele ning olid p\u00fchap\u00e4eval \u00abAngeluse\u00bb ajal P\u00fcha Peetruse v\u00e4ljakul. Need olid Paavsti s\u00f5nad: Tervitan<\/p>\n<div class=\"read-more\"><a class=\"btn read-more-btn\" href=\"https:\/\/neocatechumenaleiter.org\/et\/paavstide-sonad\/puha-johannes-paulus-ii\/paavsti-johannes-paulus-ii-tervitus-itaalia-neokatehhumeeniliste-koguduste-noortele-24-ii-2002\/\">Loe edasi<\/a><\/div>\n","protected":false},"author":2,"featured_media":0,"parent":19903,"menu_order":98,"comment_status":"closed","ping_status":"closed","template":"","meta":{"footnotes":""},"class_list":["post-43294","page","type-page","status-publish","hentry"],"_links":{"self":[{"href":"https:\/\/neocatechumenaleiter.org\/et\/wp-json\/wp\/v2\/pages\/43294","targetHints":{"allow":["GET"]}}],"collection":[{"href":"https:\/\/neocatechumenaleiter.org\/et\/wp-json\/wp\/v2\/pages"}],"about":[{"href":"https:\/\/neocatechumenaleiter.org\/et\/wp-json\/wp\/v2\/types\/page"}],"author":[{"embeddable":true,"href":"https:\/\/neocatechumenaleiter.org\/et\/wp-json\/wp\/v2\/users\/2"}],"replies":[{"embeddable":true,"href":"https:\/\/neocatechumenaleiter.org\/et\/wp-json\/wp\/v2\/comments?post=43294"}],"version-history":[{"count":3,"href":"https:\/\/neocatechumenaleiter.org\/et\/wp-json\/wp\/v2\/pages\/43294\/revisions"}],"predecessor-version":[{"id":47570,"href":"https:\/\/neocatechumenaleiter.org\/et\/wp-json\/wp\/v2\/pages\/43294\/revisions\/47570"}],"up":[{"embeddable":true,"href":"https:\/\/neocatechumenaleiter.org\/et\/wp-json\/wp\/v2\/pages\/19903"}],"wp:attachment":[{"href":"https:\/\/neocatechumenaleiter.org\/et\/wp-json\/wp\/v2\/media?parent=43294"}],"curies":[{"name":"wp","href":"https:\/\/api.w.org\/{rel}","templated":true}]}}