{"id":43320,"date":"2020-03-29T21:43:13","date_gmt":"2020-03-29T20:43:13","guid":{"rendered":"https:\/\/neocatechumenaleiter.org\/paavstide-sonad\/puha-johannes-paulus-ii\/puha-isa-johannes-paulus-ii-tervitus-brasiilia-piiskopkondliku-misjoneeriva-redemptoris-mater-seminari-seminaristidele-15-10-1991\/"},"modified":"2026-02-27T15:26:54","modified_gmt":"2026-02-27T14:26:54","slug":"puha-isa-johannes-paulus-ii-tervitus-brasiilia-piiskopkondliku-misjoneeriva-redemptoris-mater-seminari-seminaristidele-15-10-1991","status":"publish","type":"page","link":"https:\/\/neocatechumenaleiter.org\/et\/paavstide-sonad\/puha-johannes-paulus-ii\/puha-isa-johannes-paulus-ii-tervitus-brasiilia-piiskopkondliku-misjoneeriva-redemptoris-mater-seminari-seminaristidele-15-10-1991\/","title":{"rendered":"P\u00fcha Isa Johannes Paulus II tervitus Brasiilia piiskopkondliku misjoneeriva &#8220;Redemptoris Mater&#8221; seminari seminaristidele 15-10-1991"},"content":{"rendered":"\n<h1 class=\"has-text-align-center wp-block-heading\">P\u00fcha Isa Johannes Paulus II tervitus Brasiilia piiskopkondliku misjoneeriva &#8220;Redemptoris Mater&#8221; seminari seminaristidele 15-10-1991<\/h1>\n\n<div style=\"height:20px\" aria-hidden=\"true\" class=\"wp-block-spacer\"><\/div>\n\n<h4 class=\"has-text-align-center wp-block-heading\">P\u00fcha Johannes Paulus II<\/h4>\n\n<div style=\"height:20px\" aria-hidden=\"true\" class=\"wp-block-spacer\"><\/div>\n\n<p><strong>Brasiilia, 15. oktoober 1991<\/strong><\/p>\n\n<p>Tervitan eriliselt ja armastusega \u00dclemusi ja Seminariste Redemptoris Mater Seminarist, mis varsti valmib siit mitte v\u00e4ga kaugel. Ma soovin, et, Jumala \u00f5nnistusega, julgustaks nad alati l\u00e4bi Kristuse t\u00f5elise vaimu preestrite autentset vormimist. K\u00f5ikidele saadan s\u00fcdamest oma apostellikku \u00f5nnistust. Aamen.&#013;\n&#013;\n&#013;\n(*) Vrd \u00abL\u2019Osservatore Romano\u00bb, 17. oktoober 1991.<\/p>\n","protected":false},"excerpt":{"rendered":"<p>P\u00fcha Isa Johannes Paulus II tervitus Brasiilia piiskopkondliku misjoneeriva &#8220;Redemptoris Mater&#8221; seminari seminaristidele 15-10-1991 P\u00fcha Johannes Paulus II Brasiilia, 15. oktoober 1991 Tervitan eriliselt ja armastusega \u00dclemusi ja Seminariste Redemptoris Mater Seminarist, mis varsti valmib siit mitte v\u00e4ga kaugel. Ma soovin, et, Jumala \u00f5nnistusega, julgustaks nad alati l\u00e4bi Kristuse t\u00f5elise vaimu preestrite autentset vormimist. K\u00f5ikidele saadan s\u00fcdamest oma apostellikku \u00f5nnistust. Aamen.&#013; &#013; &#013; (*) Vrd \u00abL\u2019Osservatore Romano\u00bb, 17. oktoober 1991.<\/p>\n","protected":false},"author":2,"featured_media":0,"parent":19903,"menu_order":65,"comment_status":"closed","ping_status":"closed","template":"","meta":{"footnotes":""},"class_list":["post-43320","page","type-page","status-publish","hentry"],"_links":{"self":[{"href":"https:\/\/neocatechumenaleiter.org\/et\/wp-json\/wp\/v2\/pages\/43320","targetHints":{"allow":["GET"]}}],"collection":[{"href":"https:\/\/neocatechumenaleiter.org\/et\/wp-json\/wp\/v2\/pages"}],"about":[{"href":"https:\/\/neocatechumenaleiter.org\/et\/wp-json\/wp\/v2\/types\/page"}],"author":[{"embeddable":true,"href":"https:\/\/neocatechumenaleiter.org\/et\/wp-json\/wp\/v2\/users\/2"}],"replies":[{"embeddable":true,"href":"https:\/\/neocatechumenaleiter.org\/et\/wp-json\/wp\/v2\/comments?post=43320"}],"version-history":[{"count":3,"href":"https:\/\/neocatechumenaleiter.org\/et\/wp-json\/wp\/v2\/pages\/43320\/revisions"}],"predecessor-version":[{"id":47634,"href":"https:\/\/neocatechumenaleiter.org\/et\/wp-json\/wp\/v2\/pages\/43320\/revisions\/47634"}],"up":[{"embeddable":true,"href":"https:\/\/neocatechumenaleiter.org\/et\/wp-json\/wp\/v2\/pages\/19903"}],"wp:attachment":[{"href":"https:\/\/neocatechumenaleiter.org\/et\/wp-json\/wp\/v2\/media?parent=43320"}],"curies":[{"name":"wp","href":"https:\/\/api.w.org\/{rel}","templated":true}]}}