{"id":43322,"date":"2020-03-03T23:56:44","date_gmt":"2020-03-03T22:56:44","guid":{"rendered":"https:\/\/neocatechumenaleiter.org\/paavstide-sonad\/puha-johannes-paulus-ii\/puha-isa-johannes-paulus-ii-tervitus-rooma-kogunenud-neokatehhumeeniliste-koguduste-preestritele-randkatehhistidele-ja-vastutajatele-4-xii-1991\/"},"modified":"2026-02-27T15:26:27","modified_gmt":"2026-02-27T14:26:27","slug":"puha-isa-johannes-paulus-ii-tervitus-rooma-kogunenud-neokatehhumeeniliste-koguduste-preestritele-randkatehhistidele-ja-vastutajatele-4-xii-1991","status":"publish","type":"page","link":"https:\/\/neocatechumenaleiter.org\/et\/paavstide-sonad\/puha-johannes-paulus-ii\/puha-isa-johannes-paulus-ii-tervitus-rooma-kogunenud-neokatehhumeeniliste-koguduste-preestritele-randkatehhistidele-ja-vastutajatele-4-xii-1991\/","title":{"rendered":"P\u00fcha Isa Johannes Paulus II tervitus Rooma kogunenud Neokatehhumeeniliste Koguduste preestritele, r\u00e4ndkatehheetidele ja vastutajatele 4-XII-1991"},"content":{"rendered":"\n<h1 class=\"has-text-align-center wp-block-heading\">P\u00fcha Isa Johannes Paulus II tervitus Rooma kogunenud Neokatehhumeeniliste Koguduste preestritele, r\u00e4ndkatehheetidele ja vastutajatele 4-XII-1991<\/h1>\n\n<div style=\"height:20px\" aria-hidden=\"true\" class=\"wp-block-spacer\"><\/div>\n\n<h4 class=\"has-text-align-center wp-block-heading\">P\u00fcha Johannes Paulus II<\/h4>\n\n<div style=\"height:20px\" aria-hidden=\"true\" class=\"wp-block-spacer\"><\/div>\n\n<p><strong>Vatikan &#8211; Paulus VI Saal, 4. detsember 1991<\/strong><\/p>\n\n<p><em>Nagu tavaks, Paavsti tehtud tervitused l\u00f5ppesid erinevate itaalia piiskopkondade gruppide tervitamisega:<\/em><\/p>\n\n<p>Olen, lisaks, \u00f5nnelik vastu v\u00f5tta mitmeid Neokatehhumeeniliste Koguduste j\u00e4lgijaid. Nende seas on preestreid, kes tulevad erinevatest euroopa piiskopkondadest, koguduste vastutajad ja r\u00e4ndkatehheedid mitmetest Euroopa Riikidest ning mitte v\u00e4he viimaste aastate jooksul misjonile saadetud perekonnad.<\/p>\n\n<p>Kallimad Vennad ja \u00d5ed, oma kohalolekuga Roomas, erilise Euroopa Sinodi toimumise ajal, teie soovite saata sinodi t\u00f6id m\u00f5tisklemisega ja palvetega. Teie konviventsi ajal, mida te t\u00e4na l\u00f5petate, on teil olnud v\u00f5imalus taaskinnitada vajadust viivituseta vastu v\u00f5tta Jeesuse k\u00e4sku viia k\u00f5ikjale tema Evangeeliumit. See on mandaat, mis on eriti kiireloomuline n\u00fc\u00fcdsete sotsiaalsete ja kultuursete olude t\u00f5ttu.<\/p>\n\n<p>Neitsi Maarja aidaku teil j\u00e4tkata alustatud teel, olles alati ustavad Kristusele ja tema Kirikule. Niimoodi olete te Uue Evangeliseerimise v\u00e4simatud ja r\u00f5\u00f5mu t\u00e4is j\u00fcngrid. (*) Vrd \u00abL\u2019Osservatore Romano\u00bb, 5. detsember 1991.<\/p>\n\n<figure class=\"wp-block-gallery columns-2 is-cropped wp-block-gallery-1 is-layout-flex wp-block-gallery-is-layout-flex\"><ul class=\"blocks-gallery-grid\"><li class=\"blocks-gallery-item\"><figure><img loading=\"lazy\" decoding=\"async\" width=\"676\" height=\"562\" src=\"https:\/\/neocatechumenaleiter.org\/wp-content\/uploads\/2020\/03\/Camino_Neocatecumenal_Juan_Pablo_II_saludo_parrocos_itinerantes_responsables_1991.jpg\" alt=\"\" data-id=\"2352\" data-link=\"https:\/\/neocatechumenaleiter.org\/?attachment_id=2352\" class=\"wp-image-2352\" srcset=\"https:\/\/neocatechumenaleiter.org\/wp-content\/uploads\/2020\/03\/Camino_Neocatecumenal_Juan_Pablo_II_saludo_parrocos_itinerantes_responsables_1991.jpg 676w, https:\/\/neocatechumenaleiter.org\/wp-content\/uploads\/2020\/03\/Camino_Neocatecumenal_Juan_Pablo_II_saludo_parrocos_itinerantes_responsables_1991-300x249.jpg 300w\" sizes=\"auto, (max-width: 676px) 100vw, 676px\" \/><\/figure><\/li><li class=\"blocks-gallery-item\"><figure><img loading=\"lazy\" decoding=\"async\" width=\"495\" height=\"354\" src=\"https:\/\/neocatechumenaleiter.org\/wp-content\/uploads\/2020\/03\/Camino_Neocatecumenal_Juan_Pablo_II_saludo_parrocos_itinerantes_responsables_1991_2.jpg\" alt=\"\" data-id=\"2359\" data-full-url=\"https:\/\/neocatechumenaleiter.org\/wp-content\/uploads\/2020\/03\/Camino_Neocatecumenal_Juan_Pablo_II_saludo_parrocos_itinerantes_responsables_1991_2.jpg\" data-link=\"https:\/\/neocatechumenaleiter.org\/?attachment_id=2359\" class=\"wp-image-2359\" srcset=\"https:\/\/neocatechumenaleiter.org\/wp-content\/uploads\/2020\/03\/Camino_Neocatecumenal_Juan_Pablo_II_saludo_parrocos_itinerantes_responsables_1991_2.jpg 495w, https:\/\/neocatechumenaleiter.org\/wp-content\/uploads\/2020\/03\/Camino_Neocatecumenal_Juan_Pablo_II_saludo_parrocos_itinerantes_responsables_1991_2-300x215.jpg 300w\" sizes=\"auto, (max-width: 495px) 100vw, 495px\" \/><\/figure><\/li><\/ul><\/figure>","protected":false},"excerpt":{"rendered":"<p>P\u00fcha Isa Johannes Paulus II tervitus Rooma kogunenud Neokatehhumeeniliste Koguduste preestritele, r\u00e4ndkatehheetidele ja vastutajatele 4-XII-1991 P\u00fcha Johannes Paulus II Vatikan &#8211; Paulus VI Saal, 4. detsember 1991 Nagu tavaks, Paavsti tehtud tervitused l\u00f5ppesid erinevate itaalia piiskopkondade gruppide tervitamisega: Olen, lisaks, \u00f5nnelik vastu v\u00f5tta mitmeid Neokatehhumeeniliste Koguduste j\u00e4lgijaid. Nende seas on preestreid, kes tulevad erinevatest euroopa piiskopkondadest, koguduste vastutajad ja r\u00e4ndkatehheedid mitmetest Euroopa Riikidest ning mitte v\u00e4he viimaste aastate jooksul misjonile<\/p>\n<div class=\"read-more\"><a class=\"btn read-more-btn\" href=\"https:\/\/neocatechumenaleiter.org\/et\/paavstide-sonad\/puha-johannes-paulus-ii\/puha-isa-johannes-paulus-ii-tervitus-rooma-kogunenud-neokatehhumeeniliste-koguduste-preestritele-randkatehhistidele-ja-vastutajatele-4-xii-1991\/\">Loe edasi<\/a><\/div>\n","protected":false},"author":2,"featured_media":0,"parent":19903,"menu_order":66,"comment_status":"closed","ping_status":"closed","template":"","meta":{"footnotes":""},"class_list":["post-43322","page","type-page","status-publish","hentry"],"_links":{"self":[{"href":"https:\/\/neocatechumenaleiter.org\/et\/wp-json\/wp\/v2\/pages\/43322","targetHints":{"allow":["GET"]}}],"collection":[{"href":"https:\/\/neocatechumenaleiter.org\/et\/wp-json\/wp\/v2\/pages"}],"about":[{"href":"https:\/\/neocatechumenaleiter.org\/et\/wp-json\/wp\/v2\/types\/page"}],"author":[{"embeddable":true,"href":"https:\/\/neocatechumenaleiter.org\/et\/wp-json\/wp\/v2\/users\/2"}],"replies":[{"embeddable":true,"href":"https:\/\/neocatechumenaleiter.org\/et\/wp-json\/wp\/v2\/comments?post=43322"}],"version-history":[{"count":5,"href":"https:\/\/neocatechumenaleiter.org\/et\/wp-json\/wp\/v2\/pages\/43322\/revisions"}],"predecessor-version":[{"id":47632,"href":"https:\/\/neocatechumenaleiter.org\/et\/wp-json\/wp\/v2\/pages\/43322\/revisions\/47632"}],"up":[{"embeddable":true,"href":"https:\/\/neocatechumenaleiter.org\/et\/wp-json\/wp\/v2\/pages\/19903"}],"wp:attachment":[{"href":"https:\/\/neocatechumenaleiter.org\/et\/wp-json\/wp\/v2\/media?parent=43322"}],"curies":[{"name":"wp","href":"https:\/\/api.w.org\/{rel}","templated":true}]}}