{"id":43330,"date":"2020-03-04T00:49:05","date_gmt":"2020-03-03T23:49:05","guid":{"rendered":"https:\/\/neocatechumenaleiter.org\/paavstide-sonad\/puha-johannes-paulus-ii\/paavsti-johannes-paulus-ii-tervitus-neokatehhumeenilise-tee-noortele-macerata-piiskopi-palee-rodult-20-vi-1993\/"},"modified":"2026-02-27T15:20:12","modified_gmt":"2026-02-27T14:20:12","slug":"paavsti-johannes-paulus-ii-tervitus-neokatehhumeenilise-tee-noortele-macerata-piiskopi-palee-rodult-20-vi-1993","status":"publish","type":"page","link":"https:\/\/neocatechumenaleiter.org\/et\/paavstide-sonad\/puha-johannes-paulus-ii\/paavsti-johannes-paulus-ii-tervitus-neokatehhumeenilise-tee-noortele-macerata-piiskopi-palee-rodult-20-vi-1993\/","title":{"rendered":"Paavsti Johannes Paulus II tervitus Neokatehhumeenilise Tee noortele Macerata piiskopi palee r\u00f5dult 20-VI-1993"},"content":{"rendered":"\n<h1 class=\"has-text-align-center wp-block-heading\">Paavsti Johannes Paulus II tervitus Neokatehhumeenilise Tee noortele Macerata piiskopi palee r\u00f5dult 20-VI-1993<\/h1>\n\n<div style=\"height:20px\" aria-hidden=\"true\" class=\"wp-block-spacer\"><\/div>\n\n<h4 class=\"has-text-align-center wp-block-heading\">P\u00fcha Johannes Paulus II<\/h4>\n\n<div style=\"height:20px\" aria-hidden=\"true\" class=\"wp-block-spacer\"><\/div>\n\n<p><strong>Macerata, 20. juuni 1993<\/strong><\/p>\n\n<p><em>P\u00fchap\u00e4eva, 20. juuni hommikul, enne Folignosse minekut, soovis Johannes Paulus II s\u00fcdamlikult terivtada Macerata Piiskopi palee r\u00f5dult neokatehhumeenilisi noori, kes, olles v\u00e4ljakule kogunenud, laulsid koos, et t\u00e4nada Paavsti tema visiidi eest.<\/em><br \/><br \/><em>L\u00e4bi nende tervitas P\u00fcha Isa ka kogu Macerata rahvast, kes v\u00f5ttis ta suure r\u00f5\u00f5muga vastu:<\/em><\/p>\n\n<div class=\"wp-block-image\"><figure class=\"alignleft size-large\"><img loading=\"lazy\" decoding=\"async\" width=\"495\" height=\"304\" src=\"https:\/\/neocatechumenaleiter.org\/wp-content\/uploads\/2020\/03\/Camino_Neocatecumenal_Juan_Pablo_II_saludo_jovenes_1993.jpg\" alt=\"\" class=\"wp-image-2505\" srcset=\"https:\/\/neocatechumenaleiter.org\/wp-content\/uploads\/2020\/03\/Camino_Neocatecumenal_Juan_Pablo_II_saludo_jovenes_1993.jpg 495w, https:\/\/neocatechumenaleiter.org\/wp-content\/uploads\/2020\/03\/Camino_Neocatecumenal_Juan_Pablo_II_saludo_jovenes_1993-300x184.jpg 300w\" sizes=\"auto, (max-width: 495px) 100vw, 495px\" \/><\/figure><\/div>\n\n<p>M\u00f5elge natuke nende palver\u00e4ndurite peale, kes on kogu \u00f6\u00f6 k\u00f5ndinud, jalgsi, ning on n\u00fc\u00fcd Loretos &#8211; \u00fctles P\u00fcha Isa noortele -. Teie tee on kitarridega, lauludega, aga teete seda v\u00e4ga h\u00e4sti, v\u00e4ga h\u00e4sti. Mul on olnud v\u00f5imalus teid m\u00f5nikord kuulata: te laulate h\u00e4sti lauluga, aga laulate h\u00e4sti ka tekstiga, sisuga, ning seet\u00f5ttu laulate h\u00e4sti.<\/p>\n\n<p>Me peame saatma telegrammi Loretole \u00f6eldes, et siin veel teised palver\u00e4ndurid, lauldes kogu \u00f6\u00f6, k\u00f5nnivad koos nendega &#8211; <em>j\u00e4tkas Paavst -.\u00a0<\/em>Selle v\u00f5imalusega saan ma tervitada ka k\u00f5iki Macerata elanikke, sest ma pean edasi liikuma Folignosse. Ma usaldan ennast teie palvetele ja teie lauludele. Ma usaldan ennast ka k\u00f5ikidele Macerata elanikele, eriti nendele, kellel on ka kitarrid, sest me teame h\u00e4sti, et kes laulab palvetab kahekordselt:\u00a0\u00abqui cantat bis orat\u00bb.<br \/><br \/><em>(*) Vrd \u00abL\u2019Osservatore Romano\u00bb, 21.-22. juuni 1993.<\/em><\/p>\n","protected":false},"excerpt":{"rendered":"<p>Paavsti Johannes Paulus II tervitus Neokatehhumeenilise Tee noortele Macerata piiskopi palee r\u00f5dult 20-VI-1993 P\u00fcha Johannes Paulus II Macerata, 20. juuni 1993 P\u00fchap\u00e4eva, 20. juuni hommikul, enne Folignosse minekut, soovis Johannes Paulus II s\u00fcdamlikult terivtada Macerata Piiskopi palee r\u00f5dult neokatehhumeenilisi noori, kes, olles v\u00e4ljakule kogunenud, laulsid koos, et t\u00e4nada Paavsti tema visiidi eest. L\u00e4bi nende tervitas P\u00fcha Isa ka kogu Macerata rahvast, kes v\u00f5ttis ta suure r\u00f5\u00f5muga vastu: M\u00f5elge natuke nende<\/p>\n<div class=\"read-more\"><a class=\"btn read-more-btn\" href=\"https:\/\/neocatechumenaleiter.org\/et\/paavstide-sonad\/puha-johannes-paulus-ii\/paavsti-johannes-paulus-ii-tervitus-neokatehhumeenilise-tee-noortele-macerata-piiskopi-palee-rodult-20-vi-1993\/\">Loe edasi<\/a><\/div>\n","protected":false},"author":2,"featured_media":0,"parent":19903,"menu_order":76,"comment_status":"closed","ping_status":"closed","template":"","meta":{"footnotes":""},"class_list":["post-43330","page","type-page","status-publish","hentry"],"_links":{"self":[{"href":"https:\/\/neocatechumenaleiter.org\/et\/wp-json\/wp\/v2\/pages\/43330","targetHints":{"allow":["GET"]}}],"collection":[{"href":"https:\/\/neocatechumenaleiter.org\/et\/wp-json\/wp\/v2\/pages"}],"about":[{"href":"https:\/\/neocatechumenaleiter.org\/et\/wp-json\/wp\/v2\/types\/page"}],"author":[{"embeddable":true,"href":"https:\/\/neocatechumenaleiter.org\/et\/wp-json\/wp\/v2\/users\/2"}],"replies":[{"embeddable":true,"href":"https:\/\/neocatechumenaleiter.org\/et\/wp-json\/wp\/v2\/comments?post=43330"}],"version-history":[{"count":3,"href":"https:\/\/neocatechumenaleiter.org\/et\/wp-json\/wp\/v2\/pages\/43330\/revisions"}],"predecessor-version":[{"id":47612,"href":"https:\/\/neocatechumenaleiter.org\/et\/wp-json\/wp\/v2\/pages\/43330\/revisions\/47612"}],"up":[{"embeddable":true,"href":"https:\/\/neocatechumenaleiter.org\/et\/wp-json\/wp\/v2\/pages\/19903"}],"wp:attachment":[{"href":"https:\/\/neocatechumenaleiter.org\/et\/wp-json\/wp\/v2\/media?parent=43330"}],"curies":[{"name":"wp","href":"https:\/\/api.w.org\/{rel}","templated":true}]}}