{"id":43340,"date":"2020-03-29T19:18:24","date_gmt":"2020-03-29T18:18:24","guid":{"rendered":"https:\/\/neocatechumenaleiter.org\/paavstide-sonad\/puha-johannes-paulus-ii\/paavsti-johannes-paulus-ii-tervitus-apostelliku-nuntsiuse-palee-rodult-peruu-visiidi-ajal-16-v-1988\/"},"modified":"2026-02-27T15:35:07","modified_gmt":"2026-02-27T14:35:07","slug":"paavsti-johannes-paulus-ii-tervitus-apostelliku-nuntsiuse-palee-rodult-peruu-visiidi-ajal-16-v-1988","status":"publish","type":"page","link":"https:\/\/neocatechumenaleiter.org\/et\/paavstide-sonad\/puha-johannes-paulus-ii\/paavsti-johannes-paulus-ii-tervitus-apostelliku-nuntsiuse-palee-rodult-peruu-visiidi-ajal-16-v-1988\/","title":{"rendered":"Paavsti Johannes Paulus II tervitus Apostelliku Nuntsiuse palee r\u00f5dult Peruu visiidi ajal 16-V-1988"},"content":{"rendered":"\n<h1 class=\"has-text-align-center wp-block-heading\">Paavsti Johannes Paulus II tervitus Apostelliku Nuntsiuse palee r\u00f5dult Peruu visiidi ajal 16-V-1988<\/h1>\n\n<div style=\"height:20px\" aria-hidden=\"true\" class=\"wp-block-spacer\"><\/div>\n\n<h4 class=\"has-text-align-center wp-block-heading\">P\u00fcha Johannes Paulus II<\/h4>\n\n<div style=\"height:20px\" aria-hidden=\"true\" class=\"wp-block-spacer\"><\/div>\n\n<p><strong>Lima, 16. mai 1988<\/strong><\/p>\n\n<p><em>Oma Apostellikkus visiidis Peruus, Lima linnas, p\u00f6\u00f6ras P\u00fcha Isa j\u00e4rgmise tervituse Neokatehhumeenilistele Kogudustele ja perekondadele, kes on juba enam kui aasta t\u00f6\u00f6tanud \u00abPueblos J\u00f3veneses\u00bb, vaeste keskel.<\/em><\/p>\n\n<p>Me anname oma t\u00f5lget hispaania keelest:&#013;\n&#013;\nMa t\u00e4nan k\u00f5iki kohalolijaid ja k\u00f5iki neid, kes on aidanud kaasa selle suure Bolivari Euharistilise kongressi organiseerimisele ja l\u00e4biviimisele, eriti neid, kes eile aitasid kaasa selle l\u00f5petamisele.<\/p>\n\n<p>Ma m\u00f5tlen k\u00f5ikidele, mitte ainult kohalolijatele, vaid ka Limale ja kogu riigile. Soovin tervitada erinevaid gruppe, \u00fchinguid ja liikumisi, milledest m\u00f5ned on v\u00e4ga aktiivsed. See aktiivsus on esile tulnud ka l\u00e4bi Paavstile saadetud kutsete, et k\u00fclastaks nende peakortereid, kuid eravisiitide tegemine polnud v\u00f5imalik, kuna tegemist oli \u00fcldvisiidiga kogu Lima linnale, kogu pealinnale, kus on umbes kuus v\u00f5i seitse miljonit elanikku. &#013;\nKuid olen v\u00e4ga t\u00e4nulik nende kutsete eest ning eriti nende liikumiste apostellikke aktiivsuste eest, nagu n\u00e4iteks Neokatehhumeenilise liikumise aktiivsuse eest. Nemad t\u00f5esti v\u00e4\u00e4risid visiiti, nad v\u00e4\u00e4risid tegelikult rohkem; kuid see visiit polnud v\u00f5iamlik.<\/p>\n\n<p>Soovin \u00f5nnistada k\u00f5ike seda, mida nad teevad, et edendada evangeliseerimist selles riigis, nagu ka kutsumuste edendamiseks. Me teame, et nede seas on ka erinevad r\u00e4ndkatehheedid; r\u00e4ndkatehheetide perekonnad, kes, Kardinal Land\u00e1zuri s\u00f5nul, t\u00f6\u00f6tavad v\u00e4ga h\u00e4sti. T\u00e4nan k\u00f5iki ning \u00f5nnistan teid k\u00f5iki s\u00fcdamest.<\/p>\n","protected":false},"excerpt":{"rendered":"<p>Paavsti Johannes Paulus II tervitus Apostelliku Nuntsiuse palee r\u00f5dult Peruu visiidi ajal 16-V-1988 P\u00fcha Johannes Paulus II Lima, 16. mai 1988 Oma Apostellikkus visiidis Peruus, Lima linnas, p\u00f6\u00f6ras P\u00fcha Isa j\u00e4rgmise tervituse Neokatehhumeenilistele Kogudustele ja perekondadele, kes on juba enam kui aasta t\u00f6\u00f6tanud \u00abPueblos J\u00f3veneses\u00bb, vaeste keskel. Me anname oma t\u00f5lget hispaania keelest:&#013; &#013; Ma t\u00e4nan k\u00f5iki kohalolijaid ja k\u00f5iki neid, kes on aidanud kaasa selle suure Bolivari Euharistilise kongressi<\/p>\n<div class=\"read-more\"><a class=\"btn read-more-btn\" href=\"https:\/\/neocatechumenaleiter.org\/et\/paavstide-sonad\/puha-johannes-paulus-ii\/paavsti-johannes-paulus-ii-tervitus-apostelliku-nuntsiuse-palee-rodult-peruu-visiidi-ajal-16-v-1988\/\">Loe edasi<\/a><\/div>\n","protected":false},"author":2,"featured_media":0,"parent":19903,"menu_order":52,"comment_status":"closed","ping_status":"closed","template":"","meta":{"footnotes":""},"class_list":["post-43340","page","type-page","status-publish","hentry"],"_links":{"self":[{"href":"https:\/\/neocatechumenaleiter.org\/et\/wp-json\/wp\/v2\/pages\/43340","targetHints":{"allow":["GET"]}}],"collection":[{"href":"https:\/\/neocatechumenaleiter.org\/et\/wp-json\/wp\/v2\/pages"}],"about":[{"href":"https:\/\/neocatechumenaleiter.org\/et\/wp-json\/wp\/v2\/types\/page"}],"author":[{"embeddable":true,"href":"https:\/\/neocatechumenaleiter.org\/et\/wp-json\/wp\/v2\/users\/2"}],"replies":[{"embeddable":true,"href":"https:\/\/neocatechumenaleiter.org\/et\/wp-json\/wp\/v2\/comments?post=43340"}],"version-history":[{"count":3,"href":"https:\/\/neocatechumenaleiter.org\/et\/wp-json\/wp\/v2\/pages\/43340\/revisions"}],"predecessor-version":[{"id":47660,"href":"https:\/\/neocatechumenaleiter.org\/et\/wp-json\/wp\/v2\/pages\/43340\/revisions\/47660"}],"up":[{"embeddable":true,"href":"https:\/\/neocatechumenaleiter.org\/et\/wp-json\/wp\/v2\/pages\/19903"}],"wp:attachment":[{"href":"https:\/\/neocatechumenaleiter.org\/et\/wp-json\/wp\/v2\/media?parent=43340"}],"curies":[{"name":"wp","href":"https:\/\/api.w.org\/{rel}","templated":true}]}}