{"id":43342,"date":"2020-03-30T17:00:48","date_gmt":"2020-03-30T16:00:48","guid":{"rendered":"https:\/\/neocatechumenaleiter.org\/paavstide-sonad\/puha-johannes-paulus-ii\/kutsumuslik-kohtumine-ondsuste-mael-24-iii-2000\/"},"modified":"2026-02-27T15:08:29","modified_gmt":"2026-02-27T14:08:29","slug":"kutsumuslik-kohtumine-ondsuste-mael-24-iii-2000","status":"publish","type":"page","link":"https:\/\/neocatechumenaleiter.org\/et\/paavstide-sonad\/puha-johannes-paulus-ii\/kutsumuslik-kohtumine-ondsuste-mael-24-iii-2000\/","title":{"rendered":"Kutsumuslik kohtumine \u00d5ndsuste M\u00e4el 24-III-2000"},"content":{"rendered":"\n<h1 class=\"has-text-align-center wp-block-heading\">Kutsumuslik kohtumine \u00d5ndsuste M\u00e4el 24-III-2000<\/h1>\n\n<div style=\"height:20px\" aria-hidden=\"true\" class=\"wp-block-spacer\"><\/div>\n\n<h4 class=\"has-text-align-center wp-block-heading\">P\u00fcha Johannes Paulus II<\/h4>\n\n<div style=\"height:20px\" aria-hidden=\"true\" class=\"wp-block-spacer\"><\/div>\n\n<p><strong>Korazim, 24. m\u00e4rts 2000<\/strong><\/p>\n\n<p><em>Euharistia l\u00f5pul tegid Tee algatajad kohtumise 50 000 Neokatehhumeeniliste Koguduste noortega, kes p\u00e4rinesid 72 riigist.<\/em><br \/><br \/><em>Kohtumise ajal, mille viis edasi Kard. Antonio Maria Rouco Varela, Madiridi peapiiskop, toimus kutsumuslik kutsumine: umbes kolm tuhat noormeest t\u00f5usid preesterluse jaoks ning umbes kaks tuhat neiut religioosse elu jaoks.<\/em><\/p>\n\n<figure class=\"wp-block-gallery aligncenter columns-2 is-cropped wp-block-gallery-1 is-layout-flex wp-block-gallery-is-layout-flex\"><ul class=\"blocks-gallery-grid\"><li class=\"blocks-gallery-item\"><figure><img loading=\"lazy\" decoding=\"async\" width=\"347\" height=\"207\" src=\"https:\/\/neocatechumenaleiter.org\/wp-content\/uploads\/2020\/03\/Camino_Neocatecumenal_Juan_Pablo_II_llamada_vocacional_monte_Bienaventuranzas_2000.jpg\" alt=\"\" data-id=\"2823\" data-full-url=\"https:\/\/neocatechumenaleiter.org\/wp-content\/uploads\/2020\/03\/Camino_Neocatecumenal_Juan_Pablo_II_llamada_vocacional_monte_Bienaventuranzas_2000.jpg\" data-link=\"https:\/\/neocatechumenaleiter.org\/?attachment_id=2823\" class=\"wp-image-2823\" srcset=\"https:\/\/neocatechumenaleiter.org\/wp-content\/uploads\/2020\/03\/Camino_Neocatecumenal_Juan_Pablo_II_llamada_vocacional_monte_Bienaventuranzas_2000.jpg 347w, https:\/\/neocatechumenaleiter.org\/wp-content\/uploads\/2020\/03\/Camino_Neocatecumenal_Juan_Pablo_II_llamada_vocacional_monte_Bienaventuranzas_2000-300x179.jpg 300w\" sizes=\"auto, (max-width: 347px) 100vw, 347px\" \/><\/figure><\/li><li class=\"blocks-gallery-item\"><figure><img loading=\"lazy\" decoding=\"async\" width=\"400\" height=\"271\" src=\"https:\/\/neocatechumenaleiter.org\/wp-content\/uploads\/2020\/03\/Camino_Neocatecumenal_Juan_Pablo_II_llamada_vocacional_monte_Bienaventuranzas_2000_2.jpg\" alt=\"\" data-id=\"2816\" data-full-url=\"https:\/\/neocatechumenaleiter.org\/wp-content\/uploads\/2020\/03\/Camino_Neocatecumenal_Juan_Pablo_II_llamada_vocacional_monte_Bienaventuranzas_2000_2.jpg\" data-link=\"https:\/\/neocatechumenaleiter.org\/?attachment_id=2816\" class=\"wp-image-2816\" srcset=\"https:\/\/neocatechumenaleiter.org\/wp-content\/uploads\/2020\/03\/Camino_Neocatecumenal_Juan_Pablo_II_llamada_vocacional_monte_Bienaventuranzas_2000_2.jpg 400w, https:\/\/neocatechumenaleiter.org\/wp-content\/uploads\/2020\/03\/Camino_Neocatecumenal_Juan_Pablo_II_llamada_vocacional_monte_Bienaventuranzas_2000_2-300x203.jpg 300w\" sizes=\"auto, (max-width: 400px) 100vw, 400px\" \/><\/figure><\/li><\/ul><\/figure>","protected":false},"excerpt":{"rendered":"<p>Kutsumuslik kohtumine \u00d5ndsuste M\u00e4el 24-III-2000 P\u00fcha Johannes Paulus II Korazim, 24. m\u00e4rts 2000 Euharistia l\u00f5pul tegid Tee algatajad kohtumise 50 000 Neokatehhumeeniliste Koguduste noortega, kes p\u00e4rinesid 72 riigist. Kohtumise ajal, mille viis edasi Kard. Antonio Maria Rouco Varela, Madiridi peapiiskop, toimus kutsumuslik kutsumine: umbes kolm tuhat noormeest t\u00f5usid preesterluse jaoks ning umbes kaks tuhat neiut religioosse elu jaoks.<\/p>\n","protected":false},"author":2,"featured_media":0,"parent":19903,"menu_order":95,"comment_status":"closed","ping_status":"closed","template":"","meta":{"footnotes":""},"class_list":["post-43342","page","type-page","status-publish","hentry"],"_links":{"self":[{"href":"https:\/\/neocatechumenaleiter.org\/et\/wp-json\/wp\/v2\/pages\/43342","targetHints":{"allow":["GET"]}}],"collection":[{"href":"https:\/\/neocatechumenaleiter.org\/et\/wp-json\/wp\/v2\/pages"}],"about":[{"href":"https:\/\/neocatechumenaleiter.org\/et\/wp-json\/wp\/v2\/types\/page"}],"author":[{"embeddable":true,"href":"https:\/\/neocatechumenaleiter.org\/et\/wp-json\/wp\/v2\/users\/2"}],"replies":[{"embeddable":true,"href":"https:\/\/neocatechumenaleiter.org\/et\/wp-json\/wp\/v2\/comments?post=43342"}],"version-history":[{"count":3,"href":"https:\/\/neocatechumenaleiter.org\/et\/wp-json\/wp\/v2\/pages\/43342\/revisions"}],"predecessor-version":[{"id":47574,"href":"https:\/\/neocatechumenaleiter.org\/et\/wp-json\/wp\/v2\/pages\/43342\/revisions\/47574"}],"up":[{"embeddable":true,"href":"https:\/\/neocatechumenaleiter.org\/et\/wp-json\/wp\/v2\/pages\/19903"}],"wp:attachment":[{"href":"https:\/\/neocatechumenaleiter.org\/et\/wp-json\/wp\/v2\/media?parent=43342"}],"curies":[{"name":"wp","href":"https:\/\/api.w.org\/{rel}","templated":true}]}}