{"id":43942,"date":"2020-03-30T17:47:46","date_gmt":"2020-03-30T16:47:46","guid":{"rendered":"https:\/\/neocatechumenaleiter.org\/paavstide-sonad\/puha-johannes-paulus-ii\/kone-neokatehhumeenilise-tee-algatajatele-randkatehhistidele-ja-preestritele-21-ix-2002\/"},"modified":"2026-02-27T15:06:40","modified_gmt":"2026-02-27T14:06:40","slug":"kone-neokatehhumeenilise-tee-algatajatele-randkatehhistidele-ja-preestritele-21-ix-2002","status":"publish","type":"page","link":"https:\/\/neocatechumenaleiter.org\/et\/paavstide-sonad\/puha-johannes-paulus-ii\/kone-neokatehhumeenilise-tee-algatajatele-randkatehhistidele-ja-preestritele-21-ix-2002\/","title":{"rendered":"K\u00f5ne Neokatehhumeenilise Tee algatajatele, r\u00e4ndkatehheetidele ja preestritele 21-IX-2002"},"content":{"rendered":"\n<h1 class=\"has-text-align-center wp-block-heading\">K\u00f5ne Neokatehhumeenilise Tee algatajatele, r\u00e4ndkatehheetidele ja preestritele 21-IX-2002<\/h1>\n\n<div style=\"height:20px\" aria-hidden=\"true\" class=\"wp-block-spacer\"><\/div>\n\n<h4 class=\"has-text-align-center wp-block-heading\">P\u00fcha Johannes Paulus II<\/h4>\n\n<div style=\"height:20px\" aria-hidden=\"true\" class=\"wp-block-spacer\"><\/div>\n\n<p><strong>Castel Gandolfo, 21. september 2002 *<\/strong><\/p>\n\n<p><strong>STATUUDID: SELGE JA KINDEL ELUREEGEL NEOKATEHHUMEENILISE TEE JAOKS<\/strong><\/p>\n\n<p><em>\u00abStatuudid peavad Neokatehhumeenilise Tee jaoks olema &#8220;selge ja kindel elureegel&#8221;\u00bb. Seda soovitas Paavst Neokatehhumeenilise Tee katehheetidele ja preestritele, keda v\u00f5ttis vastu laup\u00e4eva 21. septembri hommikul Castel Gandolfo Paavsti Palee sisehoovis.<\/em><\/p>\n\n<p><em>Kiko Arg\u00fcello tervitus P\u00fcha Isale:<\/em><br \/><br \/>Kallis Isa, meil pole s\u00f5nu, et v\u00e4ljendada r\u00f5\u00f5mu ja lohutust, mida see kaua soovitud kohtumine meile annab.<br \/><br \/>Siin on kohal r\u00e4ndkatehheetide <em>\u00e9quipes\u00a0<\/em>(grupid), kes on tulnud k\u00f5ikidest riikidest koos koguduse preestritega, preestritega, vastutajatega ja Hispaania, Itaalia ning Pariisi koguduste katehheetidega, mis on k\u00f5ige vanemad ja kelle innukusest on s\u00fcndinud kogu evangeliseerimine.<br \/><br \/>Me oleme \u00f5nnelikud, et saame Teid t\u00e4nada isiklikult Statuutide heakskiitmise eest Ilmikute Paavstliku N\u00f5ukogu poolt, eelk\u00f5ige sellep\u00e4rast, et nendes tuntakse \u00e4ra, kes me oleme: katoliikliku vormimise tee, ristimisj\u00e4rgne katehhumenaat, mis, elatud v\u00e4ikestes kogudustes, aitab taasavastada ja elada saadud Ristimise tohutuid rikkuseid. M\u00f5ned kanonistid erinevates kommentaarides on m\u00e4rkinud, kuidas see heakskiitmine on v\u00e4ga t\u00e4htis kogu Kiriku jaoks, kuna see on esimene kord, kui tunnistatakse ja kiidetakse heaks ristimisj\u00e4rgne katehhumenaat.<br \/><br \/>Kui palju lohutus on Teie s\u00f5na meile alati andnud! Juba 1952. aastal olite Te r\u00f5hutanud Katehhumenaadi taasrajamise t\u00e4htsust ning Kirikukogul oli v\u00e4ga suur osa Kristliku Algatuse ja Katehhumenaadi taasavastamises ja taastamises. Just siin Castel Gandolfos, kus v\u00f5eti meid vastu esimene kord 23 aastat tagasi, v\u00e4ljendasite Te veendumuse, et, arvestades modernset ateismi, oli ristitutel vaja Katehhumenaati, mis tugevdaks nende usku.<\/p>\n\n<div class=\"wp-block-image\"><figure class=\"alignleft size-large\"><img loading=\"lazy\" decoding=\"async\" width=\"569\" height=\"842\" src=\"https:\/\/neocatechumenaleiter.org\/wp-content\/uploads\/2020\/03\/Camino_Neocatecumenal_Juan_Pablo_II_audiencia_itinerantes_estatutos_del_camino_2002.jpg\" alt=\"\" class=\"wp-image-2840\" srcset=\"https:\/\/neocatechumenaleiter.org\/wp-content\/uploads\/2020\/03\/Camino_Neocatecumenal_Juan_Pablo_II_audiencia_itinerantes_estatutos_del_camino_2002.jpg 569w, https:\/\/neocatechumenaleiter.org\/wp-content\/uploads\/2020\/03\/Camino_Neocatecumenal_Juan_Pablo_II_audiencia_itinerantes_estatutos_del_camino_2002-203x300.jpg 203w\" sizes=\"auto, (max-width: 569px) 100vw, 569px\" \/><\/figure><\/div>\n\n<p>Kallis Isa, Uue Evangeliseerimise vajaduse ning Kiriku t\u00e4nase v\u00e4ga komplekse olukorra ees, me palume Teilt alandlikult kinnitus- ja toetuss\u00f5na Statuudile, kutse Piiskoppidele ja Piiskoppide Konverentsile hirmuta vastu v\u00f5tta seda andi nende Piiskopkondade evangeliseerimise aitamiseks. Toetus, mis saaks kaitsta katehheetilis-liturgilist tava, mida Tee on teostanud \u00fcle 30. aasta kogu maailmas ja mis on andnud palju Teie ja paljude Piiskoppide poolt tunnistatud vilju, mille kokkuv\u00f5te on kirjeldatud Statuudis. Me arvame, et \u00fcks k\u00f5ige suurematest andidest, mida P\u00fcha Neitsi Maarja teeb t\u00e4na Kirikule, l\u00e4bi Neokatehhumeenilise Tee, on v\u00f5imalus pakkuda kristlastele Kogudustes ja nendele, kes otsivad Jumalat, usu elamist v\u00e4ikestes kogudustes nagu esimesed kristlased. H\u00fc\u00fcet &#8220;vaadake, kuidas nad \u00fcksteist armastavad&#8221; peab uuesti kuulma maailmas. Me t\u00e4name Teid usalduse eest, mida olete andnud Carmenile ja isa Mariole selle Tee juhtimises. Me t\u00e4name P\u00fcha Neitsi Maarjat eelk\u00f5ige Kirikukogu eest, milleta me poleks saanud midagi teha ja Teie eelk\u00e4ija Paavsti Paulus VI eest ja Teie eest, kes olete meid v\u00e4ga aidanud ja toetanud. Ait\u00e4h \u00d5nnis Isa.<\/p>\n\n<p><em>P\u00fcha Isa k\u00f5ne:<\/em><br \/><br \/>1. Suure r\u00f5\u00f5muga v\u00f5tan teid vastu, kallid Neokatehhumeenilise Tee katehheedid ja preestrid, kogunenud t\u00e4na siia, et kohtuda Tervitusega ning v\u00f5tan vastu iga\u00fcht teist armastusega ja, teie isikus, tervitan kogu Neokatehhumeenilist Teed, kiriklik reaalsus, mis on n\u00fc\u00fcdseks levinud mitmetesse Riikidesse, mitte v\u00e4heste Karjaste tunnustusega. Ma t\u00e4nan teid sooja k\u00f5ne eest, mida hr Kiko Arg\u00fcello, Tee algataja koos prl Carmen Hern\u00e1ndeziga, minule suunas. Oma s\u00f5nadega tema, lisaks teie ustavale Peetruse Toolile seotuse v\u00e4ljendamisele, tunnistas teie \u00fchemeelset armastust Kiriku jaoks.<\/p>\n\n<p>2. Kuidas mitte t\u00e4nada Issandat viljade eest, mida Neokatehhumeeniline Tee on kandnud oma \u00fcle 30. aastases olemasolus. Sekulariseerunud \u00fchiskonnas nagu meie omas, kus levib religioossne \u00fcksk\u00f5iksus ning paljud inimesed elavad nagu Jumalat poleks, on paljud need, kellel on vaja uut kristliku algatuse sakramentide avastamist, eriti Ristimise oma. Tee on kahtlemata \u00fcks etten\u00e4gelikke vastuseid sellele kiireloomulisele vajadusele. Vaatame teie kogudusi: kui palju saadud ristimise kutsumuse ilu ja suursugususe avastusi! Kui palju lahkust ja innukust Jeesuse Kristuse Evangeeliumi kuulutamises, eriti k\u00f5ige kaugematele! Kui palju kutsumusi preesterlusele ning religioossele elule on s\u00fcndinud t\u00e4nu sellele kristliku vormimise teele!<\/p>\n\n<div class=\"wp-block-image\"><figure class=\"alignright size-large\"><img loading=\"lazy\" decoding=\"async\" width=\"768\" height=\"523\" src=\"https:\/\/neocatechumenaleiter.org\/wp-content\/uploads\/2020\/03\/Camino_Neocatecumenal_Juan_Pablo_II_audiencia_itinerantes_estatutos_del_camino_2002_2.jpg\" alt=\"\" class=\"wp-image-2847\" srcset=\"https:\/\/neocatechumenaleiter.org\/wp-content\/uploads\/2020\/03\/Camino_Neocatecumenal_Juan_Pablo_II_audiencia_itinerantes_estatutos_del_camino_2002_2.jpg 768w, https:\/\/neocatechumenaleiter.org\/wp-content\/uploads\/2020\/03\/Camino_Neocatecumenal_Juan_Pablo_II_audiencia_itinerantes_estatutos_del_camino_2002_2-300x204.jpg 300w\" sizes=\"auto, (max-width: 768px) 100vw, 768px\" \/><\/figure><\/div>\n\n<p>3. Mul on ikka veel meeles meie viimane kohtumine, mis toimus 1997. aasta jaanuaris, kohe peale teie kogunemist Siinai M\u00e4e l\u00e4hedal, et t\u00e4histada Neokatehhumeenilise Tee 30. aastat.<br \/><br \/>Tol hetkel ma \u00fctlesin teile, et Tee Statuutide kirjutamine \u00abon v\u00e4ga t\u00e4htis samm, mis avab tee tema formaalsele juriidilisele tunnistamisele Kiriku poolt, andes teile veel suurema tagatise teie karisma autentsusest\u00bb (<em>\u00d5petused, <\/em>vol. XX\/1, lk 143).<br \/><br \/>Meie t\u00e4nane kohtumine v\u00e4ljendab r\u00f5\u00f5mu hiljutise P\u00fcha Tooli poolt Neokatehhumeenilise Tee Statuutide heakskiitmise \u00fcle. Ma olen \u00f5nnelik, et see tee, mida alustati rohkem kui viis aastat tagasi, on l\u00f5pule viidud l\u00e4bi intensiivse konsulteerimis-, m\u00f5tisklemis- ja dialogeerimist\u00f6\u00f6. Minu m\u00f5te l\u00e4heb n\u00fc\u00fcd Kardinal James Francis Staffordile, kellele soovin ilmutada oma t\u00e4nulikkust p\u00fchendumuse ja hoolivuse eest, millega Ilmikute Paavstlik N\u00f5ukogu on saatnud Tee rahvusvahelist vastutavat <em>\u00e9quipe<\/em>&#8217;i selles protsessis.<\/p>\n\n<p><strong>4. Soovin r\u00f5hutada just heaks kiidetud Statuutide t\u00e4htsust Tee n\u00fc\u00fcdse ja tulevase elu jaoks. See norm,\u00a0<\/strong>ennek\u00f5ike,\u00a0<strong>kordab veel \u00fcks kord Neokatehhumeenilise Tee kiriklikku loomust, mis<\/strong>, nagu mul oli v\u00f5imalus \u00f6elda paar aastat tagasi,\u00a0<strong>moodustab \u00abkatoliikliku vormimise teed, kehtiv \u00fchiskonnale ja t\u00e4nap\u00e4evale\u00bb\u00a0<\/strong>(AAS 82 [1990] 1515).<br \/><br \/>Neokatehhumeenilise Tee Statuudid, lisaks, kirjeldavad selle ustavatele suunatud tee olulisi aspekte, kes oma kogudustes soovivad taaselustada oma usku, nagu ka juba t\u00e4iskasvanud inimestele, kes valmistuvad vastu v\u00f5tma Ristimise sakramenti. Eelk\u00f5ige aga panevad Statuudid paika erinevate inimeste olulisi \u00fclesandeid, kellel on spetsiifilised vastutused selle\u00a0<em>iteri\u00a0<\/em>(teekonna) edasiviimisel Neokatehhumeeniliste Koguduste sees ehk: preestrid, katehheedid, misjoniperekonnad, vastutavad <em>\u00e9quipes\u00a0<\/em>igas tasemes. Sel viisil\u00a0<strong>Statuudid peavad moodustama Neokatehhumeenilise Tee jaoks \u00abselge ja kindla elureegli\u00bb<\/strong>(<em>Kiri<\/em> T Em. R. Kard. James F. Stafford, 5. aprill 2001), oluline tugipunkt selleks, et see vormimise protsess, mille eesm\u00e4rk on viia ustavad k\u00fcpsenud usuni, saaks olla t\u00e4ide viidud Kiriku doktriini ja distsipliiniga sobival viisil.<\/p>\n\n<div class=\"wp-block-image\"><figure class=\"alignleft size-medium\"><img loading=\"lazy\" decoding=\"async\" width=\"201\" height=\"300\" src=\"https:\/\/neocatechumenaleiter.org\/wp-content\/uploads\/2020\/03\/Camino_Neocatecumenal_Juan_Pablo_II_audiencia_itinerantes_estatutos_del_camino_2002_3-201x300.jpg\" alt=\"\" class=\"wp-image-2854\" srcset=\"https:\/\/neocatechumenaleiter.org\/wp-content\/uploads\/2020\/03\/Camino_Neocatecumenal_Juan_Pablo_II_audiencia_itinerantes_estatutos_del_camino_2002_3-201x300.jpg 201w, https:\/\/neocatechumenaleiter.org\/wp-content\/uploads\/2020\/03\/Camino_Neocatecumenal_Juan_Pablo_II_audiencia_itinerantes_estatutos_del_camino_2002_3.jpg 563w\" sizes=\"auto, (max-width: 201px) 100vw, 201px\" \/><\/figure><\/div>\n\n<p>5. Statuutide heakskiitmine avab uue etapi Tee elus.\u00a0<strong>Kirik ootab n\u00fc\u00fcd teilt veel tugevamat ja suuremeelsemat p\u00fchendumust Uues Evangeliseerimises ning kohalike Kirikute ja koguduste teenimises. Seet\u00f5ttu teil, <\/strong>Tee Preestrid ja Katehheedid, <strong>on vastutus, et Statuudid oleksid ustavalt t\u00e4ide viidud k\u00f5ikides nendes aspektides, nii et need saaks muutuda t\u00f5eliseks k\u00e4\u00e4rimiseks uueks misjoneeriva t\u00f5uke jaoks.\u00a0<\/strong><br \/><br \/>Statuudid moodustavad, lisaks, t\u00e4htsa abi k\u00f5ikidele Kiriku Karjastele, eriti piiskopkondade Piiskoppidele, kellele on usaldatud Issanda poolt pastoraalse hoole kandmine ning, eriti, inimeste kristlik algatamine piiskopkonnas. \u00abOma isalikus ja valvavas Neokatehhumeeniliste Koguduste saatmises\u00bb (<em>Ilmikute Paavstliku N\u00f5ukogu Dekreet<\/em>, 29. juuni 2002), piiskopkonna Ordinaariumid v\u00f5ivad leida Statuutides Neokatehhumeenilise Tee rakendamise alusprintsiipe koosk\u00f5las selle algse projektiga.<br \/><br \/>Soovin eriti anda s\u00f5na teile preestritele, kes olete p\u00fchendunud neokatehhumeeniliste koguduste teenimises. \u00c4rge kunagi unustage, et Kristuse Ministritena on teil asendamatu p\u00fchaks muutmise, \u00f5petamise ja pastoraalse juhtimise roll nende suhtes, kes on Tees. Teenige armastuse ja lahkusega teile usaldatud kogudusi!<\/p>\n\n<p>6. Kallid Vennad ja \u00d5ed, Neokatehhumeenilise Tee Statuutide heakskiitmisega oleme \u00f5nnelikult j\u00f5udnud selle vajaliku kirikliku konfigureerimiseni. T\u00e4name selle eest koos Issandat. N\u00fc\u00fcd on P\u00fcha Tooli Dikasteeriumite kord uurida l\u00e4bi katehheetlikku Kataloogi ja kogu Tee enda katehhetilist ning liturgilist tava. Ma olen kindel, et selle liikmed j\u00e4rgivad lahke k\u00e4ttesaadavusega neile antud juhtn\u00f6\u00f6re autoriteetsetest allikatest. J\u00e4rgin j\u00e4tkuvalt elava t\u00e4helepanuga teie tegu Kirikus ning minu palvetes annan teid k\u00f5iki P\u00fchima Neitsi Maarja, Uue Evangeliseerimise T\u00e4he hoolde ning saadan teile s\u00fcdamest Apostellikku \u00d5nnistust.<\/p>\n\n<p>(*) Vrd \u00abL\u2019Osservatore Romano\u00bb, 22. september 2002.<\/p>\n","protected":false},"excerpt":{"rendered":"<p>K\u00f5ne Neokatehhumeenilise Tee algatajatele, r\u00e4ndkatehheetidele ja preestritele 21-IX-2002 P\u00fcha Johannes Paulus II Castel Gandolfo, 21. september 2002 * STATUUDID: SELGE JA KINDEL ELUREEGEL NEOKATEHHUMEENILISE TEE JAOKS \u00abStatuudid peavad Neokatehhumeenilise Tee jaoks olema &#8220;selge ja kindel elureegel&#8221;\u00bb. Seda soovitas Paavst Neokatehhumeenilise Tee katehheetidele ja preestritele, keda v\u00f5ttis vastu laup\u00e4eva 21. septembri hommikul Castel Gandolfo Paavsti Palee sisehoovis. Kiko Arg\u00fcello tervitus P\u00fcha Isale: Kallis Isa, meil pole s\u00f5nu, et v\u00e4ljendada r\u00f5\u00f5mu ja<\/p>\n<div class=\"read-more\"><a class=\"btn read-more-btn\" href=\"https:\/\/neocatechumenaleiter.org\/et\/paavstide-sonad\/puha-johannes-paulus-ii\/kone-neokatehhumeenilise-tee-algatajatele-randkatehhistidele-ja-preestritele-21-ix-2002\/\">Loe edasi<\/a><\/div>\n","protected":false},"author":2,"featured_media":0,"parent":19903,"menu_order":99,"comment_status":"closed","ping_status":"closed","template":"","meta":{"footnotes":""},"class_list":["post-43942","page","type-page","status-publish","hentry"],"_links":{"self":[{"href":"https:\/\/neocatechumenaleiter.org\/et\/wp-json\/wp\/v2\/pages\/43942","targetHints":{"allow":["GET"]}}],"collection":[{"href":"https:\/\/neocatechumenaleiter.org\/et\/wp-json\/wp\/v2\/pages"}],"about":[{"href":"https:\/\/neocatechumenaleiter.org\/et\/wp-json\/wp\/v2\/types\/page"}],"author":[{"embeddable":true,"href":"https:\/\/neocatechumenaleiter.org\/et\/wp-json\/wp\/v2\/users\/2"}],"replies":[{"embeddable":true,"href":"https:\/\/neocatechumenaleiter.org\/et\/wp-json\/wp\/v2\/comments?post=43942"}],"version-history":[{"count":11,"href":"https:\/\/neocatechumenaleiter.org\/et\/wp-json\/wp\/v2\/pages\/43942\/revisions"}],"predecessor-version":[{"id":47568,"href":"https:\/\/neocatechumenaleiter.org\/et\/wp-json\/wp\/v2\/pages\/43942\/revisions\/47568"}],"up":[{"embeddable":true,"href":"https:\/\/neocatechumenaleiter.org\/et\/wp-json\/wp\/v2\/pages\/19903"}],"wp:attachment":[{"href":"https:\/\/neocatechumenaleiter.org\/et\/wp-json\/wp\/v2\/media?parent=43942"}],"curies":[{"name":"wp","href":"https:\/\/api.w.org\/{rel}","templated":true}]}}