{"id":43968,"date":"2020-03-30T17:08:16","date_gmt":"2020-03-30T16:08:16","guid":{"rendered":"https:\/\/neocatechumenaleiter.org\/paavstide-sonad\/puha-johannes-paulus-ii\/puha-isa-johannes-paulus-ii-kiri-kardinal-james-francis-staffordile-5-iv-2001\/"},"modified":"2026-02-27T15:07:46","modified_gmt":"2026-02-27T14:07:46","slug":"puha-isa-johannes-paulus-ii-kiri-kardinal-james-francis-staffordile-5-iv-2001","status":"publish","type":"page","link":"https:\/\/neocatechumenaleiter.org\/et\/paavstide-sonad\/puha-johannes-paulus-ii\/puha-isa-johannes-paulus-ii-kiri-kardinal-james-francis-staffordile-5-iv-2001\/","title":{"rendered":"P\u00fcha Isa Johannes Paulus II kiri kardinal James Francis Staffordile 5-IV-2001"},"content":{"rendered":"\n<h1 class=\"has-text-align-center wp-block-heading\">P\u00fcha Isa Johannes Paulus II kiri kardinal James Francis Staffordile, ilmikute paavstliku n\u00f5ukogu esimees, statuudi koostamise kohta 5-IV-2001<\/h1>\n\n<div style=\"height:20px\" aria-hidden=\"true\" class=\"wp-block-spacer\"><\/div>\n\n<h4 class=\"has-text-align-center wp-block-heading\">P\u00fcha Johannes Paulus II<\/h4>\n\n<div style=\"height:20px\" aria-hidden=\"true\" class=\"wp-block-spacer\"><\/div>\n\n<p><strong>Vatikan, 5. aprill 2001<\/strong><\/p>\n\n<p><em>Johannes Paulus II saatis s\u00f5numi Kardinal James Francis Staffordile, Ilmikute Paavstliku N\u00f5ukogu Esimehele, milles kinnitab Dikasteeriumi p\u00e4devust Neokatehhumeenilise Tee statuutide heakskiitmises, \u00absiis kui need n\u00f5uetekohaselt koostatakse\u00bb ning annab sellele \u00fclesande \u00abj\u00e4tkata tee saatmist ka tulevikus\u00bb.<\/em><\/p>\n\n<p><em>See on s\u00f5numi tekst:<\/em><br \/><br \/>Austatud Vennale<br \/><br \/>James Francis Kard. Stafford<br \/><br \/>Ilmikute Paavstliku N\u00f5ukogu Esimees:<\/p>\n\n<p>1. N\u00fc\u00fcd on juba m\u00f6\u00f6dunud neli aastat meeldej\u00e4\u00e4vast 24. jaanuarist 1997, mil mul oli v\u00f5imalus kohtuda Neokatehhumeenilise Tee algatajatega ning koos nendega ka mitmete Tee kogu maailmas levinud koguduste vastutajatega. Sel korral, \u00fchinedes nende kiituse- ja t\u00e4nupalvele Issandale v\u00e4\u00e4rtuslike viljade eest, mida Tee kandis oma 30. eluaastas, ei j\u00e4tnud ma r\u00f5hutamata m\u00f5nesid v\u00e4ltimatuid kohustusi, millest oleneb Tee enda eksistents. Nende seas ka t\u00e4pse normatiivse statuudi koostamine selle juriidilist tunnistamist silmas pidades (vrd <em>L\u2019Osservatore Romano<\/em>, 25. jaanuar 1997, lk 4). Nii avanes uus faas, otsustav selle kirikliku reaalsuse tuleviku jaoks.<\/p>\n\n<p>2. Juba Apostellikus \u00dcleskutses <em>Christifideles laici <\/em>(30. detsember 1988) meenutasin, et \u00abmitte \u00fckski karisma pole vabastatud Kiriku Karjaste poole p\u00f6\u00f6rdumisest ja nendele kuuletumisest\u00bb (nr 24) ning viitasin sellele, mis on selle kohta kirjutatud dogmaatilises Konstitusioonis\u00a0<em>Lumen Gentium<\/em>: \u00abHinnang nende (karismade) autentsuse ja nende ordineeritud \u00fclesande \u00fcle kuulub nendele, kes juhivad Kirikut, kes peavad eriti, mitte Vaimu kustutama, vaid uurima k\u00f5ike ning hindama, mis on hea\u00a0(vrd 1Ts 5,12.19-21)\u00bb (nr 12). Just sel tingimusel karismad, nende erinevuses ja t\u00e4iendavuses, v\u00f5ivad koos t\u00f6\u00f6tada \u00fchisele headusele (vrd <em>Christifideles laici<\/em>, 24).<br \/><br \/>Seep\u00e4rast pole karismade tunnistamise ja vastuv\u00f5tmise protsess lihtne. See n\u00f5uab s\u00fcgavat tundmisv\u00f5imet Jumala tahte osas ning peab olema saadetud pidevast palvest, et s\u00fcdamed avaneksid \u00f5rnalt Vaimu h\u00e4\u00e4lele kiriklikus osaduses. Selle protsessi kulminatsioon on ametlik statuutide tunnistamine ja heakskiitmine selge ja kindla elureeglina, hetk, mida huvitatud kiriklikud reaalsused elavad alati suure r\u00f5\u00f5muga ja elava t\u00e4nulikkusega Jumala poole ning Kiriku poole. Uus stardipunkt, see ongi n\u00e4htav m\u00e4rk k\u00fcpsest kiriklikust identiteedist (vrd <em>Christifideles laici<\/em>, 30).<\/p>\n\n<p>3. Ma tean, kui suure innukuse ja pastoraalse hoolega Ilmikute Paavstlik N\u00f5ukogu on tegutsenud ja tegutseb, et saata Neokatehhumeenilist Teed selles etapis, mis on otsustav selle elus, statuutide v\u00e4ljat\u00f6\u00f6tamises. Ma olen andnud selle tundliku \u00fclesande, H\u00e4rra Kardinal, Ilmikute Paavstliku N\u00f5ukogu hoolde, vastavalt nende p\u00e4devusele, kehtivate kanooniliste normide alusel, nagu ka ainulaadse kogemuse p\u00e4rast, mis sellel on antud alas. Just sellele rajaneb lootus menetluse \u00f5nneliku l\u00f5puni, mis on juba j\u00f5udnud l\u00f5pufaasi. V\u00e4ljendades Ilmikute Paavstliku N\u00f5ukogule oma elavat tunnustust ja t\u00e4nulikkust t\u00f5siduse ja ranguse p\u00e4rast, mida nad on n\u00e4idanud saadud \u00fclesande t\u00e4itmisel, kinnitan tema p\u00e4devust \u00fclalmainitud statuutide heakskiitmises, siis kui need on n\u00f5uetekohaselt koostatud ja annan \u00fclesande j\u00e4tkata Tee saatmist ka tulevikus. Ma olen kindel, et selle mandaadi t\u00e4itmisel, Ilmikute Paavstlik N\u00f5ukogu v\u00f5ib loota Neokatehhumeenilise Tee koost\u00f6\u00f6le ja pojalikule vaimule. Andes Issanda hoolde, Maarja Kiriku Ema eestkoste l\u00e4bi, Dikasteeriumi tegu, mida Tema viib edasi, saadan s\u00fcdamest Teile, austatud Vend, nagu ka Teie Kaast\u00f6\u00f6tajatele, oma hoolivat \u00f5nnistust. (*) Vrd \u00abL\u2019Osservatore Romano\u00bb, 17.-18. aprill 2001.<\/p>\n","protected":false},"excerpt":{"rendered":"<p>P\u00fcha Isa Johannes Paulus II kiri kardinal James Francis Staffordile, ilmikute paavstliku n\u00f5ukogu esimees, statuudi koostamise kohta 5-IV-2001 P\u00fcha Johannes Paulus II Vatikan, 5. aprill 2001 Johannes Paulus II saatis s\u00f5numi Kardinal James Francis Staffordile, Ilmikute Paavstliku N\u00f5ukogu Esimehele, milles kinnitab Dikasteeriumi p\u00e4devust Neokatehhumeenilise Tee statuutide heakskiitmises, \u00absiis kui need n\u00f5uetekohaselt koostatakse\u00bb ning annab sellele \u00fclesande \u00abj\u00e4tkata tee saatmist ka tulevikus\u00bb. See on s\u00f5numi tekst: Austatud Vennale James Francis Kard.<\/p>\n<div class=\"read-more\"><a class=\"btn read-more-btn\" href=\"https:\/\/neocatechumenaleiter.org\/et\/paavstide-sonad\/puha-johannes-paulus-ii\/puha-isa-johannes-paulus-ii-kiri-kardinal-james-francis-staffordile-5-iv-2001\/\">Loe edasi<\/a><\/div>\n","protected":false},"author":2,"featured_media":0,"parent":19903,"menu_order":97,"comment_status":"closed","ping_status":"closed","template":"","meta":{"footnotes":""},"class_list":["post-43968","page","type-page","status-publish","hentry"],"_links":{"self":[{"href":"https:\/\/neocatechumenaleiter.org\/et\/wp-json\/wp\/v2\/pages\/43968","targetHints":{"allow":["GET"]}}],"collection":[{"href":"https:\/\/neocatechumenaleiter.org\/et\/wp-json\/wp\/v2\/pages"}],"about":[{"href":"https:\/\/neocatechumenaleiter.org\/et\/wp-json\/wp\/v2\/types\/page"}],"author":[{"embeddable":true,"href":"https:\/\/neocatechumenaleiter.org\/et\/wp-json\/wp\/v2\/users\/2"}],"replies":[{"embeddable":true,"href":"https:\/\/neocatechumenaleiter.org\/et\/wp-json\/wp\/v2\/comments?post=43968"}],"version-history":[{"count":9,"href":"https:\/\/neocatechumenaleiter.org\/et\/wp-json\/wp\/v2\/pages\/43968\/revisions"}],"predecessor-version":[{"id":47572,"href":"https:\/\/neocatechumenaleiter.org\/et\/wp-json\/wp\/v2\/pages\/43968\/revisions\/47572"}],"up":[{"embeddable":true,"href":"https:\/\/neocatechumenaleiter.org\/et\/wp-json\/wp\/v2\/pages\/19903"}],"wp:attachment":[{"href":"https:\/\/neocatechumenaleiter.org\/et\/wp-json\/wp\/v2\/media?parent=43968"}],"curies":[{"name":"wp","href":"https:\/\/api.w.org\/{rel}","templated":true}]}}