{"id":43976,"date":"2020-03-30T16:57:23","date_gmt":"2020-03-30T15:57:23","guid":{"rendered":"https:\/\/neocatechumenaleiter.org\/paavstide-sonad\/puha-johannes-paulus-ii\/puha-isa-johannes-paulus-ii-euharistia-ondsuste-mael-100-000-noorega-24-iii-2000\/"},"modified":"2026-02-27T15:09:09","modified_gmt":"2026-02-27T14:09:09","slug":"puha-isa-johannes-paulus-ii-euharistia-ondsuste-mael-100-000-noorega-24-iii-2000","status":"publish","type":"page","link":"https:\/\/neocatechumenaleiter.org\/et\/paavstide-sonad\/puha-johannes-paulus-ii\/puha-isa-johannes-paulus-ii-euharistia-ondsuste-mael-100-000-noorega-24-iii-2000\/","title":{"rendered":"P\u00fcha Isa Johannes Paulus II Euharistia \u00d5ndsuste M\u00e4el 100.000 noorega 24-III-2000"},"content":{"rendered":"\n<h1 class=\"has-text-align-center wp-block-heading\">P\u00fcha Isa Johannes Paulus II Euharistia \u00d5ndsuste M\u00e4el 100.000 noorega p\u00e4rit kogu maailmast 24-III-2000<\/h1>\n\n<div style=\"height:20px\" aria-hidden=\"true\" class=\"wp-block-spacer\"><\/div>\n\n<h4 class=\"has-text-align-center wp-block-heading\">P\u00fcha Johannes Paulus II<\/h4>\n\n<div style=\"height:20px\" aria-hidden=\"true\" class=\"wp-block-spacer\"><\/div>\n\n<div class=\"wp-block-image\"><figure class=\"alignleft size-large\"><img loading=\"lazy\" decoding=\"async\" width=\"605\" height=\"254\" src=\"https:\/\/neocatechumenaleiter.org\/wp-content\/uploads\/2020\/03\/Camino_Neocatecumenal_Juan_Pablo_II_eucaristia_monte_Bienaventuranzas_2000.jpg\" alt=\"\" class=\"wp-image-2771\" srcset=\"https:\/\/neocatechumenaleiter.org\/wp-content\/uploads\/2020\/03\/Camino_Neocatecumenal_Juan_Pablo_II_eucaristia_monte_Bienaventuranzas_2000.jpg 605w, https:\/\/neocatechumenaleiter.org\/wp-content\/uploads\/2020\/03\/Camino_Neocatecumenal_Juan_Pablo_II_eucaristia_monte_Bienaventuranzas_2000-300x126.jpg 300w\" sizes=\"auto, (max-width: 605px) 100vw, 605px\" \/><\/figure><\/div>\n\n<p><strong>Korazim, 24. m\u00e4rts 2000<\/strong><\/p>\n\n<p><em>Johannes Paulus II t\u00e4histas &#8211; reede 24. m\u00e4rtsi hommikul &#8211; P\u00fcha Missat noorte jaoks \u00d5ndsuste M\u00e4el. Kohtumise algul Akka Kreeka-Melkiitide Peapiiskop, Mons. Boutros Mouallem ja noormees p\u00f6\u00f6rdusid Paavsti poole austusavaldusega.<\/em><br \/><br \/><em>See on Johannes Paulus II jutlus \u00fches meie itaaliakeelses t\u00f5lkes:<\/em><br \/><br \/><strong>\u00abKaaluge oma kutsumust, vennad\u00bb <\/strong>(1Kr 1,26).<\/p>\n\n<p>1. T\u00e4na need P\u00fcha Pauluse s\u00f5nad on suunatud meie k\u00f5igi poole, kes oleme j\u00f5udnud siia \u00d5ndsuste M\u00e4ele. Me istume sellel m\u00e4el nagu esimesed j\u00fcngrid ning kuulame Jeesust. Vaikuses kuulame tema lahket ja kiireloomulist h\u00e4\u00e4lt, lahke nagu see maa ise ja kiireloomuline nagu kutse\u00a0<strong>valida elu ja surma vahel<\/strong>.<br \/><br \/>Mitu p\u00f5lvkonda enne meid olid s\u00fcgavalt liigutatud kuulates M\u00e4ejutlust! Mitu noort sajandite jooksul kogunesid Jeesuse \u00fcmber, et \u00f5ppida igavese elu s\u00f5nu, just nagu teie olete t\u00e4na siia kogunenud! Mitu noort s\u00fcda on olnud inspireeritud tema iseloomu j\u00f5ust ja tema s\u00f5numi haaravast t\u00f5est! Ja ait\u00e4h, Peapiiskop Boutros Mouallem, oma sooja vastuv\u00f5tu eest. Ma palun edasi anda minu palvetavaid tervitusi kogu kreeka-melkiidi kogudusele, mida ta juhib. Edastan oma vennalikke soove mitmetele siinolevaile Kardinalidele, Patriarh Sabbahle ja Piiskoppidele, preestritele. Tervitan Latiinide, Maroniitide, S\u00fc\u00fcria, Armeenia ja Kaldea kogukonna liikmeid ning k\u00f5iki meie vendi ja \u00f5desid teistest Kristlikest Kirikutest ja Kiriklikest Kogukondadest. P\u00f6\u00f6rdun erilise t\u00e4nus\u00f5naga meie Moslemist s\u00f5pradele, kes on siin, ja juudi usku liikmetele.<br \/><br \/>See suur kogunemine on nagu \u00fcldproov <em>\u00dclemaailmse Noortep\u00e4eva <\/em>jaoks, mis toimub Roomas augustikuus! Noormees, kes r\u00e4\u00e4kis lubas, et teil on veel \u00fcks m\u00e4gi, Siinai M\u00e4gi. Iisraeli, Palestiina, Jordaania ja K\u00fcprose Territooriumite noored, L\u00e4his-Ida, Aafrika, Aasia, Euroopa, Ameerika ja Okeaania noored! Tervitan iga\u00fcht teist kiindumuse ja armastusega!<\/p>\n\n<div class=\"wp-block-image\"><figure class=\"alignright size-large\"><img loading=\"lazy\" decoding=\"async\" width=\"768\" height=\"520\" src=\"https:\/\/neocatechumenaleiter.org\/wp-content\/uploads\/2020\/03\/Camino_Neocatecumenal_Juan_Pablo_II_eucaristia_monte_Bienaventuranzas_2000_2.jpg\" alt=\"\" class=\"wp-image-2778\" srcset=\"https:\/\/neocatechumenaleiter.org\/wp-content\/uploads\/2020\/03\/Camino_Neocatecumenal_Juan_Pablo_II_eucaristia_monte_Bienaventuranzas_2000_2.jpg 768w, https:\/\/neocatechumenaleiter.org\/wp-content\/uploads\/2020\/03\/Camino_Neocatecumenal_Juan_Pablo_II_eucaristia_monte_Bienaventuranzas_2000_2-300x203.jpg 300w\" sizes=\"auto, (max-width: 768px) 100vw, 768px\" \/><\/figure><\/div>\n\n<p><strong>2. Esimesed, kes kuulsid Jeesuse \u00d5nduseid hoidsid s\u00fcdames \u00fche teise m\u00e4e, Siinai M\u00e4e, m\u00e4lestust. <\/strong>Just kuu aega tagasi oli mul arm minna sinna, kus Jumal r\u00e4\u00e4kis Moosesele ja andis\u00a0\u00abJumala s\u00f5rmega\u00bb (2Ms 31,18) kivilaudadele kirjutatud Seadust. Need kaks m\u00e4ge,\u00a0<strong>Siinai ja \u00d5ndsuste M\u00e4gi, annavad meile meie kristliku elu mappi ja kokkuv\u00f5te meie kohustustest Jumala poole ja ligimese poole.\u00a0<\/strong><em>Seadus ja \u00d5ndsused\u00a0<\/em>koos m\u00e4rgivad Kristuse j\u00e4rgimise teed ja kuninglikku teekonda vaimse k\u00fcpsuse ja vabaduse poole.<br \/><br \/>Siinai K\u00fcmme K\u00e4sku v\u00f5ivad tunduda negatiivsetena: \u00abSul ei tohi olla muid jumalaid minu palge k\u00f5rval;&#8230; Sa ei tohi tappa. <span id=\"v0102020014-t1755598805100\" class=\"verse-1\"><span class=\"v\"><span class=\"rv\">Sa ei tohi abielu rikkuda.<\/span><\/span><\/span><span id=\"v0102020015-t1755598805100\" class=\"verse-1\"><span class=\"v\"><span class=\"bspace\">\u00a0<\/span><span class=\"rv\">Sa ei tohi varastada.<\/span><\/span><\/span><span id=\"v0102020016-t1755598805100\" class=\"verse-1\"><span class=\"v\"><span class=\"bspace\">\u00a0<\/span><span class=\"rv\">Sa ei tohi tunnistada oma ligimese vastu valetunnistajana&#8230; <\/span><\/span><\/span>\u00bb (2Ms 20,3.13-16). Kuid need on tegelikult v\u00e4ga positiivsed. \u00dcletades kurja, mida need nimetavad, n\u00e4itavad teed armastuse seaduse poole, mis on esimene ja k\u00f5ige suurem K\u00e4skudest: \u00abArmasta Issanda oma Jumalat kogu oma s\u00fcdamega, kogu oma hingega ja kogu oma m\u00f5istusega&#8230;<br \/><br \/>Armasta ligimest nagu iseennast\u00bb (Mt 22,37.39). Jeesus ise kinnitab, et ta pole tulnud Seaduse t\u00fchistamiseks, vaid selle t\u00e4itmiseks (vrd Mt 5,17). Tema s\u00f5num on uus, kuid see ei h\u00e4vita seda, mis juba on olemas. Vaid arendab maksimaalselt selle potentsiaalsust.\u00a0<em>Jeesus \u00f5petab, et armastuse tee viib seaduse selle t\u00e4ieliku t\u00e4itmiseni\u00a0<\/em>(vrd Gal 5,14). Ning ta on \u00f5petanud seda v\u00e4ga t\u00e4htsat t\u00f5de sellel m\u00e4el, siin Galileas.<\/p>\n\n<p>3. \u00ab\u00d5ndsad olete teie\u00bb, ta \u00fctleb \u00ab\u00d5ndsad on need, kes on vaimus vaesed, tasased ja halastajad, kurvad, need, <em>kellel on n\u00e4lg ja janu \u00f5iguse j\u00e4rele, puhtad s\u00fcdamelt, rahutegijad, tagakiusatud!\u00a0<\/em>\u00d5ndsad olete teie!\u00bb. Jeesuse s\u00f5nad v\u00f5ivad tunduda imelikud.\u00a0<strong>See on imelik, et Jeesus \u00fclendab neid, keda maailm peab \u00fcldiselt n\u00f5rkadena.\u00a0<\/strong>Ta \u00fctleb neile: \u00ab\u00d5ndsad olete teie, kes tundute kaotajad, sest te olete t\u00f5elised v\u00f5itjad, olete t\u00f5elised v\u00f5itjad: teie p\u00e4ralt on Taevariik!\u00bb. Tema poolt \u00f6eldud, kes ta on \u00abtasane ja s\u00fcdamelt alandlik\u00bb (Mt 11,29), need s\u00f5nad on v\u00e4ljakutse, mis n\u00f5uab s\u00fcgavat ja pidevat vaimu muutust, suurt s\u00fcdame muutust.<br \/><br \/>Teie noored saate aru, miks see s\u00fcdame muutus on vajalik! Te oletegi teadlikud teisest h\u00e4\u00e4lest enda sees ja teie \u00fcmber, vastur\u00e4\u00e4kiv h\u00e4\u00e4l. See on h\u00e4\u00e4l, mis \u00fctleb:<br \/><br \/>\u00ab\u00d5ndsad on uhked ja v\u00e4givaldsed, need, kes iga hinna eest \u00f5itsevad, kellel pole s\u00fcdametunnistust, kes on halastamatud, ebaausad, kes s\u00f5divad rahu tegemise asemel ning kiusavad taga neid, kes on nende teel takistustena\u00bb.<br \/><br \/>Sellel h\u00e4\u00e4lel tundub olevat m\u00f5te maailmas, kus v\u00e4givaldsed tihti v\u00f5idutsevad ja tundub, et ebaausatel on edu. \u00abJah\u00bb \u00fctleb kurjuse h\u00e4\u00e4l \u00abneed v\u00f5idavad. \u00d5ndsad on nemad!\u00bb.<\/p>\n\n<div class=\"wp-block-image\"><figure class=\"alignleft size-medium\"><img loading=\"lazy\" decoding=\"async\" width=\"300\" height=\"204\" src=\"https:\/\/neocatechumenaleiter.org\/wp-content\/uploads\/2020\/03\/Camino_Neocatecumenal_Juan_Pablo_II_eucaristia_monte_Bienaventuranzas_2000_3-300x204.jpg\" alt=\"\" class=\"wp-image-2785\" srcset=\"https:\/\/neocatechumenaleiter.org\/wp-content\/uploads\/2020\/03\/Camino_Neocatecumenal_Juan_Pablo_II_eucaristia_monte_Bienaventuranzas_2000_3-300x204.jpg 300w, https:\/\/neocatechumenaleiter.org\/wp-content\/uploads\/2020\/03\/Camino_Neocatecumenal_Juan_Pablo_II_eucaristia_monte_Bienaventuranzas_2000_3.jpg 768w\" sizes=\"auto, (max-width: 300px) 100vw, 300px\" \/><\/figure><\/div>\n\n<p>4. Jeesus pakub v\u00e4ga erinevat s\u00f5numit. Mitte kaugel siit kutsus ta oma esimesi j\u00fcngreid, nii nagu ta n\u00fc\u00fcd teid kutsub. Tema kutse on alati n\u00f5udnud valikut kahe h\u00e4\u00e4le vahel, mis v\u00f5istlevad, et vallutada teie s\u00fcdant, ka n\u00fc\u00fcd, siin m\u00e4el, valik hea ja kurja vahel, elu ja surma vahel. Mis h\u00e4\u00e4lt otsustavad j\u00e4rgida XXI sajandi noored? Panna oma usaldus Jeesusesse t\u00e4hendab valida uskuda sellesse, mida ta \u00fctleb, vaatamata sellest, kui imelik see v\u00f5ib tunduda, ning valida mitte kukkuda kurjuse meelitustesse, nii atraktiivsed kui need ka ei tunduks. L\u00f5ppude l\u00f5puks Jeesus ei kuuluta ainult \u00d5ndsuseid. Tema elab \u00d5ndsuseid. Tema on \u00d5ndsused. Teda vaadates, n\u00e4ete, mida t\u00e4hendab olla vaesed vaimus, tasased ja halastajad, kurvad, n\u00e4ljaneda ja januneda \u00f5igluse j\u00e4rele, olla puhtad s\u00fcdamelt, rahutegijad, tagakiusatud. Seep\u00e4rast on Jeesusel \u00f5igus \u00f6elda: \u00abTulge, j\u00e4rgnege mulle!\u00bb. Ta ei \u00fctle lihtsalt: \u00abTehke seda, mida \u00fctlen\u00bb. Tema \u00fctleb: \u00abTulge, j\u00e4rgnege mulle!\u00bb.<\/p>\n\n<p>Te kuulate tema h\u00e4\u00e4lt sellel m\u00e4el ja usute seda, mida ta \u00fctleb. Kuid, nagu esimesed j\u00fcngrid Galilea meres, peate te maha j\u00e4tma oma laevad ja oma v\u00f5rgud ning see pole kunagi lihtne, eriti siis, kui te peate vastu minema ebakindlale tulevikule ja teil on kiusatus kaotada usaldus oma kristlikus p\u00e4randis. Olla head kristlased v\u00f5ib tunduda teile \u00fcle j\u00f5u k\u00e4iv ettev\u00f5tmine t\u00e4nap\u00e4evases maailmas. Kuid <strong>Jeesus\u00a0<\/strong>ei j\u00e4\u00e4 vaatama ning ei j\u00e4ta teid \u00fcksi v\u00e4ljakutsele vastu minemises.\u00a0<strong>Ta on alati teiega, et muuta teie n\u00f5rkus tugevuseks.\u00a0<\/strong>Uskuge Teda, kui ta \u00fctleb teile: \u00abSulle piisab minu armust, sest\u00a0<span class=\"lbreak\">&#013;\n<\/span>n\u00f5truses saab v\u00e4gi t\u00e4ielikuks!\u00bb (2Kr 12,9).<\/p>\n\n<div class=\"wp-block-image\"><figure class=\"alignright size-large\"><img loading=\"lazy\" decoding=\"async\" width=\"433\" height=\"655\" src=\"https:\/\/neocatechumenaleiter.org\/wp-content\/uploads\/2020\/03\/Camino_Neocatecumenal_Juan_Pablo_II_eucaristia_monte_Bienaventuranzas_2000_4.jpg\" alt=\"\" class=\"wp-image-2792\" srcset=\"https:\/\/neocatechumenaleiter.org\/wp-content\/uploads\/2020\/03\/Camino_Neocatecumenal_Juan_Pablo_II_eucaristia_monte_Bienaventuranzas_2000_4.jpg 433w, https:\/\/neocatechumenaleiter.org\/wp-content\/uploads\/2020\/03\/Camino_Neocatecumenal_Juan_Pablo_II_eucaristia_monte_Bienaventuranzas_2000_4-198x300.jpg 198w\" sizes=\"auto, (max-width: 433px) 100vw, 433px\" \/><\/figure><\/div>\n\n<p>5. J\u00fcngrid veetsid Issandaga aega. Nad tundsid teda ja armastasid teda s\u00fcgavalt. Nad avastasid selle t\u00e4hendust, mida Apostel Peetrus \u00fcks kord Jeesusele \u00fctles: \u00ab<em>Issand, kelle juurde me l\u00e4heme? Sul on igavese elu s\u00f5nad<\/em>\u00bb (Jh 6,68). Nad avastasid, et\u00a0<strong>igavese elu s\u00f5nad on Siinai s\u00f5nad ja \u00d5ndsuste s\u00f5nad.\u00a0<\/strong>See on s\u00f5num, mida nad k\u00f5ikjale levitasid.<br \/><br \/>Tema Taevasse minemise hetkel, Jeesus andis oma j\u00fcngritele misjoni ning kinnitas neile: \u00abMulle on antud k\u00f5ik meelevald taeva ja maa peal. <strong>Minge siis tehke j\u00fcngriteks k\u00f5ik rahvad&#8230; vaata, mina olen teiega iga p\u00e4ev, kuni maailma l\u00f5puni<\/strong>\u00bb (Mt 28,18-20). Juba kaks tuhat aastat Kristuse j\u00e4rglased viivad t\u00e4ide seda misjoni. N\u00fc\u00fcd, kolmanda aastatuhande koidul,\u00a0<em>on teie kord<\/em>.\u00a0<strong>N\u00fc\u00fcd on teie kord minna maailma ja kuulutada K\u00fcmne K\u00e4su ja \u00d5ndsuste s\u00f5num.\u00a0<\/strong><\/p>\n\n<p>Kui Jumal r\u00e4\u00e4gib, ta r\u00e4\u00e4gib asjades, millel on k\u00f5ige suurem t\u00e4htsus iga inimese jaoks, XXI sajandi inimeste jaoks mitte v\u00e4hem kui esimese sajandi inimeste jaoks. K\u00fcmme K\u00e4sku\u00a0 ja \u00d5ndsused r\u00e4\u00e4givad t\u00f5est ja headusest, armust ja vabadusest, sellest, mis on vajalik, et siseneda Kristuse Riiki.\u00a0<em>N\u00fc\u00fcd on teie kord olla selle Riigi julged j\u00fcngrid!<\/em><br \/><br \/>P\u00fcha Maa noored,\u00a0<strong>maailma noored, vastake Issandale, vastake Issandale avatud ja teenimisvalmis s\u00fcdamega!\u00a0<\/strong>Teenimisvalmis ja avatud nagu Galilea k\u00f5ige suurema t\u00fctre s\u00fcda, Maarja, Jeesuse Ema s\u00fcda. Kuidas tema vastas? Ta \u00fctles: \u00abVaata, siin on Issanda teenija, s\u00fcndigu mulle sinu s\u00f5na j\u00e4rgi\u00bb (Lk 1,38).<br \/><br \/>Oh Issand Jeesus Kristus, selles kohas, mida sa tundsid ja v\u00e4ga armastasid, kuula neid lahkeid noori s\u00fcdameid!\u00a0<strong>J\u00e4tka nendele noortele K\u00e4skude ja \u00d5ndsuste t\u00f5e \u00f5petamist!\u00a0<\/strong>Tee neist r\u00f5\u00f5mu t\u00e4is tunnistajad sinu t\u00f5est ja sinu Riigi veendunud j\u00fcngrid! Ole nendega alati, eriti siis, kui sinu ja Evangeeliumi j\u00e4rgimine muutub raskeks ja vaevaliseks! Sina oled nende j\u00f5ud, sina oled nende v\u00f5it! Oh Issand Jeesus, sa oled teinud nendest noortest oma s\u00f5brad: hoia neid alati enda l\u00e4hedal!<\/p>\n\n<p><strong>Aamen!<\/strong><\/p>\n\n<div class=\"wp-block-image\"><figure class=\"alignleft size-medium\"><img loading=\"lazy\" decoding=\"async\" width=\"204\" height=\"300\" src=\"https:\/\/neocatechumenaleiter.org\/wp-content\/uploads\/2020\/03\/Camino_Neocatecumenal_Juan_Pablo_II_eucaristia_monte_Bienaventuranzas_2000_5-204x300.jpg\" alt=\"\" class=\"wp-image-2799\" srcset=\"https:\/\/neocatechumenaleiter.org\/wp-content\/uploads\/2020\/03\/Camino_Neocatecumenal_Juan_Pablo_II_eucaristia_monte_Bienaventuranzas_2000_5-204x300.jpg 204w, https:\/\/neocatechumenaleiter.org\/wp-content\/uploads\/2020\/03\/Camino_Neocatecumenal_Juan_Pablo_II_eucaristia_monte_Bienaventuranzas_2000_5.jpg 566w\" sizes=\"auto, (max-width: 204px) 100vw, 204px\" \/><\/figure><\/div>\n\n<p><em>P\u00fcha Missa l\u00f5pus, mida t\u00e4histati \u00d5ndsuste M\u00e4el, tahtis P\u00fcha Isa p\u00f6\u00f6rduda m\u00f5nede tervitustega erinevate palver\u00e4ndurite gruppide poole, kes kogunesid tema \u00fcmber t\u00e4histamise jaoks. Olles tervitanud noori itaallasi, p\u00f6\u00f6rdus Paavst prantslate, sakslaste, hispaanlaste, inglaste, poolakate, heebrealaste ja araablaste poole. See on \u00fcks t\u00f5lge Paavsti s\u00f5nadest:<\/em><br \/><br \/>Selle r\u00f5\u00f5mu t\u00e4is Euharistilise T\u00e4histamise l\u00f5pul tahan t\u00e4nada k\u00f5iki teid, kallid noored, kes olete arvukatena tulnud l\u00e4hedalt ja kaugelt, nagu Jeesuse j\u00fcngrid, et kuulata tema s\u00f5na.<br \/><br \/>Sellelt \u00d5ndsuste M\u00e4elt lahkumisel peab iga\u00fcks teist olema \u00d5ndsuste Evangeeliumi s\u00f5numitooja.<br \/><br \/>Tervitan eriti noori neokatehhumeenilisi Kiko ja Carmeniga, kes on siin suures numbris k\u00f5ikidest maailmaosadest.<br \/><br \/>K\u00f5ikidele \u00fctlen, Kristus saatku teid maailma teedel.<\/p>\n\n<p>Saatku teid ka Maarja, kes &#8211; nagu meenutan homme Naatsaretis &#8211; oma fiatiga t\u00f6\u00f6tas kaasa suurele Lihaks Saamise m\u00fcsteeriumile, millest Juubeliaasta t\u00e4histab Kaks tuhat aastat. Jumal \u00f5nnistagu teid! Tervitan s\u00fcdamlikult noori prantsuse keele k\u00f5nelejaid, kes on kohal selles imelises kohtumises, mille k\u00e4igus, sellel m\u00e4el, saime kuulata uuendatud viisil \u00d5ndsuste Head Uudist. Ootan teid Rooma \u00dclemaailmse Noortep\u00e4eva jaoks.<\/p>\n\n<p>Tervitan s\u00fcdamlikult saksa keelt k\u00f5nelevaid noori ja palver\u00e4ndureid. \u00d5ndsuste M\u00e4gi tuletab meile meelde meie kristlaseks olemise vajadust: M\u00e4ejutluse programmi. Et teie isiklik tunnistus muutuks elavaks jutluseks sellest, mida Jeesus kuulutas selles kohas! Tervitan suure r\u00f5\u00f5muga k\u00f5iki hispaania keelt k\u00f5nelevaid kohalolijaid. Siin Galileas, Jeesus ise n\u00e4itas meile \u00d5ndsuste teed. Selle \u00f5petuse j\u00f5ud ja ilu juhtigu teie elu! Jeesus kutsub teid k\u00f5iki olema \u00abinimesep\u00fc\u00fcdjad\u00bb. Ta \u00fctleb iga\u00fchele teist: \u00abTule ja j\u00e4rgne mulle\u00bb! \u00c4rge kartke vastata sellele kutsele, sest Tema on teie j\u00f5ud. Augustis ootan teid Rooma, \u00dclemaailmseks Noortep\u00e4evaks.<\/p>\n\n<div class=\"wp-block-image\"><figure class=\"alignright size-large\"><img loading=\"lazy\" decoding=\"async\" width=\"264\" height=\"400\" src=\"https:\/\/neocatechumenaleiter.org\/wp-content\/uploads\/2020\/03\/Camino_Neocatecumenal_Juan_Pablo_II_eucaristia_monte_Bienaventuranzas_2000_6.jpg\" alt=\"\" class=\"wp-image-2806\" srcset=\"https:\/\/neocatechumenaleiter.org\/wp-content\/uploads\/2020\/03\/Camino_Neocatecumenal_Juan_Pablo_II_eucaristia_monte_Bienaventuranzas_2000_6.jpg 264w, https:\/\/neocatechumenaleiter.org\/wp-content\/uploads\/2020\/03\/Camino_Neocatecumenal_Juan_Pablo_II_eucaristia_monte_Bienaventuranzas_2000_6-198x300.jpg 198w\" sizes=\"auto, (max-width: 264px) 100vw, 264px\" \/><\/figure><\/div>\n\n<p>Inglise keelt k\u00f5nelevatest maailmariikidest p\u00e4rit noortele ja k\u00f5ikidele teile \u00fctlen: olge Kristuse v\u00e4\u00e4rilised j\u00e4rgijad! \u00d5ndsuste vaimus, olge maailma valgus!<\/p>\n\n<p>T\u00e4nan neid, kes osalesid selle imelise Missa valmistamises. Jumal \u00f5nnistagu k\u00f5iki! Kallid Poolast tulnud noored! Teie kohalolu siin r\u00f5\u00f5mustab mind v\u00e4ga. See on lootusem\u00e4rk meie Isamaa jaoks. Nii paljud teist istusid t\u00e4na Jeesuse jalge ette. See, kes on inimperekonna lootus. Tema suust olete kuulnud, mida t\u00e4hendab olla t\u00f5esti \u00f5ndsad, mida t\u00e4hendab j\u00e4rgida k\u00e4ske ja elada \u00d5ndsuste vaimu j\u00e4rgi. \u00c4rge kartke \u00f6elda \u00abjah\u00bb Jeesusele ja j\u00e4rgida teda nagu tema j\u00fcngrid. Siis t\u00e4ituvad teie s\u00fcdamed r\u00f5\u00f5must ja teie saate \u00d5ndsuseks Poola ja maailma jaoks. Soovin seda teile kogu s\u00fcdamest.<\/p>\n\n<p>Noortele araabia keelt k\u00f5nelevatele \u00fctlen: olge rahu ehitajad. Jumal olgu teiega! Noortele heebrea keelt k\u00f5nelevatele \u00fctlen: olge rahu ehitajad. Jumal olgu teiega! (*) Vrd \u00abL\u2019Osservatore Romano\u00bb, 25. m\u00e4rts 2000.<\/p>\n","protected":false},"excerpt":{"rendered":"<p>P\u00fcha Isa Johannes Paulus II Euharistia \u00d5ndsuste M\u00e4el 100.000 noorega p\u00e4rit kogu maailmast 24-III-2000 P\u00fcha Johannes Paulus II Korazim, 24. m\u00e4rts 2000 Johannes Paulus II t\u00e4histas &#8211; reede 24. m\u00e4rtsi hommikul &#8211; P\u00fcha Missat noorte jaoks \u00d5ndsuste M\u00e4el. Kohtumise algul Akka Kreeka-Melkiitide Peapiiskop, Mons. Boutros Mouallem ja noormees p\u00f6\u00f6rdusid Paavsti poole austusavaldusega. See on Johannes Paulus II jutlus \u00fches meie itaaliakeelses t\u00f5lkes: \u00abKaaluge oma kutsumust, vennad\u00bb (1Kr 1,26). 1. T\u00e4na<\/p>\n<div class=\"read-more\"><a class=\"btn read-more-btn\" href=\"https:\/\/neocatechumenaleiter.org\/et\/paavstide-sonad\/puha-johannes-paulus-ii\/puha-isa-johannes-paulus-ii-euharistia-ondsuste-mael-100-000-noorega-24-iii-2000\/\">Loe edasi<\/a><\/div>\n","protected":false},"author":2,"featured_media":0,"parent":19903,"menu_order":94,"comment_status":"closed","ping_status":"closed","template":"","meta":{"footnotes":""},"class_list":["post-43976","page","type-page","status-publish","hentry"],"_links":{"self":[{"href":"https:\/\/neocatechumenaleiter.org\/et\/wp-json\/wp\/v2\/pages\/43976","targetHints":{"allow":["GET"]}}],"collection":[{"href":"https:\/\/neocatechumenaleiter.org\/et\/wp-json\/wp\/v2\/pages"}],"about":[{"href":"https:\/\/neocatechumenaleiter.org\/et\/wp-json\/wp\/v2\/types\/page"}],"author":[{"embeddable":true,"href":"https:\/\/neocatechumenaleiter.org\/et\/wp-json\/wp\/v2\/users\/2"}],"replies":[{"embeddable":true,"href":"https:\/\/neocatechumenaleiter.org\/et\/wp-json\/wp\/v2\/comments?post=43976"}],"version-history":[{"count":9,"href":"https:\/\/neocatechumenaleiter.org\/et\/wp-json\/wp\/v2\/pages\/43976\/revisions"}],"predecessor-version":[{"id":47576,"href":"https:\/\/neocatechumenaleiter.org\/et\/wp-json\/wp\/v2\/pages\/43976\/revisions\/47576"}],"up":[{"embeddable":true,"href":"https:\/\/neocatechumenaleiter.org\/et\/wp-json\/wp\/v2\/pages\/19903"}],"wp:attachment":[{"href":"https:\/\/neocatechumenaleiter.org\/et\/wp-json\/wp\/v2\/media?parent=43976"}],"curies":[{"name":"wp","href":"https:\/\/api.w.org\/{rel}","templated":true}]}}