{"id":44002,"date":"2020-03-30T16:27:04","date_gmt":"2020-03-30T15:27:04","guid":{"rendered":"https:\/\/neocatechumenaleiter.org\/paavstide-sonad\/puha-johannes-paulus-ii\/puha-benoit-joseph-labre-koguduse-kulastamine-31-x-1999\/"},"modified":"2026-02-27T15:09:46","modified_gmt":"2026-02-27T14:09:46","slug":"puha-benoit-joseph-labre-koguduse-kulastamine-31-x-1999","status":"publish","type":"page","link":"https:\/\/neocatechumenaleiter.org\/et\/paavstide-sonad\/puha-johannes-paulus-ii\/puha-benoit-joseph-labre-koguduse-kulastamine-31-x-1999\/","title":{"rendered":"P\u00fcha Beno\u00eet-Joseph Labre koguduse k\u00fclastamine 31-X-1999"},"content":{"rendered":"\n<h1 class=\"has-text-align-center wp-block-heading\">P\u00fcha Beno\u00eet-Joseph Labre koguduse k\u00fclastamine 31-X-1999<\/h1>\n\n<div style=\"height:20px\" aria-hidden=\"true\" class=\"wp-block-spacer\"><\/div>\n\n<h4 class=\"has-text-align-center wp-block-heading\">P\u00fcha Johannes Paulus II<\/h4>\n\n<div style=\"height:20px\" aria-hidden=\"true\" class=\"wp-block-spacer\"><\/div>\n\n<p><strong>Rooma, 21. oktoober 1999<\/strong><\/p>\n\n<p>P\u00fcha Missa l\u00f5pul, \u00fches koguduse kompleksi saalis, toimus kohtumine noortega, pastoraalse n\u00f5ukogu liikmetega ja erinevate koguduse reaalsuste esindajatega. Kohalolijate nimel, Vittorio, 29. aastane, p\u00f6\u00f6rdus Paavsti poole nende tervituss\u00f5nadega:<\/p>\n\n<p>P\u00fcha Isa, me oleme teid tervitanud s\u00f5nadega, millega Eliisabet p\u00f6\u00f6rdub neitsi Maarja poole: &#8220;Kuidas k\u00fcll Issanda Ema tuleb minu juurde?&#8221;. See laul v\u00e4ljendab t\u00e4nulikkust Teie poole selle k\u00fclastuse eest meie kogudusele. Selles kohtumises on kohal \u00fcks Neokatehhumeeniline Kogudus, noortekeskuse juhid, katehheedid, koguduse majandusliku n\u00f5ukogu liikmed ja noored, kes valmistuvad \u00dclemaailmseks Noortep\u00e4evaks. P\u00fcha Isa, nendes v\u00e4hestes koguduse eluaastates oleme n\u00e4inud, et me pole &#8220;tublid&#8221;, oleme n\u00f5rgad ja patused ning tihti on meil raskuseid olla valgus meie naabruskonna keskel, kuid oleme kogenud, et ainult Kristuses, surnud ja \u00fclest\u00f5usnud meie p\u00e4\u00e4stmiseks, on elu; seep\u00e4rast palume Tema P\u00fchaduselt Peetruse j\u00e4rglasena kinnitada meid usus. Ait\u00e4h, oleme t\u00e4nulikud ja t\u00e4is r\u00f5\u00f5mu teie kohalolu \u00fcle meie keskel.<\/p>\n\n<p><em>J\u00e4rgnevalt lausus P\u00fcha Isa need s\u00f5nad, p\u00f6\u00f6rdudes kohalolijatele:<\/em><\/p>\n\n<p>Et te olete Neokatehhumeenilised on kohe kuulda. Piisab laulude kuulamisest. Need on teie spetsiifilised laulud. Et te olete noored, ka seda on kuulda. Te valmistute Aastaks 2000, \u00dclemaailmseks Noortep\u00e4evaks, Roomas: ja see on hea. Ka mina, muuseas, valmistun, isegi kui ma olen aina v\u00e4hem noor. Ja noored j\u00e4rgnevad mulle alati heameelega. Seep\u00e4rast t\u00e4nan teid selle k\u00fclastuse v\u00f5imaluse eest ning soovin teile k\u00f5igile head j\u00e4tkamist: kogudusele, pastoraalsele n\u00f5ukogule, noortele ja Neokatehhumeenilistele. Juubel l\u00e4heb h\u00e4sti. Aasta 2000 on l\u00e4hedal. P\u00fcha Uks avaneb v\u00e4hem kui kahe kuu p\u00e4rast, 24. detsembril. Meenutame veel lahkunuid, neil erilistel p\u00e4evil, mille jooksul kogu Kirik m\u00e4lestab neid. Veel kord t\u00e4nan teid. Olgu teil alati suur julgus! Ka teie koguduse preester on neokatehhumeeniline, seda on kohe n\u00e4ha. Kellel on habe, on alati kahtlustatav. Ka koguduse asepreestril on habe. Niisiis \u00fcritame imetleda neokatehhumeenilisi, isegi kui meil pole habe.<\/p>\n\n<p>Olgu kiidetud Jeesus Kristus! (*) Vrd \u00abL\u2019Osservatore Romano\u00bb, 2.-3. november 1999.<\/p>\n","protected":false},"excerpt":{"rendered":"<p>P\u00fcha Beno\u00eet-Joseph Labre koguduse k\u00fclastamine 31-X-1999 P\u00fcha Johannes Paulus II Rooma, 21. oktoober 1999 P\u00fcha Missa l\u00f5pul, \u00fches koguduse kompleksi saalis, toimus kohtumine noortega, pastoraalse n\u00f5ukogu liikmetega ja erinevate koguduse reaalsuste esindajatega. Kohalolijate nimel, Vittorio, 29. aastane, p\u00f6\u00f6rdus Paavsti poole nende tervituss\u00f5nadega: P\u00fcha Isa, me oleme teid tervitanud s\u00f5nadega, millega Eliisabet p\u00f6\u00f6rdub neitsi Maarja poole: &#8220;Kuidas k\u00fcll Issanda Ema tuleb minu juurde?&#8221;. See laul v\u00e4ljendab t\u00e4nulikkust Teie poole selle k\u00fclastuse<\/p>\n<div class=\"read-more\"><a class=\"btn read-more-btn\" href=\"https:\/\/neocatechumenaleiter.org\/et\/paavstide-sonad\/puha-johannes-paulus-ii\/puha-benoit-joseph-labre-koguduse-kulastamine-31-x-1999\/\">Loe edasi<\/a><\/div>\n","protected":false},"author":2,"featured_media":0,"parent":19903,"menu_order":93,"comment_status":"closed","ping_status":"closed","template":"","meta":{"footnotes":""},"class_list":["post-44002","page","type-page","status-publish","hentry"],"_links":{"self":[{"href":"https:\/\/neocatechumenaleiter.org\/et\/wp-json\/wp\/v2\/pages\/44002","targetHints":{"allow":["GET"]}}],"collection":[{"href":"https:\/\/neocatechumenaleiter.org\/et\/wp-json\/wp\/v2\/pages"}],"about":[{"href":"https:\/\/neocatechumenaleiter.org\/et\/wp-json\/wp\/v2\/types\/page"}],"author":[{"embeddable":true,"href":"https:\/\/neocatechumenaleiter.org\/et\/wp-json\/wp\/v2\/users\/2"}],"replies":[{"embeddable":true,"href":"https:\/\/neocatechumenaleiter.org\/et\/wp-json\/wp\/v2\/comments?post=44002"}],"version-history":[{"count":7,"href":"https:\/\/neocatechumenaleiter.org\/et\/wp-json\/wp\/v2\/pages\/44002\/revisions"}],"predecessor-version":[{"id":47578,"href":"https:\/\/neocatechumenaleiter.org\/et\/wp-json\/wp\/v2\/pages\/44002\/revisions\/47578"}],"up":[{"embeddable":true,"href":"https:\/\/neocatechumenaleiter.org\/et\/wp-json\/wp\/v2\/pages\/19903"}],"wp:attachment":[{"href":"https:\/\/neocatechumenaleiter.org\/et\/wp-json\/wp\/v2\/media?parent=44002"}],"curies":[{"name":"wp","href":"https:\/\/api.w.org\/{rel}","templated":true}]}}