{"id":44008,"date":"2020-03-30T05:23:27","date_gmt":"2020-03-30T04:23:27","guid":{"rendered":"https:\/\/neocatechumenaleiter.org\/paavstide-sonad\/puha-johannes-paulus-ii\/nelipuha-puhapaeva-regina-coeli-rooma-linna-misjoni-lopul-23-v-1999\/"},"modified":"2026-02-27T15:10:17","modified_gmt":"2026-02-27T14:10:17","slug":"nelipuha-puhapaeva-regina-coeli-rooma-linna-misjoni-lopul-23-v-1999","status":"publish","type":"page","link":"https:\/\/neocatechumenaleiter.org\/et\/paavstide-sonad\/puha-johannes-paulus-ii\/nelipuha-puhapaeva-regina-coeli-rooma-linna-misjoni-lopul-23-v-1999\/","title":{"rendered":"Nelip\u00fcha p\u00fchap\u00e4eva \u00abRegina Coeli\u00bb Rooma linna misjoni l\u00f5pul 23-V-1999"},"content":{"rendered":"\n<h1 class=\"has-text-align-center wp-block-heading\">Nelip\u00fcha p\u00fchap\u00e4eva \u00abRegina Coeli\u00bb Rooma linna misjoni l\u00f5pul 23-V-1999<\/h1>\n\n<div style=\"height:20px\" aria-hidden=\"true\" class=\"wp-block-spacer\"><\/div>\n\n<h4 class=\"has-text-align-center wp-block-heading\">P\u00fcha Johannes Paulus II<\/h4>\n\n<div style=\"height:20px\" aria-hidden=\"true\" class=\"wp-block-spacer\"><\/div>\n\n<p><strong>P\u00fcha Peetrus, 23. mai 1999 *<\/strong><\/p>\n\n<p><em>\u00ab<\/em><em>Kutsume appi P\u00fcha Vaimu, et ta muudaks viljakaks Rooma linna Misjonit ning t\u00e4idaks viljadega kogu Kiriku ootuseid\u00bb. Nelip\u00fcha suurp\u00fcha \u00abRegina Coeli\u00bb ajal, p\u00fchap\u00e4eval 23. mail, Johannes Paulus II tuletas meelde pidulikku Vigiili, mis laup\u00e4eva p\u00e4rastl\u00f5unal l\u00f5petas linna Misjonit ja eelmise aasta suurt kohtumist kiriklike Liikumiste ja uute Kogudustega.<\/em><br \/><br \/><em>Need on Paavsti s\u00f5nad:<\/em><\/p>\n\n<p>Kallid Vennad ja \u00d5ed! 1. Nelip\u00fcha suurp\u00fcha lubab meil taaselada erakordset kogemust, mis oli Apostlitel viisk\u00fcmmend p\u00e4eva peale Kristuse \u00fclest\u00f5usmist. Nelip\u00fchaga saab t\u00e4is \u00dclest\u00f5usmisaeg ning see t\u00e4itumine avaldubki just P\u00fcha Vaimu annis, Jeesuse lubaduse j\u00e4rgi. M\u00f5tiskleme t\u00e4na Issanda j\u00fcngrite muutust veel hirmunud j\u00e4rglastest kartmatuteks tunnistajateks, kes kuulutavad julgusega k\u00f5ikidele rahvastele Head Uudist. Koos \u00fcheh\u00e4\u00e4lses palves \u00dclemises Toas, Maarjaga, on nad kutsutud t\u00f5e Vaimu poolt tegema kogu maailmast armastuse ja \u00fchtsuse \u00fclemine tuba. M\u00f5lemad dimensioonid &#8211; palve ja apostolaat, osadus ja misjon &#8211; on h\u00e4davajalikud Kiriku elu jaoks igal ajal ja igas kohas.<\/p>\n\n<p>2. Sellele suurele peaole valmistusime eile \u00f5htul, siin P\u00fcha Peetruse V\u00e4ljakul, piduliku vigiiliga, mis l\u00f5petas Rooma linna Misjonit. Milline erakordne vaimne kogemus! See tuletas meelde suurt eelmise aasta kohtumist kiriklike liikumiste ja uute kogudustega, mis t\u00f5esti on t\u00f5eline Vaimu and aastatuhade l\u00f5pu Kirikule ning \u00fcks Vatikani II Kirikukogust tekkinud uutest m\u00e4rkidest. Eelmise aasta kohtumine kandis v\u00e4\u00e4rtuslike vilju. Algatused, mille eesm\u00e4rgiks on kasvatada liikumistes ja kogudustes suhtlemisoskust, on mitmekordistunud, selleks, et kasvatada nendevahelist koost\u00f6\u00f6d, nagu ka kohalikes Kirikutes ja kogudustes. T\u00e4name Issandat selle lubava Kiriku kevade jaoks, rikkas lootusest. Edasiste arengute soodustamisele aitab kaasa, ma olen kindel, j\u00e4rgmine konverents, Ilmikute Paavstliku N\u00f5ukogu poolt organiseeritud teemal \u00abKiriklikud liikumised ja uued kogudused Piiskoppide pastoraalses hooles\u00bb. Sekulariseerunud maailm kutsub igat kristlast ergutama oma misjoneerivat t\u00f5uget, rajades seda kogemusele, mis koosneb palvest, \u00fchtsusest ja kuulutusest.<\/p>\n\n<p>3. Kutsume koos appi P\u00fcha Vaimu, et ta muudaks viljakaks Rooma linna Misjonit ning t\u00e4idaks viljadega kogu Kiriku ootuseid.<br \/><br \/>Misjoneerival p\u00fchendumusel pole t\u00e4htaegu ja kaasab igat kristliku koguduse liiget. N\u00fc\u00fcd, nagu algusaegadel, Kirik teab, et, selleks et Uue Evangeliseerimise v\u00e4ljakutsetele vastu minna, on vaja peatuda palves Maarjaga, Jeesuse Ema ja meie Emaga. Palume Neitsilt palvetada meiega ja meie eest taevast Isa, selleks et ta saadaks k\u00f5ikidele usklikele P\u00fcha Vaimu ja uuendaks Nelip\u00fcha imetegusid.<\/p>\n\n<p><em>(*) Vrd \u00abL\u2019Osservatore Romano\u00bb, 24.-25. mai 1999.<\/em><\/p>\n","protected":false},"excerpt":{"rendered":"<p>Nelip\u00fcha p\u00fchap\u00e4eva \u00abRegina Coeli\u00bb Rooma linna misjoni l\u00f5pul 23-V-1999 P\u00fcha Johannes Paulus II P\u00fcha Peetrus, 23. mai 1999 * \u00abKutsume appi P\u00fcha Vaimu, et ta muudaks viljakaks Rooma linna Misjonit ning t\u00e4idaks viljadega kogu Kiriku ootuseid\u00bb. Nelip\u00fcha suurp\u00fcha \u00abRegina Coeli\u00bb ajal, p\u00fchap\u00e4eval 23. mail, Johannes Paulus II tuletas meelde pidulikku Vigiili, mis laup\u00e4eva p\u00e4rastl\u00f5unal l\u00f5petas linna Misjonit ja eelmise aasta suurt kohtumist kiriklike Liikumiste ja uute Kogudustega. Need on Paavsti<\/p>\n<div class=\"read-more\"><a class=\"btn read-more-btn\" href=\"https:\/\/neocatechumenaleiter.org\/et\/paavstide-sonad\/puha-johannes-paulus-ii\/nelipuha-puhapaeva-regina-coeli-rooma-linna-misjoni-lopul-23-v-1999\/\">Loe edasi<\/a><\/div>\n","protected":false},"author":2,"featured_media":0,"parent":19903,"menu_order":92,"comment_status":"closed","ping_status":"closed","template":"","meta":{"footnotes":""},"class_list":["post-44008","page","type-page","status-publish","hentry"],"_links":{"self":[{"href":"https:\/\/neocatechumenaleiter.org\/et\/wp-json\/wp\/v2\/pages\/44008","targetHints":{"allow":["GET"]}}],"collection":[{"href":"https:\/\/neocatechumenaleiter.org\/et\/wp-json\/wp\/v2\/pages"}],"about":[{"href":"https:\/\/neocatechumenaleiter.org\/et\/wp-json\/wp\/v2\/types\/page"}],"author":[{"embeddable":true,"href":"https:\/\/neocatechumenaleiter.org\/et\/wp-json\/wp\/v2\/users\/2"}],"replies":[{"embeddable":true,"href":"https:\/\/neocatechumenaleiter.org\/et\/wp-json\/wp\/v2\/comments?post=44008"}],"version-history":[{"count":5,"href":"https:\/\/neocatechumenaleiter.org\/et\/wp-json\/wp\/v2\/pages\/44008\/revisions"}],"predecessor-version":[{"id":47580,"href":"https:\/\/neocatechumenaleiter.org\/et\/wp-json\/wp\/v2\/pages\/44008\/revisions\/47580"}],"up":[{"embeddable":true,"href":"https:\/\/neocatechumenaleiter.org\/et\/wp-json\/wp\/v2\/pages\/19903"}],"wp:attachment":[{"href":"https:\/\/neocatechumenaleiter.org\/et\/wp-json\/wp\/v2\/media?parent=44008"}],"curies":[{"name":"wp","href":"https:\/\/api.w.org\/{rel}","templated":true}]}}