{"id":44012,"date":"2020-03-30T05:15:31","date_gmt":"2020-03-30T04:15:31","guid":{"rendered":"https:\/\/neocatechumenaleiter.org\/paavstide-sonad\/puha-johannes-paulus-ii\/nelipuha-vigiili-jutlus-rooma-linna-misjoni-lopul-22-v-1999\/"},"modified":"2026-02-27T15:10:50","modified_gmt":"2026-02-27T14:10:50","slug":"nelipuha-vigiili-jutlus-rooma-linna-misjoni-lopul-22-v-1999","status":"publish","type":"page","link":"https:\/\/neocatechumenaleiter.org\/et\/paavstide-sonad\/puha-johannes-paulus-ii\/nelipuha-vigiili-jutlus-rooma-linna-misjoni-lopul-22-v-1999\/","title":{"rendered":"Nelip\u00fcha Vigiili jutlus Rooma linnamisjoni l\u00f5pul 22-V-1999"},"content":{"rendered":"\n<h1 class=\"has-text-align-center wp-block-heading\">Nelip\u00fcha Vigiili jutlus Rooma linnamisjoni l\u00f5pul 22-V-1999<\/h1>\n\n<div style=\"height:20px\" aria-hidden=\"true\" class=\"wp-block-spacer\"><\/div>\n\n<h4 class=\"has-text-align-center wp-block-heading\">P\u00fcha Johannes Paulus II<\/h4>\n\n<div style=\"height:20px\" aria-hidden=\"true\" class=\"wp-block-spacer\"><\/div>\n\n<p><strong>P\u00fcha Peetruse v\u00e4ljak, 22. mai 1999 *<\/strong><\/p>\n\n<p><em>\u00ab<\/em><em>T\u00e4name Issandat selle erakordse s\u00fcndmuse eest, mis oli armastustegu Linna ja iga selle elaniku jaoks. Linnamisjon edendaski kristlikes kogudustes intensiivse vaimulikkuse teed, mida toidab palve ja Jumala S\u00f5na kuulamine\u00bb. Nende s\u00f5nadega Johannes Paulus II Nelip\u00fcha Vigiili Euharistia jutluse ajal laup\u00e4eva p\u00e4rastl\u00f5una, 22. mail, v\u00f5ttis kokku Rooma Kiriku poolt l\u00e4bitud teed 8. detsembrist 1995. aastast 1999. aasta Nelip\u00fcha suurp\u00fchani.<\/em><br \/><br \/><em>See on Johannes Paulus II jutluse tekst:<\/em><\/p>\n\n<p>1. \u00abAva uks Kristusele oma P\u00e4\u00e4stjale\u00bb: see kutse, mis on tugevalt kajanud kolmes Juubeliks valmistumise aastatel, on iseloomustanud meie Linnamisjonit.<br \/><br \/>T\u00e4name Jumalat selle erakordse s\u00fcndmuse eest, mis oli armastustegu Linna ja selle iga elaniku jaoks. Linnamisjon edendaski kristlikes kogudustes intensiivse vaimulikkuse teed, mida toidab palve ja Jumala S\u00f5na kuulamine.<br \/><br \/>See on ka lubanud kirikliku osaduse suurendamist, mida rooma Sinod oli m\u00e4rkinud v\u00e4ltimatu tingimusena uues evangeliseerimises.<br \/><br \/>Kogu piiskopkonna kogudus, oma eri ministeeriumites, kutsumustes ja karismades, on liikunud \u00fchiselt, et pakkuda oma palve, kuulutamise, tunnistuse ja teenimise panust. Oleme koos teinud kogemuse, et oleme \u00abJumala rahvas misjonis\u00bb.<br \/><br \/>Tunnen vajadust t\u00e4nada neid, kes on osalenud eri viisidel selles t\u00e4htsas pastoraalses algatuses. Eelk\u00f5ige Teie, H\u00e4rra Kardinal Vikaar, kes olete innukusega juhinud Misjonit, tihedas koost\u00f6\u00f6s Abipiiskoppidega, keda tervitan s\u00fcdamlikult. Tahaksin meenutada teisi Prelaate, kes on pakkunud oma hinnatud koost\u00f6\u00f6d ning nende seas kadunud Mons. Clemente Rivat.<br \/><br \/>M\u00f5tlen t\u00e4nulikkusega teile, kallid misjon\u00e4rid, preestrid, religioossed ja eriti ilmikud, kes olete esimestena kasu saanud Misjoni armust. Suuremeelne p\u00fchendumus, millega olete ennast valmistanud ja olete viinud Evangeeliumit kodudesse ja Linna keskkondadesse, on avanud uusi evangeliseerimis- ja kristliku kohalolu teid meie inimeste igap\u00e4eva elu kontekstis. P\u00fcha Vaim on juhinud teid samm-sammult, on inspireerinud teile \u00f5igeid s\u00f5nu Kristuse kuulutamiseks ning on toetanud teid v\u00e4ltimatutes raskushetkedes.<br \/><br \/>T\u00e4name Issanda selle eest, mida Ta on teinud, n\u00e4idates igas olukorras oma halastuse ja armastuse m\u00e4rke. Suur Juubel, mis on juba ustel, kannustab meid j\u00e4tkama selles misjonipingutuses sama t\u00f5ukega, et tugevdada ja laiendada Misjoni saavutatud tulemused. V\u00f5iksime, sel viisil, n\u00e4idata paljudele palver\u00e4nduritele, kes tulevad Rooma j\u00e4rgmisel aastal, meie k\u00fclalislahke ja avatud, usus uuendatud ja armastustegusid t\u00e4is Kiriku palet.<\/p>\n\n<p>2. Et see saaks toimuda, on vaja, et nii r\u00f5\u00f5msalt alustatud misjoneeriv tegu tugevneks ja areneks. On vaja j\u00e4tkata juba l\u00e4hemale tulnud inimeste ja perekondade toetamist nende kodudes, t\u00f6\u00f6kohtades, nagu ka j\u00f5uda nendeni, kellega, erinevatel p\u00f5hjustel, pole olnud v\u00f5imalik \u00fchendust v\u00f5tta m\u00f6\u00f6dunud aastatel. Iga-aastane k\u00fclastus perekondadele ja Evangeeliumi kuulamise keskustele, mida tihti peab laiendama kapillaarselt, olgu siis koguduste pastoraalne hing, t\u00e4nu kiriklike \u00fchenduste, liikumiste ja gruppide koost\u00f6\u00f6le. Jumala S\u00f5na t\u00e4histamine tehku selgemaks koguduste usuteed, eelk\u00f5ige liturgilise aasta tugevatel aegadel. Armastuse m\u00e4rk vaeste ja kannatajate poole saatku Issanda kuulutamist, n\u00e4idates tema elavat kohalolu, l\u00e4bi igap\u00e4evase vennaliku armastuse tunnistust. Peab tugevdama osadust kristlaste vahel, kes tegutsevad t\u00f6\u00f6- ja \u00f5pikeskkondades, hooldus- ja meelelahutuskohtades, kus on alustatud konkreetseid Evangeeliumi ettepanekuid. Misjoniga k\u00fclvatud evangeelse uudsuse idu peab kasvama ja vilju tooma kusiganes, ka seal, kus pole olnud v\u00f5imalust edendada kohaseid misjoneerivaid algatusi. Veel kiireloomulisem on selle t\u00f5ttu meie tunnistus. Mitte \u00fckski reaalsus polegi Evangeeliumi jaoks l\u00e4bitungimatu; vaid \u00fclest\u00f5usnud Kristus on juba m\u00fcstiliselt kohal, l\u00e4bi oma P\u00fcha Vaimu.<\/p>\n\n<p>3. Nii ulatuslik apostellik ettev\u00f5tmine n\u00f5uab vormimis- ja katehheside tegu, mis oleks suunatud kogu Jumala rahva poole, et see oleks enam teadlik oma misjoneerivast kutsumusest ning valmistunud andma p\u00f5hjust usust Kristuses alati ja k\u00f5ikjal.<br \/><br \/>Koguduste, religioossete koguduste, \u00fchenduste, liikumiste ja gruppide \u00fclesanne on kanda hoolt selle vormimise eest, valmistades ette usu-, palve ja kristliku kogemuse teid t\u00e4is teoloogilist, vaimset ja kultuurilist sisu.<br \/><br \/>Teile esimestena, kallid preestrid, on antud see kohustus: olge usu targad juhid ja t\u00e4helepanelikud \u00f5petlased oma kogudustes.<br \/><br \/>Teie, kallid religioossed, kes olete v\u00e4ga panustanud Misjonile, j\u00e4tkake selle toetamist oma palvega, elu p\u00fchadusega ja endale iseloomulikkude karismadega, erinevates apostellikes alades, milles olete p\u00fchendunud.<br \/><br \/>Teie, kallid ilmikud, olete kutsutud andma elu suurele p\u00fcsivale misjoneerivale liikumisele Linnas ja igas selle keskkonnas. Perekondade sees, kui ka ulatuslikus ja komplekses t\u00f6\u00f6- ja kultuurimaailmas, koolis, \u00fclikoolis, tervishoiuasutustes, massimeedias ning vabaaja tegevustes \u00e4rge oma panust tagasi hoidke, et Evangeeliumi kuulutus saaks m\u00f5jutada kogu \u00fchiskonda.<br \/><br \/>Ning kuidas unustada panust, mida Linnamisjonile on andnud ja kutsutud uuendama haiged oma kannatuse ohvrianniga, kloostris elavad inimesed oma pideva palvega?<br \/><br \/>K\u00f5ikidele ning iga\u00fchele l\u00e4heb minu tunnustus nende v\u00e4ga kasuliku vaimse abi eest.<\/p>\n\n<p>4. Vaadates neid kolme aastat Linnamisjonit, on lihtne m\u00f5ista, et Jumala S\u00f5na oli laialt k\u00fclvatud. Selleks, et see jumalik seeme ei l\u00e4heks kaduma, vaid juurduks kindlalt ning kannaks vilja igap\u00e4evases elus ja pastoraalis, on vaja eelistada spetsiifilist m\u00f5tisklemist, mis, kaasates k\u00f5iki kiriklike komponente, tuleks v\u00e4lja vastavas Konverentsis. M\u00f5tlen suurele kohtumisele, mis on vajalik m\u00e4rkimaks, Linnamisjoni kogemuste alusel, p\u00fcsiva evangeliseerimise ja misjoneerimise p\u00fchendumuse t\u00e4htsaid juhiseid.<br \/><br \/>Olla Kirik misjonis: see on suur v\u00e4ljakutse Rooma ja kogu maailma jaoks j\u00e4rgmiste aastate jooksul. Selle \u00fclesande annan teie hoolde, kallid preestrid, religioossed, ilmikud ning, erilisel viisil, teile, liikumistele ja uutele kogudustele, meenutades eelmise aasta kohtumist, Nelip\u00fcha vigiili, sellessamas v\u00e4ljakus. On vaja avada ennast kuulekusega Vaimu tegutsemisele, v\u00f5ttes t\u00e4nulikkusega ja s\u00f5nakuulelikkusega vastu ande, mida Tema ei l\u00f5peta andmast kogu Kiriku kasuks. T\u00e4na \u00f5htul Kristus kordab iga\u00fchele: \u00abMinge k\u00f5ike maailma ja kuulutage Evangeeliumit kogu loodule\u00bb (Mk 16,15).<br \/><br \/>Kallid, Evangeelium, mida Kristus on meie hoolde andnud, on rahu Evangeelium! Kuidas hoida seda ainult endale, eriti selles hetkes, kus r\u00f5humine ja s\u00f5da k\u00fclvavad h\u00e4vitamist ja surma l\u00e4hedases Balkani piirkonnas? Vaim kannustab meid olema rahu kuulutajad ja tegutsejad \u00f5igluses ja lepituses. Selles vaatepunktis soovin, et j\u00e4rgmisel <em>Corpus Domini\u00a0<\/em>suurp\u00fchal t\u00f5useks Rooma Kirikust kooris palve rahu jaoks. Kutsun siis k\u00f5iki teid &#8211; vaimulikud, religioossed, usklikud &#8211; minuga \u00fchinema neljap\u00e4eva \u00f5htul 3. juunil Lateraani Basiilikas, et osaleda\u00a0<em>Corpus Domini\u00a0<\/em>Missal ja protsessionil, kus palume koos rahu kehtestamist Balkanis. Kristuse P\u00fchima Ihu ja Vere p\u00e4ev olgu see aasta iseloomustatud intensiivsest palvest rahu eest.<\/p>\n\n<p><em>5. Tule P\u00fcha Vaim, t\u00e4ida oma ustavate s\u00fcdameid ja s\u00fc\u00fcta neis sinu armastuse tuli.<\/em><br \/><br \/>Tule, P\u00fcha Vaim! Kutsumine, mis k\u00f5lab selle Nelip\u00fcha vigiili Liturgias, t\u00e4idab meid r\u00f5\u00f5mu ja lootusega. P\u00fcha Vaim, Misjoni looja ja hing, \u00e4rata Rooma Kirikus palju misjon\u00e4re noorte, t\u00e4iskasvanute, perekondade keskel ning pane iga\u00fchte oma armastuse kustutamatu tuli.<br \/><br \/>Vaim, \u00abs\u00fcdamete valgus\u00bb, n\u00e4ita uusi teid linna- ja universaalse Misjoni jaoks kolmandas aastatuhandes, mis kohe algab.<br \/><br \/>\u00abT\u00e4iuslik lohutaja\u00bb, toeta neid, kellel pole usku, kinnita nende entusiasmi, kes on proovinud evangeliseerimise r\u00f5\u00f5mu, tugevda igas ustavas soovi ja julgust olla iga p\u00e4ev Evangeeliumi misjon\u00e4r oma elu- ja t\u00f6\u00f6keskkonnas.<br \/><br \/>\u00abHinge magus k\u00fclaline\u00bb, ava iga inimese, perekonna, religioosse koguduse s\u00fcda, et vaesed palver\u00e4ndurid, kes osalevad Juubeli s\u00fcndmustel, oleksid suuremeelsusega vastu v\u00f5etud. See ongi Linnamisjoni \u00fcks ilusamaid ja viljakamaid vilju: rooma armastuse, usuvilja, mis on alati saatnud P\u00fchade Aastate t\u00e4histamist, konkreetne uuendamine.<br \/><br \/>P\u00fchim Maarja, kes Nelip\u00fchast valvad Kirikuga P\u00fcha Vaimu kutsumises, j\u00e4\u00e4 meiega meie ainulaadse \u00fclemise toa keskel. Sinule, keda austame\u00a0<em>Jumaliku Armastuse Neitsina<\/em>, anname Linnamisjoni viljad, et sinu eestkoste l\u00e4bi Rooma Piiskopkond annaks maailmale Kristuse meie P\u00e4\u00e4stja veendunud tunnistust.<\/p>\n\n<p><em>(*) Vrd \u00abL\u2019Osservatore Romano\u00bb, 24.-25. mai 1999.<\/em><\/p>\n","protected":false},"excerpt":{"rendered":"<p>Nelip\u00fcha Vigiili jutlus Rooma linnamisjoni l\u00f5pul 22-V-1999 P\u00fcha Johannes Paulus II P\u00fcha Peetruse v\u00e4ljak, 22. mai 1999 * \u00abT\u00e4name Issandat selle erakordse s\u00fcndmuse eest, mis oli armastustegu Linna ja iga selle elaniku jaoks. Linnamisjon edendaski kristlikes kogudustes intensiivse vaimulikkuse teed, mida toidab palve ja Jumala S\u00f5na kuulamine\u00bb. Nende s\u00f5nadega Johannes Paulus II Nelip\u00fcha Vigiili Euharistia jutluse ajal laup\u00e4eva p\u00e4rastl\u00f5una, 22. mail, v\u00f5ttis kokku Rooma Kiriku poolt l\u00e4bitud teed 8. detsembrist<\/p>\n<div class=\"read-more\"><a class=\"btn read-more-btn\" href=\"https:\/\/neocatechumenaleiter.org\/et\/paavstide-sonad\/puha-johannes-paulus-ii\/nelipuha-vigiili-jutlus-rooma-linna-misjoni-lopul-22-v-1999\/\">Loe edasi<\/a><\/div>\n","protected":false},"author":2,"featured_media":0,"parent":19903,"menu_order":91,"comment_status":"closed","ping_status":"closed","template":"","meta":{"footnotes":""},"class_list":["post-44012","page","type-page","status-publish","hentry"],"_links":{"self":[{"href":"https:\/\/neocatechumenaleiter.org\/et\/wp-json\/wp\/v2\/pages\/44012","targetHints":{"allow":["GET"]}}],"collection":[{"href":"https:\/\/neocatechumenaleiter.org\/et\/wp-json\/wp\/v2\/pages"}],"about":[{"href":"https:\/\/neocatechumenaleiter.org\/et\/wp-json\/wp\/v2\/types\/page"}],"author":[{"embeddable":true,"href":"https:\/\/neocatechumenaleiter.org\/et\/wp-json\/wp\/v2\/users\/2"}],"replies":[{"embeddable":true,"href":"https:\/\/neocatechumenaleiter.org\/et\/wp-json\/wp\/v2\/comments?post=44012"}],"version-history":[{"count":15,"href":"https:\/\/neocatechumenaleiter.org\/et\/wp-json\/wp\/v2\/pages\/44012\/revisions"}],"predecessor-version":[{"id":47582,"href":"https:\/\/neocatechumenaleiter.org\/et\/wp-json\/wp\/v2\/pages\/44012\/revisions\/47582"}],"up":[{"embeddable":true,"href":"https:\/\/neocatechumenaleiter.org\/et\/wp-json\/wp\/v2\/pages\/19903"}],"wp:attachment":[{"href":"https:\/\/neocatechumenaleiter.org\/et\/wp-json\/wp\/v2\/media?parent=44012"}],"curies":[{"name":"wp","href":"https:\/\/api.w.org\/{rel}","templated":true}]}}