{"id":44066,"date":"2020-03-30T04:31:06","date_gmt":"2020-03-30T03:31:06","guid":{"rendered":"https:\/\/neocatechumenaleiter.org\/paavstide-sonad\/puha-johannes-paulus-ii\/ameerikate-piiskoppide-konvivents-new-yorgis-teemal-ainult-uus-esteetika-paastab-kirikut-1-iv-1997\/"},"modified":"2026-02-27T15:12:11","modified_gmt":"2026-02-27T14:12:11","slug":"ameerikate-piiskoppide-konvivents-new-yorgis-teemal-ainult-uus-esteetika-paastab-kirikut-1-iv-1997","status":"publish","type":"page","link":"https:\/\/neocatechumenaleiter.org\/et\/paavstide-sonad\/puha-johannes-paulus-ii\/ameerikate-piiskoppide-konvivents-new-yorgis-teemal-ainult-uus-esteetika-paastab-kirikut-1-iv-1997\/","title":{"rendered":"Ameerikate piiskoppide konvivents New Yorgis teemal: &#8220;ainult uus esteetika p\u00e4\u00e4stab kirikut&#8221; 1-IV-1997"},"content":{"rendered":"\n<h1 class=\"has-text-align-center wp-block-heading\">Ameerikate piiskoppide konvivents New Yorgis teemal: &#8220;ainult uus esteetika p\u00e4\u00e4stab kirikut&#8221; 1-IV-1997<\/h1>\n\n<div style=\"height:20px\" aria-hidden=\"true\" class=\"wp-block-spacer\"><\/div>\n\n<h4 class=\"has-text-align-center wp-block-heading\">P\u00fcha Johannes Paulus II<\/h4>\n\n<div style=\"height:20px\" aria-hidden=\"true\" class=\"wp-block-spacer\"><\/div>\n\n<div class=\"wp-block-image\"><figure class=\"alignleft size-large\"><img loading=\"lazy\" decoding=\"async\" width=\"400\" height=\"272\" src=\"https:\/\/neocatechumenaleiter.org\/wp-content\/uploads\/2020\/03\/Camino_Neocatecumenal_Juan_Pablo_II_convivencia_obispos_new_york_1997.jpg\" alt=\"\" class=\"wp-image-2698\" srcset=\"https:\/\/neocatechumenaleiter.org\/wp-content\/uploads\/2020\/03\/Camino_Neocatecumenal_Juan_Pablo_II_convivencia_obispos_new_york_1997.jpg 400w, https:\/\/neocatechumenaleiter.org\/wp-content\/uploads\/2020\/03\/Camino_Neocatecumenal_Juan_Pablo_II_convivencia_obispos_new_york_1997-300x204.jpg 300w\" sizes=\"auto, (max-width: 400px) 100vw, 400px\" \/><\/figure><\/div>\n\n<p><strong>New York, 1.-5. aprill 1997<\/strong><\/p>\n\n<p><em>&#8220;Uus Evangeliseerimine ja Kolmas Aastatuhat. Ainult uus esteetika p\u00e4\u00e4stab Kirikut&#8221; oli teemaks. Konvivents oli piiskoppidele pakutud v\u00f5imalus, et nad saaksid tunda Neokatehhumeenilist Teed, saades informatsiooni otse allikast. M\u00f5tisklus Uue Aastatuhande evangeliseerimise uue eestetika vajaduse j\u00e4rele poleks saanud olla sobivamas kohas kui &#8220;Suures \u00d5unas&#8221;, n\u00fc\u00fcdisaegse maailma kultuurilises pealinnas. &#8220;Uus esteetika&#8221;, mida Neokatehhumeeniline Tee esitleb l\u00e4bi oma piibellikku ja litrugilist algatust, n\u00e4itab, faktide reaalsuses, et see on v\u00f5imeline vastu seisma megalopolise kultuurilisele m\u00f5jule, mis \u00e4hvardab Kiriku elu.<\/em><\/p>\n\n<p><em>P\u00fcha Isa telegramm:<\/em><\/p>\n\n<p>P\u00fcha Isa informeeriti Neokatehhumeenilise Tee poolt organiseeritud kohtumisest New Yorgis 1. kuni 5. aprillini. Ta tervitab s\u00fcdamlikult k\u00f5iki neid, kes selles osalevad, eriti tema vendi piiskoppe, kes on toetanud seda algatust, pakkudes m\u00f5tisklust, \u00fchendatud palvega, mis aitab kaasa j\u00e4rgmisele erakordsele Ameerika Piiskoppide Sinodi kohtumisele.<\/p>\n\n<div class=\"wp-block-image\"><figure class=\"alignright size-large\"><img loading=\"lazy\" decoding=\"async\" width=\"338\" height=\"400\" src=\"https:\/\/neocatechumenaleiter.org\/wp-content\/uploads\/2020\/03\/Camino_Neocatecumenal_Juan_Pablo_II_convivencia_obispos_new_york_1997_2.jpg\" alt=\"\" class=\"wp-image-2705\" srcset=\"https:\/\/neocatechumenaleiter.org\/wp-content\/uploads\/2020\/03\/Camino_Neocatecumenal_Juan_Pablo_II_convivencia_obispos_new_york_1997_2.jpg 338w, https:\/\/neocatechumenaleiter.org\/wp-content\/uploads\/2020\/03\/Camino_Neocatecumenal_Juan_Pablo_II_convivencia_obispos_new_york_1997_2-254x300.jpg 254w\" sizes=\"auto, (max-width: 338px) 100vw, 338px\" \/><\/figure><\/div>\n\n<p>Sinodil on teemaks: &#8220;Kohtumine elava Jeesus Kristusega, tee p\u00f6\u00f6rdumisele, osadusele ja solidaarsusele Ameerikas&#8221;.&#013;\nSee Sinod soovib julgustada ja anda uut evangeliseerimisimpulssi Ameerika Kirikutes, kui nad valmistuvad suureks 2000. aasta Juubeliks. See kutsub uuendatud impulssile, mitte ainult karjaseid, vaid ka kiriklike \u00fchenduste ja liikumiste ilmikuid.<\/p>\n\n<p>Neil p\u00e4evil, \u00fcritate te tuvastada k\u00f5ige suuremaid v\u00e4ljakutseid, millega Ameerika Kirik silmitsi seisab pingutuses edasi viia seda t\u00e4htsat misjonit ning leida sobivaid lahendusi P\u00fcha Vaimu valguses. P\u00fcha Isa meenutab oma palvetes k\u00f5iki neid, kes kohtumises osalevad. Paludes k\u00fcllaldasi \u00f5nnistusi teie otsuste \u00fcle, saadab ta s\u00fcdamlikult oma apostellikku \u00f5nnistust.<\/p>\n\n<p><em>Kardinal Angelo Sodano, Riigisekret\u00e4r<\/em><\/p>\n","protected":false},"excerpt":{"rendered":"<p>Ameerikate piiskoppide konvivents New Yorgis teemal: &#8220;ainult uus esteetika p\u00e4\u00e4stab kirikut&#8221; 1-IV-1997 P\u00fcha Johannes Paulus II New York, 1.-5. aprill 1997 &#8220;Uus Evangeliseerimine ja Kolmas Aastatuhat. Ainult uus esteetika p\u00e4\u00e4stab Kirikut&#8221; oli teemaks. Konvivents oli piiskoppidele pakutud v\u00f5imalus, et nad saaksid tunda Neokatehhumeenilist Teed, saades informatsiooni otse allikast. M\u00f5tisklus Uue Aastatuhande evangeliseerimise uue eestetika vajaduse j\u00e4rele poleks saanud olla sobivamas kohas kui &#8220;Suures \u00d5unas&#8221;, n\u00fc\u00fcdisaegse maailma kultuurilises pealinnas. &#8220;Uus esteetika&#8221;,<\/p>\n<div class=\"read-more\"><a class=\"btn read-more-btn\" href=\"https:\/\/neocatechumenaleiter.org\/et\/paavstide-sonad\/puha-johannes-paulus-ii\/ameerikate-piiskoppide-konvivents-new-yorgis-teemal-ainult-uus-esteetika-paastab-kirikut-1-iv-1997\/\">Loe edasi<\/a><\/div>\n","protected":false},"author":2,"featured_media":0,"parent":19903,"menu_order":89,"comment_status":"closed","ping_status":"closed","template":"","meta":{"footnotes":""},"class_list":["post-44066","page","type-page","status-publish","hentry"],"_links":{"self":[{"href":"https:\/\/neocatechumenaleiter.org\/et\/wp-json\/wp\/v2\/pages\/44066","targetHints":{"allow":["GET"]}}],"collection":[{"href":"https:\/\/neocatechumenaleiter.org\/et\/wp-json\/wp\/v2\/pages"}],"about":[{"href":"https:\/\/neocatechumenaleiter.org\/et\/wp-json\/wp\/v2\/types\/page"}],"author":[{"embeddable":true,"href":"https:\/\/neocatechumenaleiter.org\/et\/wp-json\/wp\/v2\/users\/2"}],"replies":[{"embeddable":true,"href":"https:\/\/neocatechumenaleiter.org\/et\/wp-json\/wp\/v2\/comments?post=44066"}],"version-history":[{"count":5,"href":"https:\/\/neocatechumenaleiter.org\/et\/wp-json\/wp\/v2\/pages\/44066\/revisions"}],"predecessor-version":[{"id":47586,"href":"https:\/\/neocatechumenaleiter.org\/et\/wp-json\/wp\/v2\/pages\/44066\/revisions\/47586"}],"up":[{"embeddable":true,"href":"https:\/\/neocatechumenaleiter.org\/et\/wp-json\/wp\/v2\/pages\/19903"}],"wp:attachment":[{"href":"https:\/\/neocatechumenaleiter.org\/et\/wp-json\/wp\/v2\/media?parent=44066"}],"curies":[{"name":"wp","href":"https:\/\/api.w.org\/{rel}","templated":true}]}}