{"id":44076,"date":"2020-03-30T04:25:06","date_gmt":"2020-03-30T03:25:06","guid":{"rendered":"https:\/\/neocatechumenaleiter.org\/paavstide-sonad\/puha-johannes-paulus-ii\/ulestousmispuha-vigiil-puha-peetruse-basiilikas-ristimise-lubaduste-pidulik-uuendamine-30-iii-1997\/"},"modified":"2026-02-27T15:12:54","modified_gmt":"2026-02-27T14:12:54","slug":"ulestousmispuha-vigiil-puha-peetruse-basiilikas-ristimise-lubaduste-pidulik-uuendamine-30-iii-1997","status":"publish","type":"page","link":"https:\/\/neocatechumenaleiter.org\/et\/paavstide-sonad\/puha-johannes-paulus-ii\/ulestousmispuha-vigiil-puha-peetruse-basiilikas-ristimise-lubaduste-pidulik-uuendamine-30-iii-1997\/","title":{"rendered":"\u00dclest\u00f5usmisp\u00fcha Vigiil P\u00fcha Peetruse Basiilikas: Ristimise Lubaduste Pidulik Uuendamine 30-III-1997"},"content":{"rendered":"\n<h1 class=\"has-text-align-center wp-block-heading\">\u00dclest\u00f5usmisp\u00fcha Vigiil P\u00fcha Peetruse Basiilikas: Ristimise Lubaduste Pidulik Uuendamine 30-III-1997<\/h1>\n\n<div style=\"height:20px\" aria-hidden=\"true\" class=\"wp-block-spacer\"><\/div>\n\n<h4 class=\"has-text-align-center wp-block-heading\">P\u00fcha Johannes Paulus II<\/h4>\n\n<div style=\"height:20px\" aria-hidden=\"true\" class=\"wp-block-spacer\"><\/div>\n\n<p><strong>P\u00fcha Peetrus, 30. m\u00e4rts 1997<\/strong><\/p>\n\n<p><em>Oma katehheetide poolt saadetud, \u00dclest\u00f5usmisp\u00fcha Vigiili ajal, mida viis edasi P\u00fcha Isa Johannes Paulus II, uuendasid pidulikult ristimise lubadusi, Neokatehhumeenilise teekonna l\u00f5pul, neli kogudust: kolmas, neljas ja viies Kanada M\u00e4rtrite kihelkonna Kogudust ning Rooma P\u00fcha Francesca Cabrini kihelkonna neljas kogudus.<\/em><\/p>\n\n<div class=\"wp-block-image\"><figure class=\"aligncenter size-large\"><img loading=\"lazy\" decoding=\"async\" width=\"567\" height=\"686\" src=\"https:\/\/neocatechumenaleiter.org\/wp-content\/uploads\/2020\/03\/Camino_Neocatecumenal_Juan_Pablo_II_vigilia_pascual_hermanos_vestidura_blanca_1997.jpg\" alt=\"\" class=\"wp-image-2688\" srcset=\"https:\/\/neocatechumenaleiter.org\/wp-content\/uploads\/2020\/03\/Camino_Neocatecumenal_Juan_Pablo_II_vigilia_pascual_hermanos_vestidura_blanca_1997.jpg 567w, https:\/\/neocatechumenaleiter.org\/wp-content\/uploads\/2020\/03\/Camino_Neocatecumenal_Juan_Pablo_II_vigilia_pascual_hermanos_vestidura_blanca_1997-248x300.jpg 248w\" sizes=\"auto, (max-width: 567px) 100vw, 567px\" \/><\/figure><\/div>\n","protected":false},"excerpt":{"rendered":"<p>\u00dclest\u00f5usmisp\u00fcha Vigiil P\u00fcha Peetruse Basiilikas: Ristimise Lubaduste Pidulik Uuendamine 30-III-1997 P\u00fcha Johannes Paulus II P\u00fcha Peetrus, 30. m\u00e4rts 1997 Oma katehheetide poolt saadetud, \u00dclest\u00f5usmisp\u00fcha Vigiili ajal, mida viis edasi P\u00fcha Isa Johannes Paulus II, uuendasid pidulikult ristimise lubadusi, Neokatehhumeenilise teekonna l\u00f5pul, neli kogudust: kolmas, neljas ja viies Kanada M\u00e4rtrite kihelkonna Kogudust ning Rooma P\u00fcha Francesca Cabrini kihelkonna neljas kogudus.<\/p>\n","protected":false},"author":2,"featured_media":0,"parent":19903,"menu_order":88,"comment_status":"closed","ping_status":"closed","template":"","meta":{"footnotes":""},"class_list":["post-44076","page","type-page","status-publish","hentry"],"_links":{"self":[{"href":"https:\/\/neocatechumenaleiter.org\/et\/wp-json\/wp\/v2\/pages\/44076","targetHints":{"allow":["GET"]}}],"collection":[{"href":"https:\/\/neocatechumenaleiter.org\/et\/wp-json\/wp\/v2\/pages"}],"about":[{"href":"https:\/\/neocatechumenaleiter.org\/et\/wp-json\/wp\/v2\/types\/page"}],"author":[{"embeddable":true,"href":"https:\/\/neocatechumenaleiter.org\/et\/wp-json\/wp\/v2\/users\/2"}],"replies":[{"embeddable":true,"href":"https:\/\/neocatechumenaleiter.org\/et\/wp-json\/wp\/v2\/comments?post=44076"}],"version-history":[{"count":3,"href":"https:\/\/neocatechumenaleiter.org\/et\/wp-json\/wp\/v2\/pages\/44076\/revisions"}],"predecessor-version":[{"id":47588,"href":"https:\/\/neocatechumenaleiter.org\/et\/wp-json\/wp\/v2\/pages\/44076\/revisions\/47588"}],"up":[{"embeddable":true,"href":"https:\/\/neocatechumenaleiter.org\/et\/wp-json\/wp\/v2\/pages\/19903"}],"wp:attachment":[{"href":"https:\/\/neocatechumenaleiter.org\/et\/wp-json\/wp\/v2\/media?parent=44076"}],"curies":[{"name":"wp","href":"https:\/\/api.w.org\/{rel}","templated":true}]}}