{"id":44081,"date":"2020-03-30T04:21:43","date_gmt":"2020-03-30T03:21:43","guid":{"rendered":"https:\/\/neocatechumenaleiter.org\/paavstide-sonad\/puha-johannes-paulus-ii\/audients-neokatehhumeenilise-tee-algatajatega-ja-randkatehhistidega-24-i-1997\/"},"modified":"2026-02-27T15:13:38","modified_gmt":"2026-02-27T14:13:38","slug":"audients-neokatehhumeenilise-tee-algatajatega-ja-randkatehhistidega-24-i-1997","status":"publish","type":"page","link":"https:\/\/neocatechumenaleiter.org\/et\/paavstide-sonad\/puha-johannes-paulus-ii\/audients-neokatehhumeenilise-tee-algatajatega-ja-randkatehhistidega-24-i-1997\/","title":{"rendered":"Audients Neokatehhumeenilise Tee Algatajatega ja r\u00e4ndkatehheetidega 24-I-1997"},"content":{"rendered":"\n<h1 class=\"has-text-align-center wp-block-heading\">Audients Neokatehhumeenilise Tee Algatajatega ja r\u00e4ndkatehheetidega 24-I-1997<\/h1>\n\n<div style=\"height:20px\" aria-hidden=\"true\" class=\"wp-block-spacer\"><\/div>\n\n<h4 class=\"has-text-align-center wp-block-heading\">P\u00fcha Johannes Paulus II<\/h4>\n\n<div style=\"height:20px\" aria-hidden=\"true\" class=\"wp-block-spacer\"><\/div>\n\n<p><strong>Vatikan &#8211; Klementuse Aula, 24. jaanuar 1997<\/strong><\/p>\n\n<p><em>Paavst v\u00f5ttis audientsis vastu Neokatehhumeenilise Tee r\u00e4ndkatehheete. Kohtumise k\u00e4igus, mis toimus Klementuse Aulas, pidas P\u00fcha Isa j\u00e4rgmist k\u00f5net:<\/em><\/p>\n\n<p>Kallid Vennad ja \u00d5ed!<br \/><br \/>1. Olete teretulnud Paavsti koju! Ma tervitan teid s\u00fcdamlikult, kallid r\u00e4ndavad ilmikud ja preestrid, koos teie vastutajatega, Neokatehhumeenilise Tee algatajatega. Teie t\u00e4nane visiit on minu jaoks suureks lohutuseks.<br \/><br \/>Ma tean, et te tulete otse kogunemisest, mis teil oli Siinai M\u00e4el ja Punase Mere kaldal. Mitmete p\u00f5hjuste p\u00e4rast oli see, teie jaoks, ajalooline hetk.\u00a0<strong>Olete valinud oma vaimse retriidi sihtkohaks paiga, mis on v\u00e4ga t\u00e4htis p\u00e4\u00e4steloos, v\u00e4ga sobiv paik, et kuulata ja mediteerida Jumala s\u00f5na <\/strong>ning et paremini m\u00f5ista Issanda plaani teie suhtes.<br \/><br \/>Olete niimoodi soovinud m\u00e4lestada Tee kolmek\u00fcmmet eluaastat. Kui suure tee olete l\u00e4binud Issanda abiga! <strong>Tee on n\u00e4inud nende aastate jooksul t\u00f5esti h\u00e4mmastavat arengut ja levikut Kirikus.\u00a0<\/strong>Alanud Madridi slummides, nagu evangeelne sinepiivake, on see muutunud, kolmk\u00fcmmend aastat hiljem, suureks puuks, mis laiub n\u00fc\u00fcd \u00fcle 100 maailmariigis, suure kohalolekuga ka idamaiste Kirikute katoliiklaste seas.<\/p>\n\n<div class=\"wp-block-image\"><figure class=\"alignleft size-large\"><img loading=\"lazy\" decoding=\"async\" width=\"679\" height=\"562\" src=\"https:\/\/neocatechumenaleiter.org\/wp-content\/uploads\/2020\/03\/Camino_Neocatecumenal_Juan_Pablo_II_audiencia_hermanos_del_Camino_1997.jpg\" alt=\"\" class=\"wp-image-2664\" srcset=\"https:\/\/neocatechumenaleiter.org\/wp-content\/uploads\/2020\/03\/Camino_Neocatecumenal_Juan_Pablo_II_audiencia_hermanos_del_Camino_1997.jpg 679w, https:\/\/neocatechumenaleiter.org\/wp-content\/uploads\/2020\/03\/Camino_Neocatecumenal_Juan_Pablo_II_audiencia_hermanos_del_Camino_1997-300x248.jpg 300w\" sizes=\"auto, (max-width: 679px) 100vw, 679px\" \/><\/figure><\/div>\n\n<p>2. Nagu iga aastap\u00e4ev, ka teie, usuvalguses vaadatuna, muutub kiidu- ja t\u00e4nuv\u00f5imaluseks andide k\u00fclluse eest, mida Issand on lubanud nendes aastates teile ja, l\u00e4bi teie, kogu Kirikule.\u00a0<strong>Paljude jaoks neokatehhumeeniline kogemus on olnud p\u00f6\u00f6rdumise- ja k\u00fcpseks saamise tee usus l\u00e4bi Ristimise taasavastamise t\u00f5elise eluallikana ning Euharistia taasavastamise kristlase olemasolu kulmineeriva hetkena: l\u00e4bi Jumala s\u00f5na taasavastamise, mis, seletatuna vennalikus osaduses, muutub elu valguseks ja juhiks; l\u00e4bi Kiriku taasavastuse autentse misjoneeriva kogudusena.<\/strong><br \/><br \/><strong>Kui palju noori on t\u00e4nu Teele avastanud ka oma kutsumust preesterlusele ja religioossele elule!\u00a0<\/strong>Teie t\u00e4nane visiit pakub ka mulle r\u00f5\u00f5msa v\u00f5imaluse \u00fchineda teie kiitus- ja t\u00e4nulaulule \u00absuurte asjade\u00bb (<em>magnalia<\/em>) eest, mida Jumal teeb Tee kogemuses.<\/p>\n\n<p><strong>3. Tema lugu joonistub kiriklike liikumiste ja \u00fchenduste \u00f5itsemise kontsekstis, mis on \u00fcks k\u00f5ige ilusamaid Vatikani Kirikukogu poolt algatatud vaimse uuenduse vilju.\u00a0<\/strong>Selline \u00f5itsemine oli ja on ikka veel suur P\u00fcha Vaimu and ning s\u00e4rav lootuse m\u00e4rk Kolmanda Aastatuhande l\u00e4vel.\u00a0<strong>Nii karjased kui ka ustavad ilmikud peavad oskama seda andi vastu v\u00f5tta t\u00e4nulikkusega, aga ka suure vastutustundega, arvestades sellega, et \u00abKirikus, nii institutsiooniline aspekt kui ka karismaatiline, nii Hierarhia kui ka usklike \u00dchendused ja Liikumised, on h\u00e4davajalikud ja viivad eluni, uuenduseni, p\u00fchaks saamiseni, isegi kui erinevatel viisidel\u00bb <\/strong>(Johannes Paulus II,\u00a0<em>Kiriklike Liikumiste Rahvusvahelise Kollokviumi osalejatele<\/em>, 2., 3. m\u00e4rts 1987:\u00a0<em>Johannes Paulus II \u00f5petused<\/em>, vol XI\/(1987), 478). T\u00e4nap\u00e4eva maailmas, s\u00fcgavalt sekulariseerunud, <em>uus evangeliseerimine on \u00fcks t\u00e4htsamatest v\u00e4ljakutsetest. <\/em><strong>Kiriklikud liikumised, mida iseloomustab just misjoneeriv t\u00f5uge<\/strong>, on kutsutud erilisele p\u00fchendumisele osadus- ja koost\u00f6\u00f6vaimus.\u00a0<em>Redemptoris missio\u00a0<\/em>Ents\u00fcklikas olen kirjutanud sel p\u00f5hjusel: \u00abKui nad sisestavad ennast alandlikkusega kohalike Kirikute elusse ja on s\u00fcdamlikult vastu v\u00f5etud piiskoppide ja preestrite poolt piiskopkondlikes ja koguduslikes struktuurides,\u00a0<strong>esindavad liikumised t\u00f5elist Jumala andi uue evangeliseerimise jaoks ja misjoniaktiivsuse jaoks \u00f5igesti \u00f6eldes. Soovitan, seet\u00f5ttu, neid levitada ja kasutada, et anda j\u00f5udu eelk\u00f5ige noorte vahel, kristlikule elule\u00bb <\/strong>(Johannes Paulus II, <em>Redemptoris missio<\/em>, nr 72).<br \/><br \/>Sel p\u00f5hjusel, 1998. aastaks, mis Suure Juubeli valmistusplaanis on p\u00fchendatud P\u00fcha Vaimule, olen lootnud\u00a0<em>k\u00f5ikide kiriklike liikumiste <\/em><em>\u00fchist tunnistust<\/em>, Ilmikute Paavstliku N\u00f5ukogu juhtimise all. See on osadus- ja uuendatud p\u00fchendumise hetk Kiriku misjoni teenistuses. Olen kindel, et te ei puudu sellest v\u00e4ga t\u00e4henduslikust kohtumisest.<\/p>\n\n<div class=\"wp-block-image\"><figure class=\"alignright size-large\"><img loading=\"lazy\" decoding=\"async\" width=\"393\" height=\"353\" src=\"https:\/\/neocatechumenaleiter.org\/wp-content\/uploads\/2020\/03\/Camino_Neocatecumenal_Juan_Pablo_II_audiencia_hermanos_del_Camino_1997_2.jpg\" alt=\"\" class=\"wp-image-2671\" srcset=\"https:\/\/neocatechumenaleiter.org\/wp-content\/uploads\/2020\/03\/Camino_Neocatecumenal_Juan_Pablo_II_audiencia_hermanos_del_Camino_1997_2.jpg 393w, https:\/\/neocatechumenaleiter.org\/wp-content\/uploads\/2020\/03\/Camino_Neocatecumenal_Juan_Pablo_II_audiencia_hermanos_del_Camino_1997_2-300x269.jpg 300w\" sizes=\"auto, (max-width: 393px) 100vw, 393px\" \/><\/figure><\/div>\n\n<p>4. Neokatehhumeeniline Tee saab kolmek\u00fcmne aastaseks: see on teatud k\u00fcpsuse vanus, ma \u00fctleks. Teie kogunemine Siinais on avanud teie ees teatud m\u00f5ttes uue etapi. Sobivalt olete \u00fcritanud p\u00f6\u00f6rata oma pilgu usuvaimuga mitte ainult mineviku poole, vaid ka tuleviku poole, k\u00fcsides endalt, mis on Jumala plaan Tee suhtes selles ajaloolises hetkes. Issand on pannud teie k\u00e4tte v\u00e4\u00e4rtusliku aarde. Kuidas seda t\u00e4iuses elada? Kuidas seda arendada? Kuidas jagada seda veel paremini teistega? Kuidas kaitsta seda oleviku v\u00f5i tulevaste ohtude eest? Need on m\u00f5ned k\u00fcsimused, mida te olete endalt k\u00fcsinud, Tee vastutajatena v\u00f5i esimese tunni r\u00e4ndkatehheetidena. Nendele k\u00fcsimustele vastamiseks, palve- ja s\u00fcgava m\u00f5tiskluse kliimas, olete alustanud Siinais Tee Statuudi v\u00e4ljat\u00f6\u00f6tamise protsessi. See on v\u00e4ga t\u00e4htis samm, mis avab tee selle formaalsele juriidilisele tunnistamisele, Kiriku poolt, andes teile lisatagatise teie karisma autentsusest. Nagu me teame, \u00abhinnang nende (karismade) autentsuse ja nende igap\u00e4evase tegevuse \u00fcle kuulub nendele, kes juhivad Kirikus, kelle \u00fclesandeks on, mitte Vaimu kustutamine, vaid k\u00f5ige l\u00e4bi uurimine ja hinnata, mis on hea\u00bb (Lumen Gentium, 12). Ma julgustan teid edasi viima alustatud t\u00f6\u00f6d, Ilmikute Paavstliku N\u00f5ukogu juhi all, ning eriti tema Sekret\u00e4ri, Mons. Stanis\u0142av Rj\u0142ko juhi all, kes on t\u00e4na siin teiega. Sellel teel saadan ma teid oma erilise palvega. Enne l\u00f5petamist sooviksin ma anda m\u00f5nele \u00f5ele risti, m\u00e4rgina nende ustavusest Kirikule ja nende evangeliseerimise misjonile t\u00e4ielikust p\u00fchendumusest. Issand Jeesus olgu teie lohutus ja teie toetus raskushetkedel. Neitsi Kiriku P\u00fchim Ema olgu teile eeskujuks ja juhiks igas olukorras. Selle sooviga, annan teile kohalolijatele ning nendele, kes kuuluvad Neokatehhumeenilisse Teesse, oma s\u00fcdamlikku \u00f5nnistust.&#013;\n&#013;\n<em>(*) Vrd \u00abL\u2019Osservatore Romano\u00bb, 25. jaanuar 1997.<\/em><\/p>\n\n<figure class=\"wp-block-image size-large\"><img loading=\"lazy\" decoding=\"async\" width=\"675\" height=\"558\" src=\"https:\/\/neocatechumenaleiter.org\/wp-content\/uploads\/2020\/03\/Camino_Neocatecumenal_Juan_Pablo_II_audiencia_hermanos_del_Camino_1997_3.jpg\" alt=\"\" class=\"wp-image-2678\" srcset=\"https:\/\/neocatechumenaleiter.org\/wp-content\/uploads\/2020\/03\/Camino_Neocatecumenal_Juan_Pablo_II_audiencia_hermanos_del_Camino_1997_3.jpg 675w, https:\/\/neocatechumenaleiter.org\/wp-content\/uploads\/2020\/03\/Camino_Neocatecumenal_Juan_Pablo_II_audiencia_hermanos_del_Camino_1997_3-300x248.jpg 300w\" sizes=\"auto, (max-width: 675px) 100vw, 675px\" \/><\/figure>","protected":false},"excerpt":{"rendered":"<p>Audients Neokatehhumeenilise Tee Algatajatega ja r\u00e4ndkatehheetidega 24-I-1997 P\u00fcha Johannes Paulus II Vatikan &#8211; Klementuse Aula, 24. jaanuar 1997 Paavst v\u00f5ttis audientsis vastu Neokatehhumeenilise Tee r\u00e4ndkatehheete. Kohtumise k\u00e4igus, mis toimus Klementuse Aulas, pidas P\u00fcha Isa j\u00e4rgmist k\u00f5net: Kallid Vennad ja \u00d5ed! 1. Olete teretulnud Paavsti koju! Ma tervitan teid s\u00fcdamlikult, kallid r\u00e4ndavad ilmikud ja preestrid, koos teie vastutajatega, Neokatehhumeenilise Tee algatajatega. Teie t\u00e4nane visiit on minu jaoks suureks lohutuseks. Ma tean,<\/p>\n<div class=\"read-more\"><a class=\"btn read-more-btn\" href=\"https:\/\/neocatechumenaleiter.org\/et\/paavstide-sonad\/puha-johannes-paulus-ii\/audients-neokatehhumeenilise-tee-algatajatega-ja-randkatehhistidega-24-i-1997\/\">Loe edasi<\/a><\/div>\n","protected":false},"author":2,"featured_media":0,"parent":19903,"menu_order":87,"comment_status":"closed","ping_status":"closed","template":"","meta":{"footnotes":""},"class_list":["post-44081","page","type-page","status-publish","hentry"],"_links":{"self":[{"href":"https:\/\/neocatechumenaleiter.org\/et\/wp-json\/wp\/v2\/pages\/44081","targetHints":{"allow":["GET"]}}],"collection":[{"href":"https:\/\/neocatechumenaleiter.org\/et\/wp-json\/wp\/v2\/pages"}],"about":[{"href":"https:\/\/neocatechumenaleiter.org\/et\/wp-json\/wp\/v2\/types\/page"}],"author":[{"embeddable":true,"href":"https:\/\/neocatechumenaleiter.org\/et\/wp-json\/wp\/v2\/users\/2"}],"replies":[{"embeddable":true,"href":"https:\/\/neocatechumenaleiter.org\/et\/wp-json\/wp\/v2\/comments?post=44081"}],"version-history":[{"count":9,"href":"https:\/\/neocatechumenaleiter.org\/et\/wp-json\/wp\/v2\/pages\/44081\/revisions"}],"predecessor-version":[{"id":47590,"href":"https:\/\/neocatechumenaleiter.org\/et\/wp-json\/wp\/v2\/pages\/44081\/revisions\/47590"}],"up":[{"embeddable":true,"href":"https:\/\/neocatechumenaleiter.org\/et\/wp-json\/wp\/v2\/pages\/19903"}],"wp:attachment":[{"href":"https:\/\/neocatechumenaleiter.org\/et\/wp-json\/wp\/v2\/media?parent=44081"}],"curies":[{"name":"wp","href":"https:\/\/api.w.org\/{rel}","templated":true}]}}