{"id":44096,"date":"2020-03-04T02:19:33","date_gmt":"2020-03-04T01:19:33","guid":{"rendered":"https:\/\/neocatechumenaleiter.org\/paavstide-sonad\/puha-johannes-paulus-ii\/nelipuha-vigiil-puha-peetruse-valjakul-2000-aasta-suure-juubeli-puhul-25-v-1996\/"},"modified":"2026-02-27T15:14:17","modified_gmt":"2026-02-27T14:14:17","slug":"nelipuha-vigiil-puha-peetruse-valjakul-2000-aasta-suure-juubeli-puhul-25-v-1996","status":"publish","type":"page","link":"https:\/\/neocatechumenaleiter.org\/et\/paavstide-sonad\/puha-johannes-paulus-ii\/nelipuha-vigiil-puha-peetruse-valjakul-2000-aasta-suure-juubeli-puhul-25-v-1996\/","title":{"rendered":"Nelip\u00fcha Vigiil P\u00fcha Peetruse v\u00e4ljakul 2000. aasta Suure Juubeli puhul 25-V-1996"},"content":{"rendered":"\n<h1 class=\"has-text-align-center wp-block-heading\">Nelip\u00fcha Vigiil P\u00fcha Peetruse v\u00e4ljakul 2000. aasta Suure Juubeli puhul 25-V-1996<\/h1>\n\n<div style=\"height:20px\" aria-hidden=\"true\" class=\"wp-block-spacer\"><\/div>\n\n<h4 class=\"has-text-align-center wp-block-heading\">P\u00fcha Johannes Paulus II<\/h4>\n\n<div style=\"height:20px\" aria-hidden=\"true\" class=\"wp-block-spacer\"><\/div>\n\n<p><strong>P\u00fcha Peetruse v\u00e4ljak, 25. mai 1996<\/strong><\/p>\n\n<p><em>Vigiilil, mille k\u00e4igus Johannes Paulus II t\u00e4histas Euharistiat Vatikani Basiilika esihoovis, osalesid k\u00f5ik piiskopkondliku kirikukoguduse liikmed: preestrid, religioossed, kihelkonnad, \u00fchingud, liikumised, uued kogudused. Kohal oli \u00fcle kuuek\u00fcmne tuhande ustava, samas kui p\u00fchitsevaid preestreid (k.a Piiskopkonnas olevad Kardinalid ja Piiskopid) oli umbes 1400.<\/em><br \/><br \/><em>Toome v\u00e4lja Johannes Paulus II jutluse teksti:<\/em><\/p>\n\n<p><em>1. Rahu teile! Nagu Isa on l\u00e4kitanud minu, nii saadan ka mina &#8230; V\u00f5tke vastu P\u00fcha Vaimu! <\/em>(Jh 20,21-22)<br \/><br \/>Selles Nelip\u00fcha vigiilis, Kirik, mis on Roomas, on kogunenud nagu Apostlid \u00dclemisse Tuppa peale paasatriduumi s\u00fcndmuste. Nemad teadsid, et Issand oli \u00fcles t\u00f5usnud ning oli ilmutanud ennast Siimonale.<br \/><br \/>Aga Jeesus ise l\u00e4ks nende juurde ning andis neile rahutervituse. N\u00e4itas siis oma l\u00e4bistatud k\u00e4si ja k\u00fclge, kannatuse n\u00e4htavate m\u00e4rkidega. Jah!\u00a0<em>See on Tema. See on seesama Jeesus, enne risti l\u00f6\u00f6dud ja n\u00fc\u00fcd \u00fcles t\u00f5usnud.<\/em><br \/><br \/>\u00abSiis said j\u00fcngrid r\u00f5\u00f5msaks Issandat n\u00e4hes\u00bb (Jh 20,20).<br \/><br \/>Paasa\u00f6\u00f6st aga kuulutas Jeesus Nelip\u00fcha s\u00fcndmust: \u00abNagu Isa on l\u00e4kitanud mind, n\u00f5nda saadan mina teid&#8230; V\u00f5tke vastu P\u00fcha Vaim\u00bb (Jh 20,21-22).<\/p>\n\n<p>2. Kallid Rooma Piiskopkonna Vennad ja \u00d5ed!\u00a0<em>L\u00e4bi palvevigiili, mis meenutab paasavigiili, oleme siia kogunenud, et valmistuda <\/em>P\u00fcha Vaimu alla tulemise suurp\u00fchaks.<br \/><br \/>Apostlite Tegude raamatu lugemine, mida me just kuulasime, tuletab meelde seda, mis juhtus Jeruusalemmas Nelip\u00fcha p\u00e4eval: \u00e4kk tugev tuul, tulekeelte ilmutus, J\u00fcngrid, t\u00e4is P\u00fcha Vaimu, <em>hakkavad kuulutama Evangeeliumit neile tundmatuis keeltes. <\/em>S\u00fcnnib Kirik.<br \/><br \/>Erinevatesse riikidesse kuuluvad ja erinevaid keeli k\u00f5nelevad inimesed kuulevad J\u00fcngreid omas keeles r\u00e4\u00e4kimas, J\u00fcngrid olid Galileast (vrd Ap 1,11): \u00abme kuuleme r\u00e4\u00e4gitavat meie endi keeles Jumala suuri asju\u00bb (Ap 2,11).<br \/><br \/><em>See on<\/em> Apostlite\u00a0<em>misjoni pidulik algus<\/em>, misjon, mida nad said \u00dclest\u00f5usnult viisk\u00fcmmend p\u00e4eva enne, kes oli neid k\u00e4skinud: \u00abMina saadan teid&#8230; V\u00f5tke vastu P\u00fcha Vaimu\u00bb (Jh 20,21-22).<\/p>\n\n<p>3. \u00a0\u00ab<em>Emitte Spiritum tuum et creabuntur<\/em>: s<span class=\"q qb\">a l\u00e4kitad v\u00e4lja oma vaimu <\/span><span class=\"q\">ja nad luuakse,<\/span>\u00bb (vrd Ps 104,30).<br \/><br \/>\u00d6eldes: \u00abV\u00f5tke vastu P\u00fcha Vaimu\u00bb, paljastab Kristus Jumala Vaimu loomisj\u00f5udu, mis on valatud iga inimese peale (vrd Jl 3,1),\u00a0<em>taastab seda inimkonna \u00fchtsust, mida h\u00e4vitati patu p\u00e4rast Paabeli torni juures.<\/em><br \/><br \/>Paabel on muutunud lagunemise ja meeleheite s\u00fcmboliks (vrd 1Ms 11,1-9). Nelip\u00fcha aga moodustab \u00fchtsuse t\u00e4ielikku t\u00e4itumist, mis t\u00f5e Vaimu v\u00e4e l\u00e4bi, ehitatakse taas just eksistentsi paljususest ja inimkogemustest alates.<br \/><br \/><em>Kristus on pandud<\/em> Uue Lepingu <em>rahva peaks<\/em>: Tema on oodatud suur Prohvet. Tema \u00fcmber peavad kogunema uue Iisraeli \u00abpojad ja t\u00fctred\u00bb (vrd\u00a0<em>Lumen Gentium<\/em>, nr 9), kes elu andvast Vaimust liigutatuna (Hs 37,14), v\u00f5tavad isiklikut osa Kristuse, Preestri, Prohveti ja Kuninga p\u00e4\u00e4stemisjonist, j\u00e4rgides tema j\u00e4lgi, sajandite ja aastatuhandite jooksul.<\/p>\n\n<p>4. Teine kristlik aastatuhat j\u00f5uab juba l\u00f5pule. Teadlikud \u00abtertio millennio adveniente&#8217;st\u00bb, kolmandast tulevasest aastatuhandest, mis l\u00e4heneb, oleme kogunenud selles erilises Kiriku \u00dclemises Toas t\u00e4na \u00f5htul, Peetruse haua juures. Meid vaatavad kaks aatatuhandet, mida oleme peaaegu l\u00e4binud, tunnistatud erilisel viisil selle koha poolt, m\u00e4rgitud M\u00e4rtrite ja Usutunnistajate haudadest. Siin oleme Apostlite reliikviate juures, Roomas oleva Kiriku sambad. Ning kordub meie vahel, n\u00fc\u00fcd, see, mis juhtus Paasa\u00f6\u00f6l. Kristus, l\u00e4bi Euharistia, l\u00e4bistab ruumi ja aja ning teeb ennast kohalolevaks meie keskel, nagu ta tegi tollal \u00dclemisse Tuppa kogunenud Apostlitega. Lausub meile neidsamu s\u00f5nu: \u00abRahu teile! Nagu Isa on l\u00e4kitanud minu, n\u00f5nda saadan ma teid. V\u00f5tke vastu P\u00fcha Vaimu\u00bb.<\/p>\n\n<p>5. V\u00f5tke vastu P\u00fcha Vaimu! Oleme kogunenud, et koos paluda P\u00fcha Vaimu anni kogu Rooma Kirikukogudusele, kutsutud t\u00e4ide viima keerulist linnamisjonit. Selle apostelliku algatusega, soovib Roomas olev Kirik avada oma k\u00e4ed igale Linna inimesele ja perekonnale ning imbuda nagu p\u00e4rm igasse t\u00f6\u00f6-, kannatuse-, kunsti- ja kultuurikeskkonda, kuulutades ja tunnistades l\u00e4hedastele ja kaugetele \u00fclest\u00f5usnud Issandat. Kallid selles metropolis, mis kahjuks ei p\u00e4\u00e4se sekularismi kiusatustest, elavad Vennad ja \u00d5ed, oleme kergelt \u00e4hvardatud v\u00e4simusest, \u00fcksk\u00f5iksusest, vaimsest tuimsusest ning sellest relativismist, kus k\u00f5ik lahjendub ja seguneb. Seep\u00e4rast suur linnamisjon, mida me selles Vigiilis pidulikult sisse juhatame, on suunatud ennek\u00f5ike usklikele. See on eelk\u00f5ige palumine P\u00fchalt Vaimult, et ta tugevdaks meie usku, uuendaks meie innukust, \u00e4rataks meie armastust. Meie s\u00fcda \u00e4rgu lasku ennast hirmutada kartustest ja segadustest. Vastupidi, toetudes mitte inimj\u00f5ul, vaid armule, mis tuleb Jumalast, viime, Kristuse t\u00f5e ja armastuse tunnistajatena, lootuse Evangeeliumit igale Rooma elanikule. Niimoodi saame m\u00f5jutada ka kultuuri, eluviise, kogu Linnakoguduse ootuseid ja projekte.<\/p>\n\n<p>6. Roomas olev Kirik, Issand on sind armastanud tingimusteta armastusega. Seep\u00e4rast oled t\u00e4is vaimset ja misjoneerivat energiat ning palju enamat, just l\u00e4bi misjoni, \u00e4ratab Vaim sinus. P\u00f6\u00f6rdun k\u00f5igi teie poole, kallid vennad preesterluses, p\u00fchitsetud, et olla Evangeeliumi esimesed tunnistajad ning t\u00f5e ja \u00fchtsuse j\u00fcngrid: olge esimesed misjoni v\u00e4simatud tegutsejad, olge p\u00fchad, et olla kuulekad vahendid, mille l\u00e4bi Jumal p\u00fchitseb oma rahvast. Kihelkondades peab algama see misjon ning teie kihelkonna kogudustest olete vastutajad ja p\u00e4devad juhid. Ning teie, kallid religioossed, kutsutud olema Jumala kohaloleku prohvetlik m\u00e4rk, andke ennast innukusega, l\u00e4bi palve ja apostellikke tegevusi, sellele misjonis Kirikule. Just selles enese andmises leiate oma kutsumuse ilu. M\u00f5tlen teile, kallid vennad ja \u00f5ed, kes kannatlikkusega tegutsete kihelkondades ning vormite igap\u00e4evast kihekonna aktiivsust, katehheesi ja armastuse teenistust. L\u00e4bi misjoni v\u00f5ite leida uuendatud vaimset innukust, et edasi anda Kristuse Evangeeliumit oma perekondades ning t\u00f6\u00f6kohtades. Teie, kallid arvukad liikumiste, organismide ja kiriklike \u00fchenduste liikmed, kinnitage linnamisjonile t\u00e4ielikku ja ustavad koost\u00f6\u00f6d tihedas suhtlemises Karjastega, kihelkondadega ja kogu piiskopkonna reaalsusega.<\/p>\n\n<p>Teie, kallid noored, pange oma v\u00e4rsked energiad selle suure vaimse ettev\u00f5tmise teenistusse, \u00fcletades igat ettetulevat hirmu v\u00f5i inimaustust. Kuulutage siiralt ja julgusega oma usku Kristuses teievanuste ja s\u00f5prade keskel. Ka teilt, kallid haiged ja kannatajad, ning teilt, kes tunnete ennast marginaliseeritutena, linnamisjon ootab panust, mis on teatud m\u00f5ttes selle edukuse jaoks m\u00e4\u00e4rav. V\u00f5ttes vastu teie olukorda ja andes seda taevasele Isale koos Kristusega, v\u00f5ite muutuda ettehoolduse ja m\u00fcstiliseks teeks Rooma p\u00e4\u00e4steks. <\/p>\n\n<p>Misjon kuulub teile, kallid Rooma Kuuria liikmed ja minu kaast\u00f6\u00f6lised universaalse Kiriku teenistuses, kutsutud andma oma p\u00e4devat panust kristliku Koguduse elule, mis on Roomas, ning 2000. aasta Suure Juubeli valmistamisele. Ka teie panus on v\u00e4ga t\u00e4htis selle laia evangeliseerimise teo edukaks tulemiks. Misjon on ka teie jaoks, kallid vennad ja \u00f5ed, kes olete j\u00f5udnud Rooma erinevatest maailmaosadest. Teie olete n\u00fc\u00fcdseks meie piiskopkondliku Koguduse lahutamatu osa. Ait\u00e4h, et te olete siin meiega, t\u00e4na \u00f5htul, palvetamas. N\u00e4idaku linnamisjon, peale piiskopkondlikku Sinodi, veel \u00fchte sammu edasi vaimse kasvu ja k\u00f5ikide meie Linnas elavate kristlaste vahelise osaduse tees.<\/p>\n\n<p>7. Meie pilk t\u00e4na \u00f5htul, ei saa mitte minna universaalse Kiriku ootustele, mis on teel 2000. aasta suure Juubelini. Kirik \u00fcritab saada elavamat teadlikkust Vaimu kohalolust, mis tegutseb temas, tema osaduse ja misjoni heaks, l\u00e4bi sakramentaalsete, hierarhiliste ja karismaatiliste andide.<br \/><br \/>\u00dcks Vaimu andidest meie ajale on kindlasti\u00a0<em>kiriklike liikumiste\u00a0<\/em>\u00f5itsemine, mida juba oma Pontifikaadi algusest j\u00e4tkan n\u00e4itamast lootuse p\u00f5hjusena Kiriku jaoks ja inimeste jaoks. Nemad \u00abon m\u00e4rk vormide vabadusest, milles realiseerub ainus Kirik, ja kujutavad kindlat uudsust, mis veel ootab sobivat m\u00f5istmist kogu oma positiivses efektiivsuses Jumalariigi jaoks t\u00e4nap\u00e4eva loo teos\u00bb (<em>\u00d5petused<\/em>, VII\/2 [1984], lk 696). Suure Juubeli t\u00e4histamiste plaanis, eriti 1998. aasta omas, p\u00fchendatud erilisel viisil P\u00fcha Vaimule ja tema p\u00fchaks tegevale kohalolule Kristuse j\u00fcngrite Koguduse sees (vrd <em>Tertio\u00a0<\/em><em>millennio adveniente<\/em>, nr 44), loodan ma\u00a0<em>liikumiste \u00fchise tunnistuse ja koost\u00f6\u00f6le.<\/em> Loodan, et nemad, osaduses Karjastega ning \u00fchenduses piiskopkondlike algatustega, soovivad viia Kiriku s\u00fcdamesse oma karismaatilist ja ka harivat ja misjoneerivat rikkust, v\u00e4\u00e4rtusliku kogemuse ja kristliku elu v\u00f5imalusena.<\/p>\n\n<p>8. \u00abRahu teile! Nagu Isa on l\u00e4kitanud minu, ka mina saadan teid&#8230; V\u00f5tke vastu P\u00fcha Vaimu\u00bb. Kristus, ka Evangeeliumi raamatu m\u00e4rgis, mida t\u00e4na \u00f5htul annan Vikaarkardinalile, et seda Lateraani Basiilikas pidulikult v\u00e4lja panna, on kohal ja toetab suure linnamisjoni teed, mis juhatab Rooma Kirikukogudust kolmanda aastatuhande l\u00e4vele. \u00abN\u00f5nda saadan mina teid&#8230;\u00bb. Issand, nagu juhtus sinu Kiriku misjoni algul, sina t\u00e4na saadad meid uue evangeliseeriva misjoni jaoks. Annad meile \u00fclesande edasi kanda Head Uudist selle Linna t\u00e4navatel ja v\u00e4ljakutel; sina tahad, et sinu Kirik oleks lootuse ja rahu palver\u00e4ndur maailma t\u00e4navatel. Toeta meie teed oma Vaimu j\u00f5uga; muuda meid Evangeeliumi julgeteks j\u00fcngriteks ja uue inimkonna ehitajateks. Maarja, Salus Popoli Romani, kes sa saadad oma austatud ikooniga t\u00e4na\u00f6ist palver\u00e4nnakut, juhi meie samme; anna meile P\u00fcha Vaimu andide t\u00e4iust.<\/p>\n\n<p>\u00abEmitte Spiritum tuum et creabuntur\u00bb. Aamen! (*) Vrd \u00abL\u2019Osservatore Romano\u00bb, 27.-28. mai 1996.<\/p>\n","protected":false},"excerpt":{"rendered":"<p>Nelip\u00fcha Vigiil P\u00fcha Peetruse v\u00e4ljakul 2000. aasta Suure Juubeli puhul 25-V-1996 P\u00fcha Johannes Paulus II P\u00fcha Peetruse v\u00e4ljak, 25. mai 1996 Vigiilil, mille k\u00e4igus Johannes Paulus II t\u00e4histas Euharistiat Vatikani Basiilika esihoovis, osalesid k\u00f5ik piiskopkondliku kirikukoguduse liikmed: preestrid, religioossed, kihelkonnad, \u00fchingud, liikumised, uued kogudused. Kohal oli \u00fcle kuuek\u00fcmne tuhande ustava, samas kui p\u00fchitsevaid preestreid (k.a Piiskopkonnas olevad Kardinalid ja Piiskopid) oli umbes 1400. Toome v\u00e4lja Johannes Paulus II jutluse teksti:<\/p>\n<div class=\"read-more\"><a class=\"btn read-more-btn\" href=\"https:\/\/neocatechumenaleiter.org\/et\/paavstide-sonad\/puha-johannes-paulus-ii\/nelipuha-vigiil-puha-peetruse-valjakul-2000-aasta-suure-juubeli-puhul-25-v-1996\/\">Loe edasi<\/a><\/div>\n","protected":false},"author":2,"featured_media":0,"parent":19903,"menu_order":86,"comment_status":"closed","ping_status":"closed","template":"","meta":{"footnotes":""},"class_list":["post-44096","page","type-page","status-publish","hentry"],"_links":{"self":[{"href":"https:\/\/neocatechumenaleiter.org\/et\/wp-json\/wp\/v2\/pages\/44096","targetHints":{"allow":["GET"]}}],"collection":[{"href":"https:\/\/neocatechumenaleiter.org\/et\/wp-json\/wp\/v2\/pages"}],"about":[{"href":"https:\/\/neocatechumenaleiter.org\/et\/wp-json\/wp\/v2\/types\/page"}],"author":[{"embeddable":true,"href":"https:\/\/neocatechumenaleiter.org\/et\/wp-json\/wp\/v2\/users\/2"}],"replies":[{"embeddable":true,"href":"https:\/\/neocatechumenaleiter.org\/et\/wp-json\/wp\/v2\/comments?post=44096"}],"version-history":[{"count":7,"href":"https:\/\/neocatechumenaleiter.org\/et\/wp-json\/wp\/v2\/pages\/44096\/revisions"}],"predecessor-version":[{"id":47592,"href":"https:\/\/neocatechumenaleiter.org\/et\/wp-json\/wp\/v2\/pages\/44096\/revisions\/47592"}],"up":[{"embeddable":true,"href":"https:\/\/neocatechumenaleiter.org\/et\/wp-json\/wp\/v2\/pages\/19903"}],"wp:attachment":[{"href":"https:\/\/neocatechumenaleiter.org\/et\/wp-json\/wp\/v2\/media?parent=44096"}],"curies":[{"name":"wp","href":"https:\/\/api.w.org\/{rel}","templated":true}]}}