{"id":44102,"date":"2020-03-04T02:16:49","date_gmt":"2020-03-04T01:16:49","guid":{"rendered":"https:\/\/neocatechumenaleiter.org\/paavstide-sonad\/puha-johannes-paulus-ii\/38-preestri-ordineerimine-puha-peetruses-28-iv-1996\/"},"modified":"2026-02-27T15:14:59","modified_gmt":"2026-02-27T14:14:59","slug":"38-preestri-ordineerimine-puha-peetruses-28-iv-1996","status":"publish","type":"page","link":"https:\/\/neocatechumenaleiter.org\/et\/paavstide-sonad\/puha-johannes-paulus-ii\/38-preestri-ordineerimine-puha-peetruses-28-iv-1996\/","title":{"rendered":"38 preestri Ordineerimine P\u00fcha Peetruses 28-IV-1996"},"content":{"rendered":"\n<h1 class=\"has-text-align-center wp-block-heading\">38 preestri Ordineerimine P\u00fcha Peetruses 28-IV-1996<\/h1>\n\n<div style=\"height:20px\" aria-hidden=\"true\" class=\"wp-block-spacer\"><\/div>\n\n<h4 class=\"has-text-align-center wp-block-heading\">P\u00fcha Johannes Paulus II<\/h4>\n\n<div style=\"height:20px\" aria-hidden=\"true\" class=\"wp-block-spacer\"><\/div>\n\n<div class=\"wp-block-image\"><figure class=\"alignleft size-medium\"><img loading=\"lazy\" decoding=\"async\" width=\"300\" height=\"212\" src=\"https:\/\/neocatechumenaleiter.org\/wp-content\/uploads\/2020\/03\/Camino_Neocatecumenal_Juan_Pablo_II_ordenacion_sacerdotal_1996_2-300x212.jpg\" alt=\"\" class=\"wp-image-2644\" srcset=\"https:\/\/neocatechumenaleiter.org\/wp-content\/uploads\/2020\/03\/Camino_Neocatecumenal_Juan_Pablo_II_ordenacion_sacerdotal_1996_2-300x212.jpg 300w, https:\/\/neocatechumenaleiter.org\/wp-content\/uploads\/2020\/03\/Camino_Neocatecumenal_Juan_Pablo_II_ordenacion_sacerdotal_1996_2.jpg 681w\" sizes=\"auto, (max-width: 300px) 100vw, 300px\" \/><\/figure><\/div>\n\n<p><strong>P\u00fcha Peetrus, 28. aprill 1996<\/strong><\/p>\n\n<p><em>P\u00fcha Isa ordineeris kolmk\u00fcmmend kaheksa uut preestrit, kellest 18 olid \u201cRedemptoris Mater\u201d seminarist. Toome j\u00e4rgnevalt v\u00e4lja jutlust:<\/em><\/p>\n\n<p>1. \u00abMina olen hea karjane\u00bb (Jh 10,11). Kallid diakonid, varsti p\u00fchitsetakse teid Preestriteks ning teid viiakse intiimselt vastamisi Kristus Hea Karjasega, kelle kuju valitseb seda neljandat \u00dclest\u00f5usmisp\u00fcha p\u00fchap\u00e4eva, \u00fclemaailmne Palvep\u00e4ev kutsumuste jaoks.<br \/><br \/>V\u00f5tan teid vastu suure armastusega, koos Rooma nelja Seminari kogudustega, kus te olete l\u00e4binud oma vormimise teed: Rooma Suur Seminar, Collegio Capranica, <em>Redemptoris Mater <\/em>ning\u00a0Jumaliku Armastuse oblaatide Seminar. Ma v\u00f5tan teid vastu teie perekondadega, kust moodustusid teie preesterlusele kutsumuse juured. Enne kui teid emaihus valmistati, olite te juba Jumala erilise plaani objektiks (vrd Jr 1,5).<br \/><br \/>V\u00f5tan teid vastu kihelkondade, liikumiste s\u00f5pradega, kelle juures olete teinnud pastoraalset kogemust. Sellel aastal, milles mina meenutan 50. aastat preestriks P\u00fchitsemisest, olen \u00f5nnelik panna oma k\u00e4ed kolmek\u00fcmne kaheksa noore peale, keda Rooma piiskopkond Jumalale annab, et nad p\u00fchenduks tema rahva teenimisele.<\/p>\n\n<p>2. \u00abMina olen hea karjane\u00bb. Peatume m\u00f5neks hetkeks, et m\u00f5tiskleda koos Johannese Evangeeliumi s\u00f5nade \u00fcle. Need k\u00f5lavadki t\u00e4na erilisel viisil teie jaoks, kes te selle sakramendiga olete lubatud erilisele osalemisele Kristus Preestri ja Hea Karjase m\u00fcsteeriumile.<br \/><br \/>\u00abHea karjane annab oma elu lammaste eest\u00bb (Jh 10,11). Nii, Johannese keeles, Jeesus v\u00f5tab kokku oma misjonit. Sedasama loogikat leiame apostel Peetruse esimese Kirja s\u00f5nades:<br \/><br \/>\u00abT<span id=\"v0160002024-t1756277509212\" class=\"verse-1\"><span class=\"v\"><span class=\"rv\">a kandis ise meie patud oma ihus \u00fcles ristipuule, et meie, olles surnud pattudele, elaksime \u00f5igusele; tema vermete varal te olete saanud terveks.<\/span><\/span><\/span> &#8230; <span id=\"v0160002021-t1756277509212\" class=\"verse-1\"><span class=\"v vf\"><span class=\"rv\">Kristus kannatas teie eest, j\u00e4ttes teile eeskuju, et te k\u00e4iksite tema j\u00e4lgedes<\/span><\/span><\/span>\u00bb (1Pt 2,24.21).<br \/><br \/>Kallid diakonid, teie preestriks Ordineerimise p\u00e4eval, olete kutsutud vastu v\u00f5tma ja embama v\u00e4ga isiklikul ja tingimusteta viisil seda \u00abEeskuju\u00bb. Olete kutsutud seda armastama. Iga\u00fchele teist ma \u00fctlen:\u00a0<strong>\u00fchine kogu iseendaga Temale, kes on viinud ristipuule k\u00f5ik sinu patud ja kogu inimkonna omad; armasta oma eeskuju ja k\u00e4i tema j\u00e4lgedes!<\/strong><\/p>\n\n<div class=\"wp-block-image\"><figure class=\"alignright size-medium\"><img loading=\"lazy\" decoding=\"async\" width=\"300\" height=\"250\" src=\"https:\/\/neocatechumenaleiter.org\/wp-content\/uploads\/2020\/03\/Camino_Neocatecumenal_Juan_Pablo_II_ordenacion_sacerdotal_1996-300x250.jpg\" alt=\"\" class=\"wp-image-2651\" srcset=\"https:\/\/neocatechumenaleiter.org\/wp-content\/uploads\/2020\/03\/Camino_Neocatecumenal_Juan_Pablo_II_ordenacion_sacerdotal_1996-300x250.jpg 300w, https:\/\/neocatechumenaleiter.org\/wp-content\/uploads\/2020\/03\/Camino_Neocatecumenal_Juan_Pablo_II_ordenacion_sacerdotal_1996.jpg 672w\" sizes=\"auto, (max-width: 300px) 100vw, 300px\" \/><\/figure><\/div>\n\n<p>3. \u00abMina olen hea karjane, ma tunnen oma lambaid ja minu lambad tunnevad mind\u00bb (Jh 10,14).<br \/><br \/>See \u00abtundmine\u00bb, teie teate seda h\u00e4sti, olles seda \u00f5ppinud ning eelk\u00f5ige olles seda isiklikult kogenud, on ainulaadne tundmine. See s\u00fcnnib\u00a0<strong>p\u00e4\u00e4stvast hoolitsusest<\/strong>. See on mitte ainult meelega tundmine, vaid ka s\u00fcdamega tundmine; tundmine, mis on sellel, kes armastab ja, vastastikku, on armastatud; kes on ustav ja kes usaldades usaldab ennast tema hoolde.<br \/><br \/>Imelises Psalmis 23, t\u00e4nase liturgia Vastuspsalmis, selline armastuse tundmine leiab \u00fclimusliku v\u00e4ljenduse kiidutunnistuses, mis tuleb palvetavast hingest, millel on piiramatu rahu ja kindlus t\u00e4nu Jumala hooliva kohalolule:<\/p>\n\n<p><span id=\"v0119023001-t1756278324439\" class=\"verse-1\"><span class=\"v vp vc vq\"><span class=\"rv\"><span class=\"q\">\u00abIssand on mu karjane; <\/span><span class=\"q\">mul pole millestki puudust. <\/span><\/span><\/span><\/span><span id=\"v0119023002-t1756278324439\" class=\"verse-1\"><span class=\"v vq\"><span class=\"rv\"><span class=\"q qb\">Haljale aasale paneb ta mind lebama, <\/span><span class=\"q\">hingamisveele saadab ta mind. T<\/span><\/span><\/span><\/span><span id=\"v0119023003-t1756278324439\" class=\"verse-1\"><span class=\"v vq\"><span class=\"rv\"><span class=\"q qb\">ema kosutab mu hinge. <\/span><span class=\"q\">Ta juhib mind \u00f5iguse r\u00f6\u00f6bastesse <\/span><span class=\"q\">oma nime p\u00e4rast&#8230; <\/span><\/span><\/span><\/span><span id=\"v0119023005-t1756278324439\" class=\"verse-1\"><span class=\"v vq\"><span class=\"rv\"><span class=\"q qb\">Sa katad mu ette laua&#8230; <\/span><span class=\"q\">sa v\u00f5iad mu pead \u00f5liga\u00bb (vrd Ps 23,1-3.5).<\/span><\/span><\/span><\/span><\/p>\n\n<p>Jumala Hea Karjase poolt tagatud <strong>usaldus ja kindlustunne\u00a0<\/strong>ei\u00a0<strong>puudu isegi proovile panemise<\/strong> ja k\u00f5ige raskemate kogemuste<strong> ajal<\/strong>:<br \/><br \/><span class=\"q qb\">\u00abKa kui ma k\u00f5nniksin pimedas orus, <\/span><span class=\"q\">ei karda ma kurja, <\/span><span class=\"q\">sest sina oled minuga\u00bb (Ps 23,4).<\/span><br \/><br \/>Preestriks Ordineerimise p\u00e4eval, kallid diakonid, iga\u00fcks teist elavdagu oma s\u00fcdamep\u00f5hjas usaldust: kindel ja h\u00e4irimatu usaldus, mis \u00f5itseb hinges seda Nime kutsudes: \u00abHea Karjane\u00bb. Elavdage seda juba n\u00fc\u00fcd, pidades meeles proovile panemisi ja raskuseid, mida preestri elu ja ministeerium endaga kaasa toovad. Kristus on alati\u00a0<strong>hooliv Karjane<\/strong>, eriti nendega, keda ta kutsub osalema, l\u00e4bi ministeeriva preesterluse, omaenda pastoraalsele hoolivusele.<\/p>\n\n<p>4. Tema on uks lammaste jaoks (vrd Jh 10,7).<br \/><br \/>Igas hetkes, heas ja healvas, teab preester, et tema hing ja tema hoolde antud hinged on Hea Karjase ainulaadse hoolivuse objektiks. Seep\u00e4rast l\u00e4bib ta usaldusega oma misjonit. Tema teab, et k\u00f5ikide jaoks on avatud tee igavesele elule l\u00e4bi elava ukse, ainus ja universaalne, kes on Kristus meie Paasap\u00fcha.<br \/><br \/>T\u00e4na, kallid diakonid, sisenete te intiimsesse suhtesse Kristus hingede Karjasega. Iga\u00fcks teist, \u00fchendatud temaga, saab kaasvastutajaks hingede tee eest surmast elule, elust liha j\u00e4rgi eluni Vaimu j\u00e4rgi. Ja seda \u00fclesannet on v\u00f5imalik t\u00e4ita eelk\u00f5ige palvega ja elu ohvrianniga Kristuse jaoks, Kristusega ja Kristuses.<\/p>\n\n<p>N\u00fc\u00fcdsest kutsun ma teid <strong>j\u00e4tma <\/strong><strong>Tema hoolde<\/strong>, kes ta on lammaste Karjane ja Uks, k\u00f5iki neid, keda jumalik Ettehooldus soovib kutsuda ja tutvustada l\u00e4bi Tema, l\u00e4bi teie pastoraalse teenimise.<br \/><br \/>Milline vastutus! Mis v\u00f5ib preestril lubada sellist \u00fclesannet t\u00e4ita? Ainult kindlus, et Kristus on k\u00f5ikide hingede Karjane ning on iga preestri k\u00f5rval, et toetada teda oma ministeeriumis.<br \/><br \/>Ning\u00a0<strong>preestri k\u00f5rval on ka P\u00fchim Maarja<\/strong>, Hea Karjase ja meie preesterluse Ema. Tema hoolde, kallid diakonid, j\u00e4tan iga\u00fchte teist ja teie ministeeriumit.<\/p>\n\n<p>Issand, kes valmistab laua teie ees, v\u00f5idku teie pea r\u00f5\u00f5mu\u00f5liga ning tehku kindlaks, et teie karikas on alati tema armastusest pilgeni t\u00e4is (vrd Ps 23,5). Aamen!<br \/><br \/><em>(*) Vrd \u00abL\u2019Osservatore Romano\u00bb, 29.-30. aprill <\/em>1996.<\/p>\n","protected":false},"excerpt":{"rendered":"<p>38 preestri Ordineerimine P\u00fcha Peetruses 28-IV-1996 P\u00fcha Johannes Paulus II P\u00fcha Peetrus, 28. aprill 1996 P\u00fcha Isa ordineeris kolmk\u00fcmmend kaheksa uut preestrit, kellest 18 olid \u201cRedemptoris Mater\u201d seminarist. Toome j\u00e4rgnevalt v\u00e4lja jutlust: 1. \u00abMina olen hea karjane\u00bb (Jh 10,11). Kallid diakonid, varsti p\u00fchitsetakse teid Preestriteks ning teid viiakse intiimselt vastamisi Kristus Hea Karjasega, kelle kuju valitseb seda neljandat \u00dclest\u00f5usmisp\u00fcha p\u00fchap\u00e4eva, \u00fclemaailmne Palvep\u00e4ev kutsumuste jaoks. V\u00f5tan teid vastu suure armastusega, koos<\/p>\n<div class=\"read-more\"><a class=\"btn read-more-btn\" href=\"https:\/\/neocatechumenaleiter.org\/et\/paavstide-sonad\/puha-johannes-paulus-ii\/38-preestri-ordineerimine-puha-peetruses-28-iv-1996\/\">Loe edasi<\/a><\/div>\n","protected":false},"author":2,"featured_media":0,"parent":19903,"menu_order":85,"comment_status":"closed","ping_status":"closed","template":"","meta":{"footnotes":""},"class_list":["post-44102","page","type-page","status-publish","hentry"],"_links":{"self":[{"href":"https:\/\/neocatechumenaleiter.org\/et\/wp-json\/wp\/v2\/pages\/44102","targetHints":{"allow":["GET"]}}],"collection":[{"href":"https:\/\/neocatechumenaleiter.org\/et\/wp-json\/wp\/v2\/pages"}],"about":[{"href":"https:\/\/neocatechumenaleiter.org\/et\/wp-json\/wp\/v2\/types\/page"}],"author":[{"embeddable":true,"href":"https:\/\/neocatechumenaleiter.org\/et\/wp-json\/wp\/v2\/users\/2"}],"replies":[{"embeddable":true,"href":"https:\/\/neocatechumenaleiter.org\/et\/wp-json\/wp\/v2\/comments?post=44102"}],"version-history":[{"count":15,"href":"https:\/\/neocatechumenaleiter.org\/et\/wp-json\/wp\/v2\/pages\/44102\/revisions"}],"predecessor-version":[{"id":47594,"href":"https:\/\/neocatechumenaleiter.org\/et\/wp-json\/wp\/v2\/pages\/44102\/revisions\/47594"}],"up":[{"embeddable":true,"href":"https:\/\/neocatechumenaleiter.org\/et\/wp-json\/wp\/v2\/pages\/19903"}],"wp:attachment":[{"href":"https:\/\/neocatechumenaleiter.org\/et\/wp-json\/wp\/v2\/media?parent=44102"}],"curies":[{"name":"wp","href":"https:\/\/api.w.org\/{rel}","templated":true}]}}