{"id":44122,"date":"2020-03-04T02:13:42","date_gmt":"2020-03-04T01:13:42","guid":{"rendered":"https:\/\/neocatechumenaleiter.org\/paavstide-sonad\/puha-johannes-paulus-ii\/audients-saksamaast-parit-neokatehhumeenilisele-grupiga-26-iv-1996\/"},"modified":"2026-02-27T15:15:33","modified_gmt":"2026-02-27T14:15:33","slug":"audients-saksamaast-parit-neokatehhumeenilisele-grupiga-26-iv-1996","status":"publish","type":"page","link":"https:\/\/neocatechumenaleiter.org\/et\/paavstide-sonad\/puha-johannes-paulus-ii\/audients-saksamaast-parit-neokatehhumeenilisele-grupiga-26-iv-1996\/","title":{"rendered":"Audients Saksamaast p\u00e4rit neokatehhumeenilisele grupiga 26-IV-1996"},"content":{"rendered":"\n<h1 class=\"has-text-align-center wp-block-heading\">Audients Saksamaast p\u00e4rit neokatehhumeenilisele grupiga 26-IV-1996<\/h1>\n\n<div style=\"height:20px\" aria-hidden=\"true\" class=\"wp-block-spacer\"><\/div>\n\n<h4 class=\"has-text-align-center wp-block-heading\">P\u00fcha Johannes Paulus II<\/h4>\n\n<div style=\"height:20px\" aria-hidden=\"true\" class=\"wp-block-spacer\"><\/div>\n\n<div class=\"wp-block-image\"><figure class=\"alignright size-medium\"><img loading=\"lazy\" decoding=\"async\" width=\"300\" height=\"250\" src=\"https:\/\/neocatechumenaleiter.org\/wp-content\/uploads\/2020\/03\/Camino_Neocatecumenal_Juan_Pablo_II_audiencia_hermanos_camino_alemania_1996-300x250.jpg\" alt=\"\" class=\"wp-image-2627\" srcset=\"https:\/\/neocatechumenaleiter.org\/wp-content\/uploads\/2020\/03\/Camino_Neocatecumenal_Juan_Pablo_II_audiencia_hermanos_camino_alemania_1996-300x250.jpg 300w, https:\/\/neocatechumenaleiter.org\/wp-content\/uploads\/2020\/03\/Camino_Neocatecumenal_Juan_Pablo_II_audiencia_hermanos_camino_alemania_1996.jpg 680w\" sizes=\"auto, (max-width: 300px) 100vw, 300px\" \/><\/figure><\/div>\n\n<p><strong>Vatikan &#8211; Klementuse Aula, 26. aprill 1996<\/strong><\/p>\n\n<p><em>Johannes Paulus II v\u00f5ttis reedel, 26. aprillil, audientsil vastu Saksamaast p\u00e4rit Neokatehhumeenilise grupi. Klementuse Aulas toimunud kohtumise k\u00e4igus lausus P\u00fcha Isa j\u00e4rgmised s\u00f5nad:<\/em><\/p>\n\n<p>Kallid Vennad ja \u00d5ed,<\/p>\n\n<p>V\u00f5tan teid soojalt vastu Teie Apostlite haudade visiidi puhul sel \u00fclest\u00f5usmisajal. \u00dcks Evangeeliumi k\u00f5ige muljetavaldavam s\u00fcndmus on jutustus \u00dclest\u00f5usnu kohtumisest Emmause j\u00fcngritega. Emmause s\u00fcndmus tahab meile \u00f6elda: teekonnas on inimesed, kes otsivad ja kes on t\u00e4nulikud iga tees oleva koguduse eest, inimesed, kes otsivad ning on valmis kuulama ja \u00f5ppima.<\/p>\n\n<p>Me oleme igavesed palver\u00e4ndurid, alati teel; me ei saa teed h\u00fclgata. Teel Jeruusalemmast Emmausi muutub reaalsuseks see Kristuse s\u00f5na, mis rajab Kirikut: \u00abKus kaks v\u00f5i kolm on minu nimel koos, seal olen mina nende keskel\u00bb (Mt 18,20).<\/p>\n\n<p>Meie oma on Jumal, kes on l\u00e4hedal ning mitte ei j\u00e4\u00e4 kaugele. Sellep\u00e4rast meie, t\u00f5eliste kristlastena, oleme inimesed, kes k\u00f5nnivad Jumalaga enda k\u00f5rval ning meie maise palver\u00e4nnaku sihtkohaks on Jumal.<\/p>\n\n<p>Kui Jeesus n\u00e4gi oma ristisurma l\u00e4henemas, \u00fctles ta oma s\u00f5pradele, et ta l\u00e4heb Isa juurde (vrd Jh 14,28). Ainult alustades sellest l\u00f5pujoonest saab meie teekond t\u00f5elise sisemise orinetatsiooni ja oma s\u00fcgava t\u00e4henduse. \u00abTeha Jumala tahtmist\u00bb oli Jeesuse jaoks ainus tegutsemisalus ja see andis talle kindluse ja v\u00e4risematu stabiilsuse.<\/p>\n\n<div class=\"wp-block-image\"><figure class=\"alignleft size-medium\"><img loading=\"lazy\" decoding=\"async\" width=\"250\" height=\"300\" src=\"https:\/\/neocatechumenaleiter.org\/wp-content\/uploads\/2020\/03\/Camino_Neocatecumenal_Juan_Pablo_II_audiencia_hermanos_camino_alemania_1996_2-250x300.jpg\" alt=\"\" class=\"wp-image-2634\" srcset=\"https:\/\/neocatechumenaleiter.org\/wp-content\/uploads\/2020\/03\/Camino_Neocatecumenal_Juan_Pablo_II_audiencia_hermanos_camino_alemania_1996_2-250x300.jpg 250w, https:\/\/neocatechumenaleiter.org\/wp-content\/uploads\/2020\/03\/Camino_Neocatecumenal_Juan_Pablo_II_audiencia_hermanos_camino_alemania_1996_2.jpg 568w\" sizes=\"auto, (max-width: 250px) 100vw, 250px\" \/><\/figure><\/div>\n\n<p>Tegutseda Jumala tahte j\u00e4rgi t\u00e4hendab, ilmikute jaoks Kirikus, suuremat p\u00fchendumust muutuvas \u00fchiskpnnas, mis on Kiriku suhtes \u00fcksk\u00f5ikne. Muretsege Jeesuse j\u00e4rgimisele ja tema n\u00e4gemisele kohalolevana nendes vendades ja \u00f5dedes, keda te kohtate oma elutees v\u00f5i keda l\u00e4hete otsima kannatus- ja h\u00fclgamiskohtades ning \u00fchiskonna \u00e4\u00e4realadel. Viige neile oma inimliku solidaarsuse soojus ja n\u00e4idake neile \u00fcleloomulikku lohutust usust Kristuses.<\/p>\n\n<p>Jumaliku Ema eestkoste l\u00e4bi, teie palve meie Jumalale ja Issandale andku teile oskust tuua konkreetset panust vaimse uuenduse jaoks selles meie maailmas, mis on m\u00f5nikord nii kustunud ideaalide puudumise t\u00f5ttu.<\/p>\n\n<p>Selle teie misjoni jaoks palun Jumalalt, et ta kaitseks teid ja saadaks teid ning annan heameelega teile apostellikku \u00f5nnistust. (*) Vrd \u00abL\u2019Osservatore Romano\u00bb, 27. aprill 1996.<\/p>\n","protected":false},"excerpt":{"rendered":"<p>Audients Saksamaast p\u00e4rit neokatehhumeenilisele grupiga 26-IV-1996 P\u00fcha Johannes Paulus II Vatikan &#8211; Klementuse Aula, 26. aprill 1996 Johannes Paulus II v\u00f5ttis reedel, 26. aprillil, audientsil vastu Saksamaast p\u00e4rit Neokatehhumeenilise grupi. Klementuse Aulas toimunud kohtumise k\u00e4igus lausus P\u00fcha Isa j\u00e4rgmised s\u00f5nad: Kallid Vennad ja \u00d5ed, V\u00f5tan teid soojalt vastu Teie Apostlite haudade visiidi puhul sel \u00fclest\u00f5usmisajal. \u00dcks Evangeeliumi k\u00f5ige muljetavaldavam s\u00fcndmus on jutustus \u00dclest\u00f5usnu kohtumisest Emmause j\u00fcngritega. Emmause s\u00fcndmus tahab meile<\/p>\n<div class=\"read-more\"><a class=\"btn read-more-btn\" href=\"https:\/\/neocatechumenaleiter.org\/et\/paavstide-sonad\/puha-johannes-paulus-ii\/audients-saksamaast-parit-neokatehhumeenilisele-grupiga-26-iv-1996\/\">Loe edasi<\/a><\/div>\n","protected":false},"author":2,"featured_media":0,"parent":19903,"menu_order":84,"comment_status":"closed","ping_status":"closed","template":"","meta":{"footnotes":""},"class_list":["post-44122","page","type-page","status-publish","hentry"],"_links":{"self":[{"href":"https:\/\/neocatechumenaleiter.org\/et\/wp-json\/wp\/v2\/pages\/44122","targetHints":{"allow":["GET"]}}],"collection":[{"href":"https:\/\/neocatechumenaleiter.org\/et\/wp-json\/wp\/v2\/pages"}],"about":[{"href":"https:\/\/neocatechumenaleiter.org\/et\/wp-json\/wp\/v2\/types\/page"}],"author":[{"embeddable":true,"href":"https:\/\/neocatechumenaleiter.org\/et\/wp-json\/wp\/v2\/users\/2"}],"replies":[{"embeddable":true,"href":"https:\/\/neocatechumenaleiter.org\/et\/wp-json\/wp\/v2\/comments?post=44122"}],"version-history":[{"count":9,"href":"https:\/\/neocatechumenaleiter.org\/et\/wp-json\/wp\/v2\/pages\/44122\/revisions"}],"predecessor-version":[{"id":47596,"href":"https:\/\/neocatechumenaleiter.org\/et\/wp-json\/wp\/v2\/pages\/44122\/revisions\/47596"}],"up":[{"embeddable":true,"href":"https:\/\/neocatechumenaleiter.org\/et\/wp-json\/wp\/v2\/pages\/19903"}],"wp:attachment":[{"href":"https:\/\/neocatechumenaleiter.org\/et\/wp-json\/wp\/v2\/media?parent=44122"}],"curies":[{"name":"wp","href":"https:\/\/api.w.org\/{rel}","templated":true}]}}