{"id":44150,"date":"2020-03-04T02:01:03","date_gmt":"2020-03-04T01:01:03","guid":{"rendered":"https:\/\/neocatechumenaleiter.org\/paavstide-sonad\/puha-johannes-paulus-ii\/audients-neokatehhumeenilise-tee-perekondadega-12-xii-1994\/"},"modified":"2026-02-27T15:16:51","modified_gmt":"2026-02-27T14:16:51","slug":"audients-neokatehhumeenilise-tee-perekondadega-12-xii-1994","status":"publish","type":"page","link":"https:\/\/neocatechumenaleiter.org\/et\/paavstide-sonad\/puha-johannes-paulus-ii\/audients-neokatehhumeenilise-tee-perekondadega-12-xii-1994\/","title":{"rendered":"Audients Neokatehhumeenilise Tee perekondadega 12-XII-1994"},"content":{"rendered":"\n<h1 class=\"has-text-align-center wp-block-heading\">Audients Neokatehhumeenilise Tee perekondadega 12-XII-1994<\/h1>\n\n<div style=\"height:20px\" aria-hidden=\"true\" class=\"wp-block-spacer\"><\/div>\n\n<h4 class=\"has-text-align-center wp-block-heading\">P\u00fcha Johannes Paulus II<\/h4>\n\n<div style=\"height:20px\" aria-hidden=\"true\" class=\"wp-block-spacer\"><\/div>\n\n<p><strong>Vatikan &#8211; Paulus VI Saal, 12. detsember 1994<\/strong><\/p>\n\n<p><em>Johannes Paulus II v\u00f5ttis esmasp\u00e4eva, 12. detsembri, hommiku audientsil vastu Neokatehhumeenilise Tee perekondasid.<\/em><br \/><br \/><em>Kohtumise k\u00e4igus, mis toimus Paulus VI Saalis, pidas P\u00fcha Isa j\u00e4rgmist k\u00f5net:<\/em><\/p>\n\n<p>Kallid Vennad ja \u00d5ed!<br \/><br \/>1. Olete teretulnud Peetruse Toolis, mis t\u00e4na muutub paljude jaoks sadamaks, kus purjed avada: te oletegi tulnud erilise misjonimandaadi jaoks, mis otseselt puudutab \u00fcle kahesaja perekonna, kuid muidugi kaasab see ka vastavaid kogudusi, kuhu te kuulute.<br \/><br \/>See pole Paavsti esimene kohtumine Neokatehhumeenilise Tee perekondadega. Mitmel korral on mul olnud v\u00f5imalus n\u00e4ha selle Liikumise gruppe. M\u00e4letan, eriti, 1988. aasta kohtumist Porto San Giorgios, kui ma t\u00e4histasin teiega Euharistiat P\u00fcha Perekonna suurp\u00fchal ning andsin\u00a0<em>ristikuju 72 perekonnale, kes olid lahkumas r\u00e4ndkatehheetidena teenimiseks<\/em>. Tol korral r\u00e4\u00e4kisin ma teile Kolmainsusest ja misjoniperekonnast.<br \/><br \/>Tollele kohtumisele seostub ka t\u00e4nane, mis j\u00f5uab aga siia tee poolt rikastatuna nende aastate jooksul, kus Kirik on kiirendanud sammu kolmanda kristliku aastatuhande poole. T\u00e4na oleme me\u00a0<strong>v\u00e4ga spetsiifilises taustas: Perekonna Aasta<\/strong>, mis j\u00f5uab n\u00fc\u00fcdseks juba l\u00f5pule ja mis elas oma kulmineeriva hetke\u00a0<strong>m\u00f6\u00f6dunud <\/strong><strong>8. ja 9. oktoobril, kui P\u00fcha Peetruse V\u00e4ljakule kogunesid mitmed kogu maailmast p\u00e4rit perekonnad.<\/strong><\/p>\n\n<p>Edasi vaadates n\u00e4eme juba l\u00e4hedal suurt 2000. aasta Juubelit, mille valmistamiseks olen suunanud kogu Jumala rahvale Apostelliku Kirja <em>Tertio Millennio adveniente<\/em>.\u00a0<strong>Kirik, perekondade Pere, on kindlasti suunatud sellise l\u00f5pujoone poole ning v\u00e4ga t\u00e4htis on, et see j\u00f5uaks sinna nii \u00fchtselt ja misjoneerivalt kui v\u00f5imalik, tihedalt armastuse l\u00e4hedal ainsa Issanda \u00fcmber ja samal ajal tema P\u00fcha Vaimult keskendunud maailma evangeliseerimisele.<\/strong><\/p>\n\n<div class=\"wp-block-image\"><figure class=\"alignleft size-medium\"><img loading=\"lazy\" decoding=\"async\" width=\"300\" height=\"245\" src=\"https:\/\/neocatechumenaleiter.org\/wp-content\/uploads\/2020\/03\/Camino_Neocatecumenal_Juan_Pablo_II_audiencia_familias_misioneras_1994-300x245.jpg\" alt=\"\" class=\"wp-image-2593\" srcset=\"https:\/\/neocatechumenaleiter.org\/wp-content\/uploads\/2020\/03\/Camino_Neocatecumenal_Juan_Pablo_II_audiencia_familias_misioneras_1994-300x245.jpg 300w, https:\/\/neocatechumenaleiter.org\/wp-content\/uploads\/2020\/03\/Camino_Neocatecumenal_Juan_Pablo_II_audiencia_familias_misioneras_1994.jpg 693w\" sizes=\"auto, (max-width: 300px) 100vw, 300px\" \/><\/figure><\/div>\n\n<p>2. Perekonna aasta on kogu Kiriku jaoks olnud eelk\u00f5ige Jumala Looja, Lunastaja ja elu P\u00fchaks tegija perekondade <em>kooris lausutud usutunnistus.\u00a0<\/em>Sel aastal tuleb j\u00f5uga v\u00e4lja Kiriku teadlikkuses ja maailma silmis\u00a0<em>perekondlik dimensioon<\/em>, mida Vatikan II kutsub <strong>\u00abilmikute osalemiseks Kristuse prohvetlikus funktsioonis\u00bb<\/strong> (<em>Lumen Gentium<\/em>, nr 35).<\/p>\n\n<p><strong>Perekond, \u00abv\u00e4ikse kirikuna\u00bb\u00a0<\/strong>ja \u00abkodukogukonnana\u00bb,\u00a0<strong>on kutsutud t\u00e4itma preesterlikku, prohvetlikku ja kuninglikku teenistust.\u00a0<\/strong>See ongi see, mida Kirikukogu r\u00f5hutab: \u00abSelles funktsioonide j\u00e4rjekorras n\u00e4ib v\u00e4ga v\u00e4\u00e4rtuslikuna see eluseisund, mis on p\u00fchaks tehtud erilise sakramendi poolt: abielust ja perekondlikust elust\u00bb (<em>ibid<\/em>).<br \/><br \/><strong>Sellise kutsumuse juured on muidugi Ristimises ja Neokatehhumeeniline Tee ongi just Ristimise taasavastamise teekond.\u00a0<\/strong>V\u00e4ga t\u00e4henduslik on aga, et Kogudustes oleksid mitte ainult vallalised inimesed, vaid ka perekonnad, kes on valmis \u00fcksmeelselt vastu seista, abielulepingu kohustusi t\u00e4itmata j\u00e4ttes, raskustele ja vastutustele, mida selline \u00fclesanne endaga kaasa toob.<\/p>\n\n<p>3. T\u00e4na, kallid Vennad ja \u00d5ed, olete siin, et tunnistada oma usuteekonna misjoneerivat ja prohvetlikku dimensiooni. Ning soovite r\u00f5hutada, et see misjoneeriv dimensioon haarab perekonda sellisena, kuna taass\u00fcnd ristimises ei puuduta l\u00fclisid individuaalselt, vaid kaasab nad k\u00f5ik koos, tehes nendest perekondliku koguduse s\u00fcgavamas \u00fchtsuse sidemes armastuses ja elavamas misjoneerivas t\u00f5ukes. Nii, kallid, see ongi teie \u00ablahkumise\u00bb\u00a0juurtel. \u00c4rge seda kunagi unustage! Ristikuju, mida te saate, meenutagu teile iga p\u00e4ev, et te olete l\u00e4inud misjonile, see on selle t\u00f5ttu, et teieni j\u00f5uti enne, uuendatud Jumala halastava armastuse poolt, nagu perekonnad perekondade jaoks.<\/p>\n\n<p>Minge siis, kallid misjoneerivad perekonnad. Ristimise, Kinnitamise ja Abielu arm, Euharistias ja Lepitussakramendis uuendatuna, toetavad teid igas eluhetkes. Tugevad selle \u00fcleloomuliku toetuse t\u00f5ttu, olge valmis tunnistama lootust, mis on teis (vrd 1Pt 3,15). Naatsareti P\u00fcha Perekond olgu teie eeskuju ja teie kaitse. Saatku teid ka apostellik \u00f5nnistus, mida ma n\u00fc\u00fcd saadan teile ja teie Kogudustele.<\/p>\n\n<div class=\"wp-block-image\"><figure class=\"alignright size-large\"><img loading=\"lazy\" decoding=\"async\" width=\"695\" height=\"569\" src=\"https:\/\/neocatechumenaleiter.org\/wp-content\/uploads\/2020\/03\/Camino_Neocatecumenal_Juan_Pablo_II_audiencia_familias_misioneras_1994_2.jpg\" alt=\"\" class=\"wp-image-2600\" srcset=\"https:\/\/neocatechumenaleiter.org\/wp-content\/uploads\/2020\/03\/Camino_Neocatecumenal_Juan_Pablo_II_audiencia_familias_misioneras_1994_2.jpg 695w, https:\/\/neocatechumenaleiter.org\/wp-content\/uploads\/2020\/03\/Camino_Neocatecumenal_Juan_Pablo_II_audiencia_familias_misioneras_1994_2-300x246.jpg 300w\" sizes=\"auto, (max-width: 695px) 100vw, 695px\" \/><\/figure><\/div>\n\n<p><em>120 on Neokatehhumeenilise Tee perekonnad, kes on saanud P\u00fcha Isa poolt misjonimandaadi. Nad on p\u00e4rit Itaaliast, Hispaaniast, Poolast, Indiast, Iirimaalt. Nad viivad Evangeeliumi kuulutust 40 Riiki viies kontinendis.\u00a0<\/em><br \/><br \/><em>Euroopa Riigid, mis on huvitatud nende perekondade misjonitegevusest, on muuhulgas: Horvaatia, Ukraina, Kasahstan, Soome, Saksamaa. Ameerikas uued misjoniperekonnad kuulutavad S\u00f5na \u00dchendriikides, Kanadas, Costa Ricas, Colombias, Venezuelas.<\/em><\/p>\n\n<p><em>Aasiasse minevad perekonnad annavad oma usutunnistust Jaapanis, Indias, Taiwanis, Filipiinides. Aafrika Riikide hulgas, kuhu nende perekondade r\u00e4ndkatehheetidena teenimine on m\u00e4\u00e4ratud: Egiptus, Elevandiluurannik, Etioopia.<\/em><br \/><br \/><em>Nende 120 perekonna jaoks, kellel on 441 last, on tegemist v\u00e4ga vaevalise, kuid erutava p\u00fchendumusega: tunnistada Kristust Maailma alades, mida on juba evangeliseeritud, kuid mida \u00e4hvardab sekulariseerumine, ning alades, kus Evangeeliumit veel ei tunta.<\/em><br \/><br \/><em>P\u00fchendumus, mida peab l\u00e4bi viima kahes k\u00fcljes, intiimselt seotud usum\u00e4rgist evangeeliumi radikaalsusele.<\/em><\/p>\n\n<p><em>Kohtumisel osalesid Kardinal Lopez Trujillo, Peapiiskop Massimo Romero, Piiskopid Jan Pawel Lenga, Paul Cordes, Luigi Boccadoro, Giulio Salimei. Veel olid kohal ka Kiko Arg\u00fcello ja Carmen Hern\u00e1ndez, Neokatehhumeenilise Tee algatajad. Osalesid ka 180 Tee perekonda, kes juba natuke aega on olnud misjonimaal.<\/em><br \/><br \/><em>(*) Vrd \u00abL\u2019Osservatore Romano\u00bb, 12.-13. detsember 1994.<\/em><\/p>\n","protected":false},"excerpt":{"rendered":"<p>Audients Neokatehhumeenilise Tee perekondadega 12-XII-1994 P\u00fcha Johannes Paulus II Vatikan &#8211; Paulus VI Saal, 12. detsember 1994 Johannes Paulus II v\u00f5ttis esmasp\u00e4eva, 12. detsembri, hommiku audientsil vastu Neokatehhumeenilise Tee perekondasid. Kohtumise k\u00e4igus, mis toimus Paulus VI Saalis, pidas P\u00fcha Isa j\u00e4rgmist k\u00f5net: Kallid Vennad ja \u00d5ed! 1. Olete teretulnud Peetruse Toolis, mis t\u00e4na muutub paljude jaoks sadamaks, kus purjed avada: te oletegi tulnud erilise misjonimandaadi jaoks, mis otseselt puudutab \u00fcle<\/p>\n<div class=\"read-more\"><a class=\"btn read-more-btn\" href=\"https:\/\/neocatechumenaleiter.org\/et\/paavstide-sonad\/puha-johannes-paulus-ii\/audients-neokatehhumeenilise-tee-perekondadega-12-xii-1994\/\">Loe edasi<\/a><\/div>\n","protected":false},"author":2,"featured_media":0,"parent":19903,"menu_order":82,"comment_status":"closed","ping_status":"closed","template":"","meta":{"footnotes":""},"class_list":["post-44150","page","type-page","status-publish","hentry"],"_links":{"self":[{"href":"https:\/\/neocatechumenaleiter.org\/et\/wp-json\/wp\/v2\/pages\/44150","targetHints":{"allow":["GET"]}}],"collection":[{"href":"https:\/\/neocatechumenaleiter.org\/et\/wp-json\/wp\/v2\/pages"}],"about":[{"href":"https:\/\/neocatechumenaleiter.org\/et\/wp-json\/wp\/v2\/types\/page"}],"author":[{"embeddable":true,"href":"https:\/\/neocatechumenaleiter.org\/et\/wp-json\/wp\/v2\/users\/2"}],"replies":[{"embeddable":true,"href":"https:\/\/neocatechumenaleiter.org\/et\/wp-json\/wp\/v2\/comments?post=44150"}],"version-history":[{"count":5,"href":"https:\/\/neocatechumenaleiter.org\/et\/wp-json\/wp\/v2\/pages\/44150\/revisions"}],"predecessor-version":[{"id":47600,"href":"https:\/\/neocatechumenaleiter.org\/et\/wp-json\/wp\/v2\/pages\/44150\/revisions\/47600"}],"up":[{"embeddable":true,"href":"https:\/\/neocatechumenaleiter.org\/et\/wp-json\/wp\/v2\/pages\/19903"}],"wp:attachment":[{"href":"https:\/\/neocatechumenaleiter.org\/et\/wp-json\/wp\/v2\/media?parent=44150"}],"curies":[{"name":"wp","href":"https:\/\/api.w.org\/{rel}","templated":true}]}}