{"id":44160,"date":"2020-03-04T01:57:30","date_gmt":"2020-03-04T00:57:30","guid":{"rendered":"https:\/\/neocatechumenaleiter.org\/paavstide-sonad\/puha-johannes-paulus-ii\/preestriks-puhitsemine-22-v-1994\/"},"modified":"2026-02-27T15:17:19","modified_gmt":"2026-02-27T14:17:19","slug":"preestriks-puhitsemine-22-v-1994","status":"publish","type":"page","link":"https:\/\/neocatechumenaleiter.org\/et\/paavstide-sonad\/puha-johannes-paulus-ii\/preestriks-puhitsemine-22-v-1994\/","title":{"rendered":"Preestriks p\u00fchitsemine 22-V-1994"},"content":{"rendered":"\n<h1 class=\"has-text-align-center wp-block-heading\">Preestriks p\u00fchitsemine 22-V-1994<\/h1>\n\n<div style=\"height:20px\" aria-hidden=\"true\" class=\"wp-block-spacer\"><\/div>\n\n<h4 class=\"has-text-align-center wp-block-heading\">P\u00fcha Johannes Paulus II<\/h4>\n\n<div style=\"height:20px\" aria-hidden=\"true\" class=\"wp-block-spacer\"><\/div>\n\n<p><strong>P\u00fcha Peetrus, 22. mai 1994<\/strong><\/p>\n\n<p><em>Nelip\u00fcha p\u00fchap\u00e4ev P\u00fcha Peetruses, preestriks p\u00fchitsemise p\u00fchap\u00e4ev. Kolmk\u00fcmmend \u00fcheksa diakonit (kellest 13 on \u00f5ppinud \u00abRedemptoris Mater\u00bb Seminaris) valges riides ja punase stolaga Pihtimisaltari jalul, laias presb\u00fcteeriumis reas, p\u00fchitseti preestriks Vikaarkardinali Camillo Ruini poolt.<\/em><br \/><br \/><em>Nagu iga aasta, pidi Johannes Paulus II olema see, kes annab noortele diakonitele p\u00fcha Ordineerimise sakramendi. Kuid, sel aastal, P\u00fcha Isa haiglaravi Gemellis ei lubanud tal riitust juhtida.<\/em><\/p>\n\n<p><em>Jutluse algul p\u00f6\u00f6rdus Kardinal Ruini selle t\u00e4nuliku m\u00f5ttega Johannes Paulus II poole:<\/em><\/p>\n\n<div class=\"wp-block-image\"><figure class=\"alignleft size-large\"><img loading=\"lazy\" decoding=\"async\" width=\"688\" height=\"498\" src=\"https:\/\/neocatechumenaleiter.org\/wp-content\/uploads\/2020\/03\/Camino_Neocatecumenal_Juan_Pablo_II_ordenacion_sacerdotal_1994.jpg\" alt=\"\" class=\"wp-image-2583\" srcset=\"https:\/\/neocatechumenaleiter.org\/wp-content\/uploads\/2020\/03\/Camino_Neocatecumenal_Juan_Pablo_II_ordenacion_sacerdotal_1994.jpg 688w, https:\/\/neocatechumenaleiter.org\/wp-content\/uploads\/2020\/03\/Camino_Neocatecumenal_Juan_Pablo_II_ordenacion_sacerdotal_1994-300x217.jpg 300w\" sizes=\"auto, (max-width: 688px) 100vw, 688px\" \/><\/figure><\/div>\n\n<p>T\u00e4na peaksite te olema ordineeritud tema k\u00e4te l\u00e4bi, &#8211; \u00fctles Kard. Ruini &#8211; Issand on aga arvanud teisiti, kuid teie teate, et l\u00e4bi selle kannatusaja ohvriks andmist on Paavst teile veel l\u00e4hedamal, ta on veel intsensiivsemalt teie preesterluse Isa. T\u00e4name teda kogu oma s\u00fcdamega ja kuulame tema s\u00f5nu.<\/p>\n\n<p><em>Kolmk\u00fcmmend \u00fcheksa uut preestrit Nelip\u00fcha suurp\u00fchal: suur Vaimu and Rooma Kirikule Kolmk\u00fcmmend kaheksa nendest \u00absuuremeelsetest s\u00fcdametest\u00bb on m\u00e4\u00e4ratud rooma Kirikule. Kaksk\u00fcmmend \u00fcks Rooma Suurest Seminarist; kolmteist Redemptoris Mater piiskopkondlikust Kolled\u017eist; kolm Almo Collegio Capranicast.<\/em><br \/><br \/><em>(*) Vrd \u00abL\u2019Osservatore Romano\u00bb, 23.-24. mai 1994.<\/em><\/p>\n","protected":false},"excerpt":{"rendered":"<p>Preestriks p\u00fchitsemine 22-V-1994 P\u00fcha Johannes Paulus II P\u00fcha Peetrus, 22. mai 1994 Nelip\u00fcha p\u00fchap\u00e4ev P\u00fcha Peetruses, preestriks p\u00fchitsemise p\u00fchap\u00e4ev. Kolmk\u00fcmmend \u00fcheksa diakonit (kellest 13 on \u00f5ppinud \u00abRedemptoris Mater\u00bb Seminaris) valges riides ja punase stolaga Pihtimisaltari jalul, laias presb\u00fcteeriumis reas, p\u00fchitseti preestriks Vikaarkardinali Camillo Ruini poolt. Nagu iga aasta, pidi Johannes Paulus II olema see, kes annab noortele diakonitele p\u00fcha Ordineerimise sakramendi. Kuid, sel aastal, P\u00fcha Isa haiglaravi Gemellis ei lubanud<\/p>\n<div class=\"read-more\"><a class=\"btn read-more-btn\" href=\"https:\/\/neocatechumenaleiter.org\/et\/paavstide-sonad\/puha-johannes-paulus-ii\/preestriks-puhitsemine-22-v-1994\/\">Loe edasi<\/a><\/div>\n","protected":false},"author":2,"featured_media":0,"parent":19903,"menu_order":81,"comment_status":"closed","ping_status":"closed","template":"","meta":{"footnotes":""},"class_list":["post-44160","page","type-page","status-publish","hentry"],"_links":{"self":[{"href":"https:\/\/neocatechumenaleiter.org\/et\/wp-json\/wp\/v2\/pages\/44160","targetHints":{"allow":["GET"]}}],"collection":[{"href":"https:\/\/neocatechumenaleiter.org\/et\/wp-json\/wp\/v2\/pages"}],"about":[{"href":"https:\/\/neocatechumenaleiter.org\/et\/wp-json\/wp\/v2\/types\/page"}],"author":[{"embeddable":true,"href":"https:\/\/neocatechumenaleiter.org\/et\/wp-json\/wp\/v2\/users\/2"}],"replies":[{"embeddable":true,"href":"https:\/\/neocatechumenaleiter.org\/et\/wp-json\/wp\/v2\/comments?post=44160"}],"version-history":[{"count":5,"href":"https:\/\/neocatechumenaleiter.org\/et\/wp-json\/wp\/v2\/pages\/44160\/revisions"}],"predecessor-version":[{"id":47602,"href":"https:\/\/neocatechumenaleiter.org\/et\/wp-json\/wp\/v2\/pages\/44160\/revisions\/47602"}],"up":[{"embeddable":true,"href":"https:\/\/neocatechumenaleiter.org\/et\/wp-json\/wp\/v2\/pages\/19903"}],"wp:attachment":[{"href":"https:\/\/neocatechumenaleiter.org\/et\/wp-json\/wp\/v2\/media?parent=44160"}],"curies":[{"name":"wp","href":"https:\/\/api.w.org\/{rel}","templated":true}]}}