{"id":44167,"date":"2020-03-04T01:55:08","date_gmt":"2020-03-04T00:55:08","guid":{"rendered":"https:\/\/neocatechumenaleiter.org\/paavstide-sonad\/puha-johannes-paulus-ii\/kulastus-puha-franciscus-de-salese-kihelkonda-13-iii-1994\/"},"modified":"2026-02-27T15:17:50","modified_gmt":"2026-02-27T14:17:50","slug":"kulastus-puha-franciscus-de-salese-kihelkonda-13-iii-1994","status":"publish","type":"page","link":"https:\/\/neocatechumenaleiter.org\/et\/paavstide-sonad\/puha-johannes-paulus-ii\/kulastus-puha-franciscus-de-salese-kihelkonda-13-iii-1994\/","title":{"rendered":"K\u00fclastus P\u00fcha Franciscus de Salese kihelkonda 13-III-1994"},"content":{"rendered":"\n<h1 class=\"has-text-align-center wp-block-heading\">K\u00fclastus P\u00fcha Franciscus de Salese kihelkonda 13-III-1994<\/h1>\n\n<div style=\"height:20px\" aria-hidden=\"true\" class=\"wp-block-spacer\"><\/div>\n\n<h4 class=\"has-text-align-center wp-block-heading\">P\u00fcha Johannes Paulus II<\/h4>\n\n<div style=\"height:20px\" aria-hidden=\"true\" class=\"wp-block-spacer\"><\/div>\n\n<p><strong>Rooma, 13. m\u00e4rts 1994<\/strong><\/p>\n\n<p><em>P\u00fcha Isa \u00fctles laste poole p\u00f6\u00f6rdudes:<\/em><\/p>\n\n<div class=\"wp-block-image\"><figure class=\"alignright size-large\"><img loading=\"lazy\" decoding=\"async\" width=\"684\" height=\"563\" src=\"https:\/\/neocatechumenaleiter.org\/wp-content\/uploads\/2020\/03\/Camino_Neocatecumenal_Juan_Pablo_II_visita_parroquia_San_Francisco_Sales_1994.jpg\" alt=\"\" class=\"wp-image-2573\" srcset=\"https:\/\/neocatechumenaleiter.org\/wp-content\/uploads\/2020\/03\/Camino_Neocatecumenal_Juan_Pablo_II_visita_parroquia_San_Francisco_Sales_1994.jpg 684w, https:\/\/neocatechumenaleiter.org\/wp-content\/uploads\/2020\/03\/Camino_Neocatecumenal_Juan_Pablo_II_visita_parroquia_San_Francisco_Sales_1994-300x247.jpg 300w\" sizes=\"auto, (max-width: 684px) 100vw, 684px\" \/><\/figure><\/div>\n\n<p>Ma kuulsin t\u00e4na, et te laulate r\u00f5\u00f5mu. On Paastuaeg, aga teie laulate r\u00f5\u00f5mu. See on \u00f5ige, et laulate r\u00f5\u00f5mu, sest see IV Paastuaja P\u00fchap\u00e4ev oli traditsiooniliselt kutsutud\u00a0<em>Laetare<\/em>&#8216;ks.\u00a0<em>Laetare\u00a0<\/em>t\u00e4hendab \u00abr\u00f5\u00f5mustama\u00bb. Miks r\u00f5\u00f5mustasid kristlased sellel P\u00fchap\u00e4eval? Nad r\u00f5\u00f5mustasid oma Ristimise p\u00e4rast.\u00a0<strong>Eriti r\u00f5\u00f5mustasid katehhumeenid, kes valmistusid Ristimiseks ja said juba sellel p\u00e4eval usus\u00fcmboli. <\/strong>Siis v\u00f5eti neid vastu usule. Peamine katehhees oli selline.<\/p>\n\n<p>Kas te teate, kes on katehhumeen? See on inimene, kes valmistub Ristimiseks. Siis on neokatehhumeenid, v\u00f5i neokatehhumeenilised, selles kihelkonnas. Algses Kirikus oli nii t\u00e4htis, ja Kirikus on ikka veel, valmistumine Ristimiseks. Ristimine on suur m\u00fcsteerium, suur kristlik reaalsus. See on algus elust Kristuses. Ning katehhumeenid valmistusid ja valmistuvad selleks, et alustada h\u00e4sti elu Kristuses. T\u00e4na puudub vasts\u00fcndinutel t\u00f5eline katehhumenaat ning just selle t\u00f5ttu on vaja neokatehhumenaati, hilisem katehhumenaat, mis t\u00e4idab seda, mis puudub v\u00e4ikesel ristitul vasts\u00fcndinul. Niimoodi seletatakse Neokatehhumeenilise Liikumise suur t\u00e4htsus.<\/p>\n\n<p>Pean \u00fctlema, et kogu paastuaeg, mida me n\u00fc\u00fcd elame, tuletab meile iga aasta meelde seda \u00abkatehhumeenilist teed\u00bb: kuidas nad valmistusid saama s\u00fcmbolit ning siis, m\u00f5ned n\u00e4dalad hiljem, vastu v\u00f5tma \u00dclest\u00f5usnud Jeesust. Ristimine t\u00e4hendab uut elu Jeesuses, seda uut ilmutatud elu, ilmutatud tema \u00dclest\u00f5usmise l\u00e4bi peale surma.&#013;\n&#013;\n(*) Vrd \u00abL\u2019Osservatore Romano\u00bb, 14.-15. m\u00e4rts 1994.<\/p>\n","protected":false},"excerpt":{"rendered":"<p>K\u00fclastus P\u00fcha Franciscus de Salese kihelkonda 13-III-1994 P\u00fcha Johannes Paulus II Rooma, 13. m\u00e4rts 1994 P\u00fcha Isa \u00fctles laste poole p\u00f6\u00f6rdudes: Ma kuulsin t\u00e4na, et te laulate r\u00f5\u00f5mu. On Paastuaeg, aga teie laulate r\u00f5\u00f5mu. See on \u00f5ige, et laulate r\u00f5\u00f5mu, sest see IV Paastuaja P\u00fchap\u00e4ev oli traditsiooniliselt kutsutud\u00a0Laetare&#8216;ks.\u00a0Laetare\u00a0t\u00e4hendab \u00abr\u00f5\u00f5mustama\u00bb. Miks r\u00f5\u00f5mustasid kristlased sellel P\u00fchap\u00e4eval? Nad r\u00f5\u00f5mustasid oma Ristimise p\u00e4rast.\u00a0Eriti r\u00f5\u00f5mustasid katehhumeenid, kes valmistusid Ristimiseks ja said juba sellel p\u00e4eval usus\u00fcmboli.<\/p>\n<div class=\"read-more\"><a class=\"btn read-more-btn\" href=\"https:\/\/neocatechumenaleiter.org\/et\/paavstide-sonad\/puha-johannes-paulus-ii\/kulastus-puha-franciscus-de-salese-kihelkonda-13-iii-1994\/\">Loe edasi<\/a><\/div>\n","protected":false},"author":2,"featured_media":0,"parent":19903,"menu_order":80,"comment_status":"closed","ping_status":"closed","template":"","meta":{"footnotes":""},"class_list":["post-44167","page","type-page","status-publish","hentry"],"_links":{"self":[{"href":"https:\/\/neocatechumenaleiter.org\/et\/wp-json\/wp\/v2\/pages\/44167","targetHints":{"allow":["GET"]}}],"collection":[{"href":"https:\/\/neocatechumenaleiter.org\/et\/wp-json\/wp\/v2\/pages"}],"about":[{"href":"https:\/\/neocatechumenaleiter.org\/et\/wp-json\/wp\/v2\/types\/page"}],"author":[{"embeddable":true,"href":"https:\/\/neocatechumenaleiter.org\/et\/wp-json\/wp\/v2\/users\/2"}],"replies":[{"embeddable":true,"href":"https:\/\/neocatechumenaleiter.org\/et\/wp-json\/wp\/v2\/comments?post=44167"}],"version-history":[{"count":5,"href":"https:\/\/neocatechumenaleiter.org\/et\/wp-json\/wp\/v2\/pages\/44167\/revisions"}],"predecessor-version":[{"id":47604,"href":"https:\/\/neocatechumenaleiter.org\/et\/wp-json\/wp\/v2\/pages\/44167\/revisions\/47604"}],"up":[{"embeddable":true,"href":"https:\/\/neocatechumenaleiter.org\/et\/wp-json\/wp\/v2\/pages\/19903"}],"wp:attachment":[{"href":"https:\/\/neocatechumenaleiter.org\/et\/wp-json\/wp\/v2\/media?parent=44167"}],"curies":[{"name":"wp","href":"https:\/\/api.w.org\/{rel}","templated":true}]}}