{"id":44174,"date":"2020-03-04T01:52:32","date_gmt":"2020-03-04T00:52:32","guid":{"rendered":"https:\/\/neocatechumenaleiter.org\/paavstide-sonad\/puha-johannes-paulus-ii\/aafrika-piiskoppide-audients-31-i-1994\/"},"modified":"2026-02-27T15:18:37","modified_gmt":"2026-02-27T14:18:37","slug":"aafrika-piiskoppide-audients-31-i-1994","status":"publish","type":"page","link":"https:\/\/neocatechumenaleiter.org\/et\/paavstide-sonad\/puha-johannes-paulus-ii\/aafrika-piiskoppide-audients-31-i-1994\/","title":{"rendered":"Aafrika Piiskoppide audients 31-I-1994"},"content":{"rendered":"\n<h1 class=\"has-text-align-center wp-block-heading\">Audients mitmete Aafrika Piiskoppidega, kes osalesid suurel Neokatehhumeenilise Tee poolt edendatud konverentsil 31-I-1994<\/h1>\n\n<div style=\"height:20px\" aria-hidden=\"true\" class=\"wp-block-spacer\"><\/div>\n\n<h4 class=\"has-text-align-center wp-block-heading\">P\u00fcha Johannes Paulus II<\/h4>\n\n<div style=\"height:20px\" aria-hidden=\"true\" class=\"wp-block-spacer\"><\/div>\n\n<p><strong>Vatikan &#8211; Klementuse Aula, 31. jaanuar 1994<\/strong><\/p>\n\n<p><em>\u00abSada aastat peale esimest evangeliseerimist, mida viljastati m\u00e4rtite verega ja paljude misjon\u00e4ride tunnistusega, ootab Aafrika uusi p\u00fchakuid, kes viiksid nendes lihaks saanud Evangeeliumit, uusi evangeliseerijaid, kelle l\u00e4bi \u00dclest\u00f5usnud Kristus tegutseks nende s\u00f5na kinnitades\u00bb. Seda kordas Johannes Paulus II 30 aafrika Riigist p\u00e4rit Kardinalidele ja Piiskoppidele, kes osalesid Neokatehhumeenilise Tee poolt edendatud Konverentsil\u00a0(**).<\/em><\/p>\n\n<p>Austatud Vennad Piiskopid!<br \/><br \/>Kallid Vennad ja \u00d5ed!<\/p>\n\n<p>1. V\u00f5tan teid r\u00f5\u00f5muga vastu, kallid Kardinalid ja Piiskopid 30 aafrika riigist, koos Neokatehhumeenilise Tee algatajatega ja mitmete r\u00e4ndkatehheetidega, kes Aafrika Kontinendil t\u00f6\u00f6tavad Jumala Kuningriigi jaoks. Rahu olgu teie k\u00f5igiga.<br \/><br \/>Kolmanda kristliku aastatuhande l\u00e4vel olete te kogunenud Rooma, et paluda Issandalt uut misjoneerivat t\u00f5uget Aafrika Piiskoppide Sinodi Assamblee eel, mida peetakse tulevasel aprillikuul. <strong>Ka teie kontinendis, noor ja d\u00fcnaamiline, ootab Kirik \u00e4revusega laiemat ja s\u00fcgavamat Vatikani II teoloogilis-pastoraalsete rikkuste taasavastuste vastuv\u00f5tmist.<\/strong><br \/><br \/>T\u00e4nane inimkond vajab tunnistust, mis puudutaks s\u00fcdant. Ainult nii saab s\u00fcndida uus inimene. Ainult nii ei ole enam juuti ega kreeklast, orja ega vaba, meest ega naist, valget ega musta (vrd Kl 3,10jj; Gl 3,28).\u00a0<strong>Uus inimene \u00fcletab loomulikku religioossust, tema hirmu jumaliku ees ja pidevat kiusatust austada Jumalat ainult selleks, et saada lihtsat ja kindlat<\/strong> <strong>elu.<\/strong> \u00abLoomulikult\u00bb religioosne inimene ei tunne veel Kristluse s\u00fcgavat dimensiooni.<\/p>\n\n<p><strong>Aafrika Kontinent elab hetkel ajaloolise t\u00e4htsusega aega.\u00a0<\/strong>Ja see kujutab teie jaoks \u00absobivat aega\u00bb, kaua oodatud ja valmistatud, milles kiriklikud Kogudused on kutsutud ilmutama t\u00e4iuses oma \u00abkoos k\u00f5ndimist\u00bb. Eelseisev assamblee on kindlasti jumaliku ettehoolduse s\u00fcndmus, mis sisestab ennast\u00a0<em>uue evangeliseerimise\u00a0<\/em>lubavasse pastoraalsesse hooaega.<br \/><br \/><strong>Ka Aafrika jaoks on vaja katehhumeenilist teekonda, mis \u00fcletaks loomulikku religioossust ja juhiks t\u00f5elise usuni.\u00a0<\/strong>Esimeste sajandite Kirikus juhtus see Vahemere piirkonna rahvastega, ka nemad loomuliku religoossuse tulihingelised usklikud ja samal ajal valmis vastuv\u00f5tma evangeelset s\u00f5numit. Evangeelium k\u00fclvab inimene s\u00fcdamesse\u00a0<em>charitas<\/em>&#8216;t, armastust nagu Kristus meid armastas, jumalik armastus, t\u00e4ielik armastus, armastus vaenalse vastu nagu oli Jeesus, kes on andnud elu meie eest, kui me olime Jumala vaenlased (vrd Rm 5,10).\u00a0<strong>Armastus, mis teeb erinevatest inimestest \u00fcheainsa asja, et maailm usuks, et Jeesus Kristus on Isa poolt saadetu <\/strong>(vrd Jh 17). Sada aastat peale esimest evangeliseerimist, viljastatud m\u00e4rtrite verega ja paljude misjon\u00e4ride tunnistusega, ootab Aafrika uusi p\u00fchakuid, kes viiksid nendes lihaks saanud Evangeeliumit, uusi evangeliseerijaid, kelle l\u00e4bi \u00dclest\u00f5usnud Kristus tegutseks kinnitades nende s\u00f5na (vrd Mk 16,20).<\/p>\n\n<div class=\"wp-block-image\"><figure class=\"alignleft size-large\"><img loading=\"lazy\" decoding=\"async\" width=\"685\" height=\"557\" src=\"https:\/\/neocatechumenaleiter.org\/wp-content\/uploads\/2020\/03\/Camino_Neocatecumenal_Juan_Pablo_II_audiencia_obispos_africa_1994.jpg\" alt=\"\" class=\"wp-image-2563\" srcset=\"https:\/\/neocatechumenaleiter.org\/wp-content\/uploads\/2020\/03\/Camino_Neocatecumenal_Juan_Pablo_II_audiencia_obispos_africa_1994.jpg 685w, https:\/\/neocatechumenaleiter.org\/wp-content\/uploads\/2020\/03\/Camino_Neocatecumenal_Juan_Pablo_II_audiencia_obispos_africa_1994-300x244.jpg 300w\" sizes=\"auto, (max-width: 685px) 100vw, 685px\" \/><\/figure><\/div>\n\n<p>2. Asutatud Vennad Piiskopid! Piiskoppidena olete te ennek\u00f5ike \u00abapostlid\u00bb, saadetud kuulutama Head Uudist! Teie olete esimesed Kristuse kuulutamise vastutajad Kirikus. Selline vastutus toob endaga kaasa p\u00f5hiliselt kahte erilist t\u00e4helepanekut: esimene on, et Kristus oleks kuulutatud; teine, et kuulutus \u00abkehastuks\u00bb inimeste konkreetses elus. Siin puudutame me pastoraali keskset s\u00f5lme: niinimetatud usu kultuuri viimist.<\/p>\n\n<p>Evangeliseerimine uuenebki seal, kus Kristus on kuulutatud Vaimu j\u00f5uga ja samal ajal siira armastusega inimese ja tema loo vastu. Niisiis, selle kultuuri viimise ettehoole vahendite seas on ka Neokatehhumeeniline Tee. Ma n\u00e4en r\u00f5\u00f5muga, et paljudes teie piiskopkondades, erinevates kultuurides, nagu Zambias, Zaires, Elevandiluurannikus ja teistes riikides, kannab see oma vilju. On moodustunud v\u00e4ikesed kogudused, kus perekonda toetatakse ja aidatakse tema h\u00e4davajalikus Kristuse kuulutamise misjonis, kandes Temas p\u00e4\u00e4stmise Risti.<\/p>\n\n<p>3. Karjane, saadetud vahet tegema ja v\u00e4\u00e4rtustama ande, mida jagati Koguduse kasvatamiseks, peab vahti, erilisel viisl, et \u00f5igel viisil rakendataks suhet ker\u00fcgma ja kohaliku kultuuri ja kihelkonna Koguduste vahel. Piiskopi kohustus on eelk\u00f5ige suunata p\u00f5hiotsuseid Neokatehhumeenilises Tees, mis, olles s\u00fcndinud ning olles arenenud Euroopa ja Ladina-Ameerika keskkonnas, vajab valgustatud aafrika Karjaste v\u00f5i ekspert misjon\u00e4ride juhtimist, et olla kohandatud erinevate riikide erilistele ja misjoneerivatele vajadustele.<\/p>\n\n<p>Neokatehhumeeniliste Koguduste ja Kihelkonna kirikusiseste suhete osas tuleb Ettehooldus teile vastu, kallid Vennad, just l\u00e4bi sinodi kogemuse. \u00abSinod\u00bb t\u00e4hendabki \u00abkoos l\u00e4bitud teekond\u00bb. Kristlus, algse nimetuse j\u00e4rgi, oli ise\u00a0\u00abrada\u00bb. Neokatehhumeeniline teekond, mis on endale valinud selle ilusa nime \u00abTee\u00bb, paneb ennast Evangeeliumi \u00abraja\u00bb taasavastamise teenistusse eelk\u00f5ige nende jaoks, kes on sellest kaugel. See v\u00f5ib olla v\u00e4\u00e4rtustatud Kihelkonna \u00fclesehitamiseks, mis oleks v\u00f5imeline vormima t\u00e4iskasvanuid, kes on kindlalt juurdunud Kristuses, tema S\u00f5nas ja tema M\u00fcsteeriumites. M\u00f5tlen apostel Pauluse \u00fcleskutsetele Tessalooniklastele: \u00ab\u00c4rge kustutage Vaimu\u00bb (1Ts 5,19) ja Korintlastele: \u00abK\u00f5ik toimugu \u00fclesehitamiseks\u00bb (1Kr 14,26). On vaja \u00abkoos k\u00f5ndida\u00bb, koosk\u00f5lastades kiriklike kogukondi ja gruppe kogu kihelkonna Kogukonna kasvamist silmas pidades kihelkonna preestri ja tema kaast\u00f6\u00f6tajate juhtimise all.<\/p>\n\n<p>Neokatehhumeeniline Tee, h\u00e4sti sisestatud Koguduse pastoraalses plaanis, koosk\u00f5las teiste karismadega, mis selles tegutsevad, panustab efektiivselt Kihelkondadele uue evangeliseerimise t\u00fc\u00fcpilise stiili andmisele: stiil, mida moodustavad surnud ja \u00fclest\u00f5usnud Kristuse m\u00fcsteeriumisse sukeldumise vajalikkus ja radikaalsus ning julge avatus n\u00fc\u00fcdisaegse inimese vajadustele.<\/p>\n\n<p>4. Sellises uuendatud misjoneerivas tegutsemises on perekond kindlasti esmane subjekt kahet\u00e4henduslikult Hea Uudise saajana ja samas selle s\u00f5idukina. Selline imeline reaalsus, mis ilmus kohe algses Kogukonnas, on tagasi n\u00e4htavale tulnud peale Vatikani II Kirikukogu ning esindab t\u00f5elist iga ajastu Kirikut edasiviivat struktuuri. Kas perekond pole loomulik P\u00fchakute h\u00e4ll? Ja kutsumused ei v\u00f5rsu lihtsamini Evangeeliumile ustavas perekonnas?<\/p>\n\n<p>Neokatehhumeenilise Tee siseselt palju perekonnad, Jumala s\u00f5na j\u00f5u ja p\u00fchadele m\u00fcsteeriumitele osalemise poolt kannustatutena, on embanud suuremeelsusega misjoni vajadusi, pakkudes v\u00e4\u00e4rtuslikku abi teile Karjastele, kes otsite mitte ainult Preestreid ja katehheete, vaid ka abikaasasid ja perekondasid, kes oleksid v\u00f5imelised andma h\u00e4\u00e4lt ja s\u00fcdant P\u00e4\u00e4astmise s\u00f5numile.<br \/><br \/>Kallid, aidaku ja saatku teid teie misjoneerivas pingutuses Tee Neitsi Maarja. Tema, kes l\u00e4ks teele, et anda eakale sugulasele Eliisabetile armastuse ja r\u00f5\u00f5mu t\u00e4iust, millega ta ise oli t\u00e4is (vrd Lk 1,39-45), tehku kindlaks, et teie teenistus olgu suuremeelne ja rikas viljadega Aafrika kiriklike Kogukonda \u00fclesehitamiseks.<\/p>\n\n<p>K\u00f5ndige ustavuses Kristuse poole ja vendade poole! K\u00f5ndige koos! \u00d5nnistan teid k\u00f5iki s\u00fcdamest.<\/p>\n\n<p><em>Kui k\u00f5ne Aafrika Piiskoppide kohtumise osalejatele l\u00f5ppes, lisas Paavst:<\/em><\/p>\n\n<p>Tahaksin anda k\u00f5ikidele kohalolijatele \u00f5nnistust: Karjastele, paljudele Piiskoppidele ja preestritele ning siis ka ilmikute esindajatele, eriti perekondadele. N\u00e4en paljusid eurooplasi, kuid k\u00f5ige rohkem on n\u00e4ha musta v\u00e4rvi! Seekord Neokatehhumeenilises Tees muutub must v\u00e4rv lootuse m\u00e4rgiks. &#013;\nT\u00e4nan teid k\u00fclastuse eest ning soovin \u00f5nnistada k\u00f5iki. Enne loeme Angelust ladina keeles. Teie \u00f5ppige natuke veel seda keelt.<\/p>\n\n<p>&#8211; Angeluse lugemine<\/p>\n\n<p>N\u00fc\u00fcd tulevad laulud! Laulud on asendamatu osa teie Tees, eriti siis kui Kiko on kohal.<\/p>\n\n<p>&#8211;\u00a0<em>Laul: &#8220;T\u00e4nu Jahvele&#8221;.<\/em><br \/><br \/><em>(*) Vrd \u00abL\u2019Osservatore Romano\u00bb, 31. jaanuar &#8211; 1. veebruar 1994.<\/em><br \/><br \/><em>(**) Aafrika Piiskoppide Konvivents. Rooma, 27.-31. jaanuar, kohal olid 5 Kardinali ja 110 Piiskoppi.<\/em><\/p>\n","protected":false},"excerpt":{"rendered":"<p>Audients mitmete Aafrika Piiskoppidega, kes osalesid suurel Neokatehhumeenilise Tee poolt edendatud konverentsil 31-I-1994 P\u00fcha Johannes Paulus II Vatikan &#8211; Klementuse Aula, 31. jaanuar 1994 \u00abSada aastat peale esimest evangeliseerimist, mida viljastati m\u00e4rtite verega ja paljude misjon\u00e4ride tunnistusega, ootab Aafrika uusi p\u00fchakuid, kes viiksid nendes lihaks saanud Evangeeliumit, uusi evangeliseerijaid, kelle l\u00e4bi \u00dclest\u00f5usnud Kristus tegutseks nende s\u00f5na kinnitades\u00bb. Seda kordas Johannes Paulus II 30 aafrika Riigist p\u00e4rit Kardinalidele ja Piiskoppidele, kes<\/p>\n<div class=\"read-more\"><a class=\"btn read-more-btn\" href=\"https:\/\/neocatechumenaleiter.org\/et\/paavstide-sonad\/puha-johannes-paulus-ii\/aafrika-piiskoppide-audients-31-i-1994\/\">Loe edasi<\/a><\/div>\n","protected":false},"author":2,"featured_media":0,"parent":19903,"menu_order":79,"comment_status":"closed","ping_status":"closed","template":"","meta":{"footnotes":""},"class_list":["post-44174","page","type-page","status-publish","hentry"],"_links":{"self":[{"href":"https:\/\/neocatechumenaleiter.org\/et\/wp-json\/wp\/v2\/pages\/44174","targetHints":{"allow":["GET"]}}],"collection":[{"href":"https:\/\/neocatechumenaleiter.org\/et\/wp-json\/wp\/v2\/pages"}],"about":[{"href":"https:\/\/neocatechumenaleiter.org\/et\/wp-json\/wp\/v2\/types\/page"}],"author":[{"embeddable":true,"href":"https:\/\/neocatechumenaleiter.org\/et\/wp-json\/wp\/v2\/users\/2"}],"replies":[{"embeddable":true,"href":"https:\/\/neocatechumenaleiter.org\/et\/wp-json\/wp\/v2\/comments?post=44174"}],"version-history":[{"count":11,"href":"https:\/\/neocatechumenaleiter.org\/et\/wp-json\/wp\/v2\/pages\/44174\/revisions"}],"predecessor-version":[{"id":47606,"href":"https:\/\/neocatechumenaleiter.org\/et\/wp-json\/wp\/v2\/pages\/44174\/revisions\/47606"}],"up":[{"embeddable":true,"href":"https:\/\/neocatechumenaleiter.org\/et\/wp-json\/wp\/v2\/pages\/19903"}],"wp:attachment":[{"href":"https:\/\/neocatechumenaleiter.org\/et\/wp-json\/wp\/v2\/media?parent=44174"}],"curies":[{"name":"wp","href":"https:\/\/api.w.org\/{rel}","templated":true}]}}