{"id":44187,"date":"2020-03-04T01:48:56","date_gmt":"2020-03-04T00:48:56","guid":{"rendered":"https:\/\/neocatechumenaleiter.org\/paavstide-sonad\/puha-johannes-paulus-ii\/puha-isa-johannes-paulus-ii-audients-neokatehhumeenilise-tee-randkatehhistide-grupiga-17-i-1994\/"},"modified":"2026-02-27T15:19:13","modified_gmt":"2026-02-27T14:19:13","slug":"puha-isa-johannes-paulus-ii-audients-neokatehhumeenilise-tee-randkatehhistide-grupiga-17-i-1994","status":"publish","type":"page","link":"https:\/\/neocatechumenaleiter.org\/et\/paavstide-sonad\/puha-johannes-paulus-ii\/puha-isa-johannes-paulus-ii-audients-neokatehhumeenilise-tee-randkatehhistide-grupiga-17-i-1994\/","title":{"rendered":"P\u00fcha Isa Johannes Paulus II audients Neokatehhumeenilise Tee r\u00e4ndkatehheetide grupiga 17-I-1994"},"content":{"rendered":"\n<h1 class=\"has-text-align-center wp-block-heading\">P\u00fcha Isa Johannes Paulus II audients Neokatehhumeenilise Tee r\u00e4ndkatehheetide grupiga 17-I-1994<\/h1>\n\n<div style=\"height:20px\" aria-hidden=\"true\" class=\"wp-block-spacer\"><\/div>\n\n<h4 class=\"has-text-align-center wp-block-heading\">P\u00fcha Johannes Paulus II<\/h4>\n\n<div style=\"height:20px\" aria-hidden=\"true\" class=\"wp-block-spacer\"><\/div>\n\n<p><strong>Vatikan &#8211; Klementuse Aula, 17. jaanuar 1994<\/strong><\/p>\n\n<p><em>Johannes Paulus II v\u00f5ttis audientsil Klementuse Aulas vastu Neokatehhumeenilise Tee r\u00e4nkatehheetide grupi.<\/em><br \/><br \/><em>See on P\u00fcha Isa poolt neile lausutud k\u00f5ne tekst:<\/em><\/p>\n\n<div class=\"wp-block-image\"><figure class=\"alignright size-large\"><img loading=\"lazy\" decoding=\"async\" width=\"690\" height=\"567\" src=\"https:\/\/neocatechumenaleiter.org\/wp-content\/uploads\/2020\/03\/Camino_Neocatecumenal_Juan_Pablo_II_audiencia_catequistas_itinerantes_1994.jpg\" alt=\"\" class=\"wp-image-2546\" srcset=\"https:\/\/neocatechumenaleiter.org\/wp-content\/uploads\/2020\/03\/Camino_Neocatecumenal_Juan_Pablo_II_audiencia_catequistas_itinerantes_1994.jpg 690w, https:\/\/neocatechumenaleiter.org\/wp-content\/uploads\/2020\/03\/Camino_Neocatecumenal_Juan_Pablo_II_audiencia_catequistas_itinerantes_1994-300x247.jpg 300w\" sizes=\"auto, (max-width: 690px) 100vw, 690px\" \/><\/figure><\/div>\n\n<p>Kallid Vennad ja \u00d5ed Kristuses!<br \/><br \/>\u00a0<br \/><br \/>1. Minu jaoks on suur r\u00f5\u00f5mup\u00f5hjus kohtuda teiega, Neokatehhumeenilise tee ekspert r\u00e4ndkatehheedid, kes, koos algatajate ja vastutajatega, olete kogunenud, et palvetada ja m\u00f5tiskleda teile antud misjoni viljade ja tuleviku \u00fcle, p\u00f6\u00f6rates t\u00e4helepanu eriti perekondade rollile vaeste keskel.<br \/><br \/>Tervitan H\u00e4rra Kiko Arg\u00fcellot ja t\u00e4nan teda s\u00f5nade eest, mida ta teie nimel mulle suunas; tervitan armastusega iga\u00fchte teist. Issanda rahu olgu teiega!<\/p>\n\n<p>2. Teie \u00abTee\u00bb plaaniks on v\u00f5tta Vatikani II Kirikukogu vaimu, et anda eeskuju uuest evangeliseerimisest, mis annab lootust Kirikule kolmanda kristliku aastatuhande eel.<br \/><br \/>Teie t\u00e4nu v\u00e4\u00e4riv tegu on olla taasavastanud\u00a0 <strong>\u00abker\u00fcgmaatilist\u00bb\u00a0<\/strong>kuulutust,\u00a0<strong>mis kutsub usule ka \u00abkaugeid\u00bb l\u00e4bides postristimise teed \u201cOrdo Initiationis Christianae Adultorum\u201d juhiste j\u00e4rgi<\/strong>, meelde tuletatud <em>Katoliku Kiriku Katekismusest\u00a0<\/em>(vrd nr 1231).\u00a0<em>Selle usutee keskpunktiks on viljakas \u00fchinemine kuulutamise, moraalse elu muutuse ja liturgia vahel.\u00a0<\/em>K\u00f5ik see viiakse t\u00e4ide v\u00e4ikestes kogudustes, kus \u00abm\u00f5tisklemine Jumala s\u00f5na \u00fcle ja osalemine Euharistias&#8230; moodustavad elavaid Kiriku rakke, uuendavad Kihelkonna elavust l\u00e4bi k\u00fcpsete kristlaste, kes on v\u00f5imelised tunnistama t\u00f5de radikaalselt elatud usuga\u00bb (<em>S\u00f5num Viini kogunenud Euroopa Piiskoppidele, 12. aprill 1993<\/em>). Sellised Kogudused aitavad kogeda Kirikut Kristuse Ihuna, milles, l\u00e4bi sakramentaalsete m\u00e4rkide, Jumal ulatab oma p\u00e4\u00e4stetegu iga p\u00f5lvkonna inimesele, eelk\u00f5ige perekondadele.<\/p>\n\n<p>3. T\u00e4na k\u00f5ik tunnevad \u00e4ra\u00a0<strong>t\u00f5sist kriisi, mis puudutab perekonda ja on n\u00fc\u00fcdisaegse \u00fchiskonna k\u00f5ige s\u00fcgavama kurja aluseks. <\/strong>Just selle t\u00f5ttu Kirik, v\u00f5ttes omaks \u00dchinenud Rahvaste algatust, on m\u00e4\u00e4ranud 1994. aastat Perekonna Aastaks. <strong>Teie n\u00fc\u00fcdseks mitmeaastane kogemus \u00abTees\u00bb on teile kindlasti \u00f5petanud, et v\u00e4ike Kogudus, <\/strong>toetatud Jumala s\u00f5na ja p\u00fchap\u00e4evase Euharistia poolt, <strong>muutub osaduse paigaks, kus perekond leiab uuesti m\u00f5te ja r\u00f5\u00f5mu oma olulise misjoni jaoks, milleks on edasi anda loomulik ja \u00fcleloomulik elu. Perekond ei saa anda seda \u00fcrgset \u00fclesannet edasi teistele. <\/strong>Juba k\u00f5ige iidsematest aegadest n\u00e4eme, et, Jumala rahva seas,\u00a0<strong>pakub<\/strong> <strong>perekond ennast esimese evangeliseerimise keskkonnaks<\/strong>, selle j\u00e4rgi, mida viiendas Moosese raamatus kirjutatakse: \u00abNeed s\u00f5nad&#8230; kinnita neid oma lastele k\u00f5vasti ja k\u00f5nele neist kojas istudes ja teed k\u00e4ies, magama heites ja \u00fcles t\u00f5ustes\u00bb (5Ms 6,7).\u00a0<strong>Teie perekonnad avastavad siis uuesti igap\u00e4evast palvet lastega ning eriti seda kodust t\u00e4histamist, mis tehakse Issanda p\u00e4eval,\u00a0<\/strong>kus ema ja isa avavad P\u00fchakirja, loevad ja kommenteerivad seda ning\u00a0<strong>lapsed v\u00f5ivad ennast avada P\u00fcha Vaimu poolt valgustatud dialoogile.\u00a0<\/strong>Sellisest tavast on n\u00e4ha m\u00e4rke Kirjas, milles P\u00fcha Paulus tuletab Timoteosele meelde, kuidas ema ja vanaema lapsep\u00f5lvest saati lasid tal p\u00fchakirju lugeda (vrd 2Tm 1,5; 3,14-15).<\/p>\n\n<p>4. Seet\u00f5ttu pole raske selles valguses n\u00e4ha\u00a0<strong>Neokatehhumeenilise Tee vilju: lepitatud perekonnad, avatud elule ja t\u00e4nulikud Kirikule, pakuvad ennast, et viia Evangeeliumi kuulutus maailma \u00e4\u00e4rteni. <\/strong>Minul endal on olnud v\u00f5imalus teistel kordadel anda Ristikuju perekondadele, kes olid lahkumas k\u00f5ige vaesematesse ja deristianiseeritutesse aladesse. Nendest s\u00fcnnivad n\u00fc\u00fcd <strong>v\u00e4ga paljud kutsumused. Neiud, kes embavad religioosset ja m\u00f5tisklevat elu; noormehed, kes sammuvad Preesterluse poole kohalikes ja misjoneerivates piiskopkonna\u00a0<\/strong><em>Redemptoris Mater\u00a0<\/em><strong>seminarides<\/strong>, t\u00f5usnud selleks, et appi minna Kirikutele, mis, vaimulike vaegususe t\u00f5ttu, on t\u00f5sistes raskustes. Nii saab teoks Vatikani II Kirikukogu soov: \u00abMeenutame Preestritele, et nende peal lasub k\u00f5ikide Kirikute eest hoolitsemine&#8230; Sel p\u00f5hjusel v\u00f5ib olla kasulik rahvusvaheliste seminaride loomine&#8230;\u00bb (<em>Presbiterorum Ordinis<\/em>, 10).<\/p>\n\n<div class=\"wp-block-image\"><figure class=\"alignleft size-large\"><img loading=\"lazy\" decoding=\"async\" width=\"681\" height=\"558\" src=\"https:\/\/neocatechumenaleiter.org\/wp-content\/uploads\/2020\/03\/Camino_Neocatecumenal_Juan_Pablo_II_audiencia_catequistas_itinerantes_1994_2.jpg\" alt=\"\" class=\"wp-image-2553\" srcset=\"https:\/\/neocatechumenaleiter.org\/wp-content\/uploads\/2020\/03\/Camino_Neocatecumenal_Juan_Pablo_II_audiencia_catequistas_itinerantes_1994_2.jpg 681w, https:\/\/neocatechumenaleiter.org\/wp-content\/uploads\/2020\/03\/Camino_Neocatecumenal_Juan_Pablo_II_audiencia_catequistas_itinerantes_1994_2-300x246.jpg 300w\" sizes=\"auto, (max-width: 681px) 100vw, 681px\" \/><\/figure><\/div>\n\n<p>5. Kuid eelk\u00f5ige\u00a0<strong>selle Tee suur vili on misjoneeriv t\u00f5uge. <\/strong>Saan r\u00f5\u00f5muga teada, et minu poolt noortele suunatud s\u00f5nad Denveris on kajanud teie sees. Tollal \u00fctlesin: \u00abPole aeg h\u00e4beneda Evangeeliumi t\u00f5ttu (vrd Rm 1,16). On aeg seda katustelt kuulutada (vrd Mt 10,27)\u00bb (<em>Denveri \u00dclemaailmse Noortep\u00e4eva P\u00fcha Missa jutlus<\/em>, 15. august 1993).<br \/><br \/>Seep\u00e4rast valmistute te\u00a0<strong>suurte rahvamisjoniteks, mis on erilisel viisil suunatud nendele, kes on Kirikust kaugenenud v\u00f5i ei tunne seda veel.\u00a0<\/strong>Soovin, et algatus kuulutada Evangeeliumit t\u00e4navatel, mida tehakse t\u00e4ielikus kokkuleppes kohalike Piiskoppidega, kannaks k\u00f5ikjal k\u00fclluslikke vilju.<br \/><br \/>\u00a0<br \/><br \/><strong>6. Kallid r\u00e4ndevangeliseerijad!\u00a0<\/strong>P\u00f6\u00f6rdun suure armastusega teie poole, kes olete k\u00f5ik maha j\u00e4tnud Kristuse ja ristil\u00f6\u00f6dud Kristuse kuulutamiseks viie kontinendi 94 Riigis, alandlikus ja pidevas kuulekuses Piiskoppidele. <strong>Julgustan teid olema alati ustavad karismale, mida Jumal on teile andnud kogu kirikliku kogukonna h\u00fcvanguks<\/strong>, panustades oma teoga k\u00f5ige s\u00fcgavamas t\u00e4iskasvanute kristliku algatuse taasavastamises. Kinnitades teile teie pidevat meenutamist oma palvetes, olen \u00f5nnelik t\u00e4na, selles pidutseva osaduse kliimas, anda Ristikuju nendele, kes teie seast on kutsutud olema r\u00e4ndevangeliseerijad.<br \/><br \/>P\u00fchim Maarja, alandlik Naatsareti Neitsi, saatku teid teie palver\u00e4ndamises maailmas Jumala Kuningriigi kuulutamiseks. J\u00e4\u00e4ge k\u00f5ik tema emaliku kaitse alla! S\u00fcdamest saadan teile, teie perekondadele, Neokatehhumeenilisele Teele, apostellikku \u00f5nnistust.<\/p>\n\n<p><em>Johannes Paulus II-le suunatud tervituses audientsi avamiseks, Neokatehhumeenilise Tee algataja, Kiko Arg\u00fcello, tuletas meelde ennek\u00f5ike erakordse kogemuse vilju, mida tegid 30.000 \u00abTee\u00bb noort Denveri \u00fclemaailsel kohtumisel, mis toimus eelmise aasta augustis VIII \u00dclemaailmse Noortep\u00e4eva k\u00e4igus. Peale seda kohtumist tuhat kakssada noormeest otsustasid siseneda seminari ja tuhat t\u00fctarlast on valinud kloostrielu. \u00abDenverist &#8211;<\/em> \u00fctles ta &#8211; <em>on t\u00f5esti toimunud p\u00f6\u00f6re Kirikus. Denveris oli eriline P\u00fcha Vaimu arm ning noored olid eriti puudutatud P\u00fcha Isa s\u00f5nade poolt<\/em>\u00bb.<\/p>\n\n<p><em>Kiko Arg\u00fcello tutvustas siis Paavstile viie kontinendi 94 Riigi r\u00e4ndvastutajaid, kes osalesid 7-p\u00e4evasel kohtumisel \u00abTee\u00bb reaalsuste kohta, misjoniperekondade viljade kohta (400 kogu maailmas) ja \u00abRedemptoris Mater\u00bb seminaride kohta (25 juba avatud erinevates Riikides), mille rektorid olid audientsil kohal.<\/em><br \/><br \/><em>On m\u00f6\u00f6dunud seitse aatat sellest, kui esimesed \u00abTee\u00bb perekonnad lahkusid misjonile k\u00f5ige vaesematesse Ladina-Ameerika Riikidesse. T\u00e4na on evangeliseerimistegu kandnud palju vilja kihelkondades, seminarides, perekondades, rasketes ja usule vaenulikes poliitilistes ja sotsiaalsetes reaalsustes. \u00abMe oleme t\u00e4iesti kindlad &#8211;<\/em> \u00fctles Kiko Arg\u00fcello muuhulgas &#8211; <em>et inimkonna tulevik k\u00e4ib l\u00e4bi perekonna\u00bb.\u00a0Usus kasvades avavad perekonnad ennast elule ja annavad lastele edasi kristliku s\u00f5numi uudsust ja r\u00f5\u00f5mu. Sellele t\u00e4htsale evangeliseerimisteole pakub Neokatehhumeeniline Tee pidevat tuge, teades &#8211; \u00fctles Kiko Arg\u00fcello -, et \u00abv\u00e4ike Kogudus v\u00f5ib p\u00e4\u00e4sta perekonda Euroopas\u00bb.<\/em><\/p>\n","protected":false},"excerpt":{"rendered":"<p>P\u00fcha Isa Johannes Paulus II audients Neokatehhumeenilise Tee r\u00e4ndkatehheetide grupiga 17-I-1994 P\u00fcha Johannes Paulus II Vatikan &#8211; Klementuse Aula, 17. jaanuar 1994 Johannes Paulus II v\u00f5ttis audientsil Klementuse Aulas vastu Neokatehhumeenilise Tee r\u00e4nkatehheetide grupi. See on P\u00fcha Isa poolt neile lausutud k\u00f5ne tekst: Kallid Vennad ja \u00d5ed Kristuses! \u00a0 1. Minu jaoks on suur r\u00f5\u00f5mup\u00f5hjus kohtuda teiega, Neokatehhumeenilise tee ekspert r\u00e4ndkatehheedid, kes, koos algatajate ja vastutajatega, olete kogunenud, et palvetada<\/p>\n<div class=\"read-more\"><a class=\"btn read-more-btn\" href=\"https:\/\/neocatechumenaleiter.org\/et\/paavstide-sonad\/puha-johannes-paulus-ii\/puha-isa-johannes-paulus-ii-audients-neokatehhumeenilise-tee-randkatehhistide-grupiga-17-i-1994\/\">Loe edasi<\/a><\/div>\n","protected":false},"author":2,"featured_media":0,"parent":19903,"menu_order":78,"comment_status":"closed","ping_status":"closed","template":"","meta":{"footnotes":""},"class_list":["post-44187","page","type-page","status-publish","hentry"],"_links":{"self":[{"href":"https:\/\/neocatechumenaleiter.org\/et\/wp-json\/wp\/v2\/pages\/44187","targetHints":{"allow":["GET"]}}],"collection":[{"href":"https:\/\/neocatechumenaleiter.org\/et\/wp-json\/wp\/v2\/pages"}],"about":[{"href":"https:\/\/neocatechumenaleiter.org\/et\/wp-json\/wp\/v2\/types\/page"}],"author":[{"embeddable":true,"href":"https:\/\/neocatechumenaleiter.org\/et\/wp-json\/wp\/v2\/users\/2"}],"replies":[{"embeddable":true,"href":"https:\/\/neocatechumenaleiter.org\/et\/wp-json\/wp\/v2\/comments?post=44187"}],"version-history":[{"count":7,"href":"https:\/\/neocatechumenaleiter.org\/et\/wp-json\/wp\/v2\/pages\/44187\/revisions"}],"predecessor-version":[{"id":47608,"href":"https:\/\/neocatechumenaleiter.org\/et\/wp-json\/wp\/v2\/pages\/44187\/revisions\/47608"}],"up":[{"embeddable":true,"href":"https:\/\/neocatechumenaleiter.org\/et\/wp-json\/wp\/v2\/pages\/19903"}],"wp:attachment":[{"href":"https:\/\/neocatechumenaleiter.org\/et\/wp-json\/wp\/v2\/media?parent=44187"}],"curies":[{"name":"wp","href":"https:\/\/api.w.org\/{rel}","templated":true}]}}