{"id":44214,"date":"2020-03-04T00:46:49","date_gmt":"2020-03-03T23:46:49","guid":{"rendered":"https:\/\/neocatechumenaleiter.org\/paavstide-sonad\/puha-johannes-paulus-ii\/pastoraalne-kulastus-maceratas-folignos-ja-gran-sassol-19-vi-1993\/"},"modified":"2026-02-27T15:20:45","modified_gmt":"2026-02-27T14:20:45","slug":"pastoraalne-kulastus-maceratas-folignos-ja-gran-sassol-19-vi-1993","status":"publish","type":"page","link":"https:\/\/neocatechumenaleiter.org\/et\/paavstide-sonad\/puha-johannes-paulus-ii\/pastoraalne-kulastus-maceratas-folignos-ja-gran-sassol-19-vi-1993\/","title":{"rendered":"Pastoraalne k\u00fclastus Maceratas, Folignos ja Gran Sassos 19-VI-1993"},"content":{"rendered":"\n<h1 class=\"has-text-align-center wp-block-heading\">Pastoraalne k\u00fclastus Maceratas, Folignos ja Gran Sassos 19-VI-1993<\/h1>\n\n<div style=\"height:20px\" aria-hidden=\"true\" class=\"wp-block-spacer\"><\/div>\n\n<h4 class=\"has-text-align-center wp-block-heading\">P\u00fcha Johannes Paulus II<\/h4>\n\n<div style=\"height:20px\" aria-hidden=\"true\" class=\"wp-block-spacer\"><\/div>\n\n<p><strong>Laup\u00e4ev, 19. ja p\u00fchap\u00e4ev, 20. juuni 1993<\/strong><\/p>\n\n<p><em>Nii kirjutab Mons. Francesco Tarcisio Carboni, Macerata Piiskop:<\/em><\/p>\n\n<p>Johannes Paulus II, 13. septembril 1992, kirjutas mulle: \u00abKuna Hiina on v\u00e4ga kallis minu s\u00fcdamele ja hoolivus selle Kiriku jaoks &#8220;on muutunud minu Pontifikaadi eriliseks ja pidevaks murekohaks&#8221; (6. jaanuari 1982. aasta kiri maailma Piiskoppidele &#8211; <em>L\u2019Osservatore Romano <\/em>24.1.1982) soovin elavalt, et see Jumala mehe kuju oleks aina tuntum ja hinnatum, teenete eest, mida ta on oma 57 eluaastas saanud ja millest 28 olid elatud selles suures alas\u00bb (<em>L\u2019Osservatore Romano<\/em>, 27. oktoober 1992, lk 2).<\/p>\n\n<p>N\u00fc\u00fcd tuleb aeg peatuda P\u00fcha Isaga, maja ees, kus s\u00fcndis Matteo Ricci, ning l\u00e4bida neid Macerata t\u00e4navaid, kus Hiina Apostel sai oma kutsumuse esimese idu. Matteo Ricci s\u00fcnnibki Maceratas 6. oktoobril 1552. aastal, 15. augustil 1571. aastal siseneb ta Jeesuse Seltsi katseaega, 18. mail 1577. aastal lahkub ta Roomast Idamaa Misjoni jaoks, 26. juulil 1580. aastal P\u00fchitsetakse ta Preestriks Cochinis (Indias); 10. septembril 1583. aastal j\u00f5uab ta Hiinasse ning 11. septembril 1610. aastal sureb ta Pekingis.<\/p>\n\n<p>\u00abT\u00e4na &#8211; kirjutas Paavst 1982. aastal &#8211; isa Ricci kuju on veel elav hiina rahva seas nimega \u201cLi Ma-tou\u201d. Tema on Kiriku ja Hiina \u00fchine p\u00e4rand ning kujutab ennast kindla ja s\u00fcmboolse tugipunktina tuleviku poole suunatud konstruktiivse dialoogi jaoks\u00bb (<em>L\u2019Osservatore Romano<\/em>, 27. oktoober 1982).<\/p>\n\n<p>\nM\u00f6\u00f6dunud on ainult 11 aastat ning P\u00fcha Isa tulek Maceratasse kinnitab ja annab uut t\u00f5uget sellele vennalikule suhtele \u00abKirik-Hiina\u00bb, mis &#8211; on rohkem kui \u00fcks p\u00f5hjus seda uskuda &#8211; m\u00f6\u00f6dub vaieldamatult ka Maceratast:<br \/><br \/>\u2022 Kaks aastat tagasi alustas tegutsemist <em>Redemptoris Materi\u00a0<\/em>Misjoneeriv Piiskopkonna Seminar Maceratas, spetsiifilise eesm\u00e4rgiga vormida preestreid, kes oleksid valmis andma oma elu nagu Isa Matteo Ricci, Hiina evangeliseerimise jaosk: juba 18 seminaristi v\u00f5tavad regulaarseid Filosoofia ja Teoloogia Kursuseid.<\/p>\n\n<p>\u2022 Juba 1993.-94. aasta kooliaastal v\u00f5ib tudengite arv j\u00f5uda 30-ni; nad vormitakse seminari keskkondades, oodates struktuuri, mis oleks v\u00f5imeline mahutada umbes sada neist paari aasta p\u00e4rast. &#013;\n&#013;\n\u2022 P\u00fcha Isa \u00f5nnistab Katedraalis uue \u00abHiina jaoks m\u00f5eldud Seminari\u00bb Esimest Kivi, mis ehitatakse siin Matteo Ricci linnas, keda p\u00f5hjusega peetakse \u00abSillaks L\u00e4\u00e4ne ja Ida vahel\u00bb. &#013;\n&#013;\n\u2022 Kohalik \u00d5pingute \u00dclikool on samal ajal alustanud hiina keele kursust, milles osalevad meie seminaristid ja teised tudengid, kes on huvitatud mandariini keelest.<\/p>\n\n<p>Need on selge t\u00e4hendusega valgused P\u00fcha Isa v\u00e4ljendusviisis:\u00a0\u00abPeame vaatama tulevikule\u00bb (<em>Johannes Paulus II \u00f5petused<\/em>, IV, 1, 1981, lk 384).<br \/><br \/>\u00abMul on lootus rohketesse eelistesse, mitte ainult Kiriku misjonitegevusele &#8211; <em>kirjutab Paavst &#8211;<\/em>, aga ka kogu hiina rahvale, kelle poole Apostellik tool vaatab erilise s\u00fcmpaatsuse ja s\u00fcdamlikkusega kogu imelise traditsioonide ja kultuuride, k\u00f5rge inimlikkuse ja rikka vaimulikkuse reaalsuse t\u00f5ttu, mis moodustavad suure hiina Riigi ajaloolise ja aktuaalse p\u00e4randi\u00bb (Vrd <em>L\u2019Osservatore Romano, <\/em>24. jaanuar 1982).<\/p>\n\n<p>Paavsti kohalolu 18 seminaristi seas, kes vaatavad Hiinale, annab eluj\u00f5udu nendele lootustele, tugevdab piiranguid ja uuendab julgustuste efektiivsust. (*) Lisand \u00abL\u2019Osservatore Romano\u00bb, nr 139 &#8211; laup\u00e4ev, 19. juuni 1993.<\/p>\n\n<div class=\"wp-block-image\"><figure class=\"aligncenter size-large\"><img loading=\"lazy\" decoding=\"async\" width=\"569\" height=\"693\" src=\"https:\/\/neocatechumenaleiter.org\/wp-content\/uploads\/2020\/03\/Camino_Neocatecumenal_Juan_Pablo_II_visita_pastoral_Macerata_1993.jpg\" alt=\"\" class=\"wp-image-2495\" srcset=\"https:\/\/neocatechumenaleiter.org\/wp-content\/uploads\/2020\/03\/Camino_Neocatecumenal_Juan_Pablo_II_visita_pastoral_Macerata_1993.jpg 569w, https:\/\/neocatechumenaleiter.org\/wp-content\/uploads\/2020\/03\/Camino_Neocatecumenal_Juan_Pablo_II_visita_pastoral_Macerata_1993-246x300.jpg 246w\" sizes=\"auto, (max-width: 569px) 100vw, 569px\" \/><\/figure><\/div>\n","protected":false},"excerpt":{"rendered":"<p>Pastoraalne k\u00fclastus Maceratas, Folignos ja Gran Sassos 19-VI-1993 P\u00fcha Johannes Paulus II Laup\u00e4ev, 19. ja p\u00fchap\u00e4ev, 20. juuni 1993 Nii kirjutab Mons. Francesco Tarcisio Carboni, Macerata Piiskop: Johannes Paulus II, 13. septembril 1992, kirjutas mulle: \u00abKuna Hiina on v\u00e4ga kallis minu s\u00fcdamele ja hoolivus selle Kiriku jaoks &#8220;on muutunud minu Pontifikaadi eriliseks ja pidevaks murekohaks&#8221; (6. jaanuari 1982. aasta kiri maailma Piiskoppidele &#8211; L\u2019Osservatore Romano 24.1.1982) soovin elavalt, et see<\/p>\n<div class=\"read-more\"><a class=\"btn read-more-btn\" href=\"https:\/\/neocatechumenaleiter.org\/et\/paavstide-sonad\/puha-johannes-paulus-ii\/pastoraalne-kulastus-maceratas-folignos-ja-gran-sassol-19-vi-1993\/\">Loe edasi<\/a><\/div>\n","protected":false},"author":2,"featured_media":0,"parent":19903,"menu_order":75,"comment_status":"closed","ping_status":"closed","template":"","meta":{"footnotes":""},"class_list":["post-44214","page","type-page","status-publish","hentry"],"_links":{"self":[{"href":"https:\/\/neocatechumenaleiter.org\/et\/wp-json\/wp\/v2\/pages\/44214","targetHints":{"allow":["GET"]}}],"collection":[{"href":"https:\/\/neocatechumenaleiter.org\/et\/wp-json\/wp\/v2\/pages"}],"about":[{"href":"https:\/\/neocatechumenaleiter.org\/et\/wp-json\/wp\/v2\/types\/page"}],"author":[{"embeddable":true,"href":"https:\/\/neocatechumenaleiter.org\/et\/wp-json\/wp\/v2\/users\/2"}],"replies":[{"embeddable":true,"href":"https:\/\/neocatechumenaleiter.org\/et\/wp-json\/wp\/v2\/comments?post=44214"}],"version-history":[{"count":5,"href":"https:\/\/neocatechumenaleiter.org\/et\/wp-json\/wp\/v2\/pages\/44214\/revisions"}],"predecessor-version":[{"id":47614,"href":"https:\/\/neocatechumenaleiter.org\/et\/wp-json\/wp\/v2\/pages\/44214\/revisions\/47614"}],"up":[{"embeddable":true,"href":"https:\/\/neocatechumenaleiter.org\/et\/wp-json\/wp\/v2\/pages\/19903"}],"wp:attachment":[{"href":"https:\/\/neocatechumenaleiter.org\/et\/wp-json\/wp\/v2\/media?parent=44214"}],"curies":[{"name":"wp","href":"https:\/\/api.w.org\/{rel}","templated":true}]}}