{"id":44221,"date":"2020-03-04T00:39:08","date_gmt":"2020-03-03T23:39:08","guid":{"rendered":"https:\/\/neocatechumenaleiter.org\/paavstide-sonad\/puha-johannes-paulus-ii\/neokatehhumeenilise-tee-kohtumine-viinis-mitmete-euroopa-piiskoppide-kohaolul-13-iv-1993\/"},"modified":"2026-02-27T15:22:27","modified_gmt":"2026-02-27T14:22:27","slug":"neokatehhumeenilise-tee-kohtumine-viinis-mitmete-euroopa-piiskoppide-kohaolul-13-iv-1993","status":"publish","type":"page","link":"https:\/\/neocatechumenaleiter.org\/et\/paavstide-sonad\/puha-johannes-paulus-ii\/neokatehhumeenilise-tee-kohtumine-viinis-mitmete-euroopa-piiskoppide-kohaolul-13-iv-1993\/","title":{"rendered":"Neokatehhumeenilise Tee kohtumine Viinis mitmete euroopa piiskoppide kohaolul 13-IV-1993"},"content":{"rendered":"\n<h1 class=\"has-text-align-center wp-block-heading\">Neokatehhumeenilise Tee kohtumine Viinis mitmete euroopa piiskoppide kohaolul 13-IV-1993<\/h1>\n\n<div style=\"height:20px\" aria-hidden=\"true\" class=\"wp-block-spacer\"><\/div>\n\n<h4 class=\"has-text-align-center wp-block-heading\">P\u00fcha Johannes Paulus II<\/h4>\n\n<div style=\"height:20px\" aria-hidden=\"true\" class=\"wp-block-spacer\"><\/div>\n\n<p><strong>Viin, 13. &#8211; 17. aprill 1993<\/strong><\/p>\n\n<p><em>Kas 2000. aasta Euroopa on kristlik? Just sellele P\u00fcha Isa poolt t\u00f5statatud k\u00fcsimusele vastamiseks kogunesid Viinis viieks p\u00e4evaks 5 Kardinali ja 120 Piiskoppi p\u00e4rit k\u00f5ikidest Euroopa Riikidest, Portugalist Venemaani, 13. &#8211; 17. aprillini.<\/em><br \/><br \/><em>Kohtumine alustati kolmap\u00e4eva, 14. aprilli hommikul Kardinali Gro\u00ebri poolt, kes r\u00f5hutas Neokatehhumeenilise Tee t\u00e4htsust Kiriku jaoks kolmanda aastatuhande l\u00e4vel. Ilmikute Paavstliku N\u00f5ukogu Aseesimees, Mons. Paul Cordes, luges P\u00fcha Isa poolt saadetud Kirja.<\/em><\/p>\n\n<div class=\"wp-block-image\"><figure class=\"aligncenter size-large\"><img loading=\"lazy\" decoding=\"async\" width=\"400\" height=\"276\" src=\"https:\/\/neocatechumenaleiter.org\/wp-content\/uploads\/2020\/03\/Camino_Neocatecumenal_Juan_Pablo_II_encuentro_viena_obispos_1993.jpg\" alt=\"\" class=\"wp-image-2459\" srcset=\"https:\/\/neocatechumenaleiter.org\/wp-content\/uploads\/2020\/03\/Camino_Neocatecumenal_Juan_Pablo_II_encuentro_viena_obispos_1993.jpg 400w, https:\/\/neocatechumenaleiter.org\/wp-content\/uploads\/2020\/03\/Camino_Neocatecumenal_Juan_Pablo_II_encuentro_viena_obispos_1993-300x207.jpg 300w\" sizes=\"auto, (max-width: 400px) 100vw, 400px\" \/><\/figure><\/div>\n\n<p>Lisame siinkohal Kirja:<\/p>\n\n<p>Austatud Vennad Piiskopid, Kallid Vennad ja \u00d5ed!<br \/><br \/>Minu jaoks on suureks lohutuseks, paar aastat peale minu \u00fcleskutset Euroopa uueks evangeliseerimiseks, teada saada, et te olete kogunenud Viini, et koos m\u00f5tiskleda misjonitegevuse viljade \u00fcle, mida Neokatehhumeenilise Tee preestrid, r\u00e4ndkatehheedid ja perekonnad viivad l\u00e4bi suuremeelse t\u00f5ukega ja suure innukusega Evageeliumi vastu.<br \/><br \/>Euroopa jaoks m\u00f5eldud Eriassamblee t\u00f6\u00f6de avamise puhul, 5. juunil 1990, m\u00e4rkasin ma kahetsusega, et selles meie kontinendis on paljud harjunud pidama reaalsust &#8220;nagu Jumalat poleks&#8221;. Sellises vaatepunktis &#8211; lisasin &#8211; inimene \u00abmuutub moraalse seaduse allikaks, ja ainult selline seadus, mida inimene annab iseendale, on tema tundmise ja tema k\u00e4itumise m\u00f5\u00f5dupuuks\u00bb (<u>\u00d5petused<\/u>, vol XIII, 1, 1990, lk 1517 j). Teisalt ei saa eitada, et P\u00fcha Vaim, l\u00e4bi Vatikani II Kirikukogu, on \u00e4ratanud asjalikke vahendeid &#8211; nende seas ka Neokatehhumeeniline Tee -, et vastata n\u00fc\u00fcdisaegse inimese k\u00fcsimustele. P\u00e4rast m\u00f5nda aastat, saadud tulemuste valguses, olen pidanud vajalikuks julgustada kirjalikult sellist kogemust uut evangeliseerimist silmas pidades, soovides, et seda aidataks ja v\u00e4\u00e4rtustataks Vendade Piiskoppide poolt (vrd 30.8.1990 kirjaga).<br \/><br \/>Nendest tulemustest on paljud teist otsesed tunnistajad ja ka esimesed peategelased abi p\u00e4rast, mida andsite selle uue kirikliku reaalsuse levitamiseks; seet\u00f5ttu teie t\u00e4nane m\u00f5tisklemine on eriti t\u00e4htis, nagu oli ka ameerika kontinendi Piiskoppide oma eelmise aasta kohtumise k\u00e4igus Santo Domingos.<br \/><br \/>Neokatehhumeeniline Tee, milles saavad k\u00fcpseks misjoneerivad r\u00e4ndkatehheedid ja perekonnad, v\u00f5ib sekularismi, sektide levimise ja kutsumuste puudumise v\u00e4ljakutsetele vastata. M\u00f5tisklemine Jumala S\u00f5na ja Euharistial osalemise \u00fcle teevad v\u00f5imalikuks j\u00e4rgulise algatamise p\u00fchadele M\u00fcsteeriumitele, moodustavad elavaid rakke Kirikus, uuendavad Kihelkonna elavust l\u00e4bi k\u00fcpsete kristlaste, kes on v\u00f5imelised tunnistama t\u00f5de radikaalselt elatud usuga.<br \/><br \/>See Tee n\u00e4ib eriti sobivana panustama, dekristianiseeritud alades, vajalikule &#8220;reimplantatio Ecclesiae&#8217;le&#8221;, viies inimesed oma moraalses k\u00e4itumises kuuletumisele ilmutatud t\u00f5ele ja \u00fclesehitades ka sedasama sotsiaalset kangast, mis h\u00e4vitati Jumala ja tema armastuse tundmise puudulikkusest. Ning juba m\u00f5nedes piirkondades moodustuvad misjoneerivad perekonnad, kes saavad olla Kristuse valgus ja elueeskuju.<br \/><br \/>Kuid selline misjon ei ole v\u00f5imalik valmistunud preestriteta, kes oleksid valmis saatma ja toetama oma ordineeritud ministeeriumiga seda tegevust uue evangeliseerimise jaoks. Olen t\u00e4nulik Issandale, kes on soovinud paljude kutsumuste s\u00fcndimist ja seet\u00f5ttu ka piiskopkondlike ja misjoneerivate seminaride loomist erinevates Euroopa Riikides, nimetatud Neitsi Maarja magusa nimega, \u00abRedemptoris Mater\u00bb. Tema emaliku kaitse ja tema v\u00f5imsa inspiratsiooni alla panen ka teie kohtumist, mis v\u00f5ib anda teile suuremat t\u00f5uget ja julgust apostellikus p\u00fchendumuses n\u00fc\u00fcdisaegse inimese poole, kelle on vaja Karjaste ja nende poolt saadetud tunnistajate juhtimist, et tunda Jumalat, h\u00fc\u00fcda appi tema nime ja saada p\u00e4\u00e4stmist.<br \/><br \/>\u00dclest\u00f5usnud Issanda valgus, mida me pidulikult t\u00e4histasime Paasavigiilil, s\u00e4ragu teis ikka edasi, toetades teid teie misjonis Kiriku ja kogu inimkonna teenistuses.<\/p>\n\n<p>Vatikanist, 12. aprill 1993.<br \/><br \/>Joannes Paulus II<br \/><br \/><em>(*) Vrd \u00abL\u2019Osservatore Romano\u00bb, 22. aprill 1993.<\/em><\/p>\n","protected":false},"excerpt":{"rendered":"<p>Neokatehhumeenilise Tee kohtumine Viinis mitmete euroopa piiskoppide kohaolul 13-IV-1993 P\u00fcha Johannes Paulus II Viin, 13. &#8211; 17. aprill 1993 Kas 2000. aasta Euroopa on kristlik? Just sellele P\u00fcha Isa poolt t\u00f5statatud k\u00fcsimusele vastamiseks kogunesid Viinis viieks p\u00e4evaks 5 Kardinali ja 120 Piiskoppi p\u00e4rit k\u00f5ikidest Euroopa Riikidest, Portugalist Venemaani, 13. &#8211; 17. aprillini. Kohtumine alustati kolmap\u00e4eva, 14. aprilli hommikul Kardinali Gro\u00ebri poolt, kes r\u00f5hutas Neokatehhumeenilise Tee t\u00e4htsust Kiriku jaoks kolmanda aastatuhande<\/p>\n<div class=\"read-more\"><a class=\"btn read-more-btn\" href=\"https:\/\/neocatechumenaleiter.org\/et\/paavstide-sonad\/puha-johannes-paulus-ii\/neokatehhumeenilise-tee-kohtumine-viinis-mitmete-euroopa-piiskoppide-kohaolul-13-iv-1993\/\">Loe edasi<\/a><\/div>\n","protected":false},"author":2,"featured_media":0,"parent":19903,"menu_order":73,"comment_status":"closed","ping_status":"closed","template":"","meta":{"footnotes":""},"class_list":["post-44221","page","type-page","status-publish","hentry"],"_links":{"self":[{"href":"https:\/\/neocatechumenaleiter.org\/et\/wp-json\/wp\/v2\/pages\/44221","targetHints":{"allow":["GET"]}}],"collection":[{"href":"https:\/\/neocatechumenaleiter.org\/et\/wp-json\/wp\/v2\/pages"}],"about":[{"href":"https:\/\/neocatechumenaleiter.org\/et\/wp-json\/wp\/v2\/types\/page"}],"author":[{"embeddable":true,"href":"https:\/\/neocatechumenaleiter.org\/et\/wp-json\/wp\/v2\/users\/2"}],"replies":[{"embeddable":true,"href":"https:\/\/neocatechumenaleiter.org\/et\/wp-json\/wp\/v2\/comments?post=44221"}],"version-history":[{"count":5,"href":"https:\/\/neocatechumenaleiter.org\/et\/wp-json\/wp\/v2\/pages\/44221\/revisions"}],"predecessor-version":[{"id":47618,"href":"https:\/\/neocatechumenaleiter.org\/et\/wp-json\/wp\/v2\/pages\/44221\/revisions\/47618"}],"up":[{"embeddable":true,"href":"https:\/\/neocatechumenaleiter.org\/et\/wp-json\/wp\/v2\/pages\/19903"}],"wp:attachment":[{"href":"https:\/\/neocatechumenaleiter.org\/et\/wp-json\/wp\/v2\/media?parent=44221"}],"curies":[{"name":"wp","href":"https:\/\/api.w.org\/{rel}","templated":true}]}}