{"id":44265,"date":"2020-03-04T00:20:33","date_gmt":"2020-03-03T23:20:33","guid":{"rendered":"https:\/\/neocatechumenaleiter.org\/paavstide-sonad\/puha-johannes-paulus-ii\/ladina-ameerika-piiskoppide-konvivents-21-iv-1992\/"},"modified":"2026-02-27T15:24:44","modified_gmt":"2026-02-27T14:24:44","slug":"ladina-ameerika-piiskoppide-konvivents-21-iv-1992","status":"publish","type":"page","link":"https:\/\/neocatechumenaleiter.org\/et\/paavstide-sonad\/puha-johannes-paulus-ii\/ladina-ameerika-piiskoppide-konvivents-21-iv-1992\/","title":{"rendered":"Ladina-Ameerika piiskoppide konvivents 21-IV-1992"},"content":{"rendered":"\n<h1 class=\"has-text-align-center wp-block-heading\">Ladina-Ameerika piiskoppide konvivents uue maailma evangeliseerimise viiesajanda aastap\u00e4eva valmistamiseks 21-IV-1992<\/h1>\n\n<div style=\"height:20px\" aria-hidden=\"true\" class=\"wp-block-spacer\"><\/div>\n\n<h4 class=\"has-text-align-center wp-block-heading\">P\u00fcha Johannes Paulus II<\/h4>\n\n<div style=\"height:20px\" aria-hidden=\"true\" class=\"wp-block-spacer\"><\/div>\n\n<p><strong>S. Domingo, 21.-25. aprill 1992, kohal olid 153 Piiskoppi<\/strong><\/p>\n\n<p><em>Kard. Angelo Sodano, Tema P\u00fchaduse Johannes Paulus II Riigisekret\u00e4ri telegramm Mons. Paul Cordesele:<\/em><\/p>\n\n<p>P\u00fcha Isa, olles informeeritud Neokatehhumeenilise Tee kohtumisest Santo Domingos, valmistamaks viiesajandat aastap\u00e4eva p\u00e4\u00e4stes\u00f5numi j\u00f5udmisest uude maailma, saadab oma s\u00fcdamlikku tervitust organiseerijatele ja k\u00f5ikidele osalejatele, koos oma julgustuse s\u00f5naga, et teha sellest heast aastap\u00e4evast sobiv v\u00f5imalus andmaks uuendatud impulssi apostellikule d\u00fcnaamilisusele uue evangeliseerimise p\u00fchendumuses. Samal ajal, \u00fchinedes k\u00f5ikidega vaimselt, eriti kohalolevate vendade piiskoppidega, t\u00f5stab oma t\u00e4nup\u00fcha Jumalale k\u00fclluslike andide eest, millega ta on \u00f5nnistanud armastatud Ladina-Aamerika kirikuid, keda ta kutsub \u00fcles j\u00e4tkama Jeesus Kristuse kuulutamist, eile, t\u00e4na ja alati uueks evangeliseerimiseks, inimlikuks algatuseks ja kristlikuks kultuuriks, andes alati tunnistust vastastikusest kiriklikust osadusest ja Vaimu teo ustavusest.<\/p>\n\n<p>Lisaks kutsub Tema P\u00fchadus k\u00f5iki Neokatehhumeeniliste Koguduste liikmeid veendunud p\u00fchendumisele apostellikus elus, mida saadaks kasvav kristlik vormimine ja aina aktiivsem osalemine liturgilises ja heategevuslikus Kiriku elus, t\u00f6\u00f6tades niimoodi kaasa Kristuse p\u00e4\u00e4steteole, et tema s\u00f5na valgustaks ja muudaks inimesi, perekondi ja \u00fchiskonda.&#013;\nNende soovidega ning armulise P\u00fchima Neitsi pilgu all, t\u00f5stab Paavst tulihingelisi palveid, et Issand muudaks v\u00e4ga viljakaks selle kirikliku kohtumise viljad, saates heameelega samal ajal heatahtlikkuse ja pideva jumaliku abi tagatise m\u00e4rgina palutud apostellikku \u00f5nnistust.<\/p>\n\n<p><em>Kardinal Angelo Sodano, Riigisekret\u00e4r<\/em><br \/><br \/><em>(*) \u00dcks meie t\u00f5lgetest itaalia keeles.<\/em><\/p>\n","protected":false},"excerpt":{"rendered":"<p>Ladina-Ameerika piiskoppide konvivents uue maailma evangeliseerimise viiesajanda aastap\u00e4eva valmistamiseks 21-IV-1992 P\u00fcha Johannes Paulus II S. Domingo, 21.-25. aprill 1992, kohal olid 153 Piiskoppi Kard. Angelo Sodano, Tema P\u00fchaduse Johannes Paulus II Riigisekret\u00e4ri telegramm Mons. Paul Cordesele: P\u00fcha Isa, olles informeeritud Neokatehhumeenilise Tee kohtumisest Santo Domingos, valmistamaks viiesajandat aastap\u00e4eva p\u00e4\u00e4stes\u00f5numi j\u00f5udmisest uude maailma, saadab oma s\u00fcdamlikku tervitust organiseerijatele ja k\u00f5ikidele osalejatele, koos oma julgustuse s\u00f5naga, et teha sellest heast aastap\u00e4evast sobiv<\/p>\n<div class=\"read-more\"><a class=\"btn read-more-btn\" href=\"https:\/\/neocatechumenaleiter.org\/et\/paavstide-sonad\/puha-johannes-paulus-ii\/ladina-ameerika-piiskoppide-konvivents-21-iv-1992\/\">Loe edasi<\/a><\/div>\n","protected":false},"author":2,"featured_media":0,"parent":19903,"menu_order":69,"comment_status":"closed","ping_status":"closed","template":"","meta":{"footnotes":""},"class_list":["post-44265","page","type-page","status-publish","hentry"],"_links":{"self":[{"href":"https:\/\/neocatechumenaleiter.org\/et\/wp-json\/wp\/v2\/pages\/44265","targetHints":{"allow":["GET"]}}],"collection":[{"href":"https:\/\/neocatechumenaleiter.org\/et\/wp-json\/wp\/v2\/pages"}],"about":[{"href":"https:\/\/neocatechumenaleiter.org\/et\/wp-json\/wp\/v2\/types\/page"}],"author":[{"embeddable":true,"href":"https:\/\/neocatechumenaleiter.org\/et\/wp-json\/wp\/v2\/users\/2"}],"replies":[{"embeddable":true,"href":"https:\/\/neocatechumenaleiter.org\/et\/wp-json\/wp\/v2\/comments?post=44265"}],"version-history":[{"count":5,"href":"https:\/\/neocatechumenaleiter.org\/et\/wp-json\/wp\/v2\/pages\/44265\/revisions"}],"predecessor-version":[{"id":47626,"href":"https:\/\/neocatechumenaleiter.org\/et\/wp-json\/wp\/v2\/pages\/44265\/revisions\/47626"}],"up":[{"embeddable":true,"href":"https:\/\/neocatechumenaleiter.org\/et\/wp-json\/wp\/v2\/pages\/19903"}],"wp:attachment":[{"href":"https:\/\/neocatechumenaleiter.org\/et\/wp-json\/wp\/v2\/media?parent=44265"}],"curies":[{"name":"wp","href":"https:\/\/api.w.org\/{rel}","templated":true}]}}