{"id":44269,"date":"2020-03-04T00:23:44","date_gmt":"2020-03-03T23:23:44","guid":{"rendered":"https:\/\/neocatechumenaleiter.org\/paavstide-sonad\/puha-johannes-paulus-ii\/puha-isa-johannes-paulus-ii-pastoraalne-kulastus-dominikaani-vabariigis-11-x-1992\/"},"modified":"2026-02-27T15:24:16","modified_gmt":"2026-02-27T14:24:16","slug":"puha-isa-johannes-paulus-ii-pastoraalne-kulastus-dominikaani-vabariigis-11-x-1992","status":"publish","type":"page","link":"https:\/\/neocatechumenaleiter.org\/et\/paavstide-sonad\/puha-johannes-paulus-ii\/puha-isa-johannes-paulus-ii-pastoraalne-kulastus-dominikaani-vabariigis-11-x-1992\/","title":{"rendered":"P\u00fcha Isa Johannes Paulus II pastoraalne k\u00fclastus Dominikaani Vabariigis 11-X-1992"},"content":{"rendered":"\n<h1 class=\"has-text-align-center wp-block-heading\">Pastoraalne k\u00fclastus Dominikaani Vabariigis uue maailma Evangeliseerimise viiesajanda Aastap\u00e4eva puhul 11-X-1992<\/h1>\n\n<div style=\"height:20px\" aria-hidden=\"true\" class=\"wp-block-spacer\"><\/div>\n\n<h4 class=\"has-text-align-center wp-block-heading\">P\u00fcha Johannes Paulus II<\/h4>\n\n<div style=\"height:20px\" aria-hidden=\"true\" class=\"wp-block-spacer\"><\/div>\n\n<p><strong>Santo Domingo, 11. oktoober 1992<\/strong><\/p>\n\n<p><em>\u00d5htupoole, peale audientsi Diplomaatilise Korpusega, l\u00e4ks Johannes Paulus II linnast v\u00e4lja, et avada Neokatehhumeeniliste Koguduste, kes on Santo Domingos v\u00e4ga aktiivsed, misjoneerivat piiskopkondlikut \u00abRedemptoris Mater\u00bb seminari. Kokku, Tee osalejaid, on \u00fcle kolmesaja, ning inimesi on kokku umbes k\u00fcmme tuhat, kes tegutsevad enamjaolt vaeste keskel, \u00abInviviendas\u00bb ja \u00abHainamozas\u00bb.<\/em><\/p>\n\n<p><em>Seminarist, kus \u00f5pivad umbes nelik\u00fcmmend noort, on hetkel ehitatud ainult hoone, mida nimetatakse \u00abS\u00f5na P\u00fchamuks\u00bb. Eluruumide hoone ja kabel ehitatakse hiljem. Paavsti v\u00f5eti vastu ainsas ehitatud hoones. Peale alguse laulu ja m\u00f5nesid tervituss\u00f5nu Neoaktehhumeenilise Tee algataja, Kiko Arg\u00fcello poolt, \u00f5nnistas Johannes Paulus II hoonet ning p\u00f6\u00f6rdus kohaolijate poole &#8211; Kardinalid, Piiskopid, seminaristid, Koguduste perekonnad &#8211; m\u00f5nede julgustusv\u00e4ljenduste ja soovidega.<\/em><\/p>\n\n<p><em>J\u00e4rgnevalt toome v\u00e4lja enda t\u00f5lget hispaania keelest s\u00f5nadest, mida P\u00fcha Isa lausus\u00a0(**):<\/em><\/p>\n\n<p>Minu jaoks on eriliseks r\u00f5\u00f5mup\u00f5hjuseks avada Santo Domingos, nii t\u00e4htsal kuup\u00e4eval, Misjoneeriv Peapiiskopkondlik <em>Redemptoris Mater\u00a0<\/em>Seminar, mis, Hea Uudise Ameerikasse j\u00f5udmise Viiesajanda Aastap\u00e4eva m\u00e4rgina, tahab olla panus Uue Evangeliseerimise suurele teole, millele ma kutsusin kogu universaalset Kirikut.<\/p>\n\n<p>See keskus, mis on saanud v\u00e4ga paljusid kandidaate preesterlusele, kes on tulnud arvukatest Riikidest kogu ameerika Kontinendist, Euroopast ja teistest Riikidest, peab alati olema elavdatud misjoneerivast vaimust, mis k\u00e4ituks k\u00e4\u00e4rijana selles peapiiskopkonnas, kogu Dominikaani Vabariigis, ning mis n\u00e4itaks ennast kogu maailmas j\u00e4rgides Issanda mandaati:<br \/><br \/>\u00abMinge k\u00f5ike maailma, kuulutage evangeeliumi kogu loodule\u00bb (Mk 16,15). See on ilmutatud ka Vatikani II Kirikukogu poolt preestri ministeeriumi ja elu dekreedis: \u00abVaimne and, mida preestrid on saanud ordineerimisel, ei valmista nad piiratud ja v\u00e4ikseks misjoniks, vaid v\u00e4ga laiaks ja universaalseks p\u00e4\u00e4stemisjoniks &#8220;ilmamaa \u00e4\u00e4rteni&#8221; (Ap 1,8)\u00bb (<em>Presbyterorum Ordinis,\u00a0<\/em>nr 10).<\/p>\n\n<p>K\u00f5ige mitmesugusema p\u00e4ritoluga seminaristide kohalolu selles saares, mis on saanud evangeelse kuulutamise seemneid ning millest on s\u00e4ranud Jeesuse Kristuse p\u00e4\u00e4stev valgus \u00fclej\u00e4\u00e4nud Ameerikale, on ka m\u00e4rk sellest, kuidas n\u00fc\u00fcdseks Kolmanda kristliku Aastatuhande l\u00e4vel, sellest Peapiiskopkondlikust \u00abRedemptoris Mater\u00bb Seminarist Santo Domingos, Jumala armuga,\u00a0<strong>v\u00f5ivad s\u00e4rada ka uued evangeliseerijad, kes viivad Jeesus Kristust, \u00abTee, T\u00f5de ja Elu\u00bb, kogu maailmale.<\/strong><\/p>\n\n<p>T\u00f5stes tulihingelisi palveid selleks, et Maarja, Evangeliseerimise T\u00e4ht, juhataks oma jumaliku Poja juurde k\u00f5iki neid, kes vormitakse preestriks selles Seminaris, saadan k\u00f5ikidele erilise armastusega oma apostellikku \u00f5nnistust. (*) Vrd \u00abL\u2019Osservatore Romano\u00bb, 12.-13. oktoober 1992. (**) Igan\u00e4dalane lisa \u00abL\u2019Osservatore Romano\u00bb nr 42 (2624).<\/p>\n\n<figure class=\"wp-block-gallery aligncenter columns-3 is-cropped wp-block-gallery-1 is-layout-flex wp-block-gallery-is-layout-flex\"><ul class=\"blocks-gallery-grid\"><li class=\"blocks-gallery-item\"><figure><img loading=\"lazy\" decoding=\"async\" width=\"400\" height=\"330\" src=\"https:\/\/neocatechumenaleiter.org\/wp-content\/uploads\/2020\/03\/Camino_Neocatecumenal_Juan_Pablo_II_visita_pastoral_Republica_Dominicana_1992_3.jpg\" alt=\"\" data-id=\"2400\" data-full-url=\"https:\/\/neocatechumenaleiter.org\/wp-content\/uploads\/2020\/03\/Camino_Neocatecumenal_Juan_Pablo_II_visita_pastoral_Republica_Dominicana_1992_3.jpg\" data-link=\"https:\/\/neocatechumenaleiter.org\/?attachment_id=2400\" class=\"wp-image-2400\" srcset=\"https:\/\/neocatechumenaleiter.org\/wp-content\/uploads\/2020\/03\/Camino_Neocatecumenal_Juan_Pablo_II_visita_pastoral_Republica_Dominicana_1992_3.jpg 400w, https:\/\/neocatechumenaleiter.org\/wp-content\/uploads\/2020\/03\/Camino_Neocatecumenal_Juan_Pablo_II_visita_pastoral_Republica_Dominicana_1992_3-300x248.jpg 300w\" sizes=\"auto, (max-width: 400px) 100vw, 400px\" \/><\/figure><\/li><li class=\"blocks-gallery-item\"><figure><img loading=\"lazy\" decoding=\"async\" width=\"662\" height=\"560\" src=\"https:\/\/neocatechumenaleiter.org\/wp-content\/uploads\/2020\/03\/Camino_Neocatecumenal_Juan_Pablo_II_visita_pastoral_Republica_Dominicana_1992_2.jpg\" alt=\"\" data-id=\"2407\" data-full-url=\"https:\/\/neocatechumenaleiter.org\/wp-content\/uploads\/2020\/03\/Camino_Neocatecumenal_Juan_Pablo_II_visita_pastoral_Republica_Dominicana_1992_2.jpg\" data-link=\"https:\/\/neocatechumenaleiter.org\/?attachment_id=2407\" class=\"wp-image-2407\" srcset=\"https:\/\/neocatechumenaleiter.org\/wp-content\/uploads\/2020\/03\/Camino_Neocatecumenal_Juan_Pablo_II_visita_pastoral_Republica_Dominicana_1992_2.jpg 662w, https:\/\/neocatechumenaleiter.org\/wp-content\/uploads\/2020\/03\/Camino_Neocatecumenal_Juan_Pablo_II_visita_pastoral_Republica_Dominicana_1992_2-300x254.jpg 300w\" sizes=\"auto, (max-width: 662px) 100vw, 662px\" \/><\/figure><\/li><li class=\"blocks-gallery-item\"><figure><img loading=\"lazy\" decoding=\"async\" width=\"679\" height=\"560\" src=\"https:\/\/neocatechumenaleiter.org\/wp-content\/uploads\/2020\/03\/Camino_Neocatecumenal_Juan_Pablo_II_visita_pastoral_Republica_Dominicana_1992.jpg\" alt=\"\" data-id=\"2414\" data-full-url=\"https:\/\/neocatechumenaleiter.org\/wp-content\/uploads\/2020\/03\/Camino_Neocatecumenal_Juan_Pablo_II_visita_pastoral_Republica_Dominicana_1992.jpg\" data-link=\"https:\/\/neocatechumenaleiter.org\/?attachment_id=2414\" class=\"wp-image-2414\" srcset=\"https:\/\/neocatechumenaleiter.org\/wp-content\/uploads\/2020\/03\/Camino_Neocatecumenal_Juan_Pablo_II_visita_pastoral_Republica_Dominicana_1992.jpg 679w, https:\/\/neocatechumenaleiter.org\/wp-content\/uploads\/2020\/03\/Camino_Neocatecumenal_Juan_Pablo_II_visita_pastoral_Republica_Dominicana_1992-300x247.jpg 300w\" sizes=\"auto, (max-width: 679px) 100vw, 679px\" \/><\/figure><\/li><\/ul><\/figure>","protected":false},"excerpt":{"rendered":"<p>Pastoraalne k\u00fclastus Dominikaani Vabariigis uue maailma Evangeliseerimise viiesajanda Aastap\u00e4eva puhul 11-X-1992 P\u00fcha Johannes Paulus II Santo Domingo, 11. oktoober 1992 \u00d5htupoole, peale audientsi Diplomaatilise Korpusega, l\u00e4ks Johannes Paulus II linnast v\u00e4lja, et avada Neokatehhumeeniliste Koguduste, kes on Santo Domingos v\u00e4ga aktiivsed, misjoneerivat piiskopkondlikut \u00abRedemptoris Mater\u00bb seminari. Kokku, Tee osalejaid, on \u00fcle kolmesaja, ning inimesi on kokku umbes k\u00fcmme tuhat, kes tegutsevad enamjaolt vaeste keskel, \u00abInviviendas\u00bb ja \u00abHainamozas\u00bb. Seminarist, kus \u00f5pivad<\/p>\n<div class=\"read-more\"><a class=\"btn read-more-btn\" href=\"https:\/\/neocatechumenaleiter.org\/et\/paavstide-sonad\/puha-johannes-paulus-ii\/puha-isa-johannes-paulus-ii-pastoraalne-kulastus-dominikaani-vabariigis-11-x-1992\/\">Loe edasi<\/a><\/div>\n","protected":false},"author":2,"featured_media":0,"parent":19903,"menu_order":71,"comment_status":"closed","ping_status":"closed","template":"","meta":{"footnotes":""},"class_list":["post-44269","page","type-page","status-publish","hentry"],"_links":{"self":[{"href":"https:\/\/neocatechumenaleiter.org\/et\/wp-json\/wp\/v2\/pages\/44269","targetHints":{"allow":["GET"]}}],"collection":[{"href":"https:\/\/neocatechumenaleiter.org\/et\/wp-json\/wp\/v2\/pages"}],"about":[{"href":"https:\/\/neocatechumenaleiter.org\/et\/wp-json\/wp\/v2\/types\/page"}],"author":[{"embeddable":true,"href":"https:\/\/neocatechumenaleiter.org\/et\/wp-json\/wp\/v2\/users\/2"}],"replies":[{"embeddable":true,"href":"https:\/\/neocatechumenaleiter.org\/et\/wp-json\/wp\/v2\/comments?post=44269"}],"version-history":[{"count":5,"href":"https:\/\/neocatechumenaleiter.org\/et\/wp-json\/wp\/v2\/pages\/44269\/revisions"}],"predecessor-version":[{"id":47624,"href":"https:\/\/neocatechumenaleiter.org\/et\/wp-json\/wp\/v2\/pages\/44269\/revisions\/47624"}],"up":[{"embeddable":true,"href":"https:\/\/neocatechumenaleiter.org\/et\/wp-json\/wp\/v2\/pages\/19903"}],"wp:attachment":[{"href":"https:\/\/neocatechumenaleiter.org\/et\/wp-json\/wp\/v2\/media?parent=44269"}],"curies":[{"name":"wp","href":"https:\/\/api.w.org\/{rel}","templated":true}]}}