{"id":44282,"date":"2020-03-04T00:18:38","date_gmt":"2020-03-03T23:18:38","guid":{"rendered":"https:\/\/neocatechumenaleiter.org\/paavstide-sonad\/puha-johannes-paulus-ii\/paasavigiil-vatikani-basiilikas-ristimislubaduste-pidulik-uuendamine-19-iv-1992\/"},"modified":"2026-02-27T15:25:13","modified_gmt":"2026-02-27T14:25:13","slug":"paasavigiil-vatikani-basiilikas-ristimislubaduste-pidulik-uuendamine-19-iv-1992","status":"publish","type":"page","link":"https:\/\/neocatechumenaleiter.org\/et\/paavstide-sonad\/puha-johannes-paulus-ii\/paasavigiil-vatikani-basiilikas-ristimislubaduste-pidulik-uuendamine-19-iv-1992\/","title":{"rendered":"Paasavigiil Vatikani Basiilikas: Ristimislubaduste pidulik uuendamine 19-IV-1992"},"content":{"rendered":"\n<h1 class=\"has-text-align-center wp-block-heading\">Paasavigiil Vatikani Basiilikas: Ristimislubaduste pidulik uuendamine 19-IV-1992<\/h1>\n\n<div style=\"height:20px\" aria-hidden=\"true\" class=\"wp-block-spacer\"><\/div>\n\n<h4 class=\"has-text-align-center wp-block-heading\">P\u00fcha Johannes Paulus II<\/h4>\n\n<div style=\"height:20px\" aria-hidden=\"true\" class=\"wp-block-spacer\"><\/div>\n\n<p><strong>P\u00fcha Peetrus, 19. aprill 1992<\/strong><\/p>\n\n<p><em>Esimene Rooma P\u00fcha Leonardo Murialdo kogudus ja esimene Rooma Tor Sapienza kogudus uuendasid pidulikult Ristimislubadusi Neoaktehhumeenilise teekonna l\u00f5pus, saadetud oma katehheetide poolt, P\u00fcha Isa Johannes Paulus II ees P\u00fcha Peetruse Basiilikas Paasavigiili k\u00e4igus.<\/em><\/p>\n\n<div class=\"wp-block-image\"><figure class=\"aligncenter size-large\"><img loading=\"lazy\" decoding=\"async\" width=\"692\" height=\"569\" src=\"https:\/\/neocatechumenaleiter.org\/wp-content\/uploads\/2020\/03\/Camino_Neocatecumenal_Juan_Pablo_II_vigilia_pascual_hermanos_vestidura_blanca_1992.jpg\" alt=\"\" class=\"wp-image-2387\" srcset=\"https:\/\/neocatechumenaleiter.org\/wp-content\/uploads\/2020\/03\/Camino_Neocatecumenal_Juan_Pablo_II_vigilia_pascual_hermanos_vestidura_blanca_1992.jpg 692w, https:\/\/neocatechumenaleiter.org\/wp-content\/uploads\/2020\/03\/Camino_Neocatecumenal_Juan_Pablo_II_vigilia_pascual_hermanos_vestidura_blanca_1992-300x247.jpg 300w\" sizes=\"auto, (max-width: 692px) 100vw, 692px\" \/><\/figure><\/div>\n","protected":false},"excerpt":{"rendered":"<p>Paasavigiil Vatikani Basiilikas: Ristimislubaduste pidulik uuendamine 19-IV-1992 P\u00fcha Johannes Paulus II P\u00fcha Peetrus, 19. aprill 1992 Esimene Rooma P\u00fcha Leonardo Murialdo kogudus ja esimene Rooma Tor Sapienza kogudus uuendasid pidulikult Ristimislubadusi Neoaktehhumeenilise teekonna l\u00f5pus, saadetud oma katehheetide poolt, P\u00fcha Isa Johannes Paulus II ees P\u00fcha Peetruse Basiilikas Paasavigiili k\u00e4igus.<\/p>\n","protected":false},"author":2,"featured_media":0,"parent":19903,"menu_order":68,"comment_status":"closed","ping_status":"closed","template":"","meta":{"footnotes":""},"class_list":["post-44282","page","type-page","status-publish","hentry"],"_links":{"self":[{"href":"https:\/\/neocatechumenaleiter.org\/et\/wp-json\/wp\/v2\/pages\/44282","targetHints":{"allow":["GET"]}}],"collection":[{"href":"https:\/\/neocatechumenaleiter.org\/et\/wp-json\/wp\/v2\/pages"}],"about":[{"href":"https:\/\/neocatechumenaleiter.org\/et\/wp-json\/wp\/v2\/types\/page"}],"author":[{"embeddable":true,"href":"https:\/\/neocatechumenaleiter.org\/et\/wp-json\/wp\/v2\/users\/2"}],"replies":[{"embeddable":true,"href":"https:\/\/neocatechumenaleiter.org\/et\/wp-json\/wp\/v2\/comments?post=44282"}],"version-history":[{"count":3,"href":"https:\/\/neocatechumenaleiter.org\/et\/wp-json\/wp\/v2\/pages\/44282\/revisions"}],"predecessor-version":[{"id":47628,"href":"https:\/\/neocatechumenaleiter.org\/et\/wp-json\/wp\/v2\/pages\/44282\/revisions\/47628"}],"up":[{"embeddable":true,"href":"https:\/\/neocatechumenaleiter.org\/et\/wp-json\/wp\/v2\/pages\/19903"}],"wp:attachment":[{"href":"https:\/\/neocatechumenaleiter.org\/et\/wp-json\/wp\/v2\/media?parent=44282"}],"curies":[{"name":"wp","href":"https:\/\/api.w.org\/{rel}","templated":true}]}}