{"id":44287,"date":"2020-03-29T20:39:18","date_gmt":"2020-03-29T19:39:18","guid":{"rendered":"https:\/\/neocatechumenaleiter.org\/paavstide-sonad\/puha-johannes-paulus-ii\/paasavigiil-puha-peetruses-monede-rooma-koguduste-ristimislubaduste-pidulik-uuendamine-15-iv-1990\/"},"modified":"2026-02-27T15:30:13","modified_gmt":"2026-02-27T14:30:13","slug":"paasavigiil-puha-peetruses-monede-rooma-koguduste-ristimislubaduste-pidulik-uuendamine-15-iv-1990","status":"publish","type":"page","link":"https:\/\/neocatechumenaleiter.org\/et\/paavstide-sonad\/puha-johannes-paulus-ii\/paasavigiil-puha-peetruses-monede-rooma-koguduste-ristimislubaduste-pidulik-uuendamine-15-iv-1990\/","title":{"rendered":"Paasavigiil P\u00fcha Peetruses: m\u00f5nede Rooma koguduste Ristimislubaduste pidulik uuendamine 15-IV-1990"},"content":{"rendered":"\n<h1 class=\"has-text-align-center wp-block-heading\">Paasavigiil P\u00fcha Peetruses: m\u00f5nede Rooma koguduste Ristimislubaduste pidulik uuendamine 15-IV-1990<\/h1>\n\n<div style=\"height:20px\" aria-hidden=\"true\" class=\"wp-block-spacer\"><\/div>\n\n<h4 class=\"has-text-align-center wp-block-heading\">P\u00fcha Johannes Paulus II<\/h4>\n\n<div style=\"height:20px\" aria-hidden=\"true\" class=\"wp-block-spacer\"><\/div>\n\n<p><strong>Vatikan, 15. aprill 1990<\/strong><\/p>\n\n<p>Pidulik Ristimislubaduste uuendamine Neokatehhumeenilise teekonna l\u00f5pus P\u00fcha Isa Johannes Paulus II ees P\u00fcha Peetruse Basiilikas Paasavigiili k\u00e4igus, saadetuna oma katehheetide Kiko, Carmen ja isa Mario poolt. Ristimislubadusi uuendasid j\u00e4rgmised Rooma kogudused:<\/p>\n\n<p>P\u00fcha Francesca Cabrini II Kogudus, Jeesuslapse S\u00fcnni I Kogudus, Jumala P\u00fcha Johannese I Kogudus, P\u00fcha Maria Goretti I Kogudus.<\/p>\n\n<div class=\"wp-block-image\"><figure class=\"aligncenter size-large\"><img loading=\"lazy\" decoding=\"async\" width=\"350\" height=\"487\" src=\"https:\/\/neocatechumenaleiter.org\/wp-content\/uploads\/2020\/03\/Camino_Neocatecumenal_Juan_Pablo_II_vigilia_pascual_hermanos_vestidura_blanca_1990.jpg\" alt=\"\" class=\"wp-image-2282\" srcset=\"https:\/\/neocatechumenaleiter.org\/wp-content\/uploads\/2020\/03\/Camino_Neocatecumenal_Juan_Pablo_II_vigilia_pascual_hermanos_vestidura_blanca_1990.jpg 350w, https:\/\/neocatechumenaleiter.org\/wp-content\/uploads\/2020\/03\/Camino_Neocatecumenal_Juan_Pablo_II_vigilia_pascual_hermanos_vestidura_blanca_1990-216x300.jpg 216w\" sizes=\"auto, (max-width: 350px) 100vw, 350px\" \/><\/figure><\/div>\n","protected":false},"excerpt":{"rendered":"<p>Paasavigiil P\u00fcha Peetruses: m\u00f5nede Rooma koguduste Ristimislubaduste pidulik uuendamine 15-IV-1990 P\u00fcha Johannes Paulus II Vatikan, 15. aprill 1990 Pidulik Ristimislubaduste uuendamine Neokatehhumeenilise teekonna l\u00f5pus P\u00fcha Isa Johannes Paulus II ees P\u00fcha Peetruse Basiilikas Paasavigiili k\u00e4igus, saadetuna oma katehheetide Kiko, Carmen ja isa Mario poolt. Ristimislubadusi uuendasid j\u00e4rgmised Rooma kogudused: P\u00fcha Francesca Cabrini II Kogudus, Jeesuslapse S\u00fcnni I Kogudus, Jumala P\u00fcha Johannese I Kogudus, P\u00fcha Maria Goretti I Kogudus.<\/p>\n","protected":false},"author":2,"featured_media":0,"parent":19903,"menu_order":60,"comment_status":"closed","ping_status":"closed","template":"","meta":{"footnotes":""},"class_list":["post-44287","page","type-page","status-publish","hentry"],"_links":{"self":[{"href":"https:\/\/neocatechumenaleiter.org\/et\/wp-json\/wp\/v2\/pages\/44287","targetHints":{"allow":["GET"]}}],"collection":[{"href":"https:\/\/neocatechumenaleiter.org\/et\/wp-json\/wp\/v2\/pages"}],"about":[{"href":"https:\/\/neocatechumenaleiter.org\/et\/wp-json\/wp\/v2\/types\/page"}],"author":[{"embeddable":true,"href":"https:\/\/neocatechumenaleiter.org\/et\/wp-json\/wp\/v2\/users\/2"}],"replies":[{"embeddable":true,"href":"https:\/\/neocatechumenaleiter.org\/et\/wp-json\/wp\/v2\/comments?post=44287"}],"version-history":[{"count":3,"href":"https:\/\/neocatechumenaleiter.org\/et\/wp-json\/wp\/v2\/pages\/44287\/revisions"}],"predecessor-version":[{"id":47644,"href":"https:\/\/neocatechumenaleiter.org\/et\/wp-json\/wp\/v2\/pages\/44287\/revisions\/47644"}],"up":[{"embeddable":true,"href":"https:\/\/neocatechumenaleiter.org\/et\/wp-json\/wp\/v2\/pages\/19903"}],"wp:attachment":[{"href":"https:\/\/neocatechumenaleiter.org\/et\/wp-json\/wp\/v2\/media?parent=44287"}],"curies":[{"name":"wp","href":"https:\/\/api.w.org\/{rel}","templated":true}]}}