{"id":44292,"date":"2020-03-29T20:19:43","date_gmt":"2020-03-29T19:19:43","guid":{"rendered":"https:\/\/neocatechumenaleiter.org\/paavstide-sonad\/puha-johannes-paulus-ii\/paasavigiil-puha-peetruses-ristimislubaduste-pidulik-uuendamine-26-iii-1989\/"},"modified":"2026-02-27T15:31:56","modified_gmt":"2026-02-27T14:31:56","slug":"paasavigiil-puha-peetruses-ristimislubaduste-pidulik-uuendamine-26-iii-1989","status":"publish","type":"page","link":"https:\/\/neocatechumenaleiter.org\/et\/paavstide-sonad\/puha-johannes-paulus-ii\/paasavigiil-puha-peetruses-ristimislubaduste-pidulik-uuendamine-26-iii-1989\/","title":{"rendered":"Paasavigiil P\u00fcha Peetruses: Ristimislubaduste pidulik uuendamine 26-III-1989"},"content":{"rendered":"\n<h1 class=\"has-text-align-center wp-block-heading\">Paasavigiil P\u00fcha Peetruses: Ristimislubaduste pidulik uuendamine 26-III-1989<\/h1>\n\n<div style=\"height:20px\" aria-hidden=\"true\" class=\"wp-block-spacer\"><\/div>\n\n<h4 class=\"has-text-align-center wp-block-heading\">P\u00fcha Johannes Paulus II<\/h4>\n\n<div style=\"height:20px\" aria-hidden=\"true\" class=\"wp-block-spacer\"><\/div>\n\n<p><strong>Vatikan, 26. m\u00e4rts 1989<\/strong><\/p>\n\n<p><em>P\u00fcha Luigi Gonzaga ja Kanada M\u00e4rtrite koguduste vennad-\u00f5ed uuendasid pidulikult ristimislubadusi oma Neokatehhumeenilise teekonna l\u00f5pus.<\/em><br \/><br \/><em>Neid saatsid nende katehheedid Kiko Arg\u00fcello, Carmen Hern\u00e1ndez, isa Mario Pezzi ja Kanada M\u00e4rtrite esimene Kogudus.<\/em><\/p>\n\n<figure class=\"wp-block-image size-large\"><img loading=\"lazy\" decoding=\"async\" width=\"714\" height=\"569\" src=\"https:\/\/neocatechumenaleiter.org\/wp-content\/uploads\/2020\/03\/Camino_Neocatecumenal_Juan_Pablo_II_vigilia_pascual_hermanos_vestidura_blanca_1989.jpg\" alt=\"\" class=\"wp-image-2226\" srcset=\"https:\/\/neocatechumenaleiter.org\/wp-content\/uploads\/2020\/03\/Camino_Neocatecumenal_Juan_Pablo_II_vigilia_pascual_hermanos_vestidura_blanca_1989.jpg 714w, https:\/\/neocatechumenaleiter.org\/wp-content\/uploads\/2020\/03\/Camino_Neocatecumenal_Juan_Pablo_II_vigilia_pascual_hermanos_vestidura_blanca_1989-300x239.jpg 300w\" sizes=\"auto, (max-width: 714px) 100vw, 714px\" \/><\/figure>","protected":false},"excerpt":{"rendered":"<p>Paasavigiil P\u00fcha Peetruses: Ristimislubaduste pidulik uuendamine 26-III-1989 P\u00fcha Johannes Paulus II Vatikan, 26. m\u00e4rts 1989 P\u00fcha Luigi Gonzaga ja Kanada M\u00e4rtrite koguduste vennad-\u00f5ed uuendasid pidulikult ristimislubadusi oma Neokatehhumeenilise teekonna l\u00f5pus. Neid saatsid nende katehheedid Kiko Arg\u00fcello, Carmen Hern\u00e1ndez, isa Mario Pezzi ja Kanada M\u00e4rtrite esimene Kogudus.<\/p>\n","protected":false},"author":2,"featured_media":0,"parent":19903,"menu_order":57,"comment_status":"closed","ping_status":"closed","template":"","meta":{"footnotes":""},"class_list":["post-44292","page","type-page","status-publish","hentry"],"_links":{"self":[{"href":"https:\/\/neocatechumenaleiter.org\/et\/wp-json\/wp\/v2\/pages\/44292","targetHints":{"allow":["GET"]}}],"collection":[{"href":"https:\/\/neocatechumenaleiter.org\/et\/wp-json\/wp\/v2\/pages"}],"about":[{"href":"https:\/\/neocatechumenaleiter.org\/et\/wp-json\/wp\/v2\/types\/page"}],"author":[{"embeddable":true,"href":"https:\/\/neocatechumenaleiter.org\/et\/wp-json\/wp\/v2\/users\/2"}],"replies":[{"embeddable":true,"href":"https:\/\/neocatechumenaleiter.org\/et\/wp-json\/wp\/v2\/comments?post=44292"}],"version-history":[{"count":3,"href":"https:\/\/neocatechumenaleiter.org\/et\/wp-json\/wp\/v2\/pages\/44292\/revisions"}],"predecessor-version":[{"id":47650,"href":"https:\/\/neocatechumenaleiter.org\/et\/wp-json\/wp\/v2\/pages\/44292\/revisions\/47650"}],"up":[{"embeddable":true,"href":"https:\/\/neocatechumenaleiter.org\/et\/wp-json\/wp\/v2\/pages\/19903"}],"wp:attachment":[{"href":"https:\/\/neocatechumenaleiter.org\/et\/wp-json\/wp\/v2\/media?parent=44292"}],"curies":[{"name":"wp","href":"https:\/\/api.w.org\/{rel}","templated":true}]}}