{"id":44297,"date":"2020-03-29T18:24:09","date_gmt":"2020-03-29T17:24:09","guid":{"rendered":"https:\/\/neocatechumenaleiter.org\/paavstide-sonad\/puha-johannes-paulus-ii\/paasavigiil-puha-peetruse-basiilikas-monede-madridi-koguduste-ristimislubaduste-uuendamine-3-iv-1988\/"},"modified":"2026-02-27T15:36:23","modified_gmt":"2026-02-27T14:36:23","slug":"paasavigiil-puha-peetruse-basiilikas-monede-madridi-koguduste-ristimislubaduste-uuendamine-3-iv-1988","status":"publish","type":"page","link":"https:\/\/neocatechumenaleiter.org\/et\/paavstide-sonad\/puha-johannes-paulus-ii\/paasavigiil-puha-peetruse-basiilikas-monede-madridi-koguduste-ristimislubaduste-uuendamine-3-iv-1988\/","title":{"rendered":"Paasavigiil P\u00fcha Peetruse basiilikas: m\u00f5nede Madridi koguduste Ristimislubaduste uuendamine 3-IV-1988"},"content":{"rendered":"\n<h1 class=\"has-text-align-center wp-block-heading\">Paasavigiil P\u00fcha Peetruse basiilikas: m\u00f5nede Madridi koguduste Ristimislubaduste uuendamine 3-IV-1988<\/h1>\n\n<div style=\"height:20px\" aria-hidden=\"true\" class=\"wp-block-spacer\"><\/div>\n\n<h4 class=\"has-text-align-center wp-block-heading\">P\u00fcha Johannes Paulus II<\/h4>\n\n<div style=\"height:20px\" aria-hidden=\"true\" class=\"wp-block-spacer\"><\/div>\n\n<p><strong>Vatikan, 3. aprill 1988<\/strong><\/p>\n\n<p><em>Madridi La Paloma, P\u00fcha Joosepi ja P\u00fcha Sebastiani kihelkonna Neokatehhumeeniliste Koguduste vennad-\u00f5ed uuendasid pidulikult ristimislubadusi oma neokatehhumeenilise teekonna l\u00f5pus.<\/em><br \/><br \/><em>Kandes valget r\u00f5ivast, osalesid nad Paasavigiilil. Nad olid saadetud oma katehheetide ja Rooma Kanada M\u00e4rtrite kihelkonna esimese Koguduse poolt.<\/em><\/p>\n\n<div class=\"wp-block-image\"><figure class=\"aligncenter size-large\"><img loading=\"lazy\" decoding=\"async\" width=\"768\" height=\"516\" src=\"https:\/\/neocatechumenaleiter.org\/wp-content\/uploads\/2020\/03\/Camino_Neocatecumenal_Juan_Pablo_II_vigilia_pascual_hermanos_vestidura_blanca_comunidades_Madrid_1988.jpg\" alt=\"\" class=\"wp-image-2120\" srcset=\"https:\/\/neocatechumenaleiter.org\/wp-content\/uploads\/2020\/03\/Camino_Neocatecumenal_Juan_Pablo_II_vigilia_pascual_hermanos_vestidura_blanca_comunidades_Madrid_1988.jpg 768w, https:\/\/neocatechumenaleiter.org\/wp-content\/uploads\/2020\/03\/Camino_Neocatecumenal_Juan_Pablo_II_vigilia_pascual_hermanos_vestidura_blanca_comunidades_Madrid_1988-300x202.jpg 300w\" sizes=\"auto, (max-width: 768px) 100vw, 768px\" \/><\/figure><\/div>\n","protected":false},"excerpt":{"rendered":"<p>Paasavigiil P\u00fcha Peetruse basiilikas: m\u00f5nede Madridi koguduste Ristimislubaduste uuendamine 3-IV-1988 P\u00fcha Johannes Paulus II Vatikan, 3. aprill 1988 Madridi La Paloma, P\u00fcha Joosepi ja P\u00fcha Sebastiani kihelkonna Neokatehhumeeniliste Koguduste vennad-\u00f5ed uuendasid pidulikult ristimislubadusi oma neokatehhumeenilise teekonna l\u00f5pus. Kandes valget r\u00f5ivast, osalesid nad Paasavigiilil. Nad olid saadetud oma katehheetide ja Rooma Kanada M\u00e4rtrite kihelkonna esimese Koguduse poolt.<\/p>\n","protected":false},"author":2,"featured_media":0,"parent":19903,"menu_order":51,"comment_status":"closed","ping_status":"closed","template":"","meta":{"footnotes":""},"class_list":["post-44297","page","type-page","status-publish","hentry"],"_links":{"self":[{"href":"https:\/\/neocatechumenaleiter.org\/et\/wp-json\/wp\/v2\/pages\/44297","targetHints":{"allow":["GET"]}}],"collection":[{"href":"https:\/\/neocatechumenaleiter.org\/et\/wp-json\/wp\/v2\/pages"}],"about":[{"href":"https:\/\/neocatechumenaleiter.org\/et\/wp-json\/wp\/v2\/types\/page"}],"author":[{"embeddable":true,"href":"https:\/\/neocatechumenaleiter.org\/et\/wp-json\/wp\/v2\/users\/2"}],"replies":[{"embeddable":true,"href":"https:\/\/neocatechumenaleiter.org\/et\/wp-json\/wp\/v2\/comments?post=44297"}],"version-history":[{"count":3,"href":"https:\/\/neocatechumenaleiter.org\/et\/wp-json\/wp\/v2\/pages\/44297\/revisions"}],"predecessor-version":[{"id":47664,"href":"https:\/\/neocatechumenaleiter.org\/et\/wp-json\/wp\/v2\/pages\/44297\/revisions\/47664"}],"up":[{"embeddable":true,"href":"https:\/\/neocatechumenaleiter.org\/et\/wp-json\/wp\/v2\/pages\/19903"}],"wp:attachment":[{"href":"https:\/\/neocatechumenaleiter.org\/et\/wp-json\/wp\/v2\/media?parent=44297"}],"curies":[{"name":"wp","href":"https:\/\/api.w.org\/{rel}","templated":true}]}}