{"id":44302,"date":"2020-03-29T21:40:56","date_gmt":"2020-03-29T20:40:56","guid":{"rendered":"https:\/\/neocatechumenaleiter.org\/paavstide-sonad\/puha-johannes-paulus-ii\/puha-isa-johannes-paulus-ii-kiri-preestritele-suure-neljapaeva-puhul-12-iii-1991\/"},"modified":"2026-02-27T15:27:19","modified_gmt":"2026-02-27T14:27:19","slug":"puha-isa-johannes-paulus-ii-kiri-preestritele-suure-neljapaeva-puhul-12-iii-1991","status":"publish","type":"page","link":"https:\/\/neocatechumenaleiter.org\/et\/paavstide-sonad\/puha-johannes-paulus-ii\/puha-isa-johannes-paulus-ii-kiri-preestritele-suure-neljapaeva-puhul-12-iii-1991\/","title":{"rendered":"P\u00fcha Isa Johannes Paulus II kiri preestritele Suure Neljap\u00e4eva puhul 12-III-1991"},"content":{"rendered":"\n<h1 class=\"has-text-align-center wp-block-heading\">P\u00fcha Isa Johannes Paulus II kiri preestritele Suure Neljap\u00e4eva puhul 12-III-1991<\/h1>\n\n<div style=\"height:20px\" aria-hidden=\"true\" class=\"wp-block-spacer\"><\/div>\n\n<h4 class=\"has-text-align-center wp-block-heading\">P\u00fcha Johannes Paulus II<\/h4>\n\n<div style=\"height:20px\" aria-hidden=\"true\" class=\"wp-block-spacer\"><\/div>\n\n<p><strong>Vatikan, 12. m\u00e4rts 1991<\/strong><\/p>\n\n<p><em>\u201cPreestrite v\u00f5rdsema jaotamise jaoks Kirikus: p\u00e4\u00e4steplaan m\u00f5nedele abivajavamatele piirkondadele\u201d\u2026 L\u00f5petuseks, eriline ettepanek:<\/em><\/p>\n\n<p>Dekreet <em>Presbiterorum Ordinis <\/em>nr 10 arvab, et, teatud piirkondades suure preestrite puuduse lahendamiseks, \u201con sobiv luua ka rahvusvahelisi Seminare\u201d. See m\u00f5te on leidnud elluviimist\u00a0<strong>Redemptoris Mater Seminarides, mis valmistavad piiskopkonna preestreid Uueks Evangeliseerimiseks<\/strong>, Neokatehhumeenilise Tee programmi j\u00e4rgi. K\u00fcsitakse, kas selline v\u00f5imalus ei saaks olla pakutud ka nendele, kes ei kuulu sellesse liikumisse. Selle eesm\u00e4rgiga peaks kutsuma \u00fcles m\u00f5nede Riikide, n\u00e4iteks Itaalia, Hispaania, Poola, Iirimaa Piiskoplike Konverentse rajama Rahvuslike (v\u00f5i Rahvusvahelisi) Seminare Uue Evangeliseerimise jaoks.<br \/><br \/>Niimoodi saaks ellu viia uut ministeeriumi vorm: piiskopkonna misjon\u00e4r.<br \/><br \/><em>(*) Vrd \u00abL\u2019Osservatore Romano\u00bb, 22. m\u00e4rts 1991.<\/em><\/p>\n\n<figure class=\"wp-block-image size-large\"><img loading=\"lazy\" decoding=\"async\" width=\"689\" height=\"559\" src=\"https:\/\/neocatechumenaleiter.org\/wp-content\/uploads\/2020\/03\/Camino_Neocatecumenal_Juan_Pablo_II_carta_sacerdotes_1991..jpg\" alt=\"\" class=\"wp-image-2338\" srcset=\"https:\/\/neocatechumenaleiter.org\/wp-content\/uploads\/2020\/03\/Camino_Neocatecumenal_Juan_Pablo_II_carta_sacerdotes_1991..jpg 689w, https:\/\/neocatechumenaleiter.org\/wp-content\/uploads\/2020\/03\/Camino_Neocatecumenal_Juan_Pablo_II_carta_sacerdotes_1991.-300x243.jpg 300w\" sizes=\"auto, (max-width: 689px) 100vw, 689px\" \/><\/figure>","protected":false},"excerpt":{"rendered":"<p>P\u00fcha Isa Johannes Paulus II kiri preestritele Suure Neljap\u00e4eva puhul 12-III-1991 P\u00fcha Johannes Paulus II Vatikan, 12. m\u00e4rts 1991 \u201cPreestrite v\u00f5rdsema jaotamise jaoks Kirikus: p\u00e4\u00e4steplaan m\u00f5nedele abivajavamatele piirkondadele\u201d\u2026 L\u00f5petuseks, eriline ettepanek: Dekreet Presbiterorum Ordinis nr 10 arvab, et, teatud piirkondades suure preestrite puuduse lahendamiseks, \u201con sobiv luua ka rahvusvahelisi Seminare\u201d. See m\u00f5te on leidnud elluviimist\u00a0Redemptoris Mater Seminarides, mis valmistavad piiskopkonna preestreid Uueks Evangeliseerimiseks, Neokatehhumeenilise Tee programmi j\u00e4rgi. K\u00fcsitakse, kas selline<\/p>\n<div class=\"read-more\"><a class=\"btn read-more-btn\" href=\"https:\/\/neocatechumenaleiter.org\/et\/paavstide-sonad\/puha-johannes-paulus-ii\/puha-isa-johannes-paulus-ii-kiri-preestritele-suure-neljapaeva-puhul-12-iii-1991\/\">Loe edasi<\/a><\/div>\n","protected":false},"author":2,"featured_media":0,"parent":19903,"menu_order":64,"comment_status":"closed","ping_status":"closed","template":"","meta":{"footnotes":""},"class_list":["post-44302","page","type-page","status-publish","hentry"],"_links":{"self":[{"href":"https:\/\/neocatechumenaleiter.org\/et\/wp-json\/wp\/v2\/pages\/44302","targetHints":{"allow":["GET"]}}],"collection":[{"href":"https:\/\/neocatechumenaleiter.org\/et\/wp-json\/wp\/v2\/pages"}],"about":[{"href":"https:\/\/neocatechumenaleiter.org\/et\/wp-json\/wp\/v2\/types\/page"}],"author":[{"embeddable":true,"href":"https:\/\/neocatechumenaleiter.org\/et\/wp-json\/wp\/v2\/users\/2"}],"replies":[{"embeddable":true,"href":"https:\/\/neocatechumenaleiter.org\/et\/wp-json\/wp\/v2\/comments?post=44302"}],"version-history":[{"count":3,"href":"https:\/\/neocatechumenaleiter.org\/et\/wp-json\/wp\/v2\/pages\/44302\/revisions"}],"predecessor-version":[{"id":47636,"href":"https:\/\/neocatechumenaleiter.org\/et\/wp-json\/wp\/v2\/pages\/44302\/revisions\/47636"}],"up":[{"embeddable":true,"href":"https:\/\/neocatechumenaleiter.org\/et\/wp-json\/wp\/v2\/pages\/19903"}],"wp:attachment":[{"href":"https:\/\/neocatechumenaleiter.org\/et\/wp-json\/wp\/v2\/media?parent=44302"}],"curies":[{"name":"wp","href":"https:\/\/api.w.org\/{rel}","templated":true}]}}