{"id":44307,"date":"2020-03-29T03:24:33","date_gmt":"2020-03-29T02:24:33","guid":{"rendered":"https:\/\/neocatechumenaleiter.org\/paavstide-sonad\/puha-johannes-paulus-ii\/euharistia-randkatehhistide-gruppide-ja-misjoniperedega-castel-gandolfos-28-xii-1986\/"},"modified":"2026-03-02T09:04:17","modified_gmt":"2026-03-02T08:04:17","slug":"euharistia-randkatehhistide-gruppide-ja-misjoniperedega-castel-gandolfos-28-xii-1986","status":"publish","type":"page","link":"https:\/\/neocatechumenaleiter.org\/et\/paavstide-sonad\/puha-johannes-paulus-ii\/euharistia-randkatehhistide-gruppide-ja-misjoniperedega-castel-gandolfos-28-xii-1986\/","title":{"rendered":"Euharistia r\u00e4ndkatehheetide gruppide ja misjoniperedega Castel Gandolfos 28-XII-1986"},"content":{"rendered":"\n<h1 class=\"has-text-align-center wp-block-heading\">Euharistia r\u00e4ndkatehheetide gruppide ja misjoniperedega Castel Gandolfos 28-XII-1986<\/h1>\n\n<div style=\"height:20px\" aria-hidden=\"true\" class=\"wp-block-spacer\"><\/div>\n\n<h4 class=\"has-text-align-center wp-block-heading\">P\u00fcha Johannes Paulus II<\/h4>\n\n<div style=\"height:20px\" aria-hidden=\"true\" class=\"wp-block-spacer\"><\/div>\n\n<div class=\"wp-block-image\"><figure class=\"alignleft size-large\"><img loading=\"lazy\" decoding=\"async\" width=\"768\" height=\"685\" src=\"https:\/\/neocatechumenaleiter.org\/wp-content\/uploads\/2020\/03\/Camino_Neocatecumenal_Juan_Pablo_II_audiencia_privada_itinerantes_familias_en_mision_1986.jpg\" alt=\"\" class=\"wp-image-1970\" srcset=\"https:\/\/neocatechumenaleiter.org\/wp-content\/uploads\/2020\/03\/Camino_Neocatecumenal_Juan_Pablo_II_audiencia_privada_itinerantes_familias_en_mision_1986.jpg 768w, https:\/\/neocatechumenaleiter.org\/wp-content\/uploads\/2020\/03\/Camino_Neocatecumenal_Juan_Pablo_II_audiencia_privada_itinerantes_familias_en_mision_1986-300x268.jpg 300w\" sizes=\"auto, (max-width: 768px) 100vw, 768px\" \/><\/figure><\/div>\n\n<p><p><strong>Castel Gandolfo, 28. detsember 1986<\/strong><\/p><\/p>\n\n<p><p><em>T\u00e4na hommikul, umbes 400 Neokatehhumeeniliste Koguduste r\u00e4ndkatehheetide grupp osales P\u00fcha Isa Missal Castel Gandolfos. Missa l\u00f5pus andis Paavst neile misjoni ristikujusid. Nende katehheetide poole, kes osalevad Euroopa evangeliseerimise \u00fcle m\u00f5tisklemise kogunemisel (Porto San Giorgios: 22. dets &#8211; 6. jaan), p\u00f6\u00f6rdus Paavst t\u00e4histamise l\u00f5pus m\u00f5nede s\u00f5nadega ning andis neile misjoni ristikujusid.<\/em><\/p><p>(Vatikani Raadio &#8211; 28. detsembri 1986. aasta raadiouudis).<\/p><p><em>Kiko Arg\u00fcello tutvustas Paavstile r\u00e4ndkatehheete ja perekondi nende s\u00f5nadega:<\/em><\/p><\/p>\n\n<p>Kallis P\u00fcha Isa, siin on kohal seitsmek\u00fcmne Riigi vastutavad r\u00e4ndkatehheetide grupid, kes on tulnud kogu maailmast kahek\u00fcmnep\u00e4evasele konviventsile, kus m\u00f5tiskletakse ja eelk\u00f5ige elatakse koos osadust.<\/p>\n\n<p><p>Kohal on lisaks kaksteist perekonda, kes lahkuvad peale seda konviventsi P\u00f5hja-Euroopasse, et evangeliseerida, nad on kutsutud Hannoveri, Stokholmi, Kopenhaageni ja teiste erinevate kohtade Piiskoppide poolt. Nad lahkuvad k\u00f5ikide lastega; siin on ka umbes seitsek\u00fcmmend preestrit, nelik\u00fcmmend kaheksa perekonda kahesaja kolme lapsega (keskmiselt viis last peres), kuusk\u00fcmmend neli noormeest, kaksk\u00fcmmend kaheksa t\u00fctarlast ning ka kuusteist seminaristi, kes meid saadavad. Vot, siin on enam-v\u00e4hem need, kes viivad evangeliseerimist edasi kogu maailmas l\u00e4bi Neokatehhumeenilise Tee.<\/p><\/p>\n\n<p>Me t\u00e4name Teid, Isa, selle kohtumise eest, mis paneb pitseri kahek\u00fcmne aastale Neokatehhumeenilise Tee s\u00fcnnist ja evangeliseerimisest kogu maailmas. Ning oleme v\u00e4ga t\u00e4nulikud Naatsareti Perekonnale ja Neitsi Maarjale selle kohtumise eest.<\/p>\n\n<p><p><em>T\u00e4histamise l\u00f5pus p\u00f6\u00f6rdus Paavst kohalolijate poole nende s\u00f5nadega:<\/em><\/p><\/p>\n\n<div class=\"wp-block-image\"><figure class=\"alignright size-large\"><img loading=\"lazy\" decoding=\"async\" width=\"480\" height=\"335\" src=\"https:\/\/neocatechumenaleiter.org\/wp-content\/uploads\/2020\/03\/Camino_Neocatecumenal_Juan_Pablo_II_audiencia_privada_itinerantes_familias_en_mision_19862.jpg\" alt=\"\" class=\"wp-image-1977\" srcset=\"https:\/\/neocatechumenaleiter.org\/wp-content\/uploads\/2020\/03\/Camino_Neocatecumenal_Juan_Pablo_II_audiencia_privada_itinerantes_familias_en_mision_19862.jpg 480w, https:\/\/neocatechumenaleiter.org\/wp-content\/uploads\/2020\/03\/Camino_Neocatecumenal_Juan_Pablo_II_audiencia_privada_itinerantes_familias_en_mision_19862-300x209.jpg 300w\" sizes=\"auto, (max-width: 480px) 100vw, 480px\" \/><\/figure><\/div>\n\n<p>\nKallid, oleme t\u00e4histanud p\u00fchimat Euharistiat, oleme t\u00e4histanud seda p\u00fchimat Euharistiat m\u00f5tiskledes Naatsareti P\u00fcha Perekonna, Joosepi, Maarja ja Jeesuse tee \u00fcle; Jeesuse, Maarja ja Joosepi tee. Kirik \u00fctleb meile, et see P\u00fcha Perekond on eeskuju k\u00f5ikidele kristlikele perekondadele, k\u00f5ikide maailma perekondadele, Maarja ja Joosep, keskendunud lihaks saanud Poja m\u00fcsteeriumisse, n\u00e4itavad meile seda usuteed, mis peab looma, vormima iga kristliku perekonna elu. Oleme palvetanud k\u00f5ikide maailma perede eest, oleme palvetanud eriti kohalolevate perede eest, teie tee eest usus. &#013;\nOn vaja s\u00fcgavat usku, et k\u00f5ndida t\u00e4nap\u00e4evases maailmas perekonnana, on vaja julget usku, et t\u00e4nases maailmas ellu viia seda Jumala plaani just perekonnas, seda elu armastuse plaani, mis on iseloomulik igale perekonnale, mis on selle kutsumus. On vaja suurt usku, et k\u00f5ndida perena P\u00fcha Perekonna j\u00e4lgedel; ning lubada teistel k\u00f5ndida, teistel peredel k\u00f5ndida.<\/p>\n\n<p>Mina, kallid vennad ja \u00f5ed, koos oma vendade Piiskoppide ja preestritega, soovin teile k\u00f5igile seda teed usus peredena ning soovin, et see tee usus oleks eeskuju, oleks ligimeelitav teiste t\u00e4nap\u00e4eva maailma perede jaoks. Meie jaoks, teie jaoks mudel ja eeskuju on Naatsareti P\u00fcha Perekond: Jeesus, Maarja ja Joosep. Annan teile \u00f5nnistuse.<\/p>\n","protected":false},"excerpt":{"rendered":"<p>Euharistia r\u00e4ndkatehheetide gruppide ja misjoniperedega Castel Gandolfos 28-XII-1986 P\u00fcha Johannes Paulus II Castel Gandolfo, 28. detsember 1986 T\u00e4na hommikul, umbes 400 Neokatehhumeeniliste Koguduste r\u00e4ndkatehheetide grupp osales P\u00fcha Isa Missal Castel Gandolfos. Missa l\u00f5pus andis Paavst neile misjoni ristikujusid. Nende katehheetide poole, kes osalevad Euroopa evangeliseerimise \u00fcle m\u00f5tisklemise kogunemisel (Porto San Giorgios: 22. dets &#8211; 6. jaan), p\u00f6\u00f6rdus Paavst t\u00e4histamise l\u00f5pus m\u00f5nede s\u00f5nadega ning andis neile misjoni ristikujusid. (Vatikani Raadio &#8211;<\/p>\n<div class=\"read-more\"><a class=\"btn read-more-btn\" href=\"https:\/\/neocatechumenaleiter.org\/et\/paavstide-sonad\/puha-johannes-paulus-ii\/euharistia-randkatehhistide-gruppide-ja-misjoniperedega-castel-gandolfos-28-xii-1986\/\">Loe edasi<\/a><\/div>\n","protected":false},"author":2,"featured_media":0,"parent":19903,"menu_order":40,"comment_status":"closed","ping_status":"closed","template":"","meta":{"footnotes":""},"class_list":["post-44307","page","type-page","status-publish","hentry"],"_links":{"self":[{"href":"https:\/\/neocatechumenaleiter.org\/et\/wp-json\/wp\/v2\/pages\/44307","targetHints":{"allow":["GET"]}}],"collection":[{"href":"https:\/\/neocatechumenaleiter.org\/et\/wp-json\/wp\/v2\/pages"}],"about":[{"href":"https:\/\/neocatechumenaleiter.org\/et\/wp-json\/wp\/v2\/types\/page"}],"author":[{"embeddable":true,"href":"https:\/\/neocatechumenaleiter.org\/et\/wp-json\/wp\/v2\/users\/2"}],"replies":[{"embeddable":true,"href":"https:\/\/neocatechumenaleiter.org\/et\/wp-json\/wp\/v2\/comments?post=44307"}],"version-history":[{"count":9,"href":"https:\/\/neocatechumenaleiter.org\/et\/wp-json\/wp\/v2\/pages\/44307\/revisions"}],"predecessor-version":[{"id":47701,"href":"https:\/\/neocatechumenaleiter.org\/et\/wp-json\/wp\/v2\/pages\/44307\/revisions\/47701"}],"up":[{"embeddable":true,"href":"https:\/\/neocatechumenaleiter.org\/et\/wp-json\/wp\/v2\/pages\/19903"}],"wp:attachment":[{"href":"https:\/\/neocatechumenaleiter.org\/et\/wp-json\/wp\/v2\/media?parent=44307"}],"curies":[{"name":"wp","href":"https:\/\/api.w.org\/{rel}","templated":true}]}}