{"id":44317,"date":"2020-03-29T05:19:12","date_gmt":"2020-03-29T04:19:12","guid":{"rendered":"https:\/\/neocatechumenaleiter.org\/paavstide-sonad\/puha-johannes-paulus-ii\/eraaudients-kolme-perekonna-saatmine-ladina-ameerikasse-uue-evangeliseerimise-jaoks-26-iv-1987\/"},"modified":"2026-03-02T09:03:01","modified_gmt":"2026-03-02T08:03:01","slug":"eraaudients-kolme-perekonna-saatmine-ladina-ameerikasse-uue-evangeliseerimise-jaoks-26-iv-1987","status":"publish","type":"page","link":"https:\/\/neocatechumenaleiter.org\/et\/paavstide-sonad\/puha-johannes-paulus-ii\/eraaudients-kolme-perekonna-saatmine-ladina-ameerikasse-uue-evangeliseerimise-jaoks-26-iv-1987\/","title":{"rendered":"Eraaudients kolme perekonna saatmine Ladina-Ameerikasse &#8220;Uue Evangeliseerimise&#8221; jaoks 26-IV-1987"},"content":{"rendered":"\n<h1 class=\"has-text-align-center wp-block-heading\">Eraaudients kolme perekonna saatmine Ladina-Ameerikasse &#8220;Uue Evangeliseerimise&#8221; jaoks 26-IV-1987<\/h1>\n\n<div style=\"height:20px\" aria-hidden=\"true\" class=\"wp-block-spacer\"><\/div>\n\n<h4 class=\"has-text-align-center wp-block-heading\">P\u00fcha Johannes Paulus II<\/h4>\n\n<div style=\"height:20px\" aria-hidden=\"true\" class=\"wp-block-spacer\"><\/div>\n\n<p><strong>Vatikan, 26. aprill 1987<\/strong><\/p>\n\n<p><em>Kolm hispaania perekonda, kes on l\u00f5petanud neokatehhueemilist teekonda, said P\u00fcha Isalt ristikuju l\u00e4kitamise m\u00e4rgina, enne Peruusse, Lima linna &#8220;pueblos jovenes&#8217;tesse&#8221; lahkumist.<\/em><br \/><br \/><em>Nendes linnatustes, millel puudub igasugune sotsiaalne struktuur, moodustatud pilliroost h\u00fcttides, mis on p\u00fcsti pandud liival talumeeste poolt, kes tuhandete kaupa linnadesse voolavad, andis Kardinal Land\u00e1zuri nende perekondade hoolde terved piirkonnad, kus Kiriku kohalolu on p\u00f5him\u00f5tteliselt olematu.<\/em><\/p>\n\n<div class=\"wp-block-image\"><figure class=\"aligncenter size-large\"><img loading=\"lazy\" decoding=\"async\" width=\"358\" height=\"293\" src=\"https:\/\/neocatechumenaleiter.org\/wp-content\/uploads\/2020\/03\/Camino_Neocatecumenal_Juan_Pablo_II_audiencia_privada_envio_familias_mision_1987.jpg\" alt=\"\" class=\"wp-image-2003\" srcset=\"https:\/\/neocatechumenaleiter.org\/wp-content\/uploads\/2020\/03\/Camino_Neocatecumenal_Juan_Pablo_II_audiencia_privada_envio_familias_mision_1987.jpg 358w, https:\/\/neocatechumenaleiter.org\/wp-content\/uploads\/2020\/03\/Camino_Neocatecumenal_Juan_Pablo_II_audiencia_privada_envio_familias_mision_1987-300x246.jpg 300w\" sizes=\"auto, (max-width: 358px) 100vw, 358px\" \/><\/figure><\/div>\n","protected":false},"excerpt":{"rendered":"<p>Eraaudients kolme perekonna saatmine Ladina-Ameerikasse &#8220;Uue Evangeliseerimise&#8221; jaoks 26-IV-1987 P\u00fcha Johannes Paulus II Vatikan, 26. aprill 1987 Kolm hispaania perekonda, kes on l\u00f5petanud neokatehhueemilist teekonda, said P\u00fcha Isalt ristikuju l\u00e4kitamise m\u00e4rgina, enne Peruusse, Lima linna &#8220;pueblos jovenes&#8217;tesse&#8221; lahkumist. Nendes linnatustes, millel puudub igasugune sotsiaalne struktuur, moodustatud pilliroost h\u00fcttides, mis on p\u00fcsti pandud liival talumeeste poolt, kes tuhandete kaupa linnadesse voolavad, andis Kardinal Land\u00e1zuri nende perekondade hoolde terved piirkonnad, kus Kiriku<\/p>\n<div class=\"read-more\"><a class=\"btn read-more-btn\" href=\"https:\/\/neocatechumenaleiter.org\/et\/paavstide-sonad\/puha-johannes-paulus-ii\/eraaudients-kolme-perekonna-saatmine-ladina-ameerikasse-uue-evangeliseerimise-jaoks-26-iv-1987\/\">Loe edasi<\/a><\/div>\n","protected":false},"author":2,"featured_media":0,"parent":19903,"menu_order":42,"comment_status":"closed","ping_status":"closed","template":"","meta":{"footnotes":""},"class_list":["post-44317","page","type-page","status-publish","hentry"],"_links":{"self":[{"href":"https:\/\/neocatechumenaleiter.org\/et\/wp-json\/wp\/v2\/pages\/44317","targetHints":{"allow":["GET"]}}],"collection":[{"href":"https:\/\/neocatechumenaleiter.org\/et\/wp-json\/wp\/v2\/pages"}],"about":[{"href":"https:\/\/neocatechumenaleiter.org\/et\/wp-json\/wp\/v2\/types\/page"}],"author":[{"embeddable":true,"href":"https:\/\/neocatechumenaleiter.org\/et\/wp-json\/wp\/v2\/users\/2"}],"replies":[{"embeddable":true,"href":"https:\/\/neocatechumenaleiter.org\/et\/wp-json\/wp\/v2\/comments?post=44317"}],"version-history":[{"count":3,"href":"https:\/\/neocatechumenaleiter.org\/et\/wp-json\/wp\/v2\/pages\/44317\/revisions"}],"predecessor-version":[{"id":47695,"href":"https:\/\/neocatechumenaleiter.org\/et\/wp-json\/wp\/v2\/pages\/44317\/revisions\/47695"}],"up":[{"embeddable":true,"href":"https:\/\/neocatechumenaleiter.org\/et\/wp-json\/wp\/v2\/pages\/19903"}],"wp:attachment":[{"href":"https:\/\/neocatechumenaleiter.org\/et\/wp-json\/wp\/v2\/media?parent=44317"}],"curies":[{"name":"wp","href":"https:\/\/api.w.org\/{rel}","templated":true}]}}