{"id":44322,"date":"2020-03-04T00:14:54","date_gmt":"2020-03-03T23:14:54","guid":{"rendered":"https:\/\/neocatechumenaleiter.org\/paavstide-sonad\/puha-johannes-paulus-ii\/puha-leonardo-murialdo-kihelkonna-kulastamine-22-iii-1992\/"},"modified":"2026-02-27T15:25:56","modified_gmt":"2026-02-27T14:25:56","slug":"puha-leonardo-murialdo-kihelkonna-kulastamine-22-iii-1992","status":"publish","type":"page","link":"https:\/\/neocatechumenaleiter.org\/et\/paavstide-sonad\/puha-johannes-paulus-ii\/puha-leonardo-murialdo-kihelkonna-kulastamine-22-iii-1992\/","title":{"rendered":"P\u00fcha Leonardo Murialdo kihelkonna k\u00fclastamine 22-III-1992"},"content":{"rendered":"\n<h1 class=\"has-text-align-center wp-block-heading\">P\u00fcha Leonardo Murialdo kihelkonna k\u00fclastamine 22-III-1992<\/h1>\n\n<div style=\"height:20px\" aria-hidden=\"true\" class=\"wp-block-spacer\"><\/div>\n\n<h4 class=\"has-text-align-center wp-block-heading\">P\u00fcha Johannes Paulus II<\/h4>\n\n<div style=\"height:20px\" aria-hidden=\"true\" class=\"wp-block-spacer\"><\/div>\n\n<p><strong>Rooma, 22. m\u00e4rts 1992<\/strong><\/p>\n\n<p><em>Missa alguses, peale liturgilist tervitust, Kihelkonna Preester, isa Domenico Paiusco, terivtas P\u00fcha Isa kogu kogukonna nimel:<\/em><\/p>\n\n<p>\u00d5ndsaim Isa,<br \/><br \/>tere tulemast meie keskele! Ait\u00e4h, et oled meiega. P\u00fcha Leonardo Murialdo kogukond, antud Joosepi Isade Koguduse hoolde, valmistus selleks esimeseks kohtumiseks oma Piiskoppiga r\u00f5\u00f5mu ja entusiasmiga l\u00e4bi isikliku ja kogukondliku palve, l\u00e4bi m\u00f5tiskluse selle usus\u00fcndmuse \u00fcle mitmetes kuulamiskeskustes perekondade juures.<br \/><br \/>Kolmk\u00fcmmend aastat on m\u00f6\u00f6dunud kihelkonna algusest &#8211; m\u00e4rts 1958 &#8211; selle hoone p\u00fchitsemiseni 1988. aastal. Hetkel on pastoraalseks p\u00fchendumuseks vaimse templi ehitamine, tehtud elavatest kaljudest, kogudus, mis oleks naabruskonnas istutatud Kristuse tunnistus ja m\u00e4rk, kahekordse funktsiooniga kasvada selle sees, vaimse laengu jaoks, mis muutuks omakorda osadus-, toetusoskuseks k\u00f5ikide nende jaoks, kes siin elavad.<br \/><br \/>Rahvaarv, algselt moodustatud noortest lastega paaridest, on j\u00e4\u00e4nud stabiilseks ning p\u00e4rast 30 aastat on teel kolmanda ea poole ja suurem osa lastest, olles loonud uusi perekondasid, on kolinud mujale.<\/p>\n\n<p>Perekonnad koosnevad ametnikest ja t\u00f6\u00f6tajatest, paljud juba pensionil, nad ei kannata vaesuse, vaid pigem vanaduse ja \u00fcksildusega seotud probleemide t\u00f5ttu ning noored, kes on veel j\u00e4\u00e4nud, kannatavad kodu ja t\u00f6\u00f6 p\u00e4rast.<\/p>\n\n<p>Paljudes perekondades on ilmselge puudulik religioosne vormimine sellega kaasneva usu ja elu, hinnatud evangeeliumi ja eluk\u00e4itumise vahelise \u00fchtsuse puudusega.<\/p>\n\n<div class=\"wp-block-image\"><figure class=\"alignleft size-medium\"><img loading=\"lazy\" decoding=\"async\" width=\"300\" height=\"246\" src=\"https:\/\/neocatechumenaleiter.org\/wp-content\/uploads\/2020\/03\/Camino_Neocatecumenal_Juan_Pablo_II_visita_parroquia_San_Leonardo_1992-300x246.jpg\" alt=\"\" class=\"wp-image-2370\" srcset=\"https:\/\/neocatechumenaleiter.org\/wp-content\/uploads\/2020\/03\/Camino_Neocatecumenal_Juan_Pablo_II_visita_parroquia_San_Leonardo_1992-300x246.jpg 300w, https:\/\/neocatechumenaleiter.org\/wp-content\/uploads\/2020\/03\/Camino_Neocatecumenal_Juan_Pablo_II_visita_parroquia_San_Leonardo_1992.jpg 698w\" sizes=\"auto, (max-width: 300px) 100vw, 300px\" \/><\/figure><\/div>\n\n<p>Esialgne p\u00fchendumus kihelkonnas on alati olnud evangeliseerimine katehheesidega k\u00f5ikidele vanustele. P\u00fcsivas katehheesis kooliealistele 6-13 eluaastani; see aasta ka 3-6 aastastele lastele, et algatada nad juba usuteel, kus Lepituse, Euharistia ja Kinnitamise sakramendid on priviligeeritud etapid. Pakume katehheesi t\u00e4iskasvanutele perekonna uuendamiseks. Selles on minu jaoks suureks abiks mitte ainus, kuid oluline Noekatehhumeenide kogemus. 1971. aastast t\u00e4naseni on s\u00fcndinud 10 kogudust umbes 400 venna-\u00f5ega, kes, lisaks isikliku ja kogukondliku usu taasavastamisele, on t\u00f5esti sool ja p\u00e4rm kogu kihelkonna jaoks. Selles Kirikuna tundmises on k\u00e4ttesaadavad p\u00fchendunud katehheesid laste Ristimist valmistavate vanematele, t\u00e4iskasvanute Kinnitamiseks, Abieluks kihlunutele, kohtumised perekondades. Iga aasta n\u00e4en Kirikule l\u00e4henevat kaugeid, \u00fcksk\u00f5ikseid inimesi, perekondi, kellel on abielus raskuseid.<\/p>\n\n<p>Kihelkonnas on olemas liturgiline vormimine ja elavdamine, haigete, kaitseta, \u00fcksildaste inimeste poole suunatud heategevusteenistus; meie Koguduse eriline karisma ongi aidata kodu-perekondadega raskustes noori. Oratoorium on l\u00f5puks kohtumispaik noortele ja perekondadele. Suure p\u00fchendumusega tegutseb selles ilmikute kaast\u00f6\u00f6tajate grupp, kes, peale vormimist, edendavad erinevaid tegevusi noortega. Sel perioodil on kogudus h\u00f5ivatud \u00ablinnaga v\u00f5rdluses\u00bb sinodilises tees, mida tema piiskopkond viib l\u00e4bi ning milles on antud prioriteet perekonna hetkelisele olukorrale.<\/p>\n\n<p>\u00d5nnis Isa, t\u00e4histada teiega Euharistiat, tugev osadushetk, m\u00e4rkigu t\u00e4htsat etappi meie Kirikuna tundmises. Teie kohalolu r\u00f5\u00f5mustab meid, sest te olete tulnud meie keskele oma suure Isa s\u00fcdamega, mis on v\u00f5imeline armastama l\u00e4hedasi ja kaugeid. L\u00e4hedaste ja kaugete nimel uuendame t\u00e4nu ning palume teilt valgustavat, lootuse s\u00f5na, mis muudaks p\u00fcsivuses viljakamaks kohtumist teiega, meie Piiskop, Peetruse j\u00e4reltulija ja Kristuse Vikaar. Ootame s\u00f5na, mis annaks noortele, paljudest kutsetest desorienteeritud, pidava elumotivatsiooni ja mitte enam noortele vajadust olla tunnistajad oma perekonnas ja oma t\u00f6\u00f6keskkonnas. Ait\u00e4h, \u00d5nnis Isa. <em>Esimesest k\u00fclastuse hetkest on P\u00fcha Leonardo Murialdo kihelkond andnud Paavstile \u00abrahvusvahelise koguduse\u00bb kuju, t\u00e4nu Neokatehhumeeniliste Koguduste esindajate kohalolule, kiriku taga asuvas suures hoovis, ning arvuka nomaad rahvale, majutatud l\u00e4hedasel p\u00f5llul. Paljude noortega &#8211; laulude ning b\u00e4nnerite ja lippude lehvitamise keskel &#8211; andsid Paavstile sooja tervituse. Rahvahulga tutvustamise eest hoolitses kihelkonna asepreester:<\/em><\/p>\n\n<p>Kallis Johannes Paulus II, Peetruse J\u00e4reltulija, tere tulemast meie kihelkonna ning meie noorte- ja sotsiaalse keskuse &#8220;P\u00fcha Leonardo Murialdo&#8221; noorte keskele. Oleme palju soovinud seda kohtumist, et t\u00e4histada koos ja et kuulata tema juhtimiss\u00f5na, mis saadab meid Jeesuse, meie s\u00f5bra ja p\u00e4\u00e4stja j\u00e4lgedes k\u00f5ndides meie elus. T\u00e4na, enam kui kunagi, oleme k\u00f5ik siin: v\u00e4ikesed, noored koos Joosepi Koguduse ilmikute kaast\u00f6\u00f6tajatega, kes on p\u00fchendunud noorte p\u00f5lvkondade inimliku ja kristliku vormimise teos. \u00dcks v\u00e4ga \u00fchtne perekond nagu soovis P\u00fcha Leonardo Murialdo.<\/p>\n\n<p><em>L\u00f5puks hakkas r\u00e4\u00e4kima Paavst:<\/em><\/p>\n\n<p>Olgu kiidetud Jeesus Kristus.<br \/><br \/>Alustan selle Jeesuse Kristusele suunatud s\u00f5naga k\u00f5ikide meie poolt, kuna ma j\u00e4lgisin tehtud tutvustust ning on n\u00e4ha, et siin olete te teatud m\u00f5ttes erinevad: mitte ainult kooli-, sakramentaalse katehhesi, skoutide noored, vaid ka erinevatest rahvustest. Ning kohal on ka nomaadid.<br \/><br \/>On tunda kogu seda erinevust, kuid samal ajal on tunda \u00fchtsust, osadust, kogukonda. See noorte, laste kogukond tehakse l\u00e4bi Jeesus Kristuse.<\/p>\n\n<p>Tema on keskpunkt, mille \u00fcmber me k\u00f5ik oleme \u00fcksainus asi. See on tema m\u00fcsteerium. Jeesuse m\u00fcsteerium, Jumala Poja m\u00fcsteerium, kes sai inimeseks, see ongi see: et tema, saades inimeseks, on loonud osadus-, koguduse punkti erinevate inimeste jaoks, erinevate keskkondade jaoks, erinevate rahvaste jaoks. Seda oli n\u00e4ha juba Kiriku algusest, Jeruusalemma esimesest kristlikust kogudusest, siis l\u00e4bi sajandite, kui j\u00fcngrid lahkusid Jeruusalemmast, et minna erinevatesse maailmariikidesse, et kuulutada Evangeeliumit erinevatele rahvastele ning nendest rahvastest moodustus Kirik ise.<\/p>\n\n<div class=\"wp-block-image\"><figure class=\"alignright size-large\"><img loading=\"lazy\" decoding=\"async\" width=\"704\" height=\"569\" src=\"https:\/\/neocatechumenaleiter.org\/wp-content\/uploads\/2020\/03\/Camino_Neocatecumenal_Juan_Pablo_II_visita_parroquia_San_Leonardo_1992_2.jpg\" alt=\"\" class=\"wp-image-2377\" srcset=\"https:\/\/neocatechumenaleiter.org\/wp-content\/uploads\/2020\/03\/Camino_Neocatecumenal_Juan_Pablo_II_visita_parroquia_San_Leonardo_1992_2.jpg 704w, https:\/\/neocatechumenaleiter.org\/wp-content\/uploads\/2020\/03\/Camino_Neocatecumenal_Juan_Pablo_II_visita_parroquia_San_Leonardo_1992_2-300x242.jpg 300w\" sizes=\"auto, (max-width: 704px) 100vw, 704px\" \/><\/figure><\/div>\n\n<p>Mis on Kirik? See on elav Kristus meie seas, meiega ja meie jaoks. Kirik on elav Kristus meiega ja meie jaoks, alati ja k\u00f5ikjal. Samal ajal Kirik oleme meie kogunenud Jeesus Kristuse \u00fcmber, tema Evangeeliumi, tema risti, tema \u00dclest\u00f5usmise \u00fcmber, meie k\u00f5ik \u00fchinenud Jeesus Kristuses, mitte ainult Tema \u00fcmber. Me pole ainult liit, oleme \u00fcks Kirik, \u00fcks keha ja nii &#8211; Tema \u00fcmber ja Temas kogunenud &#8211; oleme me k\u00f5ik teatud m\u00f5\u00f5tmes osalised tema jumalikust elust, oleme tema misjoni osalised ning see teeb meist \u00fcheainsa asja, \u00fche kogukonna, \u00fche Kiriku. Niimoodi r\u00e4\u00e4kisin, kuulates noori ja lapsi, kuid on ka vanemaid, t\u00e4iskasvanuid, kellel on muud vastutused: \u00f5petajad ja \u00f5petlased. On siis ka see Neokatehhumeeniline Kogudus, keda on kuulda l\u00e4bi tema laulude ja entusiasmi. Ma soovin, et see esimene kohtumine oleks hea sissejuhatus teie kihelkonnas. L\u00e4bi teie Koguduse on juba tunda teatud m\u00f5\u00f5tmes kihelkonna koguduse vaimu, see on tuum, millega kihelkonna kogudus peab elama ja kasvama ning ta peab alati kasvama t\u00f5ustes Jeesuse elust ja kandes endas armastust, mida Jeesus meile t\u00f5i.<\/p>\n\n<p>Jeesus on nii kohal meie seas, et ta identifitseerib ennast eriti nende k\u00f5ige v\u00e4iksematega, k\u00f5ige vaesematega, k\u00f5ige kannatavamatega. Tema \u00fctleb seda: \u00abMida olete teinud \u00fchele neist, olete te teinud minule\u00bb.<\/p>\n\n<p>Ma soovin teile elada Kristuse elu ning otsida ja toita aina enam Kristuse eluga oma kristlik elu, oma inimlik elu, oma tema kohalolust ja tema sakramentidest jumalikustatud elu. Tahan anda k\u00f5ikidele kohalolijatele oma sissejuhatavat \u00f5nnistust, soovides &#8211; nagu n\u00e4en kirjutatud nendes b\u00e4nnerites &#8211; evangeliseerida aina enam inimlikku elu selles naabruskonnas ning muuta see aina leotatumaks Kristuse Vaimust.<\/p>\n\n<p><em>T\u00e4histamise l\u00f5pus tervitas Paavst Prefektuuri preestreid ja Murialdo religioossesse kogudusse kuuluvaid isikuid, eriti rooma Immacolata provintsi Joosepi Koguduse kutsumuslikku kogukonda.<\/em><br \/><br \/><em>Seej\u00e4rel oli tal l\u00fchike kohtumine kihelkonna t\u00e4iskasvanud j\u00f5ududega, keda tutvustas talle pastoraalse N\u00f5ukogu k\u00f5neleja, diakon Giovanni Pennacchio:<\/em><\/p>\n\n<p>P\u00fcha Isa, siin on kohal kihelkonna pastoraalse N\u00f5ukogu k\u00f5ik liikmed ning need, kes vastutavad selle kihelkonna ja erinevate pastoraalse tegevuse harude kiriklike reaalsuste eest: katehheesid, liturgiad, heategevus, noortepastoraal. On kohal ka &#8211; esimest korda lubatud pastoraalsesse n\u00f5ukogusse &#8211; alade vastutajad, sest sellest aastat alates, et j\u00f5uda nii palju kui v\u00f5imalik kihelkonnast kaugel olevate inimesteni, jagati kihelkond k\u00fcmneks alaks ja igal alal on oma vastutaja. Siis on kohal ka k\u00fcmne Neokatehhumeenilise Koguduse vastutajad, oma preestrite ja katehheetidega, ning r\u00e4ndperekonnad erinevates maailmaosades: Aafrikas, Austraalias, Euroopas. Oleme siin, et uuendada oma kuulekust ja \u00fcksmeelt Peetrusega, tema \u00f5petusega selle religioosse austusega, millest r\u00e4\u00e4gitakse Lumen Gentiumis. Ait\u00e4h, et oled meiega. &#013;\n&#013;\n<em>Paavst, olles kuulnud erinevaid tunnistusi, vastas: <\/em>&#013;\n&#013;\n Ait\u00e4h selle suulise, kuid eelk\u00f5ige isikliku esituse eest. On n\u00e4ha, et teie kihelkond on siin Roomas, selles alas, kuid samal ajal on see mitmetes kohtades, mitmetes alades, mitmetes keskkondades, mitmetes kontinentides: v\u00e4ljaspool Roomat. See on misjoneeriv, r\u00e4ndav, neokatehhumeeniline kihelkond.<\/p>\n\n<p>Tervitan teid k\u00f5iki: austraallased, aafriklased, prantslased, sakslased, poolakad, valgevenelased&#8230; Rooma Kirik, peate teadma, elab n\u00fc\u00fcd v\u00f5rdlusperioodis. V\u00f5rdlus t\u00e4hendab &#8211; v\u00f5ime \u00f6elda &#8211; eelk\u00f5ige Vatikani II Kirikukogu, eriti Lumen Gentium ja Gaudium et Spes rakendamist. V\u00f5rdlus erinevate reaalsustega, mis eristavad seda linna ja seda rooma \u00fchiskonda, t\u00e4htis linna, Itaalia ja ka Kiriku tuleviku jaoks. Kuid see on v\u00f5rdlus, kus Kirik v\u00f5rreldakse ning omakorda v\u00f5rreldakse usus; l\u00e4bi tema kaks tuhat aastat vana usku, Rooma vaatab meie aastatuhande, pigem selle teise aastatuhande l\u00f5pu probleemidele.<\/p>\n\n<p>Vaatab usus ja \u00fcritab m\u00f5ista neid probleeme, isegi kui need on rasked, isegi kui need l\u00e4hevad m\u00f5nikord vastu sellele, mida usk meile \u00fctleb.<br \/><br \/>Vaata neid probleeme julgusega, sest Kirikul peab olema julgus. Kristus \u00fctles meile: \u00ab\u00c4rge kartke\u00bb ning see on tema messiaanliku misjoni ja meie apostelliku misjoni v\u00f5tmes\u00f5na. \u00c4rge kartke. \u00dctlen seda ka teile r\u00e4ndkatehheetidele, kuna te olete julged. M\u00f5nikord kuulen, et te kardate m\u00f5nda reaalsust, millega te kohtute ning mis tuleb teie vastu ja mille vastu te l\u00e4hete. \u00c4rge kartke, sest tegu on alati sama argumendiga: \u00abMina olen teiega\u00bb. See pole lihtsalt s\u00f5na, see on reaalsus.<\/p>\n\n<p>\u00d5nnistusega k\u00f5ikidele kohalolijatele &#8211; v\u00e4hesed, kes veel j\u00e4\u00e4vad Rooma selles kihelkonnas &#8211; ja paljudele, kes on erinevates kontinentides.&#013;\n&#013;\n(*) Vrd \u00abL\u2019Osservatore Romano\u00bb, 23.-24. m\u00e4rts 1992.<\/p>\n","protected":false},"excerpt":{"rendered":"<p>P\u00fcha Leonardo Murialdo kihelkonna k\u00fclastamine 22-III-1992 P\u00fcha Johannes Paulus II Rooma, 22. m\u00e4rts 1992 Missa alguses, peale liturgilist tervitust, Kihelkonna Preester, isa Domenico Paiusco, terivtas P\u00fcha Isa kogu kogukonna nimel: \u00d5ndsaim Isa, tere tulemast meie keskele! Ait\u00e4h, et oled meiega. P\u00fcha Leonardo Murialdo kogukond, antud Joosepi Isade Koguduse hoolde, valmistus selleks esimeseks kohtumiseks oma Piiskoppiga r\u00f5\u00f5mu ja entusiasmiga l\u00e4bi isikliku ja kogukondliku palve, l\u00e4bi m\u00f5tiskluse selle usus\u00fcndmuse \u00fcle mitmetes kuulamiskeskustes<\/p>\n<div class=\"read-more\"><a class=\"btn read-more-btn\" href=\"https:\/\/neocatechumenaleiter.org\/et\/paavstide-sonad\/puha-johannes-paulus-ii\/puha-leonardo-murialdo-kihelkonna-kulastamine-22-iii-1992\/\">Loe edasi<\/a><\/div>\n","protected":false},"author":2,"featured_media":0,"parent":19903,"menu_order":67,"comment_status":"closed","ping_status":"closed","template":"","meta":{"footnotes":""},"class_list":["post-44322","page","type-page","status-publish","hentry"],"_links":{"self":[{"href":"https:\/\/neocatechumenaleiter.org\/et\/wp-json\/wp\/v2\/pages\/44322","targetHints":{"allow":["GET"]}}],"collection":[{"href":"https:\/\/neocatechumenaleiter.org\/et\/wp-json\/wp\/v2\/pages"}],"about":[{"href":"https:\/\/neocatechumenaleiter.org\/et\/wp-json\/wp\/v2\/types\/page"}],"author":[{"embeddable":true,"href":"https:\/\/neocatechumenaleiter.org\/et\/wp-json\/wp\/v2\/users\/2"}],"replies":[{"embeddable":true,"href":"https:\/\/neocatechumenaleiter.org\/et\/wp-json\/wp\/v2\/comments?post=44322"}],"version-history":[{"count":15,"href":"https:\/\/neocatechumenaleiter.org\/et\/wp-json\/wp\/v2\/pages\/44322\/revisions"}],"predecessor-version":[{"id":47630,"href":"https:\/\/neocatechumenaleiter.org\/et\/wp-json\/wp\/v2\/pages\/44322\/revisions\/47630"}],"up":[{"embeddable":true,"href":"https:\/\/neocatechumenaleiter.org\/et\/wp-json\/wp\/v2\/pages\/19903"}],"wp:attachment":[{"href":"https:\/\/neocatechumenaleiter.org\/et\/wp-json\/wp\/v2\/media?parent=44322"}],"curies":[{"name":"wp","href":"https:\/\/api.w.org\/{rel}","templated":true}]}}