{"id":44342,"date":"2020-03-29T21:36:54","date_gmt":"2020-03-29T20:36:54","guid":{"rendered":"https:\/\/neocatechumenaleiter.org\/paavstide-sonad\/puha-johannes-paulus-ii\/audients-saja-perekonna-saatmine-uueks-evangeliseerimiseks-3-i-1991\/"},"modified":"2026-02-27T15:28:27","modified_gmt":"2026-02-27T14:28:27","slug":"audients-saja-perekonna-saatmine-uueks-evangeliseerimiseks-3-i-1991","status":"publish","type":"page","link":"https:\/\/neocatechumenaleiter.org\/et\/paavstide-sonad\/puha-johannes-paulus-ii\/audients-saja-perekonna-saatmine-uueks-evangeliseerimiseks-3-i-1991\/","title":{"rendered":"Audients saja perekonna saatmine &#8220;Uueks Evangeliseerimiseks&#8221; 3-I-1991"},"content":{"rendered":"\n<h1 class=\"has-text-align-center wp-block-heading\">Audients saja perekonna saatmine &#8220;Uueks Evangeliseerimiseks&#8221; 3-I-1991<\/h1>\n\n<div style=\"height:20px\" aria-hidden=\"true\" class=\"wp-block-spacer\"><\/div>\n\n<h4 class=\"has-text-align-center wp-block-heading\">P\u00fcha Johannes Paulus II<\/h4>\n\n<div style=\"height:20px\" aria-hidden=\"true\" class=\"wp-block-spacer\"><\/div>\n\n<p><strong>Vatikan &#8211; Paulus VI Saal, 3. jaanuar 1991 *<\/strong><\/p>\n\n<div class=\"wp-block-image\"><figure class=\"alignright size-medium\"><img loading=\"lazy\" decoding=\"async\" width=\"300\" height=\"252\" src=\"https:\/\/neocatechumenaleiter.org\/wp-content\/uploads\/2020\/03\/Camino_Neocatecumenal_Juan_Pablo_II_audiencia_envio_cien_familias_en_mision_1991-300x252.jpg\" alt=\"\" class=\"wp-image-2307\" srcset=\"https:\/\/neocatechumenaleiter.org\/wp-content\/uploads\/2020\/03\/Camino_Neocatecumenal_Juan_Pablo_II_audiencia_envio_cien_familias_en_mision_1991-300x252.jpg 300w, https:\/\/neocatechumenaleiter.org\/wp-content\/uploads\/2020\/03\/Camino_Neocatecumenal_Juan_Pablo_II_audiencia_envio_cien_familias_en_mision_1991.jpg 365w\" sizes=\"auto, (max-width: 300px) 100vw, 300px\" \/><\/figure><\/div>\n\n<p><strong>\u00abPEREKONNAD EVANGELISEERIVAD PEREKONDI\u00bb<\/strong><br \/><br \/><em>Sada Neokatehhumeenilise Tee perekonda saadeti P\u00fcha Isa poolt viie kontinendi kahek\u00fcmne nelja riiki audientsi k\u00e4igus, kus olid kohal ka sada k\u00fcmme juba misjonis olevat perekonda, veel kolmsada on valmis lahkuma. Neid saadavad sada kaksk\u00fcmmend kuus Piiskopkondliku \u201cRedemptoris Mater&#8221; Kolled\u017ei seminaristi ja umbes k\u00fcmme tuhat koguduste \u00f5ed-vennad.<\/em><br \/><br \/>\u00a0<br \/><br \/><em>Kiko Arg\u00fcello tutvustus:<\/em><\/p>\n\n<p>Kallis, austatud Isa, tuleme n\u00fc\u00fcd Porto San Giorgiost, telgist, mida Teie kaks aastat tagasi austasite, tegite p\u00fchaks oma kohalolekuga.&#013;\nOleme olnud seal seitse p\u00e4eva, valmistudes p\u00f6\u00f6rdumise retriidis, tuhat nelisada venda.<\/p>\n\n<p>Tulid ka perekonnad, kes kaks aastat tagasi olid saadetud k\u00f5ige raskematesse Ladina-Ameerika aladesse (&#8220;pueblos jovenes&#8221;, Ecuadori Guayaquili ja mitmete muude kohtade barakkides) ning ka Euroopa \u00e4\u00e4relinnades nagu Hamburg v\u00f5i ka Hollandi naabruskondades (Amsterdamis), New Yorgis (Bronxis) ning oleme koos n\u00e4inud natuke nende kogemust: k\u00f5igi nende silmad on t\u00e4is meie Issanda Jeesus Kristuse valgust, armastust, hellust, ta oli meie k\u00f5rval tohutute kannatuste keskel ja on aidanud meid v\u00e4ga palju. K\u00f5ik on otsustanud tagasi minna: nad jutustasid h\u00e4mmastavaid asju ning seda, kuidas Jumal nad proovile pani ja valmistas misjoni jaoks. Nendes &#8220;lihaks saamise&#8221; aastates on paljud l\u00e4inud riikidesse keelt r\u00e4\u00e4kimata, n\u00e4iteks Jaapanisse, ning oleme seda teinud just selle p\u00e4rast, et on parem minna viimastena (inimene, kes ei oska keelt on vaene). Ning see ongi olnud v\u00e4ga efektiivne, sest inimesed nende \u00fcmber andsid perekonnale h\u00fcvesid, l\u00e4ksid neile vastu, aitasid neid ja nende misjon oli lihtsam, ilmutades Naatsareti perekonna tohutut m\u00fcsteeriumit. Paljudes kohtades on need perekonnad alustanud katehheeside tegemist, nad on saanud kuulutada Jeesus Kristust ning on tekkinud v\u00e4ikesed kristlikud kogudused, paganatega; ka Hiinas Taiwanis, t\u00e4iesti paganlikus k\u00fclas, s\u00fcndis v\u00e4ike \u00fcheteistk\u00fcmne inimese kogudus nelja katehhumeeniga.<\/p>\n\n<p>N\u00fc\u00fcd on meie j\u00e4rele v\u00e4ga suur n\u00f5udlus paljude piiskoppide poolt, ka piiskopid, kes on k\u00fcsinud perekondi ning kahe-kolme aasta p\u00e4rast (m\u00f5nedel on juba neli aastat misjonis) on n\u00e4inud vilju, eelk\u00f5ige Ladina-Aamerikas sektide ees.<\/p>\n\n<p>Need perekonnad on l\u00e4inud aladesse, kus pole kihelkondasid, kus pole kirikuid vaimulike puuduse t\u00f5ttu, ning nad on kandnud palju vilja ja piiskopid k\u00fcsivad rohkem: meie j\u00e4rele on suur n\u00f5udlus, nii palju, et pidime tegema v\u00e4ikse valiku. Niisiis k\u00fcsisime esimestelt Hispaania kogudustelt, mille perekondadel on piisav ettevalmistus \u00fcle neljateistk\u00fcmne aastase kogemusega Tees, ning v\u00e4ga paljud perekonnad pakkusid end vabatahtlikult. See on midagi imestusv\u00e4\u00e4rset, oma lastega, valmis minema sinna, kuhu Kirik peab sobivaks; seal, kus perekond on h\u00e4vitatud, on nemad valmis olema kristliku perekonna reaalne kohalolu ja meie oleme sellest suuremeelsusest, sellest tulihingelisusest, mis on neis, \u00fcllatunud, sest nad teavad, et nad l\u00e4hevad, paljud neist, m\u00e4rterluse poole, l\u00e4hevad suurte raskuste olukorda. Meil on nelisada uut perekonda, kes on ennast pakkunud; kogunesime koos nendega, kes olid juba misjonis, ning teiste r\u00e4ndkatehheetidega. Kokku olime tuhat inimest.<\/p>\n\n<div class=\"wp-block-image\"><figure class=\"alignleft size-medium\"><img loading=\"lazy\" decoding=\"async\" width=\"255\" height=\"300\" src=\"https:\/\/neocatechumenaleiter.org\/wp-content\/uploads\/2020\/03\/Camino_Neocatecumenal_Juan_Pablo_II_audiencia_envio_cien_familias_en_mision_1991_2-255x300.jpg\" alt=\"\" class=\"wp-image-2314\" srcset=\"https:\/\/neocatechumenaleiter.org\/wp-content\/uploads\/2020\/03\/Camino_Neocatecumenal_Juan_Pablo_II_audiencia_envio_cien_familias_en_mision_1991_2-255x300.jpg 255w, https:\/\/neocatechumenaleiter.org\/wp-content\/uploads\/2020\/03\/Camino_Neocatecumenal_Juan_Pablo_II_audiencia_envio_cien_familias_en_mision_1991_2.jpg 569w\" sizes=\"auto, (max-width: 255px) 100vw, 255px\" \/><\/figure><\/div>\n\n<p>Kohal olid ka seminaristid, Rooma\u00a0<em>Redemptoris Materist,<\/em> ning nende jaoks oli imeline valmistumine kuulata neid perekondi, nende raskuseid jne.<br \/><br \/>Niisiis, eile \u00f5htuni, kuni peaaegu kella kolmeni t\u00e4na hommikul, kogu eilne p\u00e4ev oli vajalik, et n\u00e4ha, s\u00f5eluda igat &#8220;palvet&#8221;. Et saata perekondasid oleme k\u00fcsinud ametlikku kirja igalt piiskopilt ning et ka piiskop v\u00f5taks vastutuse neid aidata majaga jm.<\/p>\n\n<p>L\u00f5puks oleme valinud veel sada perekonda: siin on vennad, kellel on juba sihtkoht teada, kes on valmis lahkuma. Lahkuvad kuus perekonda Venemaale, Moskvasse; neli Valgevenesse; kaks Gruusiasse; kaks Jugoslaaviasse; kuus uut perekonda Saksamaa jaoks (piiskopid on juba k\u00fcsinud kaheksateist perekonda), neli Austriasse, kolm Hollandisse (j\u00e4tkamaks imelist tegu, mida need perekonnad teevad Hollandis, piiskoppide poolt palutud); kaks Inglismaale; kaks Prantsusmaale; siis, \u00dchendriikidesse, piiskopid on palunud \u00fcheksateist perekonda, \u00e4\u00e4realadesse, eelk\u00f5ige, et alustada pastoraal afroameeriklastega, kus katoliku Kirik on raskustes: nii on palunud, n\u00e4iteks, Washingtoni, Dallase, San Antonio, Texase jne kardinalid. Seej\u00e4rel Kesk- ja Ladina-Ameerikasse, n\u00e4iteks T\u0161iilis, Colombias (kaks perekonda); \u00fcks perekond Ecuadori; kaks Venezuelas; kolm Mehhikos. Aasias: k\u00fcmme perekonda Jaapanisse; natsionalistlikkusse Hiina veel viis; Aafrikas: neli Zambias; neli Kamerunis; siis Etioopia, Elevandiluurannik, Austraalia: vot, kokku on sada neli perekonda, kellel on nelisada \u00fcheksa last; ning k\u00f5ik on &#8220;v\u00e4iksed&#8221;, m\u00f5ned v\u00e4hem v\u00e4iksed.<\/p>\n\n<p>Kui (nendel perekondadel) on viieteist-, kuueteistaastased lapsed, oleme k\u00fcsinud nende arvamust, kas nad on valmis minna oma vanematega. Oleme n\u00e4inud, selles m\u00f5ttes, tohutut suuremeelsust ja kuidas need noored hoolivad oma vanematest&#8230; Misjoni kohta oleme kuulnud perekondade poolt, kes tagasi tulid: nad \u00fctlesid, et esimesed evangeliseerijad olid nende lapsed (Jaapanis, Hiinas, Hollandis&#8230;) oma \u00fclikoolides, koolides, emadega &#8230; see oli imeilus. Need lapsed on, \u00fctleme nii, perekondade l\u00e4bi tehtud &#8220;Uue Evangeliseerimise&#8221; odaotsad. Ka lapsed tunnistavad oma &#8220;s\u00f5pradele&#8221;, toovad oma s\u00f5pru &#8230; n\u00e4iteks Jaapani perekonnad leiavad oma kodud alati t\u00e4is jaapani lapsi, kes on nende laste s\u00f5brad; kes juba k\u00f5ik oskvad keelt, mida nad kiiresti \u00f5pivad. L\u00e4bi laste on need perekonnad tuttavaks saanud teiste jaapani perekondadega. See lihtsustab nende perekondade evangeliseerimist, kes pole k\u00f5ik kristlased, nad on k\u00f5ik paganad, keda v\u00e4ga huvitab, avaldab muljet, see &#8220;perekonna elamise&#8221; vorm, n\u00e4ha perekondlikku lauda altarina, kus isa annab edasi, &#8220;saadab&#8221; usku lastele ning abieluvoodi on ka altar, kus annakse elu uutele lastele<\/p>\n\n<div class=\"wp-block-image\"><figure class=\"alignleft size-medium\"><img loading=\"lazy\" decoding=\"async\" width=\"208\" height=\"300\" src=\"https:\/\/neocatechumenaleiter.org\/wp-content\/uploads\/2020\/03\/Camino_Neocatecumenal_Juan_Pablo_II_audiencia_envio_cien_familias_en_mision_1991_3-208x300.jpg\" alt=\"\" class=\"wp-image-2321\" srcset=\"https:\/\/neocatechumenaleiter.org\/wp-content\/uploads\/2020\/03\/Camino_Neocatecumenal_Juan_Pablo_II_audiencia_envio_cien_familias_en_mision_1991_3-208x300.jpg 208w, https:\/\/neocatechumenaleiter.org\/wp-content\/uploads\/2020\/03\/Camino_Neocatecumenal_Juan_Pablo_II_audiencia_envio_cien_familias_en_mision_1991_3.jpg 563w\" sizes=\"auto, (max-width: 208px) 100vw, 208px\" \/><\/figure><\/div>\n\n<p>Ilmub uus kultuur, ka nii s\u00fcgav ja imeline reaalsus, et me oleme \u00fcllatunud &#8230; Vot, Isa, ma ei taha pikemalt r\u00e4\u00e4kida, tahaksin ainult \u00f6elda, et oleme v\u00e4ga h\u00e4mmastunud sellest, et k\u00f5ik tahtsid minna: nendest neljasajast perekonnast saavad lahkuda ainult sada, kuid k\u00f5ik tahtsid lahkuda. Ja mina \u00fctlesin neile: \u00abkas te saate aru? Te l\u00e4hete v\u00e4ga vaestesse aladesse, v\u00e4ga rasketesse aladesse?\u00bb. Kuid me k\u00f5ik olime liigutatud tulihingelisusest, m\u00e4rterluse soovist, \u00fcleloomulikust &#8220;j\u00f5ust&#8221;, mis oli meie keskel &#8230;<\/p>\n\n<p><em>Peale lauldud Markuse Evangeeliumi kuulutamise l\u00f5ppu, p\u00f6\u00f6rdus P\u00fcha Isa kohalolijate poole j\u00e4rgmiselt: <\/em><\/p>\n\n<p>Kallid Vennad ja \u00d5ed!<br \/><br \/>\u00a0<br \/><br \/>1. J\u00f5ulude valguses oleme kohtunud P\u00e4\u00e4stjaga; oleme n\u00e4inud imetegusid, mida Jumal on teinud; oleme olnud kutsutud vastu v\u00f5tma P\u00e4\u00e4ste andi ja levitada seda meie vendadele.<br \/><br \/>Sellest m\u00fcstilisest embusest lihaks saanud S\u00f5naga s\u00fcnnib meie p\u00fchendumus evangeliseerida. P\u00fchendumus, mis on t\u00e4na palju kiireloomulisem, kuna me elame s\u00fcgavate sotsiaalsete muutuste ajal. <strong>Olemegi nagu ajaloo p\u00f6\u00f6rdepunktis, teel tuleviku poole, mis on t\u00e4is ootuseid ja lootust, kuid mida \u00e4hvardavad hirmud ja kartused, mis r\u00fcndavad inimest tema k\u00f5ige s\u00fcgavamas struktuuris.\u00a0<\/strong>Inimene palub rahu, rahumeelsust, palub abi ja solidaarsust: ta vajab Armastust. Ta vajab Kristust.<\/p>\n\n<p>Imeline on, siiamaani, nende tegevus, kes, nagu teiegi, p\u00fchitseb kogu oma olemist ning nii f\u00fc\u00fcsilist kui ka vaimset ressurssi evangeliseerimise jaoks. Te olete veendunud, et ainult Jeesus saab t\u00e4ita inimese ootuseid, ning seet\u00f5ttu ei k\u00f5hkle k\u00f5ike maha j\u00e4tta ning teele asuda maailma teedel, tunnistades niimoodi Lunastaja elavat kohalolu meie seas ning tema S\u00f5na j\u00f5udu, mis p\u00e4\u00e4stab. Olge t\u00e4nulikud Ettehooldusele, mis on teid valinud, ning j\u00e4\u00e4ge pidevalt Vaimu kuulama; p\u00fcsige palves ja vooruste harjutamises. Olge lepituse s\u00f5numitoojad ning vendluse ja teenimise apostlid. Issand, kes ootab teilt t\u00e4ielikku valmidust, \u00fchendab teid sel viisil maailma Lunastamise m\u00fcsteeriumile.<\/p>\n\n<p>2. Ma ei saa mitte r\u00f5hutada, intiimse r\u00f5\u00f5muga, et see teie evangeliseerimise \u00e4revus l\u00fckkab teid eelk\u00f5ige perekondade juurde. Kas perekonnal pole sellel ajal vaja olla uuesti evangeliseeritud, et ta taasavastaks oma rolli kristliku kogukonna, kodukiriku esmase rakuna, mille sees oleks v\u00f5imalik elada \u00fcrgset kogemust kohtumisest Jumalaga? Kui suuresti m\u00f5jutab perekondade kriis n\u00fc\u00fcdset sotsiaalset olukorda! Pole lihtne m\u00f5elda paremale tulevikule, kui kodune kamin ei saa uuesti inimese elu ja kasvu vastuv\u00f5tmise priviligeerituks kohaks: inimliku tarkuse ja vaimse vormimise kooliks. R\u00f5\u00f5msa hingega tervitan teie seas arvukaid perekondasid, kes on juba misjonis planeedi k\u00f5ige dekristianiseeritumates alades; tervitan, lisaks, paare, kes valmistuvad lahkuma. Jah, perekonnad evangeliseerigu perekondasid!<\/p>\n\n<p>Issand tehku teist k\u00f5ikjal oma halastuse vahenditeks; saatku teid alati tema arm.<\/p>\n\n<div class=\"wp-block-image\"><figure class=\"alignright size-large\"><img loading=\"lazy\" decoding=\"async\" width=\"768\" height=\"523\" src=\"https:\/\/neocatechumenaleiter.org\/wp-content\/uploads\/2020\/03\/Camino_Neocatecumenal_Juan_Pablo_II_audiencia_envio_cien_familias_en_mision_1991_4.jpg\" alt=\"\" class=\"wp-image-2328\" srcset=\"https:\/\/neocatechumenaleiter.org\/wp-content\/uploads\/2020\/03\/Camino_Neocatecumenal_Juan_Pablo_II_audiencia_envio_cien_familias_en_mision_1991_4.jpg 768w, https:\/\/neocatechumenaleiter.org\/wp-content\/uploads\/2020\/03\/Camino_Neocatecumenal_Juan_Pablo_II_audiencia_envio_cien_familias_en_mision_1991_4-300x204.jpg 300w\" sizes=\"auto, (max-width: 768px) 100vw, 768px\" \/><\/figure><\/div>\n\n<p>Annan heameelega ristikuju nendele, kes on kutsutud minema, r\u00e4ndavad Evangeeliumi teenistusel, teistesse riikidesse. Usaldage Jumalat ja, pidades vastu igale raskusele, olge \u00abKristuse k\u00e4skjalad, otsekui Jumal ise julgustaks meie kaudu\u00bb (2Kr 5,20).<br \/><br \/>Elage s\u00fcdamlikus kuulekuses ja lapselikus osaduses Karjastega, olles teie elava keha liikmed: Kirik. Nemad kutsuvad teid ja v\u00f5tavad teid vastu. Nendele peate te n\u00e4itama kuulekust ja usaldust; nende juhistest antakse teile osa Issanda tahtmisest teie erilise misjoni j\u00e4rgi.<\/p>\n\n<p>\u00dclesanne, mis teid ootab &#8211; Uus Evangeliseerimine &#8211; palub teil esitada uue entusiasmi ja uuendatud viisidel meie kristliku usu p\u00e4randi igavest ja muutmatut sisu. Tegemist pole, teie teate seda h\u00e4sti, ainult doktriini edastamisega, vaid kohtuda isiklikul ja s\u00fcgaval viisil P\u00e4\u00e4stjaga. Kutsun appi Maarjat, Lunastaja Ema, et ta abistaks teid sellel teel; Tema hoolde, Uue Evangeliseerimise T\u00e4ht, annan iga\u00fchte teist, teie kogudused ja neid, keda kohtate. Samal ajal, Issanda nimel, julgustan teid teele asuma julgusega ning olla igal pool Evangeeliumi vaprad tunnistajad, s\u00fcdamest \u00f5nnistan teid.&#013;\n&#013;\n<em>P\u00fcha Isa lisas need s\u00f5nad kohapeal:<\/em><\/p>\n\n<p>Niisiis, see, mida ma n\u00fc\u00fcd \u00fctlesin, oli vastus tema ilusale ja realistlikule &#8220;kristlikult, neokatehhumeeniliselt&#8221;, sissejuhatusele. Kuid sissejuhatustel peab alati olema j\u00e4tk: n\u00fc\u00fcd meil on see j\u00e4tk siin Paulus VI saalis, kuid siis, edaspidine j\u00e4rk teie r\u00e4ndperekondade teedes, s\u00fcgavalt evangeliseeritud perekonnad Neokatehhumeenis, kes embavad kogu inimlikku elu, embavad kogu evangeliseeritud v\u00f5i evangeliseeriva perekonna elu.<\/p>\n\n<p>Nii soovin teile head teed: r\u00e4ndav Paast r\u00e4ndajatele!<\/p>\n\n<p><em>(*) Vrd \u00abL\u2019Osservatore Romano\u00bb, 4. jaanuar 1991, otse salvestuse lisadega.<\/em><\/p>\n","protected":false},"excerpt":{"rendered":"<p>Audients saja perekonna saatmine &#8220;Uueks Evangeliseerimiseks&#8221; 3-I-1991 P\u00fcha Johannes Paulus II Vatikan &#8211; Paulus VI Saal, 3. jaanuar 1991 * \u00abPEREKONNAD EVANGELISEERIVAD PEREKONDI\u00bb Sada Neokatehhumeenilise Tee perekonda saadeti P\u00fcha Isa poolt viie kontinendi kahek\u00fcmne nelja riiki audientsi k\u00e4igus, kus olid kohal ka sada k\u00fcmme juba misjonis olevat perekonda, veel kolmsada on valmis lahkuma. Neid saadavad sada kaksk\u00fcmmend kuus Piiskopkondliku \u201cRedemptoris Mater&#8221; Kolled\u017ei seminaristi ja umbes k\u00fcmme tuhat koguduste \u00f5ed-vennad. \u00a0<\/p>\n<div class=\"read-more\"><a class=\"btn read-more-btn\" href=\"https:\/\/neocatechumenaleiter.org\/et\/paavstide-sonad\/puha-johannes-paulus-ii\/audients-saja-perekonna-saatmine-uueks-evangeliseerimiseks-3-i-1991\/\">Loe edasi<\/a><\/div>\n","protected":false},"author":2,"featured_media":0,"parent":19903,"menu_order":63,"comment_status":"closed","ping_status":"closed","template":"","meta":{"footnotes":""},"class_list":["post-44342","page","type-page","status-publish","hentry"],"_links":{"self":[{"href":"https:\/\/neocatechumenaleiter.org\/et\/wp-json\/wp\/v2\/pages\/44342","targetHints":{"allow":["GET"]}}],"collection":[{"href":"https:\/\/neocatechumenaleiter.org\/et\/wp-json\/wp\/v2\/pages"}],"about":[{"href":"https:\/\/neocatechumenaleiter.org\/et\/wp-json\/wp\/v2\/types\/page"}],"author":[{"embeddable":true,"href":"https:\/\/neocatechumenaleiter.org\/et\/wp-json\/wp\/v2\/users\/2"}],"replies":[{"embeddable":true,"href":"https:\/\/neocatechumenaleiter.org\/et\/wp-json\/wp\/v2\/comments?post=44342"}],"version-history":[{"count":17,"href":"https:\/\/neocatechumenaleiter.org\/et\/wp-json\/wp\/v2\/pages\/44342\/revisions"}],"predecessor-version":[{"id":47638,"href":"https:\/\/neocatechumenaleiter.org\/et\/wp-json\/wp\/v2\/pages\/44342\/revisions\/47638"}],"up":[{"embeddable":true,"href":"https:\/\/neocatechumenaleiter.org\/et\/wp-json\/wp\/v2\/pages\/19903"}],"wp:attachment":[{"href":"https:\/\/neocatechumenaleiter.org\/et\/wp-json\/wp\/v2\/media?parent=44342"}],"curies":[{"name":"wp","href":"https:\/\/api.w.org\/{rel}","templated":true}]}}