{"id":44370,"date":"2020-03-29T20:49:14","date_gmt":"2020-03-29T19:49:14","guid":{"rendered":"https:\/\/neocatechumenaleiter.org\/paavstide-sonad\/puha-johannes-paulus-ii\/usalduse-puha-maarja-kihelkonna-kulastus-21-x-1990\/"},"modified":"2026-02-27T15:29:05","modified_gmt":"2026-02-27T14:29:05","slug":"usalduse-puha-maarja-kihelkonna-kulastus-21-x-1990","status":"publish","type":"page","link":"https:\/\/neocatechumenaleiter.org\/et\/paavstide-sonad\/puha-johannes-paulus-ii\/usalduse-puha-maarja-kihelkonna-kulastus-21-x-1990\/","title":{"rendered":"Usalduse P\u00fcha Maarja kihelkonna k\u00fclastus 21-X-1990"},"content":{"rendered":"\n<h1 class=\"has-text-align-center wp-block-heading\">Usalduse P\u00fcha Maarja kihelkonna k\u00fclastus 21-X-1990<\/h1>\n\n<div style=\"height:20px\" aria-hidden=\"true\" class=\"wp-block-spacer\"><\/div>\n\n<h4 class=\"has-text-align-center wp-block-heading\">P\u00fcha Johannes Paulus II<\/h4>\n\n<div style=\"height:20px\" aria-hidden=\"true\" class=\"wp-block-spacer\"><\/div>\n\n<p><strong>Rooma, 21. oktoober 1990<\/strong><\/p>\n\n<p><em>Juba kaksteist aastat on kohal ning tegutsevad Usalduse P\u00fcha Maarjas Neokatehhumeenilised Kogudused. Hetkel on neid neli, kes panustavad kihelkonna elus eelk\u00f5ige katehheeside ja liturgia sektoris. Paavst kohtus nendega kihelkonna saalis, kus \u00abTee\u00bb noored ja v\u00e4hem noored teda vastu v\u00f5tsid Maarjale p\u00fchendatud laulu r\u00f5\u00f5msate nootidega.<\/em><br \/><br \/><em>Gastone Rocchetti, esimene katehheet, kes j\u00f5udis Usalduse P\u00fcha Maarjasse, tutvustas Johannes Paulus II nelja koguduse reaalsust:<\/em><\/p>\n\n<p>P\u00fchadus, mina kuulun Centocelle P\u00fcha Irenaeuse kihelkonna esimesse Neokatehhumeenilisse Kogudusse. Ma k\u00f5nnin \u00f5nnelikult juba seitseteist aastat ning kaksteist aastat tagasi, kihelkonna preestri kutsel, mina, minu naine ja m\u00f5ned koguduse vennad tulime sellesse kihelkonda, et kuulutada Head Uudist. &#013;\nAlgas katehhees ning tekkis esimene kogudus. T\u00e4na kihelkonnas on neli kogudust. Esimene on traditio sammul: juba kaks aastat l\u00e4hevad nad majast majja viima Ker\u00fcgmat, kuulutades Meie Issanda Jeesus Kristuse surma ja \u00dclest\u00f5usmist. Teisele kogudusele on antud Psalter, palvele algatamine. \u00dclej\u00e4\u00e4nud kaks kogudust on Tee esimestel etappidel. <\/p>\n\n<p>K\u00f5ik see toimub, P\u00fchadus, t\u00e4ielikus s\u00f5nakuulelikkus Kirikule ja tema ministritele ning tee algatajatele. Me oleme s\u00fcgavalt r\u00f5\u00f5msad, P\u00fchadus, sest te soovisite anda suuremat t\u00f5uget Neokatehhumeenilisele Teele kirjaga, mida saatsite Piiskopile Mons. Cordesele. Meie, P\u00fchadus, oleme teadlikud suurest kingitusest, mida Jumal meile teeb, et iga\u00fchel meist oleks v\u00f5imalus kogeda omas ihus Meie Issanda Jeesus Kristuse poolt toodud p\u00e4\u00e4stet ning maitsta k\u00fclluslikku igavese elu panti. P\u00fchadus, \u00f5nnistage meid.<\/p>\n\n<p><em>Need on s\u00f5nad, mida Paavst lausus kohalolijatele:<\/em><\/p>\n\n<p>Tahaksin allajoonida kaht asja. Esimene on see: te armastate v\u00e4ga laulda laule Neitsile, Maarjale, kes, Eliisabeti s\u00f5nade j\u00e4rgi, uskus Issanda S\u00f5na. Ning see, v\u00f5ime \u00f6elda, on s\u00f5na, s\u00fcmboolne tekst teie liikumise jaoks, teie Tee jaoks, sest ei \u00f6elda liikumine&#8230; Muidugi, kui k\u00f5nnitakse, siis liigutakse&#8230; Niisiis, mina, alustades sellest s\u00f5nast, mis t\u00f5esti inspireerib, mis inspireeris ka kogu Redemptoris Materi ents\u00fcklikat, soovin, et te saaksite alati k\u00f5ndida usus ning lubaksite ka teistel, kelle juurde olete saadetud, l\u00e4hedased ja kauged, k\u00f5ndida usus. Siis pakun teile ka teist m\u00e4rkust. Ma tean, et Neokatehhumeenilised armastavad lapsi. Ka Paavst armastab lapsi ning niimoodi me kohtume alati. (*) Vrd \u00abL\u2019Osservatore Romano\u00bb, 26. oktoober 1990.<\/p>\n","protected":false},"excerpt":{"rendered":"<p>Usalduse P\u00fcha Maarja kihelkonna k\u00fclastus 21-X-1990 P\u00fcha Johannes Paulus II Rooma, 21. oktoober 1990 Juba kaksteist aastat on kohal ning tegutsevad Usalduse P\u00fcha Maarjas Neokatehhumeenilised Kogudused. Hetkel on neid neli, kes panustavad kihelkonna elus eelk\u00f5ige katehheeside ja liturgia sektoris. Paavst kohtus nendega kihelkonna saalis, kus \u00abTee\u00bb noored ja v\u00e4hem noored teda vastu v\u00f5tsid Maarjale p\u00fchendatud laulu r\u00f5\u00f5msate nootidega. Gastone Rocchetti, esimene katehheet, kes j\u00f5udis Usalduse P\u00fcha Maarjasse, tutvustas Johannes Paulus<\/p>\n<div class=\"read-more\"><a class=\"btn read-more-btn\" href=\"https:\/\/neocatechumenaleiter.org\/et\/paavstide-sonad\/puha-johannes-paulus-ii\/usalduse-puha-maarja-kihelkonna-kulastus-21-x-1990\/\">Loe edasi<\/a><\/div>\n","protected":false},"author":2,"featured_media":0,"parent":19903,"menu_order":62,"comment_status":"closed","ping_status":"closed","template":"","meta":{"footnotes":""},"class_list":["post-44370","page","type-page","status-publish","hentry"],"_links":{"self":[{"href":"https:\/\/neocatechumenaleiter.org\/et\/wp-json\/wp\/v2\/pages\/44370","targetHints":{"allow":["GET"]}}],"collection":[{"href":"https:\/\/neocatechumenaleiter.org\/et\/wp-json\/wp\/v2\/pages"}],"about":[{"href":"https:\/\/neocatechumenaleiter.org\/et\/wp-json\/wp\/v2\/types\/page"}],"author":[{"embeddable":true,"href":"https:\/\/neocatechumenaleiter.org\/et\/wp-json\/wp\/v2\/users\/2"}],"replies":[{"embeddable":true,"href":"https:\/\/neocatechumenaleiter.org\/et\/wp-json\/wp\/v2\/comments?post=44370"}],"version-history":[{"count":5,"href":"https:\/\/neocatechumenaleiter.org\/et\/wp-json\/wp\/v2\/pages\/44370\/revisions"}],"predecessor-version":[{"id":47640,"href":"https:\/\/neocatechumenaleiter.org\/et\/wp-json\/wp\/v2\/pages\/44370\/revisions\/47640"}],"up":[{"embeddable":true,"href":"https:\/\/neocatechumenaleiter.org\/et\/wp-json\/wp\/v2\/pages\/19903"}],"wp:attachment":[{"href":"https:\/\/neocatechumenaleiter.org\/et\/wp-json\/wp\/v2\/media?parent=44370"}],"curies":[{"name":"wp","href":"https:\/\/api.w.org\/{rel}","templated":true}]}}