{"id":44374,"date":"2020-03-29T20:45:10","date_gmt":"2020-03-29T19:45:10","guid":{"rendered":"https:\/\/neocatechumenaleiter.org\/paavstide-sonad\/puha-johannes-paulus-ii\/colleverde-puha-remigiuse-kihelkonna-kulastamine-9-iv-1990\/"},"modified":"2026-02-27T15:29:42","modified_gmt":"2026-02-27T14:29:42","slug":"colleverde-puha-remigiuse-kihelkonna-kulastamine-9-iv-1990","status":"publish","type":"page","link":"https:\/\/neocatechumenaleiter.org\/et\/paavstide-sonad\/puha-johannes-paulus-ii\/colleverde-puha-remigiuse-kihelkonna-kulastamine-9-iv-1990\/","title":{"rendered":"Colleverde P\u00fcha Remigiuse kihelkonna k\u00fclastamine 9-IV-1990"},"content":{"rendered":"\n<h1 class=\"has-text-align-center wp-block-heading\">Colleverde P\u00fcha Remigiuse kihelkonna k\u00fclastamine 9-IV-1990<\/h1>\n\n<div style=\"height:20px\" aria-hidden=\"true\" class=\"wp-block-spacer\"><\/div>\n\n<h4 class=\"has-text-align-center wp-block-heading\">P\u00fcha Johannes Paulus II<\/h4>\n\n<div style=\"height:20px\" aria-hidden=\"true\" class=\"wp-block-spacer\"><\/div>\n\n<p><strong>Rooma, 9. juuni 1990 *<\/strong><\/p>\n\n<p><em>Kihelkonna teatris olid kogunenud Neokatehhumeeniliste Koguduste liikmed tavap\u00e4rase arvukate laste krooniga. Ei puudunud laulud, ega laste \u00abr\u00fcnnakud\u00bb P\u00fcha Isale, kes muuhulgas, nagu alati, n\u00e4itas, et talle meeldis v\u00e4iksemate armastus.<\/em><br \/><br \/><em>Massimo, kihelkonna katehheet, tutvustas P\u00fcha Isale Neokatehhumeeniliste Koguduste reaalsust kihelkonnas.<\/em><\/p>\n\n<div class=\"wp-block-image\"><figure class=\"alignleft size-large\"><img loading=\"lazy\" decoding=\"async\" width=\"693\" height=\"560\" src=\"https:\/\/neocatechumenaleiter.org\/wp-content\/uploads\/2020\/03\/Camino_Neocatecumenal_Juan_Pablo_II_visita_parroquia_San_Remigio_1990.jpg\" alt=\"\" class=\"wp-image-2292\" srcset=\"https:\/\/neocatechumenaleiter.org\/wp-content\/uploads\/2020\/03\/Camino_Neocatecumenal_Juan_Pablo_II_visita_parroquia_San_Remigio_1990.jpg 693w, https:\/\/neocatechumenaleiter.org\/wp-content\/uploads\/2020\/03\/Camino_Neocatecumenal_Juan_Pablo_II_visita_parroquia_San_Remigio_1990-300x242.jpg 300w\" sizes=\"auto, (max-width: 693px) 100vw, 693px\" \/><\/figure><\/div>\n\n<p><em>P\u00fcha Isa vastas:<\/em><\/p>\n\n<p>&#8230; Ristimine, nagu see t\u00e4na antakse lastele, on kogemus, mis puudutab k\u00f5ige rohkem perekonda, aga selle kogemuse elamiseks on vaja naasmist. See naasmine ongi see, mida Neokatehhumeenilised Kogudused soosivad. Nad \u00fctlevad iga\u00fchele: \u00absa oled kristlane, pead naasma oma Ristimisele, pead veel korra valmistuma selleks Ristimiseks, mida oled saanud. Pead saama katehhumeeniks ning pead, selle katehhumeeniga, j\u00f5udma selle Ristimise kogemuseni, mis oli esimestel kristlastel, mis oli P\u00fcha Paulusel\u00bb. P\u00fcha Pauluse s\u00f5nad Risitimise kohta on imelised. Kristlik kogemus on ennek\u00f5ike Ristimise kogemus ja see viib meid k\u00f5ikide sakramentide juurde, kuid eelk\u00f5ige Euharistia juurde.<\/p>\n\n<p>Euharistia on sakrament, mis kihelkonna kristliku elu praktikas on k\u00f5ige elatum, see on ka lastega elatud kogemus, kes valmistuvad esimeseks Armulauaks. On valmistumine, on s\u00fcvendamine, on tunda seda, mida, leiva ja veini kujul, t\u00e4hendab Euharistia, see, mida Kristus on j\u00e4tnud Euharistiana: iseennast, annina, toiduna. Kindlasti, kristlik kogemus on eelk\u00f5ige euharistiline kogemus ja, kui see algab Ristimise kogemusega, viib viimane meid euharistilise kogemuse poole.<\/p>\n\n<p>&#8230; On vaja kogemust. V\u00f5ime elada sakramente neid mitte elades, mitte sisenedes p\u00fchitsetud m\u00fcsteeriumi s\u00fcgavusse. On vaja seda kogemust, seda kristliku elu katselist aspekti ning olen v\u00e4ga t\u00e4nulik k\u00f5ikide nende liikumiste eest, mis kasvatavad ja teevad rohkeks kristlikku kogemust ning erinevaid ristitu kristliku elu aspekte, mis viivad kristliku elu s\u00fcgavuse poole.<br \/><br \/>Nii muutub inimene avatumaks Jumalale, m\u00f5istab proportsiooni ja ebaproportsiooni, m\u00f5istab, mida t\u00e4hendab radikaalne p\u00f6\u00f6rdumine, m\u00f5istab, mis on patt, mida t\u00e4hendab olla armu p\u00e4rast \u00f5igustatud, mida t\u00e4hendab halastuse, armastuse, Kolmainsuse, Jumala anni kuristik. L\u00e4bi k\u00f5ikide nende sakramentidel p\u00f5hinevaid kogemusi on alati palvekogemus. Ka palve v\u00f5ib olla riituslik, s\u00fcgava kogemuseta, pealiskaudne, mis j\u00e4\u00e4b meie m\u00f5tete, meie p\u00fchendumuse, meie iseloomu pinnale. Kuid sisenedes palvega s\u00fcgavamalt osadusse Jumalaga, palve ise muutub rohkeks, s\u00e4ravaks, ebatavaliseks. Meie palveid peab s\u00fcvendama, peab elama, peame tegema sellest kogemuse, et mitte kustutada seda, mis on palve, mida tahab olla, mida Jumal pakub meile l\u00e4bi selle.<\/p>\n\n<p>T\u00e4nan Jumalat, et teie kihelkonnas on need kogemused, mis viivad edasi seda, mis on h\u00e4davajalik kihelkonna elu jaoks, sest see pole ainult administratiivne struktuur, vaid elu, osalemine jumalikus elus, osalemine, l\u00e4bi Kristuse ja P\u00fcha Vaimu, kolmainsuslikus elus.<\/p>\n\n<p><em>(*) Vrd \u00abL\u2019Osservatore Romano\u00bb, 15.-16. juuni 1990. Siia lisame osa k\u00f5nest, mida P\u00fcha Isa lausus kihelkonna gruppidele.<\/em><\/p>\n","protected":false},"excerpt":{"rendered":"<p>Colleverde P\u00fcha Remigiuse kihelkonna k\u00fclastamine 9-IV-1990 P\u00fcha Johannes Paulus II Rooma, 9. juuni 1990 * Kihelkonna teatris olid kogunenud Neokatehhumeeniliste Koguduste liikmed tavap\u00e4rase arvukate laste krooniga. Ei puudunud laulud, ega laste \u00abr\u00fcnnakud\u00bb P\u00fcha Isale, kes muuhulgas, nagu alati, n\u00e4itas, et talle meeldis v\u00e4iksemate armastus. Massimo, kihelkonna katehheet, tutvustas P\u00fcha Isale Neokatehhumeeniliste Koguduste reaalsust kihelkonnas. P\u00fcha Isa vastas: &#8230; Ristimine, nagu see t\u00e4na antakse lastele, on kogemus, mis puudutab k\u00f5ige rohkem<\/p>\n<div class=\"read-more\"><a class=\"btn read-more-btn\" href=\"https:\/\/neocatechumenaleiter.org\/et\/paavstide-sonad\/puha-johannes-paulus-ii\/colleverde-puha-remigiuse-kihelkonna-kulastamine-9-iv-1990\/\">Loe edasi<\/a><\/div>\n","protected":false},"author":2,"featured_media":0,"parent":19903,"menu_order":61,"comment_status":"closed","ping_status":"closed","template":"","meta":{"footnotes":""},"class_list":["post-44374","page","type-page","status-publish","hentry"],"_links":{"self":[{"href":"https:\/\/neocatechumenaleiter.org\/et\/wp-json\/wp\/v2\/pages\/44374","targetHints":{"allow":["GET"]}}],"collection":[{"href":"https:\/\/neocatechumenaleiter.org\/et\/wp-json\/wp\/v2\/pages"}],"about":[{"href":"https:\/\/neocatechumenaleiter.org\/et\/wp-json\/wp\/v2\/types\/page"}],"author":[{"embeddable":true,"href":"https:\/\/neocatechumenaleiter.org\/et\/wp-json\/wp\/v2\/users\/2"}],"replies":[{"embeddable":true,"href":"https:\/\/neocatechumenaleiter.org\/et\/wp-json\/wp\/v2\/comments?post=44374"}],"version-history":[{"count":7,"href":"https:\/\/neocatechumenaleiter.org\/et\/wp-json\/wp\/v2\/pages\/44374\/revisions"}],"predecessor-version":[{"id":47642,"href":"https:\/\/neocatechumenaleiter.org\/et\/wp-json\/wp\/v2\/pages\/44374\/revisions\/47642"}],"up":[{"embeddable":true,"href":"https:\/\/neocatechumenaleiter.org\/et\/wp-json\/wp\/v2\/pages\/19903"}],"wp:attachment":[{"href":"https:\/\/neocatechumenaleiter.org\/et\/wp-json\/wp\/v2\/media?parent=44374"}],"curies":[{"name":"wp","href":"https:\/\/api.w.org\/{rel}","templated":true}]}}