{"id":44383,"date":"2020-03-29T20:36:28","date_gmt":"2020-03-29T19:36:28","guid":{"rendered":"https:\/\/neocatechumenaleiter.org\/paavstide-sonad\/puha-johannes-paulus-ii\/puhade-fabianuse-ja-venanziuse-kihelkonna-kulastamine-14-i-1990\/"},"modified":"2026-02-27T15:30:50","modified_gmt":"2026-02-27T14:30:50","slug":"puhade-fabianuse-ja-venanziuse-kihelkonna-kulastamine-14-i-1990","status":"publish","type":"page","link":"https:\/\/neocatechumenaleiter.org\/et\/paavstide-sonad\/puha-johannes-paulus-ii\/puhade-fabianuse-ja-venanziuse-kihelkonna-kulastamine-14-i-1990\/","title":{"rendered":"P\u00fchade Fabianuse ja Venanziuse kihelkonna k\u00fclastamine 14-I-1990"},"content":{"rendered":"\n<h1 class=\"has-text-align-center wp-block-heading\">P\u00fchade Fabianuse ja Venanziuse kihelkonna k\u00fclastamine 14-I-1990<\/h1>\n\n<div style=\"height:20px\" aria-hidden=\"true\" class=\"wp-block-spacer\"><\/div>\n\n<h4 class=\"has-text-align-center wp-block-heading\">P\u00fcha Johannes Paulus II<\/h4>\n\n<div style=\"height:20px\" aria-hidden=\"true\" class=\"wp-block-spacer\"><\/div>\n\n<div class=\"wp-block-image\"><figure class=\"alignleft size-medium\"><img loading=\"lazy\" decoding=\"async\" width=\"300\" height=\"253\" src=\"https:\/\/neocatechumenaleiter.org\/wp-content\/uploads\/2020\/03\/Camino_Neocatecumenal_Juan_Pablo_II_visita_parroquia_Santos_Fabian_Venancio_1990-300x253.jpg\" alt=\"\" class=\"wp-image-2265\" srcset=\"https:\/\/neocatechumenaleiter.org\/wp-content\/uploads\/2020\/03\/Camino_Neocatecumenal_Juan_Pablo_II_visita_parroquia_Santos_Fabian_Venancio_1990-300x253.jpg 300w, https:\/\/neocatechumenaleiter.org\/wp-content\/uploads\/2020\/03\/Camino_Neocatecumenal_Juan_Pablo_II_visita_parroquia_Santos_Fabian_Venancio_1990.jpg 661w\" sizes=\"auto, (max-width: 300px) 100vw, 300px\" \/><\/figure><\/div>\n\n<p><strong>Rooma, 14. jaanuar 1990 *<\/strong><\/p>\n\n<p>\u00abMAAILM AVANEB, OTSIB INIMLIKKU JA KRISTLIKUMAT DIMENSIOONI NING OOTAB SEDA T\u00d5E VASTUST, MILLEKS ON KRISTUS\u00bb<\/p>\n\n<p><em>Pidutsev oli P\u00fcha Isa kohtumine arvukate kihelkonna Neokatehhumeenilise Koguduse esindajatega. Pidutsev eelk\u00f5ige laste kohalolu t\u00f5ttu, kes, nagu alati, r\u00f5hutavad \u00abperekonna\u00bb dimensiooni juhtiva hetkena koguduse jaoks, kes l\u00e4bib Neokatehhumeenilist Teed.<\/em><\/p>\n\n<p><em>Peale paari tutvustuss\u00f5na, mida lausus Joosep, \u00fcks koguduse katehheet, pidas P\u00fcha Isa j\u00e4rgmist k\u00f5net:<\/em><\/p>\n\n<p>Soovin teile 1990. aastat uue aastana teie tee jaoks. Kindlasti eelmine aasta, 1989. aasta, on meile j\u00e4tnud mitmeid \u00fcllatavaid asju, eriti Euroopas. Paljud keskkonnad, paljud Riigid avanesid, kuid k\u00f5ik see on ainult v\u00e4ljakutse. See maailm, mis avaneb, mis v\u00f5ibolla h\u00fclgab v\u00e4hem inimlikku ja v\u00e4hem kristlikku traditsiooni, otsides kristlikku ja inimlikumat, ootab, need rahvad ootavad T\u00f5es\u00f5na, Evangeeliumi S\u00f5na, Kristusega osaduse S\u00f5na. Samal ajal oleme meie siin l\u00e4\u00e4nes.<\/p>\n\n<div class=\"wp-block-image\"><figure class=\"alignright size-medium\"><img loading=\"lazy\" decoding=\"async\" width=\"300\" height=\"239\" src=\"https:\/\/neocatechumenaleiter.org\/wp-content\/uploads\/2020\/03\/Camino_Neocatecumenal_Juan_Pablo_II_visita_parroquia_Santos_Fabian_Venancio_1990_2-300x239.jpg\" alt=\"\" class=\"wp-image-2272\" srcset=\"https:\/\/neocatechumenaleiter.org\/wp-content\/uploads\/2020\/03\/Camino_Neocatecumenal_Juan_Pablo_II_visita_parroquia_Santos_Fabian_Venancio_1990_2-300x239.jpg 300w, https:\/\/neocatechumenaleiter.org\/wp-content\/uploads\/2020\/03\/Camino_Neocatecumenal_Juan_Pablo_II_visita_parroquia_Santos_Fabian_Venancio_1990_2.jpg 704w\" sizes=\"auto, (max-width: 300px) 100vw, 300px\" \/><\/figure><\/div>\n\n<p>Eile r\u00e4\u00e4kisin P\u00fcha Tooli akrediteeritud Saadikutega ning \u00fctlesin, et see aeg on ka v\u00e4ljakutse l\u00e4\u00e4ne Euroopa Riikide jaoks, sest ka nemad peavad tagasi v\u00f5tma t\u00f5elisi v\u00e4\u00e4rtuseid, otsima oma identiteedi kristlikke juuri ja minema Kristuse poole, Nii, ka teil, kallid, on palju v\u00e4ljakutseid teie ees.<\/p>\n\n<p>Soovin teile, et see uus aasta oleks uus aasta teie tee jaoks, viljakas Issanda armuga, P\u00fcha Vaimu valgusega ning Neitsi ja Ema kohaloluga.<\/p>\n\n<p><em>(*) Vrd \u00abL\u2018Osservatore Romano\u00bb, 19. jaanuar 1990.<\/em><\/p>\n","protected":false},"excerpt":{"rendered":"<p>P\u00fchade Fabianuse ja Venanziuse kihelkonna k\u00fclastamine 14-I-1990 P\u00fcha Johannes Paulus II Rooma, 14. jaanuar 1990 * \u00abMAAILM AVANEB, OTSIB INIMLIKKU JA KRISTLIKUMAT DIMENSIOONI NING OOTAB SEDA T\u00d5E VASTUST, MILLEKS ON KRISTUS\u00bb Pidutsev oli P\u00fcha Isa kohtumine arvukate kihelkonna Neokatehhumeenilise Koguduse esindajatega. Pidutsev eelk\u00f5ige laste kohalolu t\u00f5ttu, kes, nagu alati, r\u00f5hutavad \u00abperekonna\u00bb dimensiooni juhtiva hetkena koguduse jaoks, kes l\u00e4bib Neokatehhumeenilist Teed. Peale paari tutvustuss\u00f5na, mida lausus Joosep, \u00fcks koguduse katehheet, pidas<\/p>\n<div class=\"read-more\"><a class=\"btn read-more-btn\" href=\"https:\/\/neocatechumenaleiter.org\/et\/paavstide-sonad\/puha-johannes-paulus-ii\/puhade-fabianuse-ja-venanziuse-kihelkonna-kulastamine-14-i-1990\/\">Loe edasi<\/a><\/div>\n","protected":false},"author":2,"featured_media":0,"parent":19903,"menu_order":60,"comment_status":"closed","ping_status":"closed","template":"","meta":{"footnotes":""},"class_list":["post-44383","page","type-page","status-publish","hentry"],"_links":{"self":[{"href":"https:\/\/neocatechumenaleiter.org\/et\/wp-json\/wp\/v2\/pages\/44383","targetHints":{"allow":["GET"]}}],"collection":[{"href":"https:\/\/neocatechumenaleiter.org\/et\/wp-json\/wp\/v2\/pages"}],"about":[{"href":"https:\/\/neocatechumenaleiter.org\/et\/wp-json\/wp\/v2\/types\/page"}],"author":[{"embeddable":true,"href":"https:\/\/neocatechumenaleiter.org\/et\/wp-json\/wp\/v2\/users\/2"}],"replies":[{"embeddable":true,"href":"https:\/\/neocatechumenaleiter.org\/et\/wp-json\/wp\/v2\/comments?post=44383"}],"version-history":[{"count":5,"href":"https:\/\/neocatechumenaleiter.org\/et\/wp-json\/wp\/v2\/pages\/44383\/revisions"}],"predecessor-version":[{"id":47646,"href":"https:\/\/neocatechumenaleiter.org\/et\/wp-json\/wp\/v2\/pages\/44383\/revisions\/47646"}],"up":[{"embeddable":true,"href":"https:\/\/neocatechumenaleiter.org\/et\/wp-json\/wp\/v2\/pages\/19903"}],"wp:attachment":[{"href":"https:\/\/neocatechumenaleiter.org\/et\/wp-json\/wp\/v2\/media?parent=44383"}],"curies":[{"name":"wp","href":"https:\/\/api.w.org\/{rel}","templated":true}]}}