{"id":44393,"date":"2020-03-29T20:17:17","date_gmt":"2020-03-29T19:17:17","guid":{"rendered":"https:\/\/neocatechumenaleiter.org\/paavstide-sonad\/puha-johannes-paulus-ii\/torrevecchia-puha-cyprianuse-kihelkonna-kulastamine-22-i-1989\/"},"modified":"2026-02-27T15:32:29","modified_gmt":"2026-02-27T14:32:29","slug":"torrevecchia-puha-cyprianuse-kihelkonna-kulastamine-22-i-1989","status":"publish","type":"page","link":"https:\/\/neocatechumenaleiter.org\/et\/paavstide-sonad\/puha-johannes-paulus-ii\/torrevecchia-puha-cyprianuse-kihelkonna-kulastamine-22-i-1989\/","title":{"rendered":"Torrevecchia P\u00fcha Cyprianuse kihelkonna k\u00fclastamine 22-I-1989"},"content":{"rendered":"\n<h1 class=\"has-text-align-center wp-block-heading\">Torrevecchia P\u00fcha Cyprianuse kihelkonna k\u00fclastamine 22-I-1989<\/h1>\n\n<div style=\"height:20px\" aria-hidden=\"true\" class=\"wp-block-spacer\"><\/div>\n\n<h4 class=\"has-text-align-center wp-block-heading\">P\u00fcha Johannes Paulus II<\/h4>\n\n<div style=\"height:20px\" aria-hidden=\"true\" class=\"wp-block-spacer\"><\/div>\n\n<p><strong>Rooma, 22. jaanuar 1989 *<\/strong><\/p>\n\n<p><em>Neokatehhumeeniline Tee, avatud 1981. aastal, on k\u00f5ige tugevam religioosne kogemus nende seas, mis hetkel on P\u00fcha Cyprianuse kihelkonnas, ning viie koguduse liikmetele, umbes sada viisk\u00fcmmend venda-\u00f5de, p\u00fchendas Paavst intensiivse k\u00fclastuse viimast kohtumist.<\/em><br \/><br \/>\u00abPeale seda Teie Missat kihelkonnas, P\u00fcha Isa, algab siin uus katehhees &#8211;\u00a0<em>kuulutas Claudio, katehheet, kes avas Teed P\u00fcha Cyprianuses.<\/em><\/p>\n\n<div class=\"wp-block-image\"><figure class=\"alignright size-medium\"><img loading=\"lazy\" decoding=\"async\" width=\"300\" height=\"247\" src=\"https:\/\/neocatechumenaleiter.org\/wp-content\/uploads\/2020\/03\/Camino_Neocatecumenal_Juan_Pablo_II_visita_parroquia_San_Cipriano_1989-300x247.jpg\" alt=\"\" class=\"wp-image-2209\" srcset=\"https:\/\/neocatechumenaleiter.org\/wp-content\/uploads\/2020\/03\/Camino_Neocatecumenal_Juan_Pablo_II_visita_parroquia_San_Cipriano_1989-300x247.jpg 300w, https:\/\/neocatechumenaleiter.org\/wp-content\/uploads\/2020\/03\/Camino_Neocatecumenal_Juan_Pablo_II_visita_parroquia_San_Cipriano_1989.jpg 692w\" sizes=\"auto, (max-width: 300px) 100vw, 300px\" \/><\/figure><\/div>\n\n<p>Loodame, et see Peetruse tulek meie keskele liigutaks paljusid inimesi tahtma kohtuda Jeesus Kristusega. Nagu \u00fctleb see manifest, Isa, me olime pimedad, vigased, kauged. Mina olin Kirikust kaugel. Me saime tunda selles Kirikus, nagu \u00fctleb t\u00e4na S\u00f5na, vabadust k\u00f5ikide \u00e4ngistuse-, hirmu- ja surmavangide jaoks. Me olime nii pimedad, et me ei n\u00e4inud Jumala armastust oma elus. T\u00e4name Peetrust, kes on tulnud t\u00e4na meid kinnitama meie tees\u00bb.<\/p>\n\n<p><em>Intensiivne ja liigutav oli siis Koguduse preestri, Mons. Marcello Pieraccini tunnistus, mida j\u00e4rgnevalt v\u00e4lja toome:<\/em>&#013;\n&#013;\nMa alustasin seda teed 1971. aastal, kui ma olin P\u00fcha Eugeniuse kihelkonnas &#8211; \u00fctles koguduse preester Mons. Pieraccini -. See oli suure kriisi aeg, sest ma arvasin ennast olevat v\u00e4ga tubli preester, v\u00e4ga tark, edukas. Ning olin uhke, ennastt\u00e4is; n\u00fc\u00fcd n\u00e4en selgelt, kuid siis olin nagu pimestatud. Ma leidsin ennast suures kriisi-, masenduse olukorras.<\/p>\n\n<p>Ning j\u00f5udis see Tee, see liikumine, see katehhees, mis tulid \u00e4ratama minus Jumala hoolde andmist, usaldust, et Jumal armastab mind, nii nagu ma olen. Vaatamata minu n\u00f5rkustele ja minu pattudele, see armastus avas minu silmad ning lubas mul n\u00e4ha Jumala armastuse m\u00e4rke, mis tal minu jaoks oli. Ning see hakkas muutma mu elu ning panema mind rahusse. Siis pidin j\u00e4tma seda kihelkonda ning tulema siia. Leidsin seda suuremat kihelkonda, t\u00e4iskasvanuna, vanurina juba; kuid ka see on asi, mida teen p\u00e4evast p\u00e4eva r\u00f5\u00f5muga. Pean \u00fctlema, et selles Tees t\u00f5esti avastatakse Issandaga olemise r\u00f5\u00f5mu. N\u00e4gin ka teist asja kogu selle aja jooksul: kuidas see Evangeeliumi kuulutamise vorm haarab kaugeid inimesi ning toob Jumalale l\u00e4hemale.<\/p>\n\n<p><em>S\u00fcgavalt puudutatud nende tunnistuste poolt, p\u00f6\u00f6rdus P\u00fcha Isa koguduste poole j\u00e4rgmiste s\u00f5nadega:<\/em><br \/><br \/>Mulle meenub alati see s\u00f5na, mida ma tutvustasin elus\u00f5nana Maarja aasta ja Redemptoris Materi Ents\u00fcklika jaoks. Seda Maarja s\u00f5na, \u00ab\u00d5nnistatud oled, kuna uskusid Issandasse\u00bb, ma kordan seda, sest see on t\u00f5esti keskne Neitsi usutees. Sellele s\u00f5nale olen seadistanud kogu Maarja Ents\u00fcklikat. Niimoodi seadistatuna v\u00f5ib see teenida Kirikut ja \u00e4kki ka eraldatud vendi, sest Maarja k\u00e4ib meie eel usutees. Kui ma teiega kohtun, elan alati \u00fcllatushetke, sest paljud teist \u00fctlevad, et nad tulevad teisest kaldast, kus ei usuta, kus ei elata kristlastena, kus aga eitatakse Jumalat ning otsitakse uut isikliku ja sotsiaalse elu programmi. Ning on siis leidnud seda Teed.<\/p>\n\n<div class=\"wp-block-image\"><figure class=\"alignleft size-medium\"><img loading=\"lazy\" decoding=\"async\" width=\"300\" height=\"247\" src=\"https:\/\/neocatechumenaleiter.org\/wp-content\/uploads\/2020\/03\/Camino_Neocatecumenal_Juan_Pablo_II_visita_parroquia_San_Cipriano_1989_2-300x247.jpg\" alt=\"\" class=\"wp-image-2216\" srcset=\"https:\/\/neocatechumenaleiter.org\/wp-content\/uploads\/2020\/03\/Camino_Neocatecumenal_Juan_Pablo_II_visita_parroquia_San_Cipriano_1989_2-300x247.jpg 300w, https:\/\/neocatechumenaleiter.org\/wp-content\/uploads\/2020\/03\/Camino_Neocatecumenal_Juan_Pablo_II_visita_parroquia_San_Cipriano_1989_2.jpg 688w\" sizes=\"auto, (max-width: 300px) 100vw, 300px\" \/><\/figure><\/div>\n\n<p>Nad on sisenenud sellesse teese ja \u00fctlevad: \u00aboleme leidnud r\u00f5\u00f5mu, oleme leidnud rahu\u00bb. Kallid, te k\u00f5nnite sisuliselt selle kihelkonna sees. K\u00f5nnite\u00a0<strong>t\u00e4nap\u00e4eva maailmas<\/strong>, see igap\u00e4evane maailm, v\u00e4ga rikas ja k\u00fclluslik, arenenud ja enesekindel oma uuringute ja leiutiste p\u00e4rast. Te k\u00f5nnite selles maailmas, millel on samal ajal raskuseid k\u00f5ndimises.<br \/><br \/>Ma arvan, et selle liikumise, selle Tee, eriline karisma on just see k\u00f5ndimine meie kaasaegsetega, nende samal ajal rikaste ja vaeste inimestega: minna nende sekka ja viia teise tee, teise elu, teise vaatepunkti tunnistust. See on <strong>Maarja tee, usutee. Te k\u00f5nnite Temaga samal teel.<\/strong><\/p>\n\n<p>M\u00f5elge alati, et niimoodi te k\u00f5nnite Maarjaga, kes k\u00f5nnib k\u00f5ikidega, kuna ta on Ema: Kirikuga, kristlusega, kristlastega, kes raskesti leiavad \u00fcles oma \u00fchtsust Idaks ja L\u00e4\u00e4neks, P\u00f5hjaks ja L\u00f5unaks, vaesteks ja rikasteks jaotunud maailmas. Teie karisma on nagu Maarja oma:\u00a0<strong>k\u00f5ndida usus ja usus viia k\u00f5ikidele tunnistust<\/strong>, teise v\u00f5imaluse tunnistust, teise enese realiseerimise tunnistus. Inimene \u00fcritab ennast realiseerida, kuid ei suuda. Sellele inimesel peab tunnistama realiseerimist, mida Maarja leiab Kristuses.\u00a0<strong>Tema on inimese t\u00f5eline enese realiseerimine<\/strong>. Sest Ta \u00fctleb: \u00ab<strong>Mina olen Tee, T\u00f5de ja Elu<\/strong>\u00bb.<\/p>\n\n<p>Soovin teile, et te j\u00e4tkaksite selles kihelkonnas, selles kutsumuses ja selles tees.<br \/><br \/><em>(*) Vrd \u00abL\u2018Osservatore Romano\u00bb, 23.-24. jaanuar 1989, ja \u00abL\u2018Osservatore Romano\u00bb, 27. jaanuar 1989.<\/em><\/p>\n","protected":false},"excerpt":{"rendered":"<p>Torrevecchia P\u00fcha Cyprianuse kihelkonna k\u00fclastamine 22-I-1989 P\u00fcha Johannes Paulus II Rooma, 22. jaanuar 1989 * Neokatehhumeeniline Tee, avatud 1981. aastal, on k\u00f5ige tugevam religioosne kogemus nende seas, mis hetkel on P\u00fcha Cyprianuse kihelkonnas, ning viie koguduse liikmetele, umbes sada viisk\u00fcmmend venda-\u00f5de, p\u00fchendas Paavst intensiivse k\u00fclastuse viimast kohtumist. \u00abPeale seda Teie Missat kihelkonnas, P\u00fcha Isa, algab siin uus katehhees &#8211;\u00a0kuulutas Claudio, katehheet, kes avas Teed P\u00fcha Cyprianuses. Loodame, et see Peetruse<\/p>\n<div class=\"read-more\"><a class=\"btn read-more-btn\" href=\"https:\/\/neocatechumenaleiter.org\/et\/paavstide-sonad\/puha-johannes-paulus-ii\/torrevecchia-puha-cyprianuse-kihelkonna-kulastamine-22-i-1989\/\">Loe edasi<\/a><\/div>\n","protected":false},"author":2,"featured_media":0,"parent":19903,"menu_order":56,"comment_status":"closed","ping_status":"closed","template":"","meta":{"footnotes":""},"class_list":["post-44393","page","type-page","status-publish","hentry"],"_links":{"self":[{"href":"https:\/\/neocatechumenaleiter.org\/et\/wp-json\/wp\/v2\/pages\/44393","targetHints":{"allow":["GET"]}}],"collection":[{"href":"https:\/\/neocatechumenaleiter.org\/et\/wp-json\/wp\/v2\/pages"}],"about":[{"href":"https:\/\/neocatechumenaleiter.org\/et\/wp-json\/wp\/v2\/types\/page"}],"author":[{"embeddable":true,"href":"https:\/\/neocatechumenaleiter.org\/et\/wp-json\/wp\/v2\/users\/2"}],"replies":[{"embeddable":true,"href":"https:\/\/neocatechumenaleiter.org\/et\/wp-json\/wp\/v2\/comments?post=44393"}],"version-history":[{"count":7,"href":"https:\/\/neocatechumenaleiter.org\/et\/wp-json\/wp\/v2\/pages\/44393\/revisions"}],"predecessor-version":[{"id":47652,"href":"https:\/\/neocatechumenaleiter.org\/et\/wp-json\/wp\/v2\/pages\/44393\/revisions\/47652"}],"up":[{"embeddable":true,"href":"https:\/\/neocatechumenaleiter.org\/et\/wp-json\/wp\/v2\/pages\/19903"}],"wp:attachment":[{"href":"https:\/\/neocatechumenaleiter.org\/et\/wp-json\/wp\/v2\/media?parent=44393"}],"curies":[{"name":"wp","href":"https:\/\/api.w.org\/{rel}","templated":true}]}}