{"id":44435,"date":"2020-03-29T19:31:29","date_gmt":"2020-03-29T18:31:29","guid":{"rendered":"https:\/\/neocatechumenaleiter.org\/paavstide-sonad\/puha-johannes-paulus-ii\/puha-luigi-gonzaga-kihelkonna-kulastamine-6-xi-1988\/"},"modified":"2026-02-27T15:33:54","modified_gmt":"2026-02-27T14:33:54","slug":"puha-luigi-gonzaga-kihelkonna-kulastamine-6-xi-1988","status":"publish","type":"page","link":"https:\/\/neocatechumenaleiter.org\/et\/paavstide-sonad\/puha-johannes-paulus-ii\/puha-luigi-gonzaga-kihelkonna-kulastamine-6-xi-1988\/","title":{"rendered":"P\u00fcha Luigi Gonzaga kihelkonna k\u00fclastamine 6-XI-1988"},"content":{"rendered":"\n<h1 class=\"has-text-align-center wp-block-heading\">P\u00fcha Luigi Gonzaga kihelkonna k\u00fclastamine 6-XI-1988<\/h1>\n\n<div style=\"height:20px\" aria-hidden=\"true\" class=\"wp-block-spacer\"><\/div>\n\n<h4 class=\"has-text-align-center wp-block-heading\">P\u00fcha Johannes Paulus II<\/h4>\n\n<div style=\"height:20px\" aria-hidden=\"true\" class=\"wp-block-spacer\"><\/div>\n\n<p><strong>Rooma, 6. november 1988<\/strong><\/p>\n\n<div class=\"wp-block-image\"><figure class=\"alignleft size-medium\"><img loading=\"lazy\" decoding=\"async\" width=\"300\" height=\"200\" src=\"https:\/\/neocatechumenaleiter.org\/wp-content\/uploads\/2020\/03\/Camino_Neocatecumenal_Juan_Pablo_II_visita_parroquia_San_Luis_Gonzaga_1988-300x200.jpg\" alt=\"\" class=\"wp-image-2153\" srcset=\"https:\/\/neocatechumenaleiter.org\/wp-content\/uploads\/2020\/03\/Camino_Neocatecumenal_Juan_Pablo_II_visita_parroquia_San_Luis_Gonzaga_1988-300x200.jpg 300w, https:\/\/neocatechumenaleiter.org\/wp-content\/uploads\/2020\/03\/Camino_Neocatecumenal_Juan_Pablo_II_visita_parroquia_San_Luis_Gonzaga_1988.jpg 424w\" sizes=\"auto, (max-width: 300px) 100vw, 300px\" \/><\/figure><\/div>\n\n<p><em>Evangeliseerimine ja katehhees on ning on olnud, kihelkonna p\u00fchendumuses, silmapaistvad teiste tegevustega v\u00f5rreldes. On proovitud eriviisidel liturgiat elavdada pidulike Missade jaoks ning kaasata Kihelkonna P\u00e4evade algatustesse. On otsitud, erilise t\u00e4helepanuga, \u00abkaugeid\u00bb, k\u00fclastades perekondi. Intensiivistub Kinnitamisele valmistamine, \u00fcritades j\u00e4rgida ka post Kinnitamist ning Abielule valmistamist. Selles usinas t\u00f6\u00f6s, n\u00f5udlik kui ka viljakas, panustavad eriliselt Neokatehhumeenilised. Nad tegutsevad P\u00fcha Luigi Gonzagas peaaegu kaksk\u00fcmmend aastat, nad on siin t\u00e4na kohal viie kogudusega, kus on umbes sada viisk\u00fcmmend t\u00e4iskasvanut ja kaheksak\u00fcmmend last. Ning Pariolide kihelkonnast on l\u00e4inud teele mitmed r\u00e4ndkatehheedid, kes on j\u00f5udnud erinevatesse Euroopa, Aasia, Aafrika ja Ameerikate Riikidesse. Neokatehhumeenilised v\u00f5tsid Paavsti vastu suure valge ja kollase telgi all, mida oli ettevalmistatud kihelkonna kompleksi hoovis. Kihelkonna preestri l\u00fchikesele sissejuhatusele j\u00e4rgnes erinevate koguduste tutvustamine Kiko Arg\u00fcello, Neokatehhumeenilise Tee algataja, poolt.<\/em><\/p>\n\n<p><em>Paavst, peale s\u00fcdamlikku tervitust kohalolevatele lastele, \u00fctles:<\/em><\/p>\n\n<p>Evangeelne radikalism, mida leiame erinevates Evangeeliumite lehek\u00fclgedes, v\u00e4ljendatakse eelk\u00f5ige s\u00f5nadega: anda elu. Kristus oli kindlasti \u00f5petaja, \u00abrabi\u00bb, ta \u00f5petas: kuid ta \u00fctles meile k\u00f5ik ning l\u00f5pus, t\u00e4ielikult, andes elu. Oma surma ja \u00fclest\u00f5usmisega. Ja tema viimane s\u00f5na on k\u00f5ige t\u00e4ielikum s\u00f5na. Niisiis: anda elu. Ma n\u00e4en, et teie Neokatehhumeenilistes Kogudustes see s\u00f5na saab lihaks. Paljud on need, kes on valmis andma elu erinevatel viisidel. On paljud. P\u00fcha Vaim teab seda h\u00e4sti.<\/p>\n\n<p>Veel \u00fcks kaalutlus on seotud p\u00e4rmi s\u00f5naga. Tunneme h\u00e4sti Evangeeliumi \u00f5petuss\u00f5na, mis r\u00e4\u00e4gib p\u00e4rmist. Vot, teie olete p\u00e4rm, p\u00e4rm, mis suurendab massi. Kirik on mass, inimkond on veel suurem mass. Ka Kirik on mass.<\/p>\n\n<p>Kuid see mass on m\u00f5nikord inertne mass, mitte piisavalt katehhiseeritud, mitte piisavalt toidetud sakramentidega, mitte piisavalt teadlik sellest, mis on Ristimine. Ristimine on, v\u00f5ime \u00f6elda, meie k\u00f5igi esimene p\u00e4rm, mis lubab meil isiklikult elada meie kehas, meie hinges, meie isiksuses. Me oleme alati ebapiisavalt teadlikud sellest, mis on meie Ristimine. P\u00fcha Paulus j\u00e4ttis meile t\u00e4iuslikke juhiseid, s\u00f5numeid sellest, mis on Ristimine. Meie, aga, oleme alati allpool selle teadlikkusest, mis see on, ning selle reaalsusest, mida see t\u00e4hendab. Seep\u00e4rast on vaja p\u00e4rmi, et kasvatada Ristimise teadlikkust, mis ise on sakramentaalne p\u00e4rm; kuid on vaja ka apostellikku p\u00e4rmi. P\u00f5hinedes sellele teadlikkusele, teete ennast p\u00e4rmiks masside jaoks kirikutes, piiskopkondades, kihelkondades, ning teete kindlaks, et realiseeruks s\u00f5na, mis vastab t\u00e4ielikult sellele, mida Kristus tahtis Apostlitelt: minge. Ta ei \u00f6elnud: v\u00f5tke paleesid, rikkuseid, maju&#8230; ei. Ta \u00fctles: minge. Nii olete ka teie r\u00e4ndavad vastavalt Kristuse s\u00f5nale. Ka Paavst, vaatamata ta majale, Vatikanile, P\u00fcha Peetruse Basiilikale, \u00fcritab ise ka olla natuke r\u00e4ndav.<\/p>\n\n<p>Ma ei eelda, et olen selle argumendi kohta k\u00f5ik \u00f6elnud. Kuid nendes neljas t\u00e4helepanekus v\u00f5ite te juba leida iseennast, v\u00f5ite leida oma kuju, leida ka julgustust, et j\u00e4\u00e4da alati selleks, mis te olete, mida te tahate olla. Kuid n\u00e4hke minu s\u00f5nades ka minu \u00f5nnistust ning loodame, et see v\u00e4ljendaks ja tooks endaga kaasa Issanda armu. P\u00e4rm, r\u00e4ndamine, kasvab Issanda armus.<\/p>\n\n<p>Katehheet, kes natuke aega tagasi \u00fctles, et kuulis h\u00e4\u00e4lt oma s\u00fcdames, oma teadvuses: muidugi ta kuulis seda, sest Kiko tegutses, kuid ainult inimliku vahendina, tegelikult tegutses Vaim, Issanda arm, P\u00fcha Vaim hakkas puhuma. Vaim oli see, mis puhus ning ei lasknud sellel h\u00e4rral olla rahus. Sest Kristus pole tulnud, et meid rahule j\u00e4tta. Ta on tulnud tooma rahu, k\u00f5ige suuremat rahu, mille poole inimene p\u00fc\u00fcdleb: rahu Jumalaga, lepitus; kuid ta pole tulnud meile tooma mugavat, rahulikku elu, ei, kindlasti mitte.&#013;\n&#013;\n(*) Vrd \u00abL\u2018Osservatore Romano\u00bb, 7. november 1988.<\/p>\n","protected":false},"excerpt":{"rendered":"<p>P\u00fcha Luigi Gonzaga kihelkonna k\u00fclastamine 6-XI-1988 P\u00fcha Johannes Paulus II Rooma, 6. november 1988 Evangeliseerimine ja katehhees on ning on olnud, kihelkonna p\u00fchendumuses, silmapaistvad teiste tegevustega v\u00f5rreldes. On proovitud eriviisidel liturgiat elavdada pidulike Missade jaoks ning kaasata Kihelkonna P\u00e4evade algatustesse. On otsitud, erilise t\u00e4helepanuga, \u00abkaugeid\u00bb, k\u00fclastades perekondi. Intensiivistub Kinnitamisele valmistamine, \u00fcritades j\u00e4rgida ka post Kinnitamist ning Abielule valmistamist. Selles usinas t\u00f6\u00f6s, n\u00f5udlik kui ka viljakas, panustavad eriliselt Neokatehhumeenilised. Nad tegutsevad<\/p>\n<div class=\"read-more\"><a class=\"btn read-more-btn\" href=\"https:\/\/neocatechumenaleiter.org\/et\/paavstide-sonad\/puha-johannes-paulus-ii\/puha-luigi-gonzaga-kihelkonna-kulastamine-6-xi-1988\/\">Loe edasi<\/a><\/div>\n","protected":false},"author":2,"featured_media":0,"parent":19903,"menu_order":54,"comment_status":"closed","ping_status":"closed","template":"","meta":{"footnotes":""},"class_list":["post-44435","page","type-page","status-publish","hentry"],"_links":{"self":[{"href":"https:\/\/neocatechumenaleiter.org\/et\/wp-json\/wp\/v2\/pages\/44435","targetHints":{"allow":["GET"]}}],"collection":[{"href":"https:\/\/neocatechumenaleiter.org\/et\/wp-json\/wp\/v2\/pages"}],"about":[{"href":"https:\/\/neocatechumenaleiter.org\/et\/wp-json\/wp\/v2\/types\/page"}],"author":[{"embeddable":true,"href":"https:\/\/neocatechumenaleiter.org\/et\/wp-json\/wp\/v2\/users\/2"}],"replies":[{"embeddable":true,"href":"https:\/\/neocatechumenaleiter.org\/et\/wp-json\/wp\/v2\/comments?post=44435"}],"version-history":[{"count":5,"href":"https:\/\/neocatechumenaleiter.org\/et\/wp-json\/wp\/v2\/pages\/44435\/revisions"}],"predecessor-version":[{"id":47656,"href":"https:\/\/neocatechumenaleiter.org\/et\/wp-json\/wp\/v2\/pages\/44435\/revisions\/47656"}],"up":[{"embeddable":true,"href":"https:\/\/neocatechumenaleiter.org\/et\/wp-json\/wp\/v2\/pages\/19903"}],"wp:attachment":[{"href":"https:\/\/neocatechumenaleiter.org\/et\/wp-json\/wp\/v2\/media?parent=44435"}],"curies":[{"name":"wp","href":"https:\/\/api.w.org\/{rel}","templated":true}]}}