{"id":44442,"date":"2020-03-29T19:23:42","date_gmt":"2020-03-29T18:23:42","guid":{"rendered":"https:\/\/neocatechumenaleiter.org\/paavstide-sonad\/puha-johannes-paulus-ii\/eraaudients-uue-evangeliseerimise-jaoks-perekondade-lakitamiseks-9-vi-1988\/"},"modified":"2026-02-27T15:34:26","modified_gmt":"2026-02-27T14:34:26","slug":"eraaudients-uue-evangeliseerimise-jaoks-perekondade-lakitamiseks-9-vi-1988","status":"publish","type":"page","link":"https:\/\/neocatechumenaleiter.org\/et\/paavstide-sonad\/puha-johannes-paulus-ii\/eraaudients-uue-evangeliseerimise-jaoks-perekondade-lakitamiseks-9-vi-1988\/","title":{"rendered":"Eraaudients perekondade l\u00e4kitamiseks &#8220;Uue Evangeliseerimise&#8221; jaoks 9-VI-1988"},"content":{"rendered":"\n<h1 class=\"has-text-align-center wp-block-heading\">Eraaudients perekondade l\u00e4kitamiseks &#8220;Uue Evangeliseerimise&#8221; jaoks 9-VI-1988<\/h1>\n\n<div style=\"height:20px\" aria-hidden=\"true\" class=\"wp-block-spacer\"><\/div>\n\n<h4 class=\"has-text-align-center wp-block-heading\">P\u00fcha Johannes Paulus II<\/h4>\n\n<div style=\"height:20px\" aria-hidden=\"true\" class=\"wp-block-spacer\"><\/div>\n\n<p><strong>Vatikan &#8211; Klementuse Aula, 9. juuni 1988<\/strong><\/p>\n\n<p><em>Klementuse Aulas peetud eraaudientsi k\u00e4igus andis P\u00fcha Isa ristikuju kaheteistk\u00fcmnele perekonnale, kes olid lahkumas L\u00f5una-Ameerikasse, et elada vaeste keskel, tunnistades Evangeeliumit Lima (Peruu) l\u00e4hedal olevates \u201cPueblos J\u00f3venes&#8217;tes&#8221;, Coroneli (T\u0161iili) kaevurite seas ning Guajachili (Ecuadori) vaimajade alades.<\/em><\/p>\n\n<div class=\"wp-block-image\"><figure class=\"aligncenter size-large\"><img loading=\"lazy\" decoding=\"async\" width=\"768\" height=\"628\" src=\"https:\/\/neocatechumenaleiter.org\/wp-content\/uploads\/2020\/03\/Camino_Neocatecumenal_Juan_Pablo_II_audiencia_privada_envio_familias_mision_1988.jpg\" alt=\"\" class=\"wp-image-2143\" srcset=\"https:\/\/neocatechumenaleiter.org\/wp-content\/uploads\/2020\/03\/Camino_Neocatecumenal_Juan_Pablo_II_audiencia_privada_envio_familias_mision_1988.jpg 768w, https:\/\/neocatechumenaleiter.org\/wp-content\/uploads\/2020\/03\/Camino_Neocatecumenal_Juan_Pablo_II_audiencia_privada_envio_familias_mision_1988-300x245.jpg 300w\" sizes=\"auto, (max-width: 768px) 100vw, 768px\" \/><\/figure><\/div>\n","protected":false},"excerpt":{"rendered":"<p>Eraaudients perekondade l\u00e4kitamiseks &#8220;Uue Evangeliseerimise&#8221; jaoks 9-VI-1988 P\u00fcha Johannes Paulus II Vatikan &#8211; Klementuse Aula, 9. juuni 1988 Klementuse Aulas peetud eraaudientsi k\u00e4igus andis P\u00fcha Isa ristikuju kaheteistk\u00fcmnele perekonnale, kes olid lahkumas L\u00f5una-Ameerikasse, et elada vaeste keskel, tunnistades Evangeeliumit Lima (Peruu) l\u00e4hedal olevates \u201cPueblos J\u00f3venes&#8217;tes&#8221;, Coroneli (T\u0161iili) kaevurite seas ning Guajachili (Ecuadori) vaimajade alades.<\/p>\n","protected":false},"author":2,"featured_media":0,"parent":19903,"menu_order":53,"comment_status":"closed","ping_status":"closed","template":"","meta":{"footnotes":""},"class_list":["post-44442","page","type-page","status-publish","hentry"],"_links":{"self":[{"href":"https:\/\/neocatechumenaleiter.org\/et\/wp-json\/wp\/v2\/pages\/44442","targetHints":{"allow":["GET"]}}],"collection":[{"href":"https:\/\/neocatechumenaleiter.org\/et\/wp-json\/wp\/v2\/pages"}],"about":[{"href":"https:\/\/neocatechumenaleiter.org\/et\/wp-json\/wp\/v2\/types\/page"}],"author":[{"embeddable":true,"href":"https:\/\/neocatechumenaleiter.org\/et\/wp-json\/wp\/v2\/users\/2"}],"replies":[{"embeddable":true,"href":"https:\/\/neocatechumenaleiter.org\/et\/wp-json\/wp\/v2\/comments?post=44442"}],"version-history":[{"count":7,"href":"https:\/\/neocatechumenaleiter.org\/et\/wp-json\/wp\/v2\/pages\/44442\/revisions"}],"predecessor-version":[{"id":47658,"href":"https:\/\/neocatechumenaleiter.org\/et\/wp-json\/wp\/v2\/pages\/44442\/revisions\/47658"}],"up":[{"embeddable":true,"href":"https:\/\/neocatechumenaleiter.org\/et\/wp-json\/wp\/v2\/pages\/19903"}],"wp:attachment":[{"href":"https:\/\/neocatechumenaleiter.org\/et\/wp-json\/wp\/v2\/media?parent=44442"}],"curies":[{"name":"wp","href":"https:\/\/api.w.org\/{rel}","templated":true}]}}