{"id":44451,"date":"2020-03-29T18:28:54","date_gmt":"2020-03-29T17:28:54","guid":{"rendered":"https:\/\/neocatechumenaleiter.org\/paavstide-sonad\/puha-johannes-paulus-ii\/puha-maarja-lunastaja-ema-kihelkonna-kulastamine-10-iv-1988\/"},"modified":"2026-02-27T15:35:39","modified_gmt":"2026-02-27T14:35:39","slug":"puha-maarja-lunastaja-ema-kihelkonna-kulastamine-10-iv-1988","status":"publish","type":"page","link":"https:\/\/neocatechumenaleiter.org\/et\/paavstide-sonad\/puha-johannes-paulus-ii\/puha-maarja-lunastaja-ema-kihelkonna-kulastamine-10-iv-1988\/","title":{"rendered":"P\u00fcha Maarja Lunastaja Ema kihelkonna k\u00fclastamine 10-IV-1988"},"content":{"rendered":"\n<h1 class=\"has-text-align-center wp-block-heading\">P\u00fcha Maarja Lunastaja Ema kihelkonna k\u00fclastamine 10-IV-1988<\/h1>\n\n<div style=\"height:20px\" aria-hidden=\"true\" class=\"wp-block-spacer\"><\/div>\n\n<h4 class=\"has-text-align-center wp-block-heading\">P\u00fcha Johannes Paulus II<\/h4>\n\n<div style=\"height:20px\" aria-hidden=\"true\" class=\"wp-block-spacer\"><\/div>\n\n<p><strong>Rooma, 10. aprill 1988<\/strong><\/p>\n\n<p><em>\u00abKuulsime t\u00e4nases Evangeeliumis, et Toomas otsis m\u00e4rke, et uskuda, et Jeesus oli t\u00f5esti \u00fclest\u00f5usnud. Vot, ma arvan, et Tor Bella Monaca jaoks v\u00f5ivad Jeesuse \u00fclest\u00f5usmise m\u00e4rgiks olla need vennad ja \u00f5ed, nende usk ja nende entusiasm usus\u00bb: seda \u00fctles kihelkonna preester tutvustades P\u00fcha Isale kihelkonna kahte Neokatehhumeenilist Kogudust, kes olid kirikusse kogunenud.\u00a0<\/em><br \/><br \/><em>\u00abMe oleme mures t\u00e4iskasvanute pastoraali p\u00e4rast &#8211;<\/em> j\u00e4tkas isa Mario -. <em>Paljud on Jumalast kaugel, Kirikust kaugel, aga ma n\u00e4en, et l\u00e4bi Neokatehhumeenilise Tee on visatud v\u00f5rk laiali ja n\u00e4eme, kuidas paljud v\u00f5etakse selle v\u00f5rguga ning hakkavad k\u00f5ndima, et otsida Issandat<\/em>\u00bb.<br \/><br \/><em>Olles kuulanud m\u00f5nesid tunnistusi, p\u00f6\u00f6rdus Paavst kohalolijate poole nende s\u00f5nadega:<\/em><\/p>\n\n<div class=\"wp-block-image\"><figure class=\"alignleft size-large\"><img loading=\"lazy\" decoding=\"async\" width=\"679\" height=\"557\" src=\"https:\/\/neocatechumenaleiter.org\/wp-content\/uploads\/2020\/03\/Camino_Neocatecumenal_Juan_Pablo_II_visita_parroquia_Santa_Maria_Madre_del_Redentor_1988.jpg\" alt=\"\" class=\"wp-image-2130\" srcset=\"https:\/\/neocatechumenaleiter.org\/wp-content\/uploads\/2020\/03\/Camino_Neocatecumenal_Juan_Pablo_II_visita_parroquia_Santa_Maria_Madre_del_Redentor_1988.jpg 679w, https:\/\/neocatechumenaleiter.org\/wp-content\/uploads\/2020\/03\/Camino_Neocatecumenal_Juan_Pablo_II_visita_parroquia_Santa_Maria_Madre_del_Redentor_1988-300x246.jpg 300w\" sizes=\"auto, (max-width: 679px) 100vw, 679px\" \/><\/figure><\/div>\n\n<p>Kallid, tervitan teid k\u00f5iki. Tervitan vanemaid, tervitan t\u00e4iskasvanuid, noori ja lapsi, keda nagu alati on teie kogudustes v\u00e4ga palju. T\u00e4nan Issandat selle s\u00fcndiva elu p\u00e4rast. Kohtun teiega tihti, kohtusin teiega Palmipuude p\u00fchap\u00e4eval, p\u00e4rastl\u00f5unal, kuulasin paljusid tunnistusi ning siis \u00fcritasin natuke pikemalt r\u00e4\u00e4kida. T\u00e4na kohtun teiega selles kihelkonnas ja pean \u00fctlema, et r\u00f5\u00f5mustan selle kohtumise \u00fcle ning eriti selle kihelkonna \u00fcle, mida olete leidnud. Juba \u00fcritate edasi viia enda kohalolu, enda tunnistust, enda misjonit. <\/p>\n\n<p>T\u00e4na kuulasime v\u00e4ga huvitavat Evangeeliumi osa \u00dclemise Toa kohta, sest seal oli Toomase kuju, uskmatu, kes p\u00f6\u00f6rdus \u00dclest\u00f5usnud Kristusele \u00dclemises Toas. M\u00f5tlesin teie peale, sest teie kogudused, nagu paljud mulle \u00fctlevad, on ka kohad, keskkonnad, kus uskmatute p\u00f6\u00f6rdumised, uskmatu Toomase p\u00f6\u00f6rdumine, kes muutub Toomaseks, kes usub ja h\u00fc\u00fcab \u00abIssand\u00bb, korduvad.<\/p>\n\n<p>Ma arvan, et see on \u00dclemise Toa arm. Teie peate alati j\u00e4\u00e4ma \u00dclemisse Tuppa. (*) Vrd \u00abL&#8217;Osservatore Romano\u00bb, 11. aprill 1988.<\/p>\n","protected":false},"excerpt":{"rendered":"<p>P\u00fcha Maarja Lunastaja Ema kihelkonna k\u00fclastamine 10-IV-1988 P\u00fcha Johannes Paulus II Rooma, 10. aprill 1988 \u00abKuulsime t\u00e4nases Evangeeliumis, et Toomas otsis m\u00e4rke, et uskuda, et Jeesus oli t\u00f5esti \u00fclest\u00f5usnud. Vot, ma arvan, et Tor Bella Monaca jaoks v\u00f5ivad Jeesuse \u00fclest\u00f5usmise m\u00e4rgiks olla need vennad ja \u00f5ed, nende usk ja nende entusiasm usus\u00bb: seda \u00fctles kihelkonna preester tutvustades P\u00fcha Isale kihelkonna kahte Neokatehhumeenilist Kogudust, kes olid kirikusse kogunenud.\u00a0 \u00abMe oleme mures<\/p>\n<div class=\"read-more\"><a class=\"btn read-more-btn\" href=\"https:\/\/neocatechumenaleiter.org\/et\/paavstide-sonad\/puha-johannes-paulus-ii\/puha-maarja-lunastaja-ema-kihelkonna-kulastamine-10-iv-1988\/\">Loe edasi<\/a><\/div>\n","protected":false},"author":2,"featured_media":0,"parent":19903,"menu_order":51,"comment_status":"closed","ping_status":"closed","template":"","meta":{"footnotes":""},"class_list":["post-44451","page","type-page","status-publish","hentry"],"_links":{"self":[{"href":"https:\/\/neocatechumenaleiter.org\/et\/wp-json\/wp\/v2\/pages\/44451","targetHints":{"allow":["GET"]}}],"collection":[{"href":"https:\/\/neocatechumenaleiter.org\/et\/wp-json\/wp\/v2\/pages"}],"about":[{"href":"https:\/\/neocatechumenaleiter.org\/et\/wp-json\/wp\/v2\/types\/page"}],"author":[{"embeddable":true,"href":"https:\/\/neocatechumenaleiter.org\/et\/wp-json\/wp\/v2\/users\/2"}],"replies":[{"embeddable":true,"href":"https:\/\/neocatechumenaleiter.org\/et\/wp-json\/wp\/v2\/comments?post=44451"}],"version-history":[{"count":5,"href":"https:\/\/neocatechumenaleiter.org\/et\/wp-json\/wp\/v2\/pages\/44451\/revisions"}],"predecessor-version":[{"id":47662,"href":"https:\/\/neocatechumenaleiter.org\/et\/wp-json\/wp\/v2\/pages\/44451\/revisions\/47662"}],"up":[{"embeddable":true,"href":"https:\/\/neocatechumenaleiter.org\/et\/wp-json\/wp\/v2\/pages\/19903"}],"wp:attachment":[{"href":"https:\/\/neocatechumenaleiter.org\/et\/wp-json\/wp\/v2\/media?parent=44451"}],"curies":[{"name":"wp","href":"https:\/\/api.w.org\/{rel}","templated":true}]}}