{"id":44468,"date":"2020-03-29T05:43:48","date_gmt":"2020-03-29T04:43:48","guid":{"rendered":"https:\/\/neocatechumenaleiter.org\/paavstide-sonad\/puha-johannes-paulus-ii\/audients-monede-kogudustega-peale-kreedo-laulu-12-xii-1987\/"},"modified":"2026-03-02T09:00:24","modified_gmt":"2026-03-02T08:00:24","slug":"audients-monede-kogudustega-peale-kreedo-laulu-12-xii-1987","status":"publish","type":"page","link":"https:\/\/neocatechumenaleiter.org\/et\/paavstide-sonad\/puha-johannes-paulus-ii\/audients-monede-kogudustega-peale-kreedo-laulu-12-xii-1987\/","title":{"rendered":"Audients m\u00f5nede kogudustega peale &#8220;kreedo&#8221; laulu 12-XII-1987"},"content":{"rendered":"\n<h1 class=\"has-text-align-center wp-block-heading\">Audients m\u00f5nede kogudustega peale &#8220;kreedo&#8221; laulu 12-XII-1987<\/h1>\n\n<div style=\"height:22px\" aria-hidden=\"true\" class=\"wp-block-spacer\"><\/div>\n\n<h4 class=\"has-text-align-center wp-block-heading\">P\u00fcha Johannes Paulus II<\/h4>\n\n<div style=\"height:20px\" aria-hidden=\"true\" class=\"wp-block-spacer\"><\/div>\n\n<p><strong>Vatikan &#8211; Klementuse Aula, 12. detsember 1987<\/strong><\/p>\n\n<p><em>P\u00fcha Isa v\u00f5ttis t\u00e4na hommiku audientsil vastu Palermo, Catania, Perugia, Firenze ja Rooma Neokatehhumeeniliste Koguduste m\u00f5nesid liikmeid, kes soovisid uuendada Paavsti ees oma usutunnistust Peetruse j\u00e4reltulijale.<\/em><br \/><br \/><em>Toome j\u00e4rgnevalt v\u00e4lja Paavsti improviseeritud k\u00f5net:<\/em><\/p>\n\n<p>Tahan \u00f6elda, s\u00f5nu korrutamata, et usku peab tunnistama, peab laulma, peab elama; ning see ongi teie tee, ja meie tee, meie k\u00f5igi tee.<\/p>\n\n<p>Jah, usuga peab tulema P\u00fcha Peetruse juurde, tema haua juurde, kohas, kus teda ristiti, kus ta tunnistas surnud ja \u00fclest\u00f5usnud Kristust. Ning selle usuga peab m\u00f5nikord ka tekitama \u00fcllatust turitides: teie olete siin selleks, et \u00fcllatada k\u00f5iki neid, kes arvavad, et selles linnas saab olla ainult turistid; nad peavad m\u00f5istma, et siia ei tulda ainult turistidena, vaid peab olema palver\u00e4ndurid.<\/p>\n\n<p><em>Piisab! Te leiate teise k\u00f5ne, palju pikema, L&#8217;Osservatore Romanost.<\/em><br \/><br \/><em>(*) Otsesalvestusest.<\/em><\/p>\n\n<div class=\"wp-block-image\"><figure class=\"aligncenter size-large\"><img loading=\"lazy\" decoding=\"async\" width=\"700\" height=\"562\" src=\"https:\/\/neocatechumenaleiter.org\/wp-content\/uploads\/2020\/03\/Camino_Neocatecumenal_Juan_Pablo_II_audiencia_sala_clementina_1987.jpg\" alt=\"\" class=\"wp-image-2050\" srcset=\"https:\/\/neocatechumenaleiter.org\/wp-content\/uploads\/2020\/03\/Camino_Neocatecumenal_Juan_Pablo_II_audiencia_sala_clementina_1987.jpg 700w, https:\/\/neocatechumenaleiter.org\/wp-content\/uploads\/2020\/03\/Camino_Neocatecumenal_Juan_Pablo_II_audiencia_sala_clementina_1987-300x241.jpg 300w\" sizes=\"auto, (max-width: 700px) 100vw, 700px\" \/><\/figure><\/div>\n","protected":false},"excerpt":{"rendered":"<p>Audients m\u00f5nede kogudustega peale &#8220;kreedo&#8221; laulu 12-XII-1987 P\u00fcha Johannes Paulus II Vatikan &#8211; Klementuse Aula, 12. detsember 1987 P\u00fcha Isa v\u00f5ttis t\u00e4na hommiku audientsil vastu Palermo, Catania, Perugia, Firenze ja Rooma Neokatehhumeeniliste Koguduste m\u00f5nesid liikmeid, kes soovisid uuendada Paavsti ees oma usutunnistust Peetruse j\u00e4reltulijale. Toome j\u00e4rgnevalt v\u00e4lja Paavsti improviseeritud k\u00f5net: Tahan \u00f6elda, s\u00f5nu korrutamata, et usku peab tunnistama, peab laulma, peab elama; ning see ongi teie tee, ja meie tee,<\/p>\n<div class=\"read-more\"><a class=\"btn read-more-btn\" href=\"https:\/\/neocatechumenaleiter.org\/et\/paavstide-sonad\/puha-johannes-paulus-ii\/audients-monede-kogudustega-peale-kreedo-laulu-12-xii-1987\/\">Loe edasi<\/a><\/div>\n","protected":false},"author":2,"featured_media":0,"parent":19903,"menu_order":46,"comment_status":"closed","ping_status":"closed","template":"","meta":{"footnotes":""},"class_list":["post-44468","page","type-page","status-publish","hentry"],"_links":{"self":[{"href":"https:\/\/neocatechumenaleiter.org\/et\/wp-json\/wp\/v2\/pages\/44468","targetHints":{"allow":["GET"]}}],"collection":[{"href":"https:\/\/neocatechumenaleiter.org\/et\/wp-json\/wp\/v2\/pages"}],"about":[{"href":"https:\/\/neocatechumenaleiter.org\/et\/wp-json\/wp\/v2\/types\/page"}],"author":[{"embeddable":true,"href":"https:\/\/neocatechumenaleiter.org\/et\/wp-json\/wp\/v2\/users\/2"}],"replies":[{"embeddable":true,"href":"https:\/\/neocatechumenaleiter.org\/et\/wp-json\/wp\/v2\/comments?post=44468"}],"version-history":[{"count":5,"href":"https:\/\/neocatechumenaleiter.org\/et\/wp-json\/wp\/v2\/pages\/44468\/revisions"}],"predecessor-version":[{"id":47687,"href":"https:\/\/neocatechumenaleiter.org\/et\/wp-json\/wp\/v2\/pages\/44468\/revisions\/47687"}],"up":[{"embeddable":true,"href":"https:\/\/neocatechumenaleiter.org\/et\/wp-json\/wp\/v2\/pages\/19903"}],"wp:attachment":[{"href":"https:\/\/neocatechumenaleiter.org\/et\/wp-json\/wp\/v2\/media?parent=44468"}],"curies":[{"name":"wp","href":"https:\/\/api.w.org\/{rel}","templated":true}]}}